{"id":4288,"date":"2022-07-11T22:03:28","date_gmt":"2022-07-11T15:03:28","guid":{"rendered":"https:\/\/beta.achisonsafety.com.vn\/?post_type=product&#038;p=4288"},"modified":"2025-09-17T16:51:29","modified_gmt":"2025-09-17T09:51:29","slug":"nham-bui-nhui-3m-scotch-brite-chuyen-dung-mai-mon-be-mat-pha-son","status":"publish","type":"product","link":"https:\/\/achisonsafety.com.vn\/en\/san-pham\/nham-bui-nhui-3m-scotch-brite-chuyen-dung-mai-mon-be-mat-pha-son\/","title":{"rendered":"Nh\u00e1m b\u00f9i nh\u00f9i 3M Scotch Brite chuy\u00ean d\u00f9ng m\u00e0i m\u00f2n b\u1ec1 m\u1eb7t, ph\u00e1 s\u01a1n"},"content":{"rendered":"<p><b>Nh\u00e1m b\u00f9i nh\u00f9i 3M Scotch Brite chuy\u00ean d\u00f9ng m\u00e0i m\u00f2n b\u1ec1 m\u1eb7t, ph\u00e1 s\u01a1n, l\u1edbp g\u1ec9 v\u00e0 l\u1edbp ph\u1ee7 tr\u00ean b\u1ec1 m\u1eb7t kim lo\u1ea1i, g\u1ed7. Nh\u00e1m \u0111\u01b0\u1ee3c ph\u1ee7 c\u00e1c h\u1ea1t m\u00e0i silicon <\/b><strong>Carbite<\/strong><b> d\u1ea1ng l\u01b0\u1edbi 360 \u0111\u1ed9 v\u00e0 l\u1edbp n\u1ec1n nh\u1ef1a k\u00e8m s\u1ee3i nylon kh\u00f4ng d\u1ec7t gi\u00fap t\u0103ng hi\u1ec7u su\u1ea5t, t\u0103ng ti\u1ebft di\u1ec7n m\u00e0i m\u00f2n<\/b><\/p>\n<p><b>Th\u01b0\u01a1ng hi\u1ec7u:<\/b><span style=\"font-weight: 400\"> 3M<\/span><\/p>\n<p><b>M\u00e3 s\u1ea3n ph\u1ea9m: <\/b><span style=\"font-weight: 400\">3M Scotch Brite<\/span><\/p>\n<p><b>Ch\u1ea5t li\u1ec7u h\u1ea1t m\u00e0i: <\/b><span style=\"font-weight: 400\">Silicon Carbite<\/span><\/p>\n<p><b>K\u00edch th\u01b0\u1edbc: <\/b><span style=\"font-weight: 400\">4.5 in<\/span><\/p>\n<p><b>Quy c\u00e1ch \u0111\u00f3ng g\u00f3i: <\/b><span style=\"font-weight: 400\">50 mi\u1ebfng\/h\u1ed9p<\/span><\/p>\n<p><b>\u01afu \u0111i\u1ec3m n\u1ed5i b\u1eadt:<\/b><\/p>\n<p><span style=\"font-weight: 400\">Li\u00ean k\u1ebft nh\u1ef1a c\u00f3 \u0111\u1ed9 b\u1ec1n cao, sau khi \u0111\u01b0\u1ee3c s\u1eed d\u1ee5ng s\u1ebd m\u00f2n d\u1ea7n l\u1edbp c\u0169, l\u00e0m l\u1ed9 c\u00e1c l\u1edbp s\u1ee3i m\u1edbi, v\u00ec th\u1ebf, hi\u1ec7u su\u1ea5t nh\u00e1m v\u1eabn \u0111\u01b0\u1ee3c duy tr\u00ec l\u00e2u d\u00e0i<\/span><\/p>\n<p><span style=\"font-weight: 400\">C\u1ea5u t\u1ea1o c\u1ee7a nh\u00e1m b\u00f9i nh\u00f9i c\u00f3 c\u00e1c kho\u1ea3ng tr\u1ed1ng trong s\u1ee3i nylon cho kh\u00f4ng kh\u00ed c\u00f3 th\u1ec3 \u0111i v\u00e0o, l\u00e0m gi\u1ea3m nguy c\u01a1 n\u00f3ng ho\u1eb7c cong v\u00eanh b\u1ec1 m\u1eb7t ph\u00f4i<\/span><\/p>\n<p><span style=\"font-weight: 400\">Nh\u00e1m 3M ph\u00f9 h\u1ee3p cho qu\u00e1 tr\u00ecnh m\u00e0i m\u00f2n \u0111\u00f2i h\u1ecfi kh\u00f4ng ph\u00e1t sinh nhi\u1ec7t cho c\u00e1c kim lo\u1ea1i nh\u1ea1y c\u1ea3m v\u1edbi nhi\u1ec7t \u0111\u1ed9<\/span><\/p>\n<p><span style=\"font-weight: 400\">Nh\u00e1m b\u00f9i nh\u00f9i 3M Scotch Brite th\u00edch h\u1ee3p cho \u1ee9ng d\u1ee5ng \u01b0\u1edbt l\u1eabn kho tr\u00ean t\u1ea5t c\u1ea3 c\u00e1c kim lo\u1ea1i<\/span><\/p>\n<p><span style=\"font-weight: 400\">Li\u00ean k\u1ebft nh\u1ef1a b\u1ec1n gi\u1ea3m nhi\u1ec7t, k\u00e9o d\u00e0i tu\u1ed5i th\u1ecd<\/span><\/p>\n<p><b>\u1ee8ng d\u1ee5ng:\u00a0<\/b><\/p>\n<p><span style=\"font-weight: 400\">&#8211; H\u00e0ng kh\u00f4ng v\u0169 tr\u1ee5, gia c\u00f4ng, t\u1ef1 \u0111\u1ed9ng h\u00f3a, v\u1eadt li\u1ec7u t\u1ed5ng h\u1ee3p, ng\u00e0nh c\u00f4ng nghi\u1ec7p n\u00f3i chung<\/span><\/p>\n<p><span style=\"font-weight: 400\">&#8211; B\u1ea3o tr\u00ec v\u00e0 s\u1eeda ch\u1eefa, s\u1ea3n xu\u1ea5t, \u0111\u00f3ng t\u00e0u, c\u01a1 kh\u00ed<\/span><\/p>\n<p><span style=\"font-weight: 400\">&#8211; Ng\u00e0nh MRO, s\u01a1n, giao th\u00f4ng v\u1eadn t\u1ea3i v\u00e0 c\u00f4ng nghi\u1ec7p n\u1eb7ng, ch\u1ebf bi\u1ebfn g\u1ed7<\/span><\/p>\n<p><img loading=\"lazy\" decoding=\"async\" class=\"alignnone wp-image-6647\" src=\"https:\/\/achisonsafety.com.vn\/wp-content\/uploads\/2022\/07\/Nham-pha-son-3m-scotchbrite_2.jpg\" alt=\"\" width=\"212\" height=\"267\" title=\"\" srcset=\"https:\/\/achisonsafety.com.vn\/wp-content\/uploads\/2022\/07\/Nham-pha-son-3m-scotchbrite_2.jpg 317w, https:\/\/achisonsafety.com.vn\/wp-content\/uploads\/2022\/07\/Nham-pha-son-3m-scotchbrite_2-24x30.jpg 24w, https:\/\/achisonsafety.com.vn\/wp-content\/uploads\/2022\/07\/Nham-pha-son-3m-scotchbrite_2-48x60.jpg 48w\" sizes=\"(max-width: 212px) 100vw, 212px\" \/> <img loading=\"lazy\" decoding=\"async\" class=\"alignnone size-medium wp-image-6649\" src=\"https:\/\/achisonsafety.com.vn\/wp-content\/uploads\/2022\/07\/Nham-pha-son-3m-scotchbrite_1.jpg\" alt=\"\" width=\"400\" height=\"267\" title=\"\" srcset=\"https:\/\/achisonsafety.com.vn\/wp-content\/uploads\/2022\/07\/Nham-pha-son-3m-scotchbrite_1.jpg 400w, https:\/\/achisonsafety.com.vn\/wp-content\/uploads\/2022\/07\/Nham-pha-son-3m-scotchbrite_1-45x30.jpg 45w, https:\/\/achisonsafety.com.vn\/wp-content\/uploads\/2022\/07\/Nham-pha-son-3m-scotchbrite_1-90x60.jpg 90w\" sizes=\"(max-width: 400px) 100vw, 400px\" \/><\/p>\n<p><b>==&gt; Tham kh\u1ea3o th\u00eam c\u00e1c s\u1ea3n ph\u1ea9m kh\u00e1c t\u1ea1i:<\/b><a href=\"https:\/\/achisonsafety.com.vn\/danh-muc-san-pham\/san-pham-cong-nghiep\/nham\/\"> <b>https:\/\/achisonsafety.com.vn\/danh-muc-san-pham\/san-pham-cong-nghiep\/nham<\/b><\/a><\/p>\n","protected":false},"excerpt":{"rendered":"<ul>\n<li><span style=\"font-weight: 400\">Nh\u00e1m 3M ph\u00f9 h\u1ee3p cho qu\u00e1 tr\u00ecnh m\u00e0i m\u00f2n \u0111\u00f2i h\u1ecfi kh\u00f4ng ph\u00e1t sinh nhi\u1ec7t cho c\u00e1c kim lo\u1ea1i nh\u1ea1y c\u1ea3m v\u1edbi nhi\u1ec7t \u0111\u1ed9<\/span><\/li>\n<li><span style=\"font-weight: 400\">Th\u00edch h\u1ee3p cho \u1ee9ng d\u1ee5ng \u01b0\u1edbt l\u1eabn kho tr\u00ean t\u1ea5t c\u1ea3 c\u00e1c kim lo\u1ea1i<\/span><\/li>\n<li><span style=\"font-weight: 400\">Li\u00ean k\u1ebft nh\u1ef1a b\u1ec1n gi\u1ea3m nhi\u1ec7t, k\u00e9o d\u00e0i tu\u1ed5i th\u1ecd<\/span><\/li>\n<\/ul>\n","protected":false},"featured_media":4289,"comment_status":"open","ping_status":"closed","template":"","meta":[],"product_cat":[27,79,532],"product_tag":[189],"class_list":{"0":"post-4288","1":"product","2":"type-product","3":"status-publish","4":"has-post-thumbnail","6":"product_cat-vat-tu-ho-tro-cong-nghiep","7":"product_cat-giay-nham","8":"product_cat-nham-dia","9":"product_tag-nganh-xay-dung-logistic-hoa-chat","10":"yith_product_brand-3m","12":"first","13":"instock","14":"shipping-taxable","15":"product-type-simple"},"acf":[],"_links":{"self":[{"href":"https:\/\/achisonsafety.com.vn\/en\/wp-json\/wp\/v2\/product\/4288"}],"collection":[{"href":"https:\/\/achisonsafety.com.vn\/en\/wp-json\/wp\/v2\/product"}],"about":[{"href":"https:\/\/achisonsafety.com.vn\/en\/wp-json\/wp\/v2\/types\/product"}],"replies":[{"embeddable":true,"href":"https:\/\/achisonsafety.com.vn\/en\/wp-json\/wp\/v2\/comments?post=4288"}],"wp:featuredmedia":[{"embeddable":true,"href":"https:\/\/achisonsafety.com.vn\/en\/wp-json\/wp\/v2\/media\/4289"}],"wp:attachment":[{"href":"https:\/\/achisonsafety.com.vn\/en\/wp-json\/wp\/v2\/media?parent=4288"}],"wp:term":[{"taxonomy":"product_cat","embeddable":true,"href":"https:\/\/achisonsafety.com.vn\/en\/wp-json\/wp\/v2\/product_cat?post=4288"},{"taxonomy":"product_tag","embeddable":true,"href":"https:\/\/achisonsafety.com.vn\/en\/wp-json\/wp\/v2\/product_tag?post=4288"}],"curies":[{"name":"wp","href":"https:\/\/api.w.org\/{rel}","templated":true}]}}