{"id":4325,"date":"2022-07-12T22:31:59","date_gmt":"2022-07-12T15:31:59","guid":{"rendered":"https:\/\/beta.achisonsafety.com.vn\/?post_type=product&#038;p=4325"},"modified":"2025-09-17T16:51:27","modified_gmt":"2025-09-17T09:51:27","slug":"nham-xop-sia-bosch-7983-medium","status":"publish","type":"product","link":"https:\/\/achisonsafety.com.vn\/en\/san-pham\/nham-xop-sia-bosch-7983-medium\/","title":{"rendered":"Nh\u00e1m x\u1ed1p SIA-BOSCH 7983 Medium"},"content":{"rendered":"<p><span style=\"font-weight: 400\">Nh\u00e1m x\u1ed1p SIA-BOSCH 7983 Medium ra<\/span><span style=\"font-weight: 400\"> \u0111\u1eddi \u0111\u1ec3 \u0111\u00e1p \u1ee9ng \u0111\u01b0\u1ee3c ti\u00eau ch\u00ed linh ho\u1ea1t ti\u1ebfp c\u1eadn v\u00e0o nh\u1eefng g\u00f3c c\u1ea1nh h\u1eb9p v\u00e0 mang l\u1ea1i hi\u1ec7u su\u1ea5t cao t\u1eeb vi\u1ec7c l\u00e0m s\u1ea1ch \u0111\u1ebfn m\u1ee5c ti\u00eau l\u00e0m x\u01b0\u1edbc, ho\u00e0n thi\u1ec7n b\u1ec1 m\u1eb7t.<\/span><\/p>\n<p><b>Th\u01b0\u01a1ng Hi\u1ec7u:<\/b><span style=\"font-weight: 400\"> Sia-Bosch<\/span><\/p>\n<p><b>M\u00e3 S\u1ea3n Ph\u1ea9m:<\/b> <span style=\"font-weight: 400\">7983 &#8211; Medium<\/span><\/p>\n<p><b>C\u00f4ng D\u1ee5ng:<\/b> <span style=\"font-weight: 400\">M\u00e0i m\u00f2n c\u00e1c b\u1ec1 m\u1eb7t ho\u1eb7c \u0111\u01b0\u1eddng n\u00e9t v\u1eadt th\u1ec3. D\u00f2ng s\u1ea3n ph\u1ea9m ph\u00f9 h\u1ee3p nh\u1ea5t cho c\u00e1c v\u1eadt th\u1ec3 c\u00f3 h\u00ecnh d\u1ea1ng \u0111\u01b0\u1eddng cong \u0111\u1eb7c bi\u1ec7t<\/span><\/p>\n<p><b>\u0110\u1ed9 h\u1ea1t:<\/b><span style=\"font-weight: 400\"> Medium<\/span><\/p>\n<p><b>Ch\u1ea5t Li\u1ec7u: <\/b><span style=\"font-weight: 400\">Aluminium oxide<\/span><\/p>\n<p><b>Backing:<\/b><span style=\"font-weight: 400\"> X\u1ed1p PU<\/span><\/p>\n<p><b>S\u1ed1 m\u1eb7t nh\u00e1m:<\/b> <span style=\"font-weight: 400\">2 m\u1eb7t\u00a0<\/span><\/p>\n<p><b>M\u00e0u S\u1eafc:<\/b><span style=\"font-weight: 400\"> Cam<\/span><\/p>\n<p><b>K\u00edch C\u1ee1:<\/b> <span style=\"font-weight: 400\">120 x 98 x 13 mm<\/span><\/p>\n<p><b>Quy C\u00e1ch \u0110\u00f3ng G\u00f3i:<\/b><span style=\"font-weight: 400\"> 1 c\u00e1i, 250 c\u00e1i\/th\u00f9ng<\/span><\/p>\n<p><b>\u01afu \u0111i\u1ec3m<\/b><span style=\"font-weight: 400\">: M\u00e3 m\u00e0u d\u1ec5 nh\u1eadn d\u1ea1ng, c\u00f3 th\u1ec3 s\u1eed d\u1ee5ng \u01b0\u1edbt ho\u1eb7c kh\u00f4. C\u00f3 th\u1ec3 s\u1eed d\u1ee5ng nhi\u1ec1u l\u1ea7n, hi\u1ec7u qu\u1ea3 cao trong su\u1ed1t v\u00f2ng \u0111\u1eddi s\u1ea3n ph\u1ea9m<\/span><\/p>\n<p><b>\u1ee8ng D\u1ee5ng:<\/b><\/p>\n<p>&#8211; M\u1ed9t s\u1ea3n ph\u1ea9m ho\u00e0n h\u1ea3o cho l\u1edbp s\u01a1n l\u00f3t ho\u1eb7c b\u1ec1 m\u1eb7t g\u1ed7, kim lo\u1ea1i v\u00e0 nh\u1ef1a tr\u01b0\u1edbc khi s\u01a1n.<\/p>\n<p>&#8211; Ch\u00e0 nh\u00e1m c\u00e1c ph\u00f4i \u0111\u01b0\u1ee3c l\u00e0m khu\u00f4n, m\u00e0i m\u00f2n c\u00e1c b\u1ec1 m\u1eb7t m\u00e0 kh\u00f4ng l\u00e0m thay \u0111\u1ed5i h\u00ecnh d\u1ea1ng<\/p>\n<p><span style=\"font-weight: 400\">&#8211; Ch\u00e0 c\u00e1c b\u1ec1 m\u1eb7t c\u1ee7a nh\u1ef1a, g\u1ed7, kim lo\u1ea1i tr\u01b0\u1edbc khi s\u01a1n. Ch\u00e0 nh\u00e1m b\u1ec1 m\u1eb7t s\u01a1n l\u00f3t v\u00e0 ba v\u1edb, vecni tr\u00ean b\u1ec1 m\u1eb7t v\u1eadt th\u1ec3<\/span><\/p>\n<p><span style=\"font-weight: 400\">&#8211; Ch\u00e0 c\u00e1c b\u1ec1 m\u1eb7t c\u1ee7a nh\u1ef1a, g\u1ed7, kim lo\u1ea1i tr\u01b0\u1edbc khi s\u01a1n. Ch\u00e0 nh\u00e1m b\u1ec1 m\u1eb7t s\u01a1n l\u00f3t v\u00e0 ba v\u1edb, vecni tr\u00ean b\u1ec1 m\u1eb7t v\u1eadt th\u1ec3<\/span><\/p>\n<p><span style=\"font-weight: 400\">&#8211; B\u1ea3o tr\u00ec v\u00e0 s\u1eeda ch\u1eefa, s\u1ea3n xu\u1ea5t, \u0111\u00f3ng t\u00e0u, c\u01a1 kh\u00ed<\/span><\/p>\n<p><span style=\"font-weight: 400\">&#8211; Ng\u00e0nh MRO, s\u01a1n, giao th\u00f4ng v\u1eadn t\u1ea3i v\u00e0 c\u00f4ng nghi\u1ec7p n\u1eb7ng, ch\u1ebf bi\u1ebfn g\u1ed7<\/span><\/p>\n<p><b>L\u01b0u \u00fd:<\/b><\/p>\n<p><span style=\"font-weight: 400\">&#8211; Ki\u1ec3m tra k\u1ef9 s\u1ea3n ph\u1ea9m tr\u01b0\u1edbc khi s\u1eed d\u1ee5ng<\/span><\/p>\n<p><span style=\"font-weight: 400\">&#8211; N\u00ean l\u1ef1a ch\u1ecdn gi\u1ea5y nh\u00e1m theo ch\u1ee9c n\u0103ng gia c\u00f4ng<\/span><\/p>\n<p><span style=\"font-weight: 400\">&#8211; B\u1ea3o qu\u1ea3n n\u01a1i tho\u00e1ng m\u00e1t, kh\u00f4 r\u00e1o<\/span><\/p>\n<p><b>==&gt; Tham kh\u1ea3o th\u00eam c\u00e1c s\u1ea3n ph\u1ea9m kh\u00e1c t\u1ea1i:<\/b><a href=\"https:\/\/achisonsafety.com.vn\/danh-muc-san-pham\/san-pham-cong-nghiep\/nham\/\"> <b>https:\/\/achisonsafety.com.vn\/danh-muc-san-pham\/san-pham-cong-nghiep\/nham\/ <\/b><\/a><\/p>\n","protected":false},"excerpt":{"rendered":"<ul>\n<li><span style=\"font-weight: 400\">M\u00e3 m\u00e0u d\u1ec5 nh\u1eadn d\u1ea1ng, c\u00f3 th\u1ec3 s\u1eed d\u1ee5ng \u01b0\u1edbt ho\u1eb7c kh\u00f4. <\/span><\/li>\n<li><span style=\"font-weight: 400\">C\u00f3 th\u1ec3 s\u1eed d\u1ee5ng nhi\u1ec1u l\u1ea7n, hi\u1ec7u qu\u1ea3 cao trong su\u1ed1t v\u00f2ng \u0111\u1eddi s\u1ea3n ph\u1ea9m<\/span><\/li>\n<\/ul>\n","protected":false},"featured_media":4326,"comment_status":"open","ping_status":"closed","template":"","meta":[],"product_cat":[27,79,530],"product_tag":[338,189],"class_list":{"0":"post-4325","1":"product","2":"type-product","3":"status-publish","4":"has-post-thumbnail","6":"product_cat-vat-tu-ho-tro-cong-nghiep","7":"product_cat-giay-nham","8":"product_cat-nham-xop","9":"product_tag-nganh-khai-thac-va-che-bien-go-noi-that","10":"product_tag-nganh-xay-dung-logistic-hoa-chat","11":"yith_product_brand-3m","13":"first","14":"instock","15":"shipping-taxable","16":"product-type-simple"},"acf":[],"_links":{"self":[{"href":"https:\/\/achisonsafety.com.vn\/en\/wp-json\/wp\/v2\/product\/4325"}],"collection":[{"href":"https:\/\/achisonsafety.com.vn\/en\/wp-json\/wp\/v2\/product"}],"about":[{"href":"https:\/\/achisonsafety.com.vn\/en\/wp-json\/wp\/v2\/types\/product"}],"replies":[{"embeddable":true,"href":"https:\/\/achisonsafety.com.vn\/en\/wp-json\/wp\/v2\/comments?post=4325"}],"wp:featuredmedia":[{"embeddable":true,"href":"https:\/\/achisonsafety.com.vn\/en\/wp-json\/wp\/v2\/media\/4326"}],"wp:attachment":[{"href":"https:\/\/achisonsafety.com.vn\/en\/wp-json\/wp\/v2\/media?parent=4325"}],"wp:term":[{"taxonomy":"product_cat","embeddable":true,"href":"https:\/\/achisonsafety.com.vn\/en\/wp-json\/wp\/v2\/product_cat?post=4325"},{"taxonomy":"product_tag","embeddable":true,"href":"https:\/\/achisonsafety.com.vn\/en\/wp-json\/wp\/v2\/product_tag?post=4325"}],"curies":[{"name":"wp","href":"https:\/\/api.w.org\/{rel}","templated":true}]}}