{"id":4341,"date":"2022-07-12T23:44:45","date_gmt":"2022-07-12T16:44:45","guid":{"rendered":"https:\/\/beta.achisonsafety.com.vn\/?post_type=product&#038;p=4341"},"modified":"2025-09-17T16:51:26","modified_gmt":"2025-09-17T09:51:26","slug":"nham-to-nikken-wtcc","status":"publish","type":"product","link":"https:\/\/achisonsafety.com.vn\/en\/san-pham\/nham-to-nikken-wtcc\/","title":{"rendered":"Nh\u00e1m t\u1edd Nikken WTCC"},"content":{"rendered":"<p><span style=\"font-weight: 400\">Nh\u00e1m t\u1edd Nikken WTCC<\/span> <span style=\"font-weight: 400\">ra<\/span><span style=\"font-weight: 400\"> \u0111\u1eddi \u0111\u1ec3 \u0111\u00e1p \u1ee9ng \u0111\u01b0\u1ee3c ti\u00eau ch\u00ed linh ho\u1ea1t ti\u1ebfp c\u1eadn v\u00e0o nh\u1eefng g\u00f3c c\u1ea1nh h\u1eb9p v\u00e0 mang l\u1ea1i hi\u1ec7u su\u1ea5t cao t\u1eeb vi\u1ec7c l\u00e0m s\u1ea1ch \u0111\u1ebfn m\u1ee5c ti\u00eau l\u00e0m x\u01b0\u1edbc, ho\u00e0n thi\u1ec7n b\u1ec1 m\u1eb7t.<\/span><\/p>\n<p><b>Th\u01b0\u01a1ng Hi\u1ec7u:<\/b><span style=\"font-weight: 400\"> Nikken\u00a0<\/span><\/p>\n<p><b>M\u00e3 S\u1ea3n Ph\u1ea9m:<\/b><span style=\"font-weight: 400\"> WTCC\u00a0<\/span><\/p>\n<p><b>C\u00f4ng D\u1ee5ng:<\/b><span style=\"font-weight: 400\"> m\u00e0i m\u00f2n b\u1ec1 m\u1eb7t kim lo\u1ea1i, nh\u00f4m, inox&#8230;<\/span><\/p>\n<p><b>\u0110\u1ed9 h\u1ea1t:<\/b><span style=\"font-weight: 400\"> T\u1eeb P60 \u0111\u1ebfn P3000\u00a0<\/span><\/p>\n<p><b>L\u1edbp keo:<\/b><span style=\"font-weight: 400\"> R\/R\u00a0<\/span><\/p>\n<p><b>Ch\u1ea5t li\u1ec7u lo\u1ea1i h\u1ea1t:<\/b><span style=\"font-weight: 400\"> Silicon Carbine\u00a0<\/span><\/p>\n<p><b>Backing:<\/b><span style=\"font-weight: 400\"> Gi\u1ea5y\u00a0<\/span><\/p>\n<p><b>M\u00e0u S\u1eafc:<\/b><span style=\"font-weight: 400\"> \u0110en\u00a0<\/span><\/p>\n<p><b>K\u00edch C\u1ee1:<\/b><span style=\"font-weight: 400\"> 9\u2019\u2019x11\u201d\u00a0<\/span><\/p>\n<p><b>Quy C\u00e1ch \u0110\u00f3ng G\u00f3i:<\/b><span style=\"font-weight: 400\"> 100 T\u1edd\/G\u00f3i\u00a0<\/span><\/p>\n<p><b>\u01afu \u0111i\u1ec3m:<\/b><span style=\"font-weight: 400\"> B\u1ec1n, m\u00e0i m\u00f2n t\u1ed1t, tho\u00e1t b\u1ee5i nhanh, cho b\u1ec1 m\u1eb7t l\u00e1ng m\u1ecbn, hi\u1ec7u su\u1ea5t cao. Ch\u00e0 \u01b0\u1edbt v\u00e0 ch\u00e0 kh\u00f4<\/span><\/p>\n<p><b>\u1ee8ng D\u1ee5ng:<\/b><\/p>\n<p><span style=\"font-weight: 400\">&#8211; Ch\u00e0 c\u00e1c b\u1ec1 m\u1eb7t c\u1ee7a nh\u1ef1a, g\u1ed7, kim lo\u1ea1i tr\u01b0\u1edbc khi s\u01a1n. Ch\u00e0 nh\u00e1m b\u1ec1 m\u1eb7t s\u01a1n l\u00f3t v\u00e0 ba v\u1edb, vecni tr\u00ean b\u1ec1 m\u1eb7t v\u1eadt th\u1ec3<\/span><\/p>\n<p><span style=\"font-weight: 400\">&#8211; Ch\u00e0 c\u00e1c b\u1ec1 m\u1eb7t c\u1ee7a nh\u1ef1a, g\u1ed7, kim lo\u1ea1i tr\u01b0\u1edbc khi s\u01a1n. Ch\u00e0 nh\u00e1m b\u1ec1 m\u1eb7t s\u01a1n l\u00f3t v\u00e0 ba v\u1edb, vecni tr\u00ean b\u1ec1 m\u1eb7t v\u1eadt th\u1ec3<\/span><\/p>\n<p><span style=\"font-weight: 400\">&#8211; B\u1ea3o tr\u00ec v\u00e0 s\u1eeda ch\u1eefa, s\u1ea3n xu\u1ea5t, \u0111\u00f3ng t\u00e0u, c\u01a1 kh\u00ed<\/span><\/p>\n<p><span style=\"font-weight: 400\">&#8211; Ng\u00e0nh MRO, s\u01a1n, giao th\u00f4ng v\u1eadn t\u1ea3i v\u00e0 c\u00f4ng nghi\u1ec7p n\u1eb7ng, ch\u1ebf bi\u1ebfn g\u1ed7<\/span><\/p>\n<p><b>L\u01b0u \u00fd:<\/b><\/p>\n<p><span style=\"font-weight: 400\">&#8211; Ki\u1ec3m tra k\u1ef9 s\u1ea3n ph\u1ea9m tr\u01b0\u1edbc khi s\u1eed d\u1ee5ng<\/span><\/p>\n<p><span style=\"font-weight: 400\">&#8211; N\u00ean l\u1ef1a ch\u1ecdn gi\u1ea5y nh\u00e1m theo ch\u1ee9c n\u0103ng gia c\u00f4ng<\/span><\/p>\n<p><span style=\"font-weight: 400\">&#8211; B\u1ea3o qu\u1ea3n n\u01a1i tho\u00e1ng m\u00e1t, kh\u00f4 r\u00e1o<\/span><\/p>\n<p><b>==&gt; Tham kh\u1ea3o th\u00eam c\u00e1c s\u1ea3n ph\u1ea9m kh\u00e1c t\u1ea1i:<\/b><a href=\"https:\/\/achisonsafety.com.vn\/danh-muc-san-pham\/san-pham-cong-nghiep\/nham\/\"> <b>https:\/\/achisonsafety.com.vn\/danh-muc-san-pham\/san-pham-cong-nghiep\/nham\/ <\/b><\/a><\/p>\n","protected":false},"excerpt":{"rendered":"<ul>\n<li><span style=\"font-weight: 400\">B\u1ec1n, m\u00e0i m\u00f2n t\u1ed1t, tho\u00e1t b\u1ee5i nhanh, cho b\u1ec1 m\u1eb7t l\u00e1ng m\u1ecbn, hi\u1ec7u su\u1ea5t cao. <\/span><\/li>\n<li><span style=\"font-weight: 400\">C\u00f3 th\u1ec3 d\u00f9ng \u0111\u1ec3 ch\u00e0 \u01b0\u1edbt v\u00e0 ch\u00e0 kh\u00f4<\/span><\/li>\n<\/ul>\n","protected":false},"featured_media":4344,"comment_status":"open","ping_status":"closed","template":"","meta":[],"product_cat":[27,79,534],"product_tag":[188,189],"class_list":{"0":"post-4341","1":"product","2":"type-product","3":"status-publish","4":"has-post-thumbnail","6":"product_cat-vat-tu-ho-tro-cong-nghiep","7":"product_cat-giay-nham","8":"product_cat-nham-to","9":"product_tag-nganh-dau-khi-khai-khoang-dong-tau-cang-bien-hang-khong","10":"product_tag-nganh-xay-dung-logistic-hoa-chat","11":"yith_product_brand-thuong-hieu-khac","13":"first","14":"instock","15":"shipping-taxable","16":"product-type-simple"},"acf":[],"_links":{"self":[{"href":"https:\/\/achisonsafety.com.vn\/en\/wp-json\/wp\/v2\/product\/4341"}],"collection":[{"href":"https:\/\/achisonsafety.com.vn\/en\/wp-json\/wp\/v2\/product"}],"about":[{"href":"https:\/\/achisonsafety.com.vn\/en\/wp-json\/wp\/v2\/types\/product"}],"replies":[{"embeddable":true,"href":"https:\/\/achisonsafety.com.vn\/en\/wp-json\/wp\/v2\/comments?post=4341"}],"wp:featuredmedia":[{"embeddable":true,"href":"https:\/\/achisonsafety.com.vn\/en\/wp-json\/wp\/v2\/media\/4344"}],"wp:attachment":[{"href":"https:\/\/achisonsafety.com.vn\/en\/wp-json\/wp\/v2\/media?parent=4341"}],"wp:term":[{"taxonomy":"product_cat","embeddable":true,"href":"https:\/\/achisonsafety.com.vn\/en\/wp-json\/wp\/v2\/product_cat?post=4341"},{"taxonomy":"product_tag","embeddable":true,"href":"https:\/\/achisonsafety.com.vn\/en\/wp-json\/wp\/v2\/product_tag?post=4341"}],"curies":[{"name":"wp","href":"https:\/\/api.w.org\/{rel}","templated":true}]}}