{"id":4354,"date":"2022-07-13T21:48:45","date_gmt":"2022-07-13T14:48:45","guid":{"rendered":"https:\/\/beta.achisonsafety.com.vn\/?post_type=product&#038;p=4354"},"modified":"2025-09-17T16:48:11","modified_gmt":"2025-09-17T09:48:11","slug":"nham-dia-3m-cubitron-ii-987c","status":"publish","type":"product","link":"https:\/\/achisonsafety.com.vn\/en\/san-pham\/nham-dia-3m-cubitron-ii-987c\/","title":{"rendered":"Nh\u00e1m \u0111\u0129a 3M Cubitron\u2122 II 987C"},"content":{"rendered":"<h3><span style=\"font-weight: 400;font-size: 75%\">Nh\u00e1m \u0111\u0129a 3M Cubitron\u2122 II 987C c\u00f3 th\u1ec3 ch\u1ecbu \u0111\u01b0\u1ee3c \u00e1p l\u1ef1c m\u00e0i t\u1eeb trung b\u00ecnh \u0111\u1ebfn cao.\u00a0<\/span><\/h3>\n<h3><span style=\"font-weight: 400;font-size: 75%\">C\u1ea5u t\u1ea1o l\u00e0 c\u00e1c h\u1ea1t nh\u00e1m \u0111\u1ecbnh h\u00ecnh \u0111\u01b0\u1ee3c ph\u1ee7 l\u00ean m\u1eb7t l\u01b0ng fiber, cho n\u00ean m\u1eb7c d\u00f9 m\u00e0i v\u1edbi \u00e1p l\u1ef1c m\u00e0i th\u1ea5p nh\u01b0ng nh\u00e1m \u0111\u0129a 3M\u2122 Cubitron\u2122 II 987C v\u1eabn mang l\u1ea1i \u0111\u1ed9 b\u1ec1n v\u00e0 t\u1ed1c \u0111\u1ed9 c\u1eaft cao h\u01a1n c\u00e1c lo\u1ea1i nh\u00e1m \u0111\u0129a kh\u00e1c.<\/span><\/h3>\n<p><b>Th\u01b0\u01a1ng Hi\u1ec7u:<\/b> <span style=\"font-weight: 400\">3M<\/span><\/p>\n<p><b>M\u00e3 S\u1ea3n Ph\u1ea9m:<\/b> <span style=\"font-weight: 400\">Cubitron\u2122 II 987C<\/span><\/p>\n<p><b>C\u00f4ng D\u1ee5ng:<\/b> <span style=\"font-weight: 400\">S\u1ea3n ph\u1ea9m \u0111\u01b0\u1ee3c d\u00f9ng cho vi\u1ec7c m\u00e0i m\u1ed1i h\u00e0n, v\u00e1t c\u1ea1nh, lo\u1ea1i b\u1ecf v\u1ea3y c\u00e1n v\u00e0 c\u00e1c khuy\u1ebft \u0111i\u1ec3m kh\u00e1c.<\/span><\/p>\n<p><b>\u0110\u1ed9 h\u1ea1t:<\/b> <span style=\"font-weight: 400\">60+<\/span><\/p>\n<p><b>B\u1ec1 m\u1eb7t \u1ee9ng d\u1ee5ng:<\/b><span style=\"font-weight: 400\"> H\u1ee3p kim nikken, th\u00e9p kh\u00f4ng g\u1ec9, titan, zirconi<\/span><\/p>\n<p><b>Ch\u1ea5t li\u1ec7u lo\u1ea1i h\u1ea1t:<\/b> <span style=\"font-weight: 400\">Precision Shaped Ceramic<\/span><\/p>\n<p><b>M\u00e0u S\u1eafc:<\/b><span style=\"font-weight: 400\"> Cam<\/span><\/p>\n<p><b>K\u00edch C\u1ee1:<\/b><span style=\"font-weight: 400\">\u00a0<\/span><\/p>\n<p><span style=\"font-weight: 400\">\u0110\u01b0\u1eddng k\u00ednh ngo\u00e0i: <\/span><span style=\"font-weight: 400\">7 (Inch)\u00a0 177.8 (mm)<\/span><\/p>\n<p><span style=\"font-weight: 400\">\u0110\u01b0\u1eddng k\u00ednh trong:\u00a0 0.875 (Inch)\u00a0 22.225 (mm)\u00a0<\/span><\/p>\n<p><b>Quy C\u00e1ch \u0110\u00f3ng G\u00f3i:<\/b> <span style=\"font-weight: 400\">25 mi\u1ebfng\/h\u1ed9p\u00a0<\/span><\/p>\n<p><b>\u01afu \u0111i\u1ec3m:<\/b><span style=\"font-weight: 400\">\u00a0<\/span><\/p>\n<p><span style=\"font-weight: 400\">H\u1ea1t m\u00e0i \u0111\u1ecbnh h\u00ecnh 3M lu\u00f4n c\u00f3 c\u00e1c c\u1ea1nh s\u1eafc n\u00ean c\u00f3 t\u1ed1c \u0111\u1ed9 c\u1eaft nhanh v\u1edbi \u00e1p l\u1ef1c m\u00e0i th\u1ea5p<\/span><\/p>\n<p><span style=\"font-weight: 400\">H\u1ea1t m\u00e0i \u0111\u1ecbnh h\u00ecnh 3M ph\u00e1t sinh nhi\u1ec7t th\u1ea5p v\u00e0 c\u00f3 \u0111\u1ed9 b\u1ec1n cao, gi\u00fap ho\u00e0n th\u00e0nh nhi\u1ec1u s\u1ea3n ph\u1ea9m h\u01a1n v\u1edbi s\u1ed1 l\u1ea7n thay th\u1ebf \u0111\u0129a nh\u00e1m \u00edt h\u01a1n<\/span><\/p>\n<p><span style=\"font-weight: 400\">M\u1eb7t l\u01b0ng s\u1ee3i fiber b\u1ec1n ch\u1eafc, \u0111\u00e1p \u1ee9ng t\u1ed1t cho c\u00e1c \u1ee9ng d\u1ee5ng m\u00e0i m\u1ed1i h\u00e0n, v\u00e1t c\u1ea1nh v\u1edbi \u00e1p l\u1ef1c m\u00e0i l\u1edbn<\/span><\/p>\n<p><span style=\"font-weight: 400\">Do \u00edt ph\u00e1t sinh nhi\u1ec7t khi m\u00e0i n\u00ean th\u00edch h\u1ee3p cho c\u00e1c h\u1ee3p kim nh\u1ea1y nhi\u1ec7t<\/span><\/p>\n<p><b>\u1ee8ng D\u1ee5ng:<\/b><\/p>\n<p><span style=\"font-weight: 400\">&#8211; Ch\u00e0 c\u00e1c b\u1ec1 m\u1eb7t c\u1ee7a nh\u1ef1a, g\u1ed7, kim lo\u1ea1i tr\u01b0\u1edbc khi s\u01a1n. Ch\u00e0 nh\u00e1m b\u1ec1 m\u1eb7t s\u01a1n l\u00f3t v\u00e0 ba v\u1edb, vecni tr\u00ean b\u1ec1 m\u1eb7t v\u1eadt th\u1ec3<\/span><\/p>\n<p><span style=\"font-weight: 400\">&#8211; Ch\u00e0 c\u00e1c b\u1ec1 m\u1eb7t c\u1ee7a nh\u1ef1a, g\u1ed7, kim lo\u1ea1i tr\u01b0\u1edbc khi s\u01a1n. Ch\u00e0 nh\u00e1m b\u1ec1 m\u1eb7t s\u01a1n l\u00f3t v\u00e0 ba v\u1edb, vecni tr\u00ean b\u1ec1 m\u1eb7t v\u1eadt th\u1ec3<\/span><\/p>\n<p><span style=\"font-weight: 400\">&#8211; B\u1ea3o tr\u00ec v\u00e0 s\u1eeda ch\u1eefa, s\u1ea3n xu\u1ea5t, \u0111\u00f3ng t\u00e0u, c\u01a1 kh\u00ed<\/span><\/p>\n<p><span style=\"font-weight: 400\">&#8211; Ng\u00e0nh MRO, s\u01a1n, giao th\u00f4ng v\u1eadn t\u1ea3i v\u00e0 c\u00f4ng nghi\u1ec7p n\u1eb7ng, ch\u1ebf bi\u1ebfn g\u1ed7<\/span><\/p>\n<figure style=\"width: 267px\" class=\"wp-caption alignnone\"><img loading=\"lazy\" decoding=\"async\" src=\"https:\/\/achisonsafety.com.vn\/uploads\/media\/photo\/nham-dia-3M.jpg\" alt=\"\" width=\"267\" height=\"400\" title=\"\"><figcaption class=\"wp-caption-text\">\u1ee8ng d\u1ee5ng nh\u00e1m d\u0129a 3M<\/figcaption><\/figure>\n<p><b>L\u01b0u \u00fd:<\/b><\/p>\n<p><span style=\"font-weight: 400\">&#8211; Ki\u1ec3m tra k\u1ef9 s\u1ea3n ph\u1ea9m tr\u01b0\u1edbc khi s\u1eed d\u1ee5ng<\/span><\/p>\n<p><span style=\"font-weight: 400\">&#8211; N\u00ean l\u1ef1a ch\u1ecdn gi\u1ea5y nh\u00e1m theo ch\u1ee9c n\u0103ng gia c\u00f4ng<\/span><\/p>\n<p><span style=\"font-weight: 400\">&#8211; B\u1ea3o qu\u1ea3n n\u01a1i tho\u00e1ng m\u00e1t, kh\u00f4 r\u00e1o<\/span><\/p>\n<p><b>==&gt; Tham kh\u1ea3o th\u00eam c\u00e1c s\u1ea3n ph\u1ea9m kh\u00e1c t\u1ea1i:<\/b><a href=\"https:\/\/achisonsafety.com.vn\/danh-muc-san-pham\/san-pham-cong-nghiep\/nham\/\"> <b>https:\/\/achisonsafety.com.vn\/danh-muc-san-pham\/san-pham-cong-nghiep\/nham\/ <\/b><\/a><\/p>\n","protected":false},"excerpt":{"rendered":"<ul>\n<li><span style=\"font-weight: 400\">H\u1ea1t m\u00e0i \u0111\u1ecbnh h\u00ecnh 3M ph\u00e1t sinh nhi\u1ec7t th\u1ea5p v\u00e0 c\u00f3 \u0111\u1ed9 b\u1ec1n cao, gi\u00fap ho\u00e0n th\u00e0nh nhi\u1ec1u s\u1ea3n ph\u1ea9m h\u01a1n v\u1edbi s\u1ed1 l\u1ea7n thay th\u1ebf \u0111\u0129a nh\u00e1m \u00edt h\u01a1n<\/span><\/li>\n<li><span style=\"font-weight: 400\">M\u1eb7t l\u01b0ng s\u1ee3i fiber b\u1ec1n ch\u1eafc, \u0111\u00e1p \u1ee9ng t\u1ed1t cho c\u00e1c \u1ee9ng d\u1ee5ng m\u00e0i m\u1ed1i h\u00e0n, v\u00e1t c\u1ea1nh v\u1edbi \u00e1p l\u1ef1c m\u00e0i l\u1edbn<\/span><\/li>\n<li><span style=\"font-weight: 400\">Do \u00edt ph\u00e1t sinh nhi\u1ec7t khi m\u00e0i n\u00ean th\u00edch h\u1ee3p cho c\u00e1c h\u1ee3p kim nh\u1ea1y nhi\u1ec7t<\/span><\/li>\n<\/ul>\n","protected":false},"featured_media":4362,"comment_status":"open","ping_status":"closed","template":"","meta":[],"product_cat":[27,79,532],"product_tag":[188,189],"class_list":{"0":"post-4354","1":"product","2":"type-product","3":"status-publish","4":"has-post-thumbnail","6":"product_cat-vat-tu-ho-tro-cong-nghiep","7":"product_cat-giay-nham","8":"product_cat-nham-dia","9":"product_tag-nganh-dau-khi-khai-khoang-dong-tau-cang-bien-hang-khong","10":"product_tag-nganh-xay-dung-logistic-hoa-chat","11":"yith_product_brand-3m","13":"first","14":"instock","15":"shipping-taxable","16":"product-type-simple"},"acf":[],"_links":{"self":[{"href":"https:\/\/achisonsafety.com.vn\/en\/wp-json\/wp\/v2\/product\/4354"}],"collection":[{"href":"https:\/\/achisonsafety.com.vn\/en\/wp-json\/wp\/v2\/product"}],"about":[{"href":"https:\/\/achisonsafety.com.vn\/en\/wp-json\/wp\/v2\/types\/product"}],"replies":[{"embeddable":true,"href":"https:\/\/achisonsafety.com.vn\/en\/wp-json\/wp\/v2\/comments?post=4354"}],"wp:featuredmedia":[{"embeddable":true,"href":"https:\/\/achisonsafety.com.vn\/en\/wp-json\/wp\/v2\/media\/4362"}],"wp:attachment":[{"href":"https:\/\/achisonsafety.com.vn\/en\/wp-json\/wp\/v2\/media?parent=4354"}],"wp:term":[{"taxonomy":"product_cat","embeddable":true,"href":"https:\/\/achisonsafety.com.vn\/en\/wp-json\/wp\/v2\/product_cat?post=4354"},{"taxonomy":"product_tag","embeddable":true,"href":"https:\/\/achisonsafety.com.vn\/en\/wp-json\/wp\/v2\/product_tag?post=4354"}],"curies":[{"name":"wp","href":"https:\/\/api.w.org\/{rel}","templated":true}]}}