{"id":4374,"date":"2022-07-13T22:15:25","date_gmt":"2022-07-13T15:15:25","guid":{"rendered":"https:\/\/beta.achisonsafety.com.vn\/?post_type=product&#038;p=4374"},"modified":"2025-10-26T16:03:11","modified_gmt":"2025-10-26T09:03:11","slug":"da-cat-3m-silver","status":"publish","type":"product","link":"https:\/\/achisonsafety.com.vn\/en\/san-pham\/da-cat-3m-silver\/","title":{"rendered":"\u0110\u00e1 C\u1eaft 3M Silver"},"content":{"rendered":"<p style=\"text-align: justify;\"><a href=\"https:\/\/achisonsafety.com.vn\/san-pham\/da-cat-3m-silver\" target=\"_blank\" rel=\"noopener\">\u0110\u00e1 C\u1eaft 3M Silver<\/a> l\u00e0 d\u00f2ng s\u1ea3n ph\u1ea9m cao c\u1ea5p \u0111\u01b0\u1ee3c s\u1ea3n xu\u1ea5t b\u1edfi 3M (M\u1ef9), d\u00f9ng \u0111\u1ec3 c\u1eaft kim lo\u1ea1i, inox, th\u00e9p carbon trong c\u00f4ng nghi\u1ec7p v\u00e0 c\u01a1 kh\u00ed ch\u1ebf t\u1ea1o.<\/p>\n<p style=\"text-align: justify;\">V\u1edbi c\u00f4ng ngh\u1ec7 h\u1ea1t m\u00e0i ch\u00ednh x\u00e1c Precision Shaped Grain (PSG) \u0111\u1ed9c quy\u1ec1n t\u1eeb 3M, s\u1ea3n ph\u1ea9m mang \u0111\u1ebfn kh\u1ea3 n\u0103ng c\u1eaft nhanh, m\u01b0\u1ee3t v\u00e0 b\u1ec1n h\u01a1n so v\u1edbi \u0111\u00e1 c\u1eaft truy\u1ec1n th\u1ed1ng.<\/p>\n<figure id=\"attachment_11313\" aria-describedby=\"caption-attachment-11313\" style=\"width: 900px\" class=\"wp-caption aligncenter\"><img loading=\"lazy\" decoding=\"async\" class=\"size-full wp-image-11313\" src=\"https:\/\/achisonsafety.com.vn\/wp-content\/uploads\/2022\/07\/da-cat-3m-silver-1.jpg\" alt=\"\" width=\"900\" height=\"481\" title=\"\" srcset=\"https:\/\/achisonsafety.com.vn\/wp-content\/uploads\/2022\/07\/da-cat-3m-silver-1.jpg 900w, https:\/\/achisonsafety.com.vn\/wp-content\/uploads\/2022\/07\/da-cat-3m-silver-1-748x400.jpg 748w, https:\/\/achisonsafety.com.vn\/wp-content\/uploads\/2022\/07\/da-cat-3m-silver-1-768x410.jpg 768w, https:\/\/achisonsafety.com.vn\/wp-content\/uploads\/2022\/07\/da-cat-3m-silver-1-56x30.jpg 56w, https:\/\/achisonsafety.com.vn\/wp-content\/uploads\/2022\/07\/da-cat-3m-silver-1-112x60.jpg 112w, https:\/\/achisonsafety.com.vn\/wp-content\/uploads\/2022\/07\/da-cat-3m-silver-1-510x273.jpg 510w\" sizes=\"(max-width: 900px) 100vw, 900px\" \/><figcaption id=\"caption-attachment-11313\" class=\"wp-caption-text\">\u0110\u00e1 c\u1eaft 3M Silver<\/figcaption><\/figure>\n<h2 style=\"text-align: justify;\"><strong>\u01afu \u0111i\u1ec3m n\u1ed5i b\u1eadt c\u1ee7a \u0111\u00e1 c\u1eaft 3M Silver<\/strong><\/h2>\n<p>\u0110\u00e1 c\u1eaft 3M Silver \u0111\u1ea1t ti\u00eau chu\u1ea9n EN12413, c\u00f9ng v\u1edbi \u0111\u00f3 l\u00e0 nhi\u1ec1u t\u00ednh n\u0103ng \u01b0u Vi\u1ec7t, \u0111\u01b0\u1ee3c nhi\u1ec1u kh\u00e1ch h\u00e0ng l\u1ef1a ch\u1ecdn.<\/p>\n<p style=\"text-align: justify;\"><strong>Hi\u1ec7u su\u1ea5t c\u1eaft v\u01b0\u1ee3t tr\u1ed9i<\/strong><\/p>\n<p style=\"text-align: justify;\">Nh\u1edd c\u00f4ng ngh\u1ec7 h\u1ea1t m\u00e0i PSG, <strong><a href=\"https:\/\/achisonsafety.com.vn\/da-cat\" target=\"_blank\" rel=\"noopener\">\u0111\u00e1 c\u1eaft<\/a><\/strong> c\u00f3 kh\u1ea3 n\u0103ng t\u1ef1 m\u00e0i s\u1eafc trong qu\u00e1 tr\u00ecnh l\u00e0m vi\u1ec7c, gi\u00fap duy tr\u00ec t\u1ed1c \u0111\u1ed9 c\u1eaft \u1ed5n \u0111\u1ecbnh v\u00e0 gi\u1ea3m th\u1eddi gian thao t\u00e1c. Ch\u1ea5t li\u1ec7u t\u1eeb h\u1ea1t m\u00e0i c\u00f4ng ngh\u1ec7 cao 3M cho v\u1ebft c\u1eaft nhanh, t\u0103ng hi\u1ec7u su\u1ea5t v\u00e0 ti\u1ebft ki\u1ec7m t\u1ed1i \u0111a chi ph\u00ed s\u1ea3n xu\u1ea5t.<\/p>\n<p style=\"text-align: justify;\"><strong>\u0110\u1ed9 b\u1ec1n cao<\/strong><\/p>\n<p style=\"text-align: justify;\">C\u1ea5u tr\u00fac c\u1ee7a \u0111\u00e1 3M Silver ch\u1eafc ch\u1eafn, c\u00f3 th\u1ec3 ch\u1ecbu nhi\u1ec7t t\u1ed1t, kh\u00f4ng b\u1ecb m\u00f2n nhanh hay v\u1ee1 v\u1ee5n trong \u0111i\u1ec1u ki\u1ec7n c\u1eaft li\u00ean t\u1ee5c.<\/p>\n<p style=\"text-align: justify;\"><strong>An to\u00e0n v\u00e0 tin c\u1eady<\/strong><\/p>\n<p style=\"text-align: justify;\">Thi\u1ebft k\u1ebf \u0111\u1ea1t ti\u00eau chu\u1ea9n qu\u1ed1c t\u1ebf c\u1ee7a 3M, gi\u00fap ng\u01b0\u1eddi d\u00f9ng y\u00ean t\u00e2m khi l\u00e0m vi\u1ec7c \u1edf t\u1ed1c \u0111\u1ed9 cao.<\/p>\n<p style=\"text-align: justify;\"><strong>Kh\u1ea3 n\u0103ng t\u01b0\u01a1ng th\u00edch \u0111a d\u1ea1ng<\/strong><\/p>\n<p style=\"text-align: justify;\">Ph\u00f9 h\u1ee3p v\u1edbi nhi\u1ec1u lo\u1ea1i m\u00e1y c\u1eaft c\u1ea7m tay, m\u00e1y c\u1eaft b\u00e0n trong x\u01b0\u1edfng c\u01a1 kh\u00ed, \u0111\u00f3ng t\u00e0u, x\u00e2y d\u1ef1ng\u2026<\/p>\n<p style=\"text-align: justify;\"><strong>C\u1eaft \u0111\u01b0\u1ee3c nhi\u1ec1u v\u1eadt li\u1ec7u<\/strong><\/p>\n<p style=\"text-align: justify;\">Hi\u1ec7u qu\u1ea3 tr\u00ean th\u00e9p, inox, s\u1eaft, gang v\u00e0 c\u00e1c kim lo\u1ea1i c\u1ee9ng kh\u00e1c.<\/p>\n<p style=\"text-align: justify;\"><strong>\u00cdt t\u1ea1o ra b\u1ee5i<\/strong><\/p>\n<p style=\"text-align: justify;\">S\u1ea3n ph\u1ea9m c\u1eaft \u00edt t\u1ea1o ra b\u1ee5i v\u00e0 v\u1ebft ch\u00e1y cho khu v\u1ef1c xung quanh v\u1ebft c\u1eaft, t\u1ea1o m\u1ed9t m\u1eb7t ph\u1eb3ng ho\u00e0n h\u1ea3o k\u1ec3 c\u1ea3 v\u1edbi c\u00e1c \u1ed1ng r\u1ed7ng ru\u1ed9t.<\/p>\n<h2 style=\"text-align: justify;\"><strong>\u1ee8ng d\u1ee5ng c\u1ee7a \u0111\u00e1 c\u1eaft 3M Silver<\/strong><\/h2>\n<p style=\"text-align: justify;\">\u0110\u00e1 C\u1eaft 3M Silver \u0111\u01b0\u1ee3c \u1ee9ng d\u1ee5ng r\u1ed9ng r\u00e3i trong nhi\u1ec1u l\u0129nh v\u1ef1c:<br \/>\n&#8211; B\u1ea3o tr\u00ec v\u00e0 s\u1eeda ch\u1eefa, s\u1ea3n xu\u1ea5t, \u0111\u00f3ng t\u00e0u, c\u01a1 kh\u00ed.<br \/>\n&#8211; Ng\u00e0nh MRO, s\u01a1n, giao th\u00f4ng v\u1eadn t\u1ea3i v\u00e0 c\u00f4ng nghi\u1ec7p n\u1eb7ng, ch\u1ebf bi\u1ebfn g\u1ed7.<br \/>\n&#8211; X\u01b0\u1edfng c\u01a1 kh\u00ed, gia c\u00f4ng kim lo\u1ea1i.<br \/>\n&#8211; Nh\u00e0 m\u00e1y s\u1ea3n xu\u1ea5t, c\u00f4ng tr\u00ecnh x\u00e2y d\u1ef1ng.<br \/>\n&#8211; Th\u1ee3 s\u1eeda ch\u1eefa, b\u1ea3o tr\u00ec thi\u1ebft b\u1ecb c\u00f4ng nghi\u1ec7p.<\/p>\n<h2 style=\"text-align: justify;\"><strong>L\u01b0u \u00fd khi s\u1eed d\u1ee5ng<\/strong><\/h2>\n<p style=\"text-align: justify;\">&#8211; B\u1ea1n c\u1ea7n ki\u1ec3m tra k\u1ef9 s\u1ea3n ph\u1ea9m tr\u01b0\u1edbc khi s\u1eed d\u1ee5ng.<br \/>\n&#8211; N\u00ean l\u1ef1a ch\u1ecdn gi\u1ea5y nh\u00e1m theo ch\u1ee9c n\u0103ng gia c\u00f4ng.<br \/>\n&#8211; B\u1ea3o qu\u1ea3n n\u01a1i tho\u00e1ng m\u00e1t, kh\u00f4 r\u00e1o.<\/p>\n<p style=\"text-align: justify;\">N\u1ebfu b\u1ea1n \u0111ang t\u00ecm mua m\u1ed9t s\u1ea3n ph\u1ea9m \u0111\u00e1 c\u1eaft \u0111\u1ec3 s\u1eed d\u1ee5ng th\u00ec \u0111\u00e1 c\u1eaft 3M Silver s\u1ebd l\u00e0 m\u1ed9t s\u1ef1 l\u1ef1a ch\u1ecdn m\u00e0 b\u1ea1n kh\u00f4ng th\u1ec3 n\u00e0o b\u1ecf qua.<\/p>\n<p style=\"text-align: justify;\">H\u00e3y li\u00ean h\u1ec7 v\u1edbi <a href=\"https:\/\/achisonsafety.com.vn\" target=\"_blank\" rel=\"noopener\">Achisonsafety.com.vn<\/a> \u0111\u1ec3 \u0111\u01b0\u1ee3c t\u01b0 v\u1ea5n v\u00e0 nh\u1eadn b\u00e1o gi\u00e1 t\u1ed1t nh\u1ea5t v\u1ec1 s\u1ea3n ph\u1ea9m n\u00e0y b\u1ea1n nh\u00e9.<\/p>\n","protected":false},"excerpt":{"rendered":"<p><span style=\"font-weight: 400;\">&#8211; Ch\u1ea5t li\u1ec7u t\u1eeb h\u1ea1t m\u00e0i c\u00f4ng ngh\u1ec7 cao 3M cho v\u1ebft c\u1eaft nhanh, t\u0103ng hi\u1ec7u su\u1ea5t v\u00e0 ti\u1ebft ki\u1ec7m t\u1ed1i \u0111a chi ph\u00ed s\u1ea3n xu\u1ea5t.<\/span><\/p>\n<p><span style=\"font-weight: 400;\">&#8211; \u0110\u00e1 c\u1eaft ph\u00f9 h\u1ee3p cho \u1ed1ng kim lo\u1ea1i, thanh s\u1eaft bao g\u1ed3m th\u00e9p carbon v\u00e0 th\u00e9p kh\u00f4ng g\u1ec9.<\/span><\/p>\n<p><span style=\"font-weight: 400;\">&#8211; \u0110\u1ea1t ti\u00eau chu\u1ea9n EN12413.<\/span><\/p>\n","protected":false},"featured_media":4383,"comment_status":"open","ping_status":"closed","template":"","meta":[],"product_cat":[27,81],"product_tag":[894,895,1059],"class_list":{"0":"post-4374","1":"product","2":"type-product","3":"status-publish","4":"has-post-thumbnail","6":"product_cat-vat-tu-ho-tro-cong-nghiep","7":"product_cat-da-cat","8":"product_tag-da-cat","9":"product_tag-da-cat-3m","10":"product_tag-da-cat-3m-silver","11":"yith_product_brand-3m","13":"first","14":"instock","15":"shipping-taxable","16":"product-type-simple"},"acf":[],"_links":{"self":[{"href":"https:\/\/achisonsafety.com.vn\/en\/wp-json\/wp\/v2\/product\/4374"}],"collection":[{"href":"https:\/\/achisonsafety.com.vn\/en\/wp-json\/wp\/v2\/product"}],"about":[{"href":"https:\/\/achisonsafety.com.vn\/en\/wp-json\/wp\/v2\/types\/product"}],"replies":[{"embeddable":true,"href":"https:\/\/achisonsafety.com.vn\/en\/wp-json\/wp\/v2\/comments?post=4374"}],"wp:featuredmedia":[{"embeddable":true,"href":"https:\/\/achisonsafety.com.vn\/en\/wp-json\/wp\/v2\/media\/4383"}],"wp:attachment":[{"href":"https:\/\/achisonsafety.com.vn\/en\/wp-json\/wp\/v2\/media?parent=4374"}],"wp:term":[{"taxonomy":"product_cat","embeddable":true,"href":"https:\/\/achisonsafety.com.vn\/en\/wp-json\/wp\/v2\/product_cat?post=4374"},{"taxonomy":"product_tag","embeddable":true,"href":"https:\/\/achisonsafety.com.vn\/en\/wp-json\/wp\/v2\/product_tag?post=4374"}],"curies":[{"name":"wp","href":"https:\/\/api.w.org\/{rel}","templated":true}]}}