{"id":4399,"date":"2022-07-13T22:44:01","date_gmt":"2022-07-13T15:44:01","guid":{"rendered":"https:\/\/beta.achisonsafety.com.vn\/?post_type=product&#038;p=4399"},"modified":"2025-09-17T16:48:08","modified_gmt":"2025-09-17T09:48:08","slug":"da-mai-3m-cubitron-ii-flexible-grinding-wheel","status":"publish","type":"product","link":"https:\/\/achisonsafety.com.vn\/en\/san-pham\/da-mai-3m-cubitron-ii-flexible-grinding-wheel\/","title":{"rendered":"\u0110\u00e1 m\u00e0i 3M Cubitron II Flexible Grinding Wheel"},"content":{"rendered":"<p><b>\u0110\u00e1 m\u00e0i 3M Cubitron II Flexible Grinding Wheel l\u00e0 tuy\u1ec7t ph\u1ea9m \u0111\u01b0\u1ee3c 3M \u1ee9ng d\u1ee5ng c\u00e1c h\u1ea1t m\u00e0i \u0111\u1ed9c \u0111\u00e1o gi\u00fap qu\u00e1 tr\u00ecnh m\u00e0i nhanh h\u01a1n, c\u1ea5u tr\u00fac h\u00ecnh d\u00e1ng h\u1ea1t m\u00e0i khi ti\u1ebfp x\u00fac v\u1edbi b\u1ec1 m\u1eb7t v\u1eadt th\u1ec3 t\u1ea1o th\u00e0nh c\u00e1c \u0111i\u1ec3m s\u1eafc nh\u1ecdn gi\u00fap duy tr\u00ec hi\u1ec7u su\u1ea5t m\u00e0i cao, qua \u0111\u00f3 ti\u1ebft ki\u1ec7m chi ph\u00ed cho t\u1ed5ng qu\u00e1 tr\u00ecnh m\u00e0i m\u00f2n. Ti\u00eau chu\u1ea9n \u0111\u00e1 m\u00e0i v\u01b0\u1ee3t xa ti\u00eau chu\u1ea9n EN v\u00e0 AS \u0111\u1ec1 ra.<\/b><\/p>\n<p><b>Th\u01b0\u01a1ng Hi\u1ec7u:<\/b> <span style=\"font-weight: 400\">3M<\/span><\/p>\n<p><b>M\u00e3 S\u1ea3n Ph\u1ea9m:<\/b> <b>Cubitron II Flexible Grinding Wheel<\/b><\/p>\n<p><b>\u0110\u1ed9 h\u1ea1t:<\/b> <span style=\"font-weight: 400\">60+ (H\u01a1n chu\u1ea9n P60)<\/span><\/p>\n<p><b>Ch\u1ea5t li\u1ec7u:\u00a0<\/b><\/p>\n<p>H\u1ea1t 3M Precision Shaped<\/p>\n<p>Nh\u1ef1a th\u00f4ng<\/p>\n<p>Fiber<\/p>\n<p><b>M\u00e0u S\u1eafc:<\/b><span style=\"font-weight: 400\"> V\u00e0ng\/\u0110en<\/span><\/p>\n<p><b>K\u00edch C\u1ee1:<\/b><span style=\"font-weight: 400\">\u00a0<\/span><\/p>\n<p><span style=\"font-weight: 400\">\u0110\u01b0\u1eddng k\u00ednh trong: 22 mm<\/span><\/p>\n<p><span style=\"font-weight: 400\">\u0110\u01b0\u1eddng k\u00ednh ngo\u00e0i: 125 mm<\/span><\/p>\n<p><span style=\"font-weight: 400\">\u0110\u1ed9 d\u00e0y: 3 mm<\/span><\/p>\n<p><strong>Quy c\u00e1ch \u0111\u00f3ng g\u00f3i: <\/strong>50 c\u00e1i\/h\u1ed9p<\/p>\n<p><b>\u01afu \u0111i\u1ec3m:<\/b><span style=\"font-weight: 400\">\u00a0<\/span><\/p>\n<p><span style=\"font-weight: 400\">Hi\u1ec7u qu\u1ea3 m\u00e0i m\u00f2n cao h\u01a1n, th\u1eddi gian m\u00e0i nhanh<\/span><\/p>\n<p><span style=\"font-weight: 400\">\u00cdt rung \u1ed3n<\/span><\/p>\n<p><span style=\"font-weight: 400\">Tu\u1ed5i th\u1ecd cao h\u01a1n nh\u00e1m<\/span><\/p>\n<p><span style=\"font-weight: 400\">\u00cdt ph\u00e1t sinh nhi\u1ec7t<\/span><\/p>\n<p><b>\u1ee8ng D\u1ee5ng:<\/b><\/p>\n<p><span style=\"font-weight: 400\">&#8211; M\u00e0i m\u00f2n, g\u1ecdt m\u00e9p, l\u00e0m s\u1ea1ch b\u1ec1 m\u1eb7t g\u1ed7, kim lo\u1ea1i, m\u1eb7t ph\u1eb3ng ph\u1ee7 s\u01a1n<\/span><\/p>\n<p><span style=\"font-weight: 400\">&#8211; B\u1ea3o tr\u00ec v\u00e0 s\u1eeda ch\u1eefa, s\u1ea3n xu\u1ea5t, \u0111\u00f3ng t\u00e0u, c\u01a1 kh\u00ed<\/span><\/p>\n<p><span style=\"font-weight: 400\">&#8211; Ng\u00e0nh MRO, s\u01a1n, giao th\u00f4ng v\u1eadn t\u1ea3i v\u00e0 c\u00f4ng nghi\u1ec7p n\u1eb7ng, ch\u1ebf bi\u1ebfn g\u1ed7<\/span><\/p>\n<p><img loading=\"lazy\" decoding=\"async\" class=\"alignnone size-full wp-image-6472\" src=\"https:\/\/achisonsafety.com.vn\/wp-content\/uploads\/2022\/07\/da-mai-3M-1.jpg\" alt=\"\" width=\"400\" height=\"267\" title=\"\" srcset=\"https:\/\/achisonsafety.com.vn\/wp-content\/uploads\/2022\/07\/da-mai-3M-1.jpg 400w, https:\/\/achisonsafety.com.vn\/wp-content\/uploads\/2022\/07\/da-mai-3M-1-45x30.jpg 45w, https:\/\/achisonsafety.com.vn\/wp-content\/uploads\/2022\/07\/da-mai-3M-1-90x60.jpg 90w\" sizes=\"(max-width: 400px) 100vw, 400px\" \/><\/p>\n<p><b>==&gt; Tham kh\u1ea3o th\u00eam c\u00e1c s\u1ea3n ph\u1ea9m kh\u00e1c t\u1ea1i: <\/b><em><a href=\"https:\/\/achisonsafety.com.vn\/danh-muc-san-pham\/san-pham-cong-nghiep\/da-mai\/\">achisonsafety.com.vn\/danh-muc-san-pham\/san-pham-cong-nghiep\/da-mai\/\u00a0<\/a><\/em><\/p>\n<p><b>L\u01b0u \u00fd:<\/b><\/p>\n<p><span style=\"font-weight: 400\">&#8211; Ki\u1ec3m tra k\u1ef9 s\u1ea3n ph\u1ea9m tr\u01b0\u1edbc khi s\u1eed d\u1ee5ng<\/span><\/p>\n<p><span style=\"font-weight: 400\">&#8211; N\u00ean l\u1ef1a ch\u1ecdn gi\u1ea5y nh\u00e1m theo ch\u1ee9c n\u0103ng gia c\u00f4ng<\/span><\/p>\n<p><span style=\"font-weight: 400\">&#8211; <\/span><span style=\"font-weight: 400\">Khuy\u1ebfn c\u00e1o s\u1eed d\u1ee5ng \u0111i k\u00e8m v\u1edbi c\u00e1c bi\u1ec7n ph\u00e1p b\u1ea3o v\u1ec7 c\u00e1 nh\u00e2n<\/span><\/p>\n","protected":false},"excerpt":{"rendered":"<ul>\n<li><span style=\"font-weight: 400\">Hi\u1ec7u qu\u1ea3 m\u00e0i m\u00f2n cao h\u01a1n, th\u1eddi gian m\u00e0i nhanh<\/span><\/li>\n<li><span style=\"font-weight: 400\">\u00cdt rung \u1ed3n<\/span><\/li>\n<li><span style=\"font-weight: 400\">Tu\u1ed5i th\u1ecd cao h\u01a1n nh\u00e1m<\/span><\/li>\n<li><span style=\"font-weight: 400\">\u00cdt ph\u00e1t sinh nhi\u1ec7t<\/span><\/li>\n<\/ul>\n","protected":false},"featured_media":4400,"comment_status":"open","ping_status":"closed","template":"","meta":[],"product_cat":[27,80],"product_tag":[184,338,189],"class_list":{"0":"post-4399","1":"product","2":"type-product","3":"status-publish","4":"has-post-thumbnail","6":"product_cat-vat-tu-ho-tro-cong-nghiep","7":"product_cat-da-mai","8":"product_tag-nganh-gia-cong-kim-loai","9":"product_tag-nganh-khai-thac-va-che-bien-go-noi-that","10":"product_tag-nganh-xay-dung-logistic-hoa-chat","11":"yith_product_brand-3m","13":"first","14":"instock","15":"shipping-taxable","16":"product-type-simple"},"acf":[],"_links":{"self":[{"href":"https:\/\/achisonsafety.com.vn\/en\/wp-json\/wp\/v2\/product\/4399"}],"collection":[{"href":"https:\/\/achisonsafety.com.vn\/en\/wp-json\/wp\/v2\/product"}],"about":[{"href":"https:\/\/achisonsafety.com.vn\/en\/wp-json\/wp\/v2\/types\/product"}],"replies":[{"embeddable":true,"href":"https:\/\/achisonsafety.com.vn\/en\/wp-json\/wp\/v2\/comments?post=4399"}],"wp:featuredmedia":[{"embeddable":true,"href":"https:\/\/achisonsafety.com.vn\/en\/wp-json\/wp\/v2\/media\/4400"}],"wp:attachment":[{"href":"https:\/\/achisonsafety.com.vn\/en\/wp-json\/wp\/v2\/media?parent=4399"}],"wp:term":[{"taxonomy":"product_cat","embeddable":true,"href":"https:\/\/achisonsafety.com.vn\/en\/wp-json\/wp\/v2\/product_cat?post=4399"},{"taxonomy":"product_tag","embeddable":true,"href":"https:\/\/achisonsafety.com.vn\/en\/wp-json\/wp\/v2\/product_tag?post=4399"}],"curies":[{"name":"wp","href":"https:\/\/api.w.org\/{rel}","templated":true}]}}