{"id":4668,"date":"2022-07-20T21:09:45","date_gmt":"2022-07-20T14:09:45","guid":{"rendered":"https:\/\/beta.achisonsafety.com.vn\/?post_type=product&#038;p=4668"},"modified":"2025-09-17T16:46:30","modified_gmt":"2025-09-17T09:46:30","slug":"may-khoan-dong-luc-milwaukee-m12-fpd-0c","status":"publish","type":"product","link":"https:\/\/achisonsafety.com.vn\/en\/san-pham\/may-khoan-dong-luc-milwaukee-m12-fpd-0c\/","title":{"rendered":"M\u00e1y Khoan \u0110\u1ed9ng L\u1ef1c Milwaukee M12 FPD-0C"},"content":{"rendered":"<p><span style=\"font-weight: 400\">M\u00e1y Khoan \u0110\u1ed9ng L\u1ef1c Milwaukee M12 FPD-0C thi\u1ebft b\u1ecb ph\u1ee5 tr\u1ee3 h\u1eefu \u00edch cho m\u1ecdi ho\u1ea1t \u0111\u1ed9ng s\u1ea3n xu\u1ea5t thi c\u00f4ng ngo\u00e0i th\u1ef1c t\u1ebf.\u00a0<\/span><\/p>\n<p><span style=\"font-weight: 400\">Nh\u1edd m\u1ed9t thi\u1ebft k\u1ebf nh\u1ecf g\u1ecdn \u0111\u1ea7y ti\u1ec7n d\u1ee5ng c\u00f9ng b\u1ed9 \u0111\u1ea7u khoan th\u00f4ng minh t\u00e1ch r\u1eddi c\u00f3 th\u1ec3 d\u1ec5 d\u00e0ng k\u1ebft n\u1ed1i v\u00e0 chuy\u1ec3n \u0111\u1ed5i linh ho\u1ea1t gi\u00fap t\u1ea1o ra c\u00e1c \u0111i\u1ec1u ki\u1ec7n thi c\u00f4ng l\u00fd t\u01b0\u1edfng \u1edf t\u1ea5t c\u1ea3 c\u00e1c v\u1ecb tr\u00ed v\u00e0 khu v\u1ef1c l\u00e0m vi\u1ec7c d\u00f9 cho \u0111\u00f3 l\u00e0 nh\u1eefng n\u01a1i kh\u00f3 ti\u1ebfp c\u1eadn nh\u1ea5t.\u00a0<\/span><\/p>\n<p><b>Th\u01b0\u01a1ng hi\u1ec7u: <\/b><span style=\"font-weight: 400\">Milwaukee\u00a0<\/span><\/p>\n<p><b>M\u00e3 s\u1ea3n ph\u1ea9m:<\/b> <span style=\"font-weight: 400\">Milwaukee M12 FPD-0C<\/span><\/p>\n<p><b>C\u00f4ng ngh\u1ec7 pin: <\/b><span style=\"font-weight: 400\">Lithium Li-Ion<\/span><\/p>\n<p><b>\u0110i\u1ec7n th\u1ebf pin: <\/b><span style=\"font-weight: 400\">12V<\/span><\/p>\n<p><b>T\u1ed1c \u0111\u1ed9 kh\u00f4ng t\u1ea3i c\u1ea5p \u0111\u1ed9 1: <\/b><span style=\"font-weight: 400\">0 &#8211; 450 (v\/p)<\/span><\/p>\n<p><b>T\u1ed1c \u0111\u1ed9 kh\u00f4ng t\u1ea3i c\u1ea5p \u0111\u1ed9 2: <\/b><span style=\"font-weight: 400\">0 &#8211; 1700 (v\/p)<\/span><\/p>\n<p><b>K\u00edch th\u01b0\u1edbc \u0111\u1ea7u k\u1eb9p: <\/b><span style=\"font-weight: 400\">13 mm<\/span><\/p>\n<p><b>Kh\u1ea3 n\u0103ng khoan g\u1ea1ch t\u1ed1i \u0111a: <\/b><span style=\"font-weight: 400\">13 mm<\/span><\/p>\n<p><b>Kh\u1ea3 n\u0103ng khoan kim lo\u1ea1i t\u1ed1i \u0111a: <\/b><span style=\"font-weight: 400\">13 mm<\/span><\/p>\n<h3><span style=\"font-size: 80%\"><b>\u01afU \u0110I\u1ec2M <\/b><span style=\"font-weight: 400\">M\u00e1y Khoan \u0110\u1ed9ng L\u1ef1c Milwaukee M12 FPD-0C<\/span><\/span><\/h3>\n<ul>\n<li style=\"font-weight: 400\"><span style=\"font-weight: 400\">M\u00e1y khoan \u0111\u1ed9ng l\u1ef1c 12V cung c\u1ea5p nhi\u1ec1u n\u0103ng l\u01b0\u1ee3ng t\u01b0\u01a1ng \u0111\u01b0\u01a1ng m\u00e1y d\u00f9ng \u0111i\u1ec7n<\/span><\/li>\n<li style=\"font-weight: 400\"><span style=\"font-weight: 400\">\u0110\u00e1p \u1ee9ng \u0111\u01b0\u1ee3c y\u00eau c\u1ea7u khoan tr\u00ean b\u1ec1 m\u1eb7t: b\u00ea t\u00f4ng, g\u1ed7, g\u1ea1ch, kim lo\u1ea1i&#8230;<\/span><\/li>\n<li style=\"font-weight: 400\"><span style=\"font-weight: 400\">Tr\u1ecdng l\u01b0\u1ee3ng nh\u1eb9 ph\u00f9 h\u1ee3p cho nhu c\u1ea7u c\u1ea7n di chuy\u1ec3n nhi\u1ec1u ho\u1eb7c l\u00e0m vi\u1ec7c tr\u00ean cao<\/span><\/li>\n<li style=\"font-weight: 400\"><span style=\"font-weight: 400\">Nh\u1ecf g\u1ecdn nh\u1ea5t so v\u1edbi c\u00e1c s\u1ea3n ph\u1ea9m c\u00f9ng lo\u1ea1i cho ph\u00e9p ti\u1ebfp c\u1eadn d\u1ec5 d\u00e0ng h\u01a1n trong nh\u1eefng kh\u00f4ng gian ch\u1eadt h\u1eb9p<\/span><\/li>\n<li style=\"font-weight: 400\"><span style=\"font-weight: 400\">Ly h\u1ee3p E mang \u0111\u1ebfn \u0111\u1ed9 l\u1eb7p l\u1ea1i nh\u1ea5t qu\u00e1n trong c\u00e1c \u1ee9ng d\u1ee5ng v\u1eb7n v\u00edt<\/span><\/li>\n<li style=\"font-weight: 400\"><span style=\"font-weight: 400\">T\u1ed1c \u0111\u1ed9 quay 1700 v\u00f2ng\/ph\u00fat gi\u00fap khoan nhanh h\u01a1n<\/span><\/li>\n<li style=\"font-weight: 400\"><span style=\"font-weight: 400\">L\u1ef1c si\u1ebft t\u1ed1i \u0111a 44 Nm<\/span><\/li>\n<li style=\"font-weight: 400\"><span style=\"font-weight: 400\">\u0110\u1ea7u m\u00e1y khoan ho\u00e0n to\u00e0n b\u1eb1ng kim lo\u1ea1i 13 mm gi\u00fap gi\u1eef m\u0169i khoan v\u00e0 k\u1eb9p ch\u1eb7t h\u1ebft c\u1ee1<\/span><\/li>\n<li style=\"font-weight: 400\"><span style=\"font-weight: 400\">\u0110\u1ed3ng h\u1ed3 \u0111o hi\u1ec3n th\u1ecb m\u1ee9c n\u0103ng l\u01b0\u1ee3ng c\u00f2n l\u1ea1i<\/span><\/li>\n<\/ul>\n<p><b>\u1ee8ng d\u1ee5ng: <\/b><span style=\"font-weight: 400\">X\u00e2y d\u1ef1ng, c\u00e1c x\u01b0\u1edfng g\u1ed7, c\u01a1 kh\u00ed, c\u00e1c c\u01a1 s\u1edf s\u1eeda ch\u1eefa, b\u1ea3o tr\u00ec \u00d4 t\u00f4,&#8230;<\/span><\/p>\n<p><img loading=\"lazy\" decoding=\"async\" class=\"alignnone wp-image-6463\" src=\"https:\/\/achisonsafety.com.vn\/wp-content\/uploads\/2022\/07\/milwaukee-m12-fpd-app-1-462x400.jpg\" alt=\"\" width=\"375\" height=\"325\" title=\"\" srcset=\"https:\/\/achisonsafety.com.vn\/wp-content\/uploads\/2022\/07\/milwaukee-m12-fpd-app-1-462x400.jpg 462w, https:\/\/achisonsafety.com.vn\/wp-content\/uploads\/2022\/07\/milwaukee-m12-fpd-app-1-35x30.jpg 35w, https:\/\/achisonsafety.com.vn\/wp-content\/uploads\/2022\/07\/milwaukee-m12-fpd-app-1-69x60.jpg 69w, https:\/\/achisonsafety.com.vn\/wp-content\/uploads\/2022\/07\/milwaukee-m12-fpd-app-1-510x441.jpg 510w, https:\/\/achisonsafety.com.vn\/wp-content\/uploads\/2022\/07\/milwaukee-m12-fpd-app-1.jpg 512w\" sizes=\"(max-width: 375px) 100vw, 375px\" \/><\/p>\n<p><span style=\"font-weight: 400\">\u21d2 Xem th\u00eam c\u00e1c thi\u1ebft b\u1ecb kh\u00e1c <\/span><a href=\"https:\/\/achisonsafety.com.vn\/danh-muc-san-pham\/cong-cu-dien-dung-cu-cam-tay\/\"><span style=\"font-weight: 400\">https:\/\/achisonsafety.com.vn\/danh-muc-san-pham\/cong-cu-dien-dung-cu-cam-tay\/<\/span><\/a><\/p>\n","protected":false},"excerpt":{"rendered":"<ul>\n<li style=\"font-weight: 400\"><span style=\"font-weight: 400\">T\u1ed1c \u0111\u1ed9 quay 1700 v\u00f2ng\/ph\u00fat gi\u00fap khoan nhanh h\u01a1n<\/span><\/li>\n<li style=\"font-weight: 400\"><span style=\"font-weight: 400\">L\u1ef1c si\u1ebft t\u1ed1i \u0111a 44 Nm<\/span><\/li>\n<li style=\"font-weight: 400\"><span style=\"font-weight: 400\">\u0110\u1ea7u m\u00e1y khoan ho\u00e0n to\u00e0n b\u1eb1ng kim lo\u1ea1i 13 mm gi\u00fap gi\u1eef m\u0169i khoan v\u00e0 k\u1eb9p ch\u1eb7t h\u1ebft c\u1ee1<\/span><\/li>\n<li style=\"font-weight: 400\"><span style=\"font-weight: 400\">\u0110\u1ed3ng h\u1ed3 \u0111o hi\u1ec3n th\u1ecb m\u1ee9c n\u0103ng l\u01b0\u1ee3ng c\u00f2n l\u1ea1i<\/span><\/li>\n<\/ul>\n","protected":false},"featured_media":4669,"comment_status":"open","ping_status":"closed","template":"","meta":[],"product_cat":[29,90],"product_tag":[188,189],"class_list":{"0":"post-4668","1":"product","2":"type-product","3":"status-publish","4":"has-post-thumbnail","6":"product_cat-cong-cu-dien-dung-cu-cam-tay","7":"product_cat-may-khoan","8":"product_tag-nganh-dau-khi-khai-khoang-dong-tau-cang-bien-hang-khong","9":"product_tag-nganh-xay-dung-logistic-hoa-chat","11":"first","12":"instock","13":"shipping-taxable","14":"product-type-simple"},"acf":[],"_links":{"self":[{"href":"https:\/\/achisonsafety.com.vn\/en\/wp-json\/wp\/v2\/product\/4668"}],"collection":[{"href":"https:\/\/achisonsafety.com.vn\/en\/wp-json\/wp\/v2\/product"}],"about":[{"href":"https:\/\/achisonsafety.com.vn\/en\/wp-json\/wp\/v2\/types\/product"}],"replies":[{"embeddable":true,"href":"https:\/\/achisonsafety.com.vn\/en\/wp-json\/wp\/v2\/comments?post=4668"}],"wp:featuredmedia":[{"embeddable":true,"href":"https:\/\/achisonsafety.com.vn\/en\/wp-json\/wp\/v2\/media\/4669"}],"wp:attachment":[{"href":"https:\/\/achisonsafety.com.vn\/en\/wp-json\/wp\/v2\/media?parent=4668"}],"wp:term":[{"taxonomy":"product_cat","embeddable":true,"href":"https:\/\/achisonsafety.com.vn\/en\/wp-json\/wp\/v2\/product_cat?post=4668"},{"taxonomy":"product_tag","embeddable":true,"href":"https:\/\/achisonsafety.com.vn\/en\/wp-json\/wp\/v2\/product_tag?post=4668"}],"curies":[{"name":"wp","href":"https:\/\/api.w.org\/{rel}","templated":true}]}}