{"id":4853,"date":"2022-07-22T09:59:53","date_gmt":"2022-07-22T02:59:53","guid":{"rendered":"https:\/\/beta.achisonsafety.com.vn\/?post_type=product&#038;p=4853"},"modified":"2025-09-17T16:46:20","modified_gmt":"2025-09-17T09:46:20","slug":"day-dai-an-toan-toan-than-kstrong-afh300104","status":"publish","type":"product","link":"https:\/\/achisonsafety.com.vn\/en\/san-pham\/day-dai-an-toan-toan-than-kstrong-afh300104\/","title":{"rendered":"D\u00e2y \u0111ai an to\u00e0n to\u00e0n th\u00e2n KStrong AFH300104"},"content":{"rendered":"<h3><span style=\"font-weight: 400;font-family: helvetica, arial, sans-serif;font-size: 75%\">D\u00e2y \u0111ai an to\u00e0n to\u00e0n th\u00e2n KStrong AFH300104 l\u00e0 m\u1ed9t ph\u1ea7n quan tr\u1ecdng c\u1ee7a h\u1ec7 th\u1ed1ng ch\u1ed1ng r\u01a1i ng\u00e3 ch\u1ee7 \u0111\u1ed9ng. D\u00e2y \u0111ai an to\u00e0n ph\u00e2n ph\u1ed1i l\u1ef1c t\u00e1c \u0111\u1ed9ng l\u00ean c\u01a1 th\u1ec3 ng\u01b0\u1eddi s\u1eed d\u1ee5ng m\u1ed9t c\u00e1ch an to\u00e0n khi x\u1ea3y ra s\u1ef1 c\u1ed1 r\u01a1i ng\u00e3 v\u00e0 \u0111\u1ea3m b\u1ea3o r\u1eb1ng ng\u01b0\u1eddi s\u1eed d\u1ee5ng v\u1eabn \u0111\u01b0\u1ee3c treo \u1edf t\u01b0 th\u1ebf th\u1eb3ng \u0111\u1ee9ng sau khi r\u01a1i ng\u00e3.<\/span><\/h3>\n<h3><span style=\"font-weight: 400;font-family: helvetica, arial, sans-serif;font-size: 75%\">Thi\u1ebft b\u1ecb cho ph\u00e9p ng\u01b0\u1eddi s\u1eed d\u1ee5ng t\u1ef1 do di chuy\u1ec3n \u0111\u1ec3 th\u1ef1c hi\u1ec7n c\u00f4ng vi\u1ec7c m\u1ed9t c\u00e1ch hi\u1ec7u qu\u1ea3 v\u00e0 an to\u00e0n<\/span><\/h3>\n<p><strong>D\u00e2y \u0111ai an to\u00e0n to\u00e0n th\u00e2n KStrong AFH300104<\/strong><\/p>\n<p><b>Th\u01b0\u01a1ng hi\u1ec7u: <\/b><span style=\"font-weight: 400\">Kstrong<\/span><\/p>\n<p><strong>M\u00e3 s\u1ea9n ph\u1ea9m: <\/strong>KStrong AFH300104<\/p>\n<p><b>Ch\u1ea5t li\u1ec7u:<\/b><\/p>\n<p><span style=\"font-weight: 400\">D\u00e2y \u0111ai d\u1ec7t &#8211; Polyester<\/span><\/p>\n<p><span style=\"font-weight: 400\">B\u1ed9 ph\u1eadn kim lo\u1ea1i &#8211; Th\u00e9p<\/span><\/p>\n<p><b>Ti\u00eau chu\u1ea9n: <\/b><span style=\"font-weight: 400\">EN 361:2002<\/span><\/p>\n<p><b>B\u1ea3ng Size<\/b><\/p>\n<p><img loading=\"lazy\" decoding=\"async\" class=\"alignnone wp-image-4839\" src=\"https:\/\/achisonsafety.com.vn\/wp-content\/uploads\/2022\/07\/Bang-size-01-400x400.jpg\" alt=\"\" width=\"309\" height=\"309\" title=\"\" srcset=\"https:\/\/achisonsafety.com.vn\/wp-content\/uploads\/2022\/07\/Bang-size-01-400x400.jpg 400w, https:\/\/achisonsafety.com.vn\/wp-content\/uploads\/2022\/07\/Bang-size-01-800x800.jpg 800w, https:\/\/achisonsafety.com.vn\/wp-content\/uploads\/2022\/07\/Bang-size-01-280x280.jpg 280w, https:\/\/achisonsafety.com.vn\/wp-content\/uploads\/2022\/07\/Bang-size-01-768x768.jpg 768w, https:\/\/achisonsafety.com.vn\/wp-content\/uploads\/2022\/07\/Bang-size-01-1536x1536.jpg 1536w, https:\/\/achisonsafety.com.vn\/wp-content\/uploads\/2022\/07\/Bang-size-01-2048x2048.jpg 2048w, https:\/\/achisonsafety.com.vn\/wp-content\/uploads\/2022\/07\/Bang-size-01-30x30.jpg 30w, https:\/\/achisonsafety.com.vn\/wp-content\/uploads\/2022\/07\/Bang-size-01-60x60.jpg 60w, https:\/\/achisonsafety.com.vn\/wp-content\/uploads\/2022\/07\/Bang-size-01-247x247.jpg 247w, https:\/\/achisonsafety.com.vn\/wp-content\/uploads\/2022\/07\/Bang-size-01-510x510.jpg 510w, https:\/\/achisonsafety.com.vn\/wp-content\/uploads\/2022\/07\/Bang-size-01-100x100.jpg 100w\" sizes=\"(max-width: 309px) 100vw, 309px\" \/><\/p>\n<p><b>Tr\u1ecdng l\u01b0\u1ee3ng:\u00a0<span style=\"font-weight: 400\">0.85 Kg<\/span><\/b><\/p>\n<p><b>T\u1ea3i tr\u1ecdng t\u1ed1i \u0111a: <\/b><span style=\"font-weight: 400\">140Kg<\/span><\/p>\n<p><b>T\u00ednh n\u0103ng:<\/b><\/p>\n<p><span style=\"font-weight: 400\">2 \u0111i\u1ec1u ch\u1ec9nh, 2 \u0111i\u1ec3m li\u00ean k\u1ebft<\/span><\/p>\n<p><span style=\"font-weight: 400\">\u0110i\u1ec3m li\u00ean k\u1ebf tr\u00ean v\u00f2ng ch\u1eef D ph\u00eda sau v\u00e0 v\u00f2ng d\u00e2y ph\u00eda tr\u01b0\u1edbc<\/span><\/p>\n<p><span style=\"font-weight: 400\">Ch\u1ec9 b\u00e1o r\u01a1i ng\u00e3<\/span><\/p>\n<p><span style=\"font-weight: 400\">D\u00e2y \u0111ai vai, ng\u1ef1c v\u00e0 ch\u00e2n c\u00f3 th\u1ec3 \u0111i\u1ec1u ch\u1ec9nh<\/span><\/p>\n<p><b>\u1ee8ng d\u1ee5ng:\u00a0<\/b><\/p>\n<p><span style=\"font-weight: 400\">&#8211;<\/span> <span style=\"font-weight: 400\">C\u00f4ng tr\u00ecnh x\u00e2y d\u1ef1ng<\/span><\/p>\n<p><span style=\"font-weight: 400\">&#8211; Nh\u00e0 m\u00e1y x\u00ed nghi\u1ec7p<\/span><\/p>\n<p><span style=\"font-weight: 400\">&#8211; C\u1ed1i xay gi\u00f3<\/span><\/p>\n<p><span style=\"font-weight: 400\">&#8211; \u0110i\u1ec7n l\u1ef1c<\/span><\/p>\n<p><span style=\"font-weight: 400\">&#8211; Nh\u1eefng v\u1ecb tr\u00ed l\u00e0m vi\u1ec7c tr\u00ean cao kh\u00e1c<\/span><\/p>\n<p><b>H\u01b0\u1edbng d\u1eabn s\u1eed d\u1ee5ng:<\/b><\/p>\n<p><span style=\"font-weight: 400\">B\u01b0\u1edbc 1: G\u1ee1 d\u00e2y \u0111ai an to\u00e0n b\u1eb1ng c\u00e1ch gi\u1eef d\u00e2y \u0111ai t\u1eeb v\u00f2ng ch\u1eef D \u1edf m\u1eb7t l\u01b0ng<\/span><\/p>\n<p><span style=\"font-weight: 400\">B\u01b0\u1edbc 2: \u0110eo d\u00e2y \u0111ai an to\u00e0n qua vai v\u00e0 \u0111\u00f3ng kh\u00f3a tr\u00ean ng\u1ef1c<\/span><\/p>\n<p><span style=\"font-weight: 400\">B\u01b0\u1edbc 3: \u0110\u00f3ng kh\u00f3a tr\u00ean d\u00e2y \u0111ai \u1edf th\u1eaft l\u01b0ng n\u1ebfu d\u00e2y \u0111ai an to\u00e0n c\u00f3 th\u1eaft l\u01b0ng<\/span><\/p>\n<p><span style=\"font-weight: 400\">B\u01b0\u1edbc 4: L\u1ea7n l\u01b0\u1ee3t k\u00e9o d\u00e2y \u0111ai ch\u00e2n v\u00f2ng qua \u0111\u00f9i ra ph\u00eda tr\u01b0\u1edbc<\/span><\/p>\n<p><span style=\"font-weight: 400\">B\u01b0\u1edbc 5: Ki\u1ec3m tra v\u00e0 \u0111i\u1ec1u ch\u1ec9nh t\u1ea5t c\u1ea3 c\u00e1c d\u00e2y \u0111ai an to\u00e0n cho ph\u00f9 h\u1ee3p v\u1edbi c\u01a1 th\u1ec3 b\u1ea1n<\/span><\/p>\n<p><span style=\"font-weight: 400\">B\u01b0\u1edbc 6: S\u1eb5n s\u00e0ng l\u00e0m vi\u1ec7c<\/span><\/p>\n<p><img loading=\"lazy\" decoding=\"async\" class=\"alignnone wp-image-4841\" src=\"https:\/\/achisonsafety.com.vn\/wp-content\/uploads\/2022\/07\/Cach-deo-day-an-toan-01-800x400.jpg\" alt=\"\" width=\"546\" height=\"273\" title=\"\" srcset=\"https:\/\/achisonsafety.com.vn\/wp-content\/uploads\/2022\/07\/Cach-deo-day-an-toan-01-800x400.jpg 800w, https:\/\/achisonsafety.com.vn\/wp-content\/uploads\/2022\/07\/Cach-deo-day-an-toan-01-1400x700.jpg 1400w, https:\/\/achisonsafety.com.vn\/wp-content\/uploads\/2022\/07\/Cach-deo-day-an-toan-01-768x384.jpg 768w, https:\/\/achisonsafety.com.vn\/wp-content\/uploads\/2022\/07\/Cach-deo-day-an-toan-01-1536x768.jpg 1536w, https:\/\/achisonsafety.com.vn\/wp-content\/uploads\/2022\/07\/Cach-deo-day-an-toan-01-60x30.jpg 60w, https:\/\/achisonsafety.com.vn\/wp-content\/uploads\/2022\/07\/Cach-deo-day-an-toan-01-120x60.jpg 120w, https:\/\/achisonsafety.com.vn\/wp-content\/uploads\/2022\/07\/Cach-deo-day-an-toan-01-510x255.jpg 510w, https:\/\/achisonsafety.com.vn\/wp-content\/uploads\/2022\/07\/Cach-deo-day-an-toan-01.jpg 1667w\" sizes=\"(max-width: 546px) 100vw, 546px\" \/><\/p>\n<p><strong>L\u01b0u \u00fd:<\/strong><\/p>\n<p><span style=\"font-weight: 400\">&#8211; Ki\u1ec3m tra k\u1ef9 s\u1ea3n ph\u1ea9m tr\u01b0\u1edbc khi s\u1eed d\u1ee5ng<\/span><\/p>\n<p><span style=\"font-weight: 400\">&#8211; N\u00ean s\u1eed d\u1ee5ng \u0111\u00fang tr\u1ecdng l\u01b0\u1ee3ng theo quy \u0111\u1ecbnh c\u1ee7a s\u1ea3n ph\u1ea9m<\/span><\/p>\n<p><span style=\"font-weight: 400\">&#8211; Khi s\u1ea3n ph\u1ea9m c\u00f3 d\u1ea5u hi\u1ec7u xu\u1ed1ng c\u1ea5p n\u00ean thay th\u1ebf s\u1ea3n ph\u1ea9m kh\u00e1c \u0111\u1ec3 \u0111\u1ea3m b\u1ea3o an to\u00e0n<\/span><\/p>\n","protected":false},"excerpt":{"rendered":"<ul>\n<li><span style=\"font-weight: 400\">\u0110i\u1ec3m li\u00ean k\u1ebf tr\u00ean v\u00f2ng ch\u1eef D ph\u00eda sau v\u00e0 v\u00f2ng d\u00e2y ph\u00eda tr\u01b0\u1edbc<\/span><\/li>\n<li><span style=\"font-weight: 400\">Ch\u1ec9 b\u00e1o r\u01a1i ng\u00e3<\/span><\/li>\n<li><span style=\"font-weight: 400\">D\u00e2y \u0111ai vai, ng\u1ef1c v\u00e0 ch\u00e2n c\u00f3 th\u1ec3 \u0111i\u1ec1u ch\u1ec9nh<\/span><\/li>\n<\/ul>\n","protected":false},"featured_media":4854,"comment_status":"open","ping_status":"closed","template":"","meta":[],"product_cat":[16,43,134],"product_tag":[],"class_list":{"0":"post-4853","1":"product","2":"type-product","3":"status-publish","4":"has-post-thumbnail","6":"product_cat-bao-ho-lao-dong","7":"product_cat-giai-phap-chong-roi-nga-tren-cao","8":"product_cat-day-dai-an-toan-toan-than","9":"yith_product_brand-kstrong","11":"first","12":"instock","13":"shipping-taxable","14":"product-type-simple"},"acf":[],"_links":{"self":[{"href":"https:\/\/achisonsafety.com.vn\/en\/wp-json\/wp\/v2\/product\/4853"}],"collection":[{"href":"https:\/\/achisonsafety.com.vn\/en\/wp-json\/wp\/v2\/product"}],"about":[{"href":"https:\/\/achisonsafety.com.vn\/en\/wp-json\/wp\/v2\/types\/product"}],"replies":[{"embeddable":true,"href":"https:\/\/achisonsafety.com.vn\/en\/wp-json\/wp\/v2\/comments?post=4853"}],"wp:featuredmedia":[{"embeddable":true,"href":"https:\/\/achisonsafety.com.vn\/en\/wp-json\/wp\/v2\/media\/4854"}],"wp:attachment":[{"href":"https:\/\/achisonsafety.com.vn\/en\/wp-json\/wp\/v2\/media?parent=4853"}],"wp:term":[{"taxonomy":"product_cat","embeddable":true,"href":"https:\/\/achisonsafety.com.vn\/en\/wp-json\/wp\/v2\/product_cat?post=4853"},{"taxonomy":"product_tag","embeddable":true,"href":"https:\/\/achisonsafety.com.vn\/en\/wp-json\/wp\/v2\/product_tag?post=4853"}],"curies":[{"name":"wp","href":"https:\/\/api.w.org\/{rel}","templated":true}]}}