{"id":4864,"date":"2022-07-22T10:27:06","date_gmt":"2022-07-22T03:27:06","guid":{"rendered":"https:\/\/beta.achisonsafety.com.vn\/?post_type=product&#038;p=4864"},"modified":"2025-09-17T16:46:20","modified_gmt":"2025-09-17T09:46:20","slug":"day-dai-an-toan-toan-than-kstrong-afh300122","status":"publish","type":"product","link":"https:\/\/achisonsafety.com.vn\/en\/san-pham\/day-dai-an-toan-toan-than-kstrong-afh300122\/","title":{"rendered":"D\u00e2y \u0111ai an to\u00e0n to\u00e0n th\u00e2n KStrong AFH300122"},"content":{"rendered":"<h3><span style=\"font-weight: 400;font-family: helvetica, arial, sans-serif;font-size: 75%\">D\u00e2y \u0111ai an to\u00e0n to\u00e0n th\u00e2n KStrong AFH300122 l\u00e0 m\u1ed9t ph\u1ea7n quan tr\u1ecdng c\u1ee7a h\u1ec7 th\u1ed1ng ch\u1ed1ng r\u01a1i ng\u00e3 ch\u1ee7 \u0111\u1ed9ng. D\u00e2y \u0111ai an to\u00e0n ph\u00e2n ph\u1ed1i l\u1ef1c t\u00e1c \u0111\u1ed9ng l\u00ean c\u01a1 th\u1ec3 ng\u01b0\u1eddi s\u1eed d\u1ee5ng m\u1ed9t c\u00e1ch an to\u00e0n khi x\u1ea3y ra s\u1ef1 c\u1ed1 r\u01a1i ng\u00e3 v\u00e0 \u0111\u1ea3m b\u1ea3o r\u1eb1ng ng\u01b0\u1eddi s\u1eed d\u1ee5ng v\u1eabn \u0111\u01b0\u1ee3c treo \u1edf t\u01b0 th\u1ebf th\u1eb3ng \u0111\u1ee9ng sau khi r\u01a1i ng\u00e3.<\/span><\/h3>\n<h3><span style=\"font-weight: 400;font-family: helvetica, arial, sans-serif;font-size: 75%\">Thi\u1ebft b\u1ecb cho ph\u00e9p ng\u01b0\u1eddi s\u1eed d\u1ee5ng t\u1ef1 do di chuy\u1ec3n \u0111\u1ec3 th\u1ef1c hi\u1ec7n c\u00f4ng vi\u1ec7c m\u1ed9t c\u00e1ch hi\u1ec7u qu\u1ea3 v\u00e0 an to\u00e0n<\/span><\/h3>\n<p><strong>D\u00e2y \u0111ai an to\u00e0n to\u00e0n th\u00e2n KStrong AFH300122<\/strong><\/p>\n<p><b>Th\u01b0\u01a1ng hi\u1ec7u: <\/b><span style=\"font-weight: 400\">Kstrong<\/span><\/p>\n<p><strong>M\u00e3 s\u1ea9n ph\u1ea9m: <\/strong>AFH300122<\/p>\n<p><b>Ch\u1ea5t li\u1ec7u:<\/b><\/p>\n<p><b>Ch\u1ea5t li\u1ec7u:<\/b><\/p>\n<p><span style=\"font-weight: 400\">D\u00e2y \u0111ai d\u1ec7t &#8211; Polyester<\/span><\/p>\n<p><span style=\"font-weight: 400\">B\u1ed9 ph\u1eadn kim lo\u1ea1i &#8211; Th\u00e9p<\/span><\/p>\n<p><span style=\"font-weight: 400\">\u0110\u1ec7m \u0111\u01b0\u1ee3c l\u00e0m t\u1eeb l\u01b0\u1edbi Insushield v\u00e0 Matty<\/span><\/p>\n<p><b>Ti\u00eau chu\u1ea9n: <span style=\"font-weight: 400\">EN 361:2002, EN 358:2018<\/span><\/b><\/p>\n<p><b>B\u1ea3ng Size<\/b><\/p>\n<p><img loading=\"lazy\" decoding=\"async\" class=\"alignnone wp-image-4839\" src=\"https:\/\/achisonsafety.com.vn\/wp-content\/uploads\/2022\/07\/Bang-size-01-400x400.jpg\" alt=\"\" width=\"309\" height=\"309\" title=\"\" srcset=\"https:\/\/achisonsafety.com.vn\/wp-content\/uploads\/2022\/07\/Bang-size-01-400x400.jpg 400w, https:\/\/achisonsafety.com.vn\/wp-content\/uploads\/2022\/07\/Bang-size-01-800x800.jpg 800w, https:\/\/achisonsafety.com.vn\/wp-content\/uploads\/2022\/07\/Bang-size-01-280x280.jpg 280w, https:\/\/achisonsafety.com.vn\/wp-content\/uploads\/2022\/07\/Bang-size-01-768x768.jpg 768w, https:\/\/achisonsafety.com.vn\/wp-content\/uploads\/2022\/07\/Bang-size-01-1536x1536.jpg 1536w, https:\/\/achisonsafety.com.vn\/wp-content\/uploads\/2022\/07\/Bang-size-01-2048x2048.jpg 2048w, https:\/\/achisonsafety.com.vn\/wp-content\/uploads\/2022\/07\/Bang-size-01-30x30.jpg 30w, https:\/\/achisonsafety.com.vn\/wp-content\/uploads\/2022\/07\/Bang-size-01-60x60.jpg 60w, https:\/\/achisonsafety.com.vn\/wp-content\/uploads\/2022\/07\/Bang-size-01-247x247.jpg 247w, https:\/\/achisonsafety.com.vn\/wp-content\/uploads\/2022\/07\/Bang-size-01-510x510.jpg 510w, https:\/\/achisonsafety.com.vn\/wp-content\/uploads\/2022\/07\/Bang-size-01-100x100.jpg 100w\" sizes=\"(max-width: 309px) 100vw, 309px\" \/><\/p>\n<p><b>Tr\u1ecdng l\u01b0\u1ee3ng: <\/b>1.37<b><span style=\"font-weight: 400\">\u00a0Kg<\/span><\/b><\/p>\n<p><b>T\u1ea3i tr\u1ecdng t\u1ed1i \u0111a: <\/b><span style=\"font-weight: 400\">140Kg<\/span><\/p>\n<p><b>T\u00ednh n\u0103ng:<\/b><\/p>\n<p><span style=\"font-weight: 400\">3 \u0111i\u1ec1u ch\u1ec9nh, 3 \u0111i\u1ec3m li\u00ean k\u1ebft<\/span><\/p>\n<p><span style=\"font-weight: 400\">\u0110i\u1ec3m li\u00ean k\u1ebft tr\u00ean v\u00f2ng ch\u1eef D ph\u00eda sau v\u00e0 v\u00f2ng ch\u1eef D ch\u1ed1ng r\u01a1i ng\u00e3 ph\u00eda tr\u01b0\u1edbc<\/span><\/p>\n<p><span style=\"font-weight: 400\">D\u00e2y \u0111ai vai, ng\u1ef1c v\u00e0 ch\u00e2n \u0111\u1ec1u c\u00f3 th\u1ec3 \u0111i\u1ec1u ch\u1ec9nh\u00a0<\/span><\/p>\n<p><span style=\"font-weight: 400\">\u0110ai l\u01b0ng c\u1ed1 \u0111\u1ecbnh v\u1ecb tr\u00ed l\u00e0m vi\u1ec7c c\u00f3 \u0111\u1ec7m v\u1edbi v\u00f2ng ch\u1eef D b\u00ean H\u00f4ng<\/span><\/p>\n<p><b>\u1ee8ng d\u1ee5ng:\u00a0<\/b><\/p>\n<p><span style=\"font-weight: 400\">&#8211;<\/span> <span style=\"font-weight: 400\">C\u00f4ng tr\u00ecnh x\u00e2y d\u1ef1ng<\/span><\/p>\n<p><span style=\"font-weight: 400\">&#8211; Nh\u00e0 m\u00e1y x\u00ed nghi\u1ec7p<\/span><\/p>\n<p><span style=\"font-weight: 400\">&#8211; C\u1ed1i xay gi\u00f3<\/span><\/p>\n<p><span style=\"font-weight: 400\">&#8211; \u0110i\u1ec7n l\u1ef1c<\/span><\/p>\n<p><span style=\"font-weight: 400\">&#8211; Nh\u1eefng v\u1ecb tr\u00ed l\u00e0m vi\u1ec7c tr\u00ean cao kh\u00e1c<\/span><\/p>\n<p><b>H\u01b0\u1edbng d\u1eabn s\u1eed d\u1ee5ng:<\/b><\/p>\n<p><span style=\"font-weight: 400\">B\u01b0\u1edbc 1: G\u1ee1 d\u00e2y \u0111ai an to\u00e0n b\u1eb1ng c\u00e1ch gi\u1eef d\u00e2y \u0111ai t\u1eeb v\u00f2ng ch\u1eef D \u1edf m\u1eb7t l\u01b0ng<\/span><\/p>\n<p><span style=\"font-weight: 400\">B\u01b0\u1edbc 2: \u0110eo d\u00e2y \u0111ai an to\u00e0n qua vai v\u00e0 \u0111\u00f3ng kh\u00f3a tr\u00ean ng\u1ef1c<\/span><\/p>\n<p><span style=\"font-weight: 400\">B\u01b0\u1edbc 3: \u0110\u00f3ng kh\u00f3a tr\u00ean d\u00e2y \u0111ai \u1edf th\u1eaft l\u01b0ng n\u1ebfu d\u00e2y \u0111ai an to\u00e0n c\u00f3 th\u1eaft l\u01b0ng<\/span><\/p>\n<p><span style=\"font-weight: 400\">B\u01b0\u1edbc 4: L\u1ea7n l\u01b0\u1ee3t k\u00e9o d\u00e2y \u0111ai ch\u00e2n v\u00f2ng qua \u0111\u00f9i ra ph\u00eda tr\u01b0\u1edbc<\/span><\/p>\n<p><span style=\"font-weight: 400\">B\u01b0\u1edbc 5: Ki\u1ec3m tra v\u00e0 \u0111i\u1ec1u ch\u1ec9nh t\u1ea5t c\u1ea3 c\u00e1c d\u00e2y \u0111ai an to\u00e0n cho ph\u00f9 h\u1ee3p v\u1edbi c\u01a1 th\u1ec3 b\u1ea1n<\/span><\/p>\n<p><span style=\"font-weight: 400\">B\u01b0\u1edbc 6: S\u1eb5n s\u00e0ng l\u00e0m vi\u1ec7c<\/span><\/p>\n<p><img loading=\"lazy\" decoding=\"async\" class=\"alignnone wp-image-4841\" src=\"https:\/\/achisonsafety.com.vn\/wp-content\/uploads\/2022\/07\/Cach-deo-day-an-toan-01-800x400.jpg\" alt=\"\" width=\"546\" height=\"273\" title=\"\" srcset=\"https:\/\/achisonsafety.com.vn\/wp-content\/uploads\/2022\/07\/Cach-deo-day-an-toan-01-800x400.jpg 800w, https:\/\/achisonsafety.com.vn\/wp-content\/uploads\/2022\/07\/Cach-deo-day-an-toan-01-1400x700.jpg 1400w, https:\/\/achisonsafety.com.vn\/wp-content\/uploads\/2022\/07\/Cach-deo-day-an-toan-01-768x384.jpg 768w, https:\/\/achisonsafety.com.vn\/wp-content\/uploads\/2022\/07\/Cach-deo-day-an-toan-01-1536x768.jpg 1536w, https:\/\/achisonsafety.com.vn\/wp-content\/uploads\/2022\/07\/Cach-deo-day-an-toan-01-60x30.jpg 60w, https:\/\/achisonsafety.com.vn\/wp-content\/uploads\/2022\/07\/Cach-deo-day-an-toan-01-120x60.jpg 120w, https:\/\/achisonsafety.com.vn\/wp-content\/uploads\/2022\/07\/Cach-deo-day-an-toan-01-510x255.jpg 510w, https:\/\/achisonsafety.com.vn\/wp-content\/uploads\/2022\/07\/Cach-deo-day-an-toan-01.jpg 1667w\" sizes=\"(max-width: 546px) 100vw, 546px\" \/><\/p>\n<p><strong><span style=\"color: #000000\">C\u00d4NG D\u1ee4NG C\u00c1C \u0110I\u1ec2M LI\u00caN K\u1ebeT C\u1ee6A D\u00c2Y \u0110AI AN TO\u00c0N TO\u00c0N TH\u00c2N KSTRONG<\/span><\/strong><\/p>\n<p><strong><span style=\"color: #000000\">\u0110i\u1ec3m li\u00ean k\u1ebft \u1edf l\u01b0ng:<\/span><\/strong><\/p>\n<p><span style=\"color: #000000\">\u0110i\u1ec3m n\u00e0y d\u00e0nh cho t\u1ea5t c\u1ea3 h\u1ec7 th\u1ed1ng d\u00e2y b\u1ea3o v\u1ec7. V\u1ecb tr\u00ed c\u1ee7a \u0111i\u1ec3m tr\u00ean t\u1ea5m ID \u1edf m\u1eb7t sau c\u1ee7a d\u00e2y \u0111ai an to\u00e0n gi\u1eefa hai x\u01b0\u01a1ng b\u1ea3 vai. \u0110\u00e2y l\u00e0 \u0111i\u1ec3m l\u00fd t\u01b0\u1edfng cho m\u1ee5c \u0111\u00edch b\u1ea3o v\u1ec7 khi r\u01a1i ng\u00e3 do gi\u00fap ph\u00e2n b\u1ed5 \u0111\u1ed3ng \u0111\u1ec1u c\u00e1c l\u1ef1c c\u1ea3n tr\u00ean kh\u1eafp c\u01a1 th\u1ec3 ng\u01b0\u1eddi.<\/span><\/p>\n<p><span style=\"color: #000000\">\u0110i\u1ec3m li\u00ean k\u1ebft \u1edf l\u01b0ng ph\u00f9 h\u1ee3p cho c\u00f4ng vi\u1ec7c ti\u00eau chu\u1ea9n t\u1ea1i c\u00f4ng tr\u01b0\u1eddng ho\u1eb7c l\u00e0m vi\u1ec7c tr\u00ean s\u00e0n c\u00f4ng t\u00e1c, n\u01a1i nh\u00e2n vi\u00ean c\u1ea7n \u0111\u01b0\u1ee3c c\u1ed1 \u0111\u1ecbnh m\u00e0 kh\u00f4ng c\u00f3 y\u00eau c\u1ea7u n\u00e0o kh\u00e1c v\u1ec1 vi\u1ec7c leo tr\u00e8o, c\u1ed1 \u0111\u1ecbnh v\u1ecb tr\u00ed l\u00e0m vi\u1ec7c<\/span><\/p>\n<p><span style=\"color: #000000\"><img loading=\"lazy\" decoding=\"async\" class=\"alignnone size-full wp-image-4767\" src=\"https:\/\/achisonsafety.com.vn\/wp-content\/uploads\/2022\/07\/Diem-lien-ket-o-lung.jpg\" alt=\"\" width=\"449\" height=\"182\" title=\"\" srcset=\"https:\/\/achisonsafety.com.vn\/wp-content\/uploads\/2022\/07\/Diem-lien-ket-o-lung.jpg 449w, https:\/\/achisonsafety.com.vn\/wp-content\/uploads\/2022\/07\/Diem-lien-ket-o-lung-74x30.jpg 74w, https:\/\/achisonsafety.com.vn\/wp-content\/uploads\/2022\/07\/Diem-lien-ket-o-lung-148x60.jpg 148w\" sizes=\"(max-width: 449px) 100vw, 449px\" \/><\/span><\/p>\n<p><strong><span style=\"color: #000000\">\u0110i\u1ec3m li\u00ean k\u1ebft \u1edf v\u00f9ng ng\u1ef1c<\/span><\/strong><\/p>\n<p><span style=\"color: #000000\">V\u00f2ng ch\u1eef D tr\u00ean v\u00f9ng ng\u1ef1c c\u1ee7a D\u00e2y \u0111ai an to\u00e0n \u0111\u01b0\u1ee3c d\u00f9ng nh\u01b0 m\u1ed9t \u0111i\u1ec3m li\u00ean k\u1ebft ph\u00eda tr\u01b0\u1edbc \u0111\u1ec3 ph\u00f2ng ch\u1ed1ng r\u01a1i ng\u00e3 khi s\u1eed d\u1ee5ng h\u1ec7 th\u1ed1ng ch\u1ed1ng r\u01a1i ng\u00e3 c\u00f3 h\u01b0\u1edbng d\u1eabn trong khi leo n\u00fai ho\u1eb7c \u0111i v\u00e0o kh\u00f4ng gian h\u1ea1n ch\u1ebf<\/span><\/p>\n<p><span style=\"color: #000000\"><img loading=\"lazy\" decoding=\"async\" class=\"alignnone size-full wp-image-4771\" src=\"https:\/\/achisonsafety.com.vn\/wp-content\/uploads\/2022\/07\/Diem-lien-ket-o-vung-nguc.jpg\" alt=\"\" width=\"458\" height=\"158\" title=\"\" srcset=\"https:\/\/achisonsafety.com.vn\/wp-content\/uploads\/2022\/07\/Diem-lien-ket-o-vung-nguc.jpg 458w, https:\/\/achisonsafety.com.vn\/wp-content\/uploads\/2022\/07\/Diem-lien-ket-o-vung-nguc-87x30.jpg 87w, https:\/\/achisonsafety.com.vn\/wp-content\/uploads\/2022\/07\/Diem-lien-ket-o-vung-nguc-174x60.jpg 174w\" sizes=\"(max-width: 458px) 100vw, 458px\" \/><\/span><\/p>\n<p><strong><span style=\"color: #000000\">\u0110i\u1ec3m li\u00ean k\u1ebft b\u00ean h\u00f4ng<\/span><\/strong><\/p>\n<p><span style=\"color: #000000\">2 v\u00f2ng ch\u1eef D \u1edf hai b\u00ean v\u00f9ng th\u1eaft l\u01b0ng d\u01b0\u1edbi c\u1ee7a d\u00e2y \u0111ai an to\u00e0n \u0111\u01b0\u1ee3c d\u00f9ng \u0111\u1ec3 c\u1ed1 \u0111\u1ecbnh v\u1ecb tr\u00ed l\u00e0m vi\u1ec7c. \u0110i\u1ec3m n\u00e0y gi\u00fap nh\u00e2n vi\u00ean c\u00f3 th\u1ec3 thu\u1eadn ti\u1ec7n l\u00e0m vi\u1ec7c khi h\u1ecd v\u1eabn k\u1ebft n\u1ed1i v\u1edbi khu v\u1ef1c l\u00e0m vi\u1ec7c. C\u1ea7n l\u01b0u \u00fd r\u1eb1ng c\u00e1c \u0111i\u1ec3m li\u00ean k\u1ebft n\u00e0y kh\u00f4ng \u0111\u01b0\u1ee3c s\u1eed d\u1ee5ng \u0111\u1ec3 ph\u00f2ng ch\u1ed1ng r\u01a1i ng\u00e3 m\u00e0 thay v\u00e0o \u0111\u00f3 c\u00f3 t\u00e1c d\u1ee5ng nh\u01b0 h\u1ec7 th\u1ed1ng d\u00e2y b\u1ea3o v\u1ec7<\/span><\/p>\n<p><span style=\"color: #000000\"><img loading=\"lazy\" decoding=\"async\" class=\"alignnone size-full wp-image-4769\" src=\"https:\/\/achisonsafety.com.vn\/wp-content\/uploads\/2022\/07\/Diem-lien-ket-o-vung-bung.jpg\" alt=\"\" width=\"480\" height=\"217\" title=\"\" srcset=\"https:\/\/achisonsafety.com.vn\/wp-content\/uploads\/2022\/07\/Diem-lien-ket-o-vung-bung.jpg 480w, https:\/\/achisonsafety.com.vn\/wp-content\/uploads\/2022\/07\/Diem-lien-ket-o-vung-bung-66x30.jpg 66w, https:\/\/achisonsafety.com.vn\/wp-content\/uploads\/2022\/07\/Diem-lien-ket-o-vung-bung-133x60.jpg 133w\" sizes=\"(max-width: 480px) 100vw, 480px\" \/><\/span><\/p>\n<p><strong><span style=\"color: #000000\">\u0110i\u1ec3m li\u00ean k\u1ebft \u1edf d\u00e2y \u0111ai n\u1ed1i d\u00e0i<\/span><\/strong><\/p>\n<p><span style=\"color: #000000\">\u0110ai n\u1ed1i d\u00e0i cho ph\u00e9p ng\u01b0\u1eddi s\u1eed d\u1ee5ng d\u1ec5 d\u00e0ng k\u1ebft n\u1ed1i ho\u1eb7c thao t\u00e1c v\u00f2ng ch\u1eef D c\u1ee7a \u0111i\u1ec3m li\u00ean k\u1ebft \u1edf l\u01b0ng m\u00e0 kh\u00f4ng c\u1ea7n b\u1ea5t k\u1ef3 s\u1ef1 tr\u1ee3 gi\u00fap n\u00e0o t\u1eeb b\u00ean ngo\u00e0i. \u0110i\u1ec3m li\u00ean k\u1ebft n\u00e0y ph\u00f9 h\u1ee3p cho c\u00f4ng vi\u1ec7c ti\u00eau chu\u1ea9n t\u1ea1i c\u00f4ng tr\u01b0\u1eddng ho\u1eb7c l\u00e0m vi\u1ec7c tr\u00ean s\u00e0n c\u00f4ng t\u00e1c, n\u01a1i nh\u00e2n vi\u00ean ch\u1ec9 c\u1ea7n \u0111\u01b0\u1ee3c c\u1ed1 \u0111\u1ecbnh m\u00e0 kh\u00f4ng c\u00f3 y\u00eau c\u1ea7u n\u00e0o kh\u00e1c v\u1ec1 leo tr\u00e8o, c\u1ed1 \u0111\u1ecbnh v\u1ecb tr\u00ed l\u00e0m vi\u1ec7c, l\u00e0m vi\u1ec7c tr\u00ean m\u00e1i nh\u00e0<\/span><\/p>\n<p><span style=\"color: #000000\"><img loading=\"lazy\" decoding=\"async\" class=\"alignnone size-full wp-image-4765\" src=\"https:\/\/achisonsafety.com.vn\/wp-content\/uploads\/2022\/07\/Diem-lien-ket-o-day-dai-noi-dai.jpg\" alt=\"\" width=\"483\" height=\"160\" title=\"\" srcset=\"https:\/\/achisonsafety.com.vn\/wp-content\/uploads\/2022\/07\/Diem-lien-ket-o-day-dai-noi-dai.jpg 483w, https:\/\/achisonsafety.com.vn\/wp-content\/uploads\/2022\/07\/Diem-lien-ket-o-day-dai-noi-dai-91x30.jpg 91w, https:\/\/achisonsafety.com.vn\/wp-content\/uploads\/2022\/07\/Diem-lien-ket-o-day-dai-noi-dai-181x60.jpg 181w\" sizes=\"(max-width: 483px) 100vw, 483px\" \/><\/span><\/p>\n<p><strong><span style=\"color: #000000\">\u0110i\u1ec3m li\u00ean k\u1ebft c\u1ee9u h\u1ed9<\/span><\/strong><\/p>\n<p><span style=\"color: #000000\">N\u1eb1m tr\u00ean ph\u1ea7n vai c\u1ee7a d\u00e2y \u0111ai an to\u00e0n \u1edf d\u1ea1ng v\u00f2ng d\u00e2y ho\u1eb7c v\u00f2ng ch\u1eef D b\u1eb1ng th\u00e9p. Gi\u00fap d\u1ec5 d\u00e0ng g\u1eafn v\u1edbi thanh gi\u1eb1ng. \u0110\u01b0\u1ee3c s\u1eed d\u1ee5ng \u0111\u1ec3 v\u00e0o\/ ra kh\u00f4ng gian h\u1ea1n ch\u1ebf, c\u1ee9u h\u1ed9 v\u00e0 thu d\u00e2y<\/span><\/p>\n<p><span style=\"color: #000000\"><img loading=\"lazy\" decoding=\"async\" class=\"alignnone size-full wp-image-4763\" src=\"https:\/\/achisonsafety.com.vn\/wp-content\/uploads\/2022\/07\/Diem-lien-ket-cuu-ho.jpg\" alt=\"\" width=\"481\" height=\"159\" title=\"\" srcset=\"https:\/\/achisonsafety.com.vn\/wp-content\/uploads\/2022\/07\/Diem-lien-ket-cuu-ho.jpg 481w, https:\/\/achisonsafety.com.vn\/wp-content\/uploads\/2022\/07\/Diem-lien-ket-cuu-ho-91x30.jpg 91w, https:\/\/achisonsafety.com.vn\/wp-content\/uploads\/2022\/07\/Diem-lien-ket-cuu-ho-182x60.jpg 182w\" sizes=\"(max-width: 481px) 100vw, 481px\" \/><\/span><\/p>\n<p><strong><span style=\"color: #000000\">\u0110i\u1ec3m li\u00ean k\u1ebft &#8221;A&#8221;<\/span><\/strong><\/p>\n<p><span style=\"color: #000000\">C\u00e1c nh\u00e3n \u0111\u01b0\u1ee3c \u0111\u00e1nh d\u1ea5u l\u00e0 &#8221;A&#8221; bi\u1ec3u th\u1ecb c\u00e1c \u0111i\u1ec3m li\u00ean k\u1ebft tr\u00ean d\u00e2y \u0111ai an to\u00e0n. T\u1ea1i m\u1ed9t s\u1ed1 khu v\u1ef1c nh\u1ea5t \u0111\u1ecbnh, c\u00e1c nh\u00e3n \u0111\u01b0\u1ee3c \u0111\u00e1nh d\u1ea5u &#8221;A\/2&#8221;, t\u1ee9c l\u00e0 hai \u0111i\u1ec3m gi\u1ed1ng nhau \u0111\u1eb7t c\u00f9ng nhau s\u1ebd t\u1ea1o th\u00e0nh m\u1ed9t \u0111i\u1ec3m li\u00ean k\u1ebft duy nh\u1ea5t<\/span><\/p>\n","protected":false},"excerpt":{"rendered":"<ul>\n<li><span style=\"font-weight: 400\">\u0110i\u1ec3m li\u00ean k\u1ebft tr\u00ean v\u00f2ng ch\u1eef D ph\u00eda sau v\u00e0 v\u00f2ng ch\u1eef D ch\u1ed1ng r\u01a1i ng\u00e3 ph\u00eda tr\u01b0\u1edbc<\/span><\/li>\n<li><span style=\"font-weight: 400\">D\u00e2y \u0111ai vai, ng\u1ef1c v\u00e0 ch\u00e2n \u0111\u1ec1u c\u00f3 th\u1ec3 \u0111i\u1ec1u ch\u1ec9nh\u00a0<\/span><\/li>\n<li><span style=\"font-weight: 400\">\u0110ai l\u01b0ng c\u1ed1 \u0111\u1ecbnh v\u1ecb tr\u00ed l\u00e0m vi\u1ec7c c\u00f3 \u0111\u1ec7m v\u1edbi v\u00f2ng ch\u1eef D b\u00ean H\u00f4ng<\/span><\/li>\n<\/ul>\n","protected":false},"featured_media":9170,"comment_status":"open","ping_status":"closed","template":"","meta":[],"product_cat":[134],"product_tag":[],"class_list":{"0":"post-4864","1":"product","2":"type-product","3":"status-publish","4":"has-post-thumbnail","6":"product_cat-day-dai-an-toan-toan-than","7":"yith_product_brand-kstrong","9":"first","10":"instock","11":"shipping-taxable","12":"product-type-simple"},"acf":[],"_links":{"self":[{"href":"https:\/\/achisonsafety.com.vn\/en\/wp-json\/wp\/v2\/product\/4864"}],"collection":[{"href":"https:\/\/achisonsafety.com.vn\/en\/wp-json\/wp\/v2\/product"}],"about":[{"href":"https:\/\/achisonsafety.com.vn\/en\/wp-json\/wp\/v2\/types\/product"}],"replies":[{"embeddable":true,"href":"https:\/\/achisonsafety.com.vn\/en\/wp-json\/wp\/v2\/comments?post=4864"}],"wp:featuredmedia":[{"embeddable":true,"href":"https:\/\/achisonsafety.com.vn\/en\/wp-json\/wp\/v2\/media\/9170"}],"wp:attachment":[{"href":"https:\/\/achisonsafety.com.vn\/en\/wp-json\/wp\/v2\/media?parent=4864"}],"wp:term":[{"taxonomy":"product_cat","embeddable":true,"href":"https:\/\/achisonsafety.com.vn\/en\/wp-json\/wp\/v2\/product_cat?post=4864"},{"taxonomy":"product_tag","embeddable":true,"href":"https:\/\/achisonsafety.com.vn\/en\/wp-json\/wp\/v2\/product_tag?post=4864"}],"curies":[{"name":"wp","href":"https:\/\/api.w.org\/{rel}","templated":true}]}}