{"id":5009,"date":"2022-07-26T21:57:44","date_gmt":"2022-07-26T14:57:44","guid":{"rendered":"https:\/\/beta.achisonsafety.com.vn\/?post_type=product&#038;p=5009"},"modified":"2025-09-17T16:46:07","modified_gmt":"2025-09-17T09:46:07","slug":"may-phat-hien-don-khi-drager-pac-3500","status":"publish","type":"product","link":"https:\/\/achisonsafety.com.vn\/en\/san-pham\/may-phat-hien-don-khi-drager-pac-3500\/","title":{"rendered":"M\u00e1y Ph\u00e1t Hi\u1ec7n \u0110\u01a1n Kh\u00ed DRAGER PAC 3500"},"content":{"rendered":"<h3><span style=\"font-size: 75%\"><b>Ch\u1ea5t l\u01b0\u1ee3ng kh\u00f4ng kh\u00ed t\u1ea1i m\u00f4i tr\u01b0\u1eddng l\u00e0m vi\u1ec7c (Nh\u00e0 m\u00e1y, c\u00f4ng x\u01b0\u1edfng, ph\u00f2ng th\u00ed nghi\u1ec7m\u2026) l\u00e0 m\u1ed9t trong nh\u1eefng t\u00e1c nh\u00e2n nguy hi\u1ec3m \u1ea3nh h\u01b0\u1edfng tr\u1ef1c ti\u1ebfp \u0111\u1ebfn s\u1ee9c kh\u1ecfe ng\u01b0\u1eddi lao \u0111\u1ed9ng v\u00e0 hi\u1ec7u qu\u1ea3 s\u1ea3n xu\u1ea5t. V\u00ec v\u1eady c\u1ea7n ph\u1ea3i trang b\u1ecb c\u00e1c s\u1ea3n ph\u1ea9m m\u00e1y ph\u00e1t hi\u1ec7n kh\u00ed \u0111\u1ec3 c\u00f3 th\u1ec3 ki\u1ec3m c\u00e1c lo\u1ea1i khi h\u1ea1i n\u01a1i l\u00e0m vi\u1ec7c nh\u1eb1m \u0111\u1ea3m b\u1ea3o an to\u00e0n h\u01a1n cho ng\u01b0\u1eddi lao \u0111\u1ed9ng<\/b><\/span><\/h3>\n<p><span style=\"font-weight: 400\">M\u00e1y ph\u00e1t hi\u1ec7n \u0111\u01a1n kh\u00ed DRAGER PAC 3500 &#8211; Gi\u1ea3i ph\u00e1p t\u1ed1i \u01b0u ki\u1ec3m tra c\u00e1c lo\u1ea1i kh\u00ed nguy hi\u1ec3m. S\u1eed d\u1ee5ng trong kh\u00f4ng gian h\u1ea1n ch\u1ebf v\u00e0 c\u00e1c quy \u0111\u1ecbnh v\u1ec1 an to\u00e0n chung<\/span><\/p>\n<p><b>Th\u01b0\u01a1ng Hi\u1ec7u:<\/b> DRAGER<\/p>\n<p><b>M\u00e3 S\u1ed1 S\u1ea3n Ph\u1ea9m:<\/b> PAC 3500<\/p>\n<p><b>C\u00f4ng D\u1ee5ng:<\/b><span style=\"font-weight: 400\"> M\u00e1y ph\u00e1t hi\u1ec7n (m\u00e1y d\u00f2) \u0111\u01a1n kh\u00ed<\/span><\/p>\n<p><b>M\u00f4 T\u1ea3:<\/b><span style=\"font-weight: 400\">\u00a0<\/span><\/p>\n<p>Th\u1eddi gian s\u1eed d\u1ee5ng kh\u00f4ng gi\u1edbi h\u1ea1n.<\/p>\n<p>L\u01b0u th\u00f4ng tin sau m\u1ed7i l\u1ea7n \u0111o.<\/p>\n<p><span style=\"font-weight: 400\">M\u00e1y ph\u00e1t hi\u1ec7n \u0111\u01a1n kh\u00ed DRAGER PAC 3500 c<\/span>\u00f3 b\u00e1o hi\u1ec7u \u0111\u00e8n, c\u00f2i, rung.<\/p>\n<p>D\u00f2 \u0111\u01b0\u1ee3c 1 trong 3 lo\u1ea1i kh\u00ed: CO, H2S, O2<\/p>\n<p>S\u1eed d\u1ee5ng Pin Alkaline.<\/p>\n<p><b>M\u00e0u S\u1eafc:<\/b><span style=\"font-weight: 400\"> \u0110en<\/span><\/p>\n<p><b>\u1ee8ng d\u1ee5ng:<\/b><\/p>\n<p><span style=\"font-weight: 400\">S\u1eed d\u1ee5ng trong kh\u00f4ng gian h\u1ea1n ch\u1ebf v\u00e0 c\u00e1c quy \u0111\u1ecbnh v\u1ec1 an to\u00e0n chung nh\u01b0: D\u1ea7u kh\u00ed, Ph\u00f2ng ch\u00e1y ch\u1eefa ch\u00e1y v\u00e0 \u1ee9ng c\u1ee9u kh\u1ea9n c\u1ea5p, X\u1eed l\u00fd m\u00f4i tr\u01b0\u1eddng.<\/span><\/p>\n<p><strong>L\u01b0u \u00fd:\u00a0<\/strong><\/p>\n<p>&#8211; Ki\u1ec3m tra m\u00e1y k\u1ef9 tr\u01b0\u1edbc khi s\u1eed d\u1ee5ng<\/p>\n<p>&#8211; Th\u01b0\u1eddng xuy\u00ean ki\u1ec3m tra c\u00e1c lo\u1ea1i kh\u00ed t\u1ea1o khu v\u1ef1c l\u00e0m vi\u1ec7c \u0111\u1ec3 \u0111\u1ea3m b\u1ea3o an to\u00e0n<\/p>\n<p>&#8211; N\u00ean ki\u1ec3m tra, b\u1ea3o d\u01b0\u1ee1ng s\u1ea3n ph\u1ea9m \u0111\u1ecbnh k\u1ef3<\/p>\n<p><span style=\"font-weight: 400\">\u21d2 Tham kh\u1ea3o th\u00eam c\u00e1c d\u00f2ng m\u00e1y \u0111o kh\u00ed kh\u00e1c t\u1ea1i: <\/span><a href=\"https:\/\/achisonsafety.com.vn\/danh-muc-san-pham\/thiet-bi-do\/\"><span style=\"font-weight: 400\">https:\/\/achisonsafety.com.vn\/danh-muc-san-pham\/thiet-bi-do\/<\/span><\/a><span style=\"font-weight: 400\">\u00a0<\/span><\/p>\n","protected":false},"excerpt":{"rendered":"<ul>\n<li>L\u01b0u th\u00f4ng tin sau m\u1ed7i l\u1ea7n \u0111o.<\/li>\n<li>C\u00f3 b\u00e1o hi\u1ec7u \u0111\u00e8n, c\u00f2i, rung.<\/li>\n<li>D\u00f2 \u0111\u01b0\u1ee3c 1 trong 3 lo\u1ea1i kh\u00ed: CO, H2S, O2<\/li>\n<\/ul>\n","protected":false},"featured_media":5010,"comment_status":"open","ping_status":"closed","template":"","meta":[],"product_cat":[22,153,52],"product_tag":[189],"class_list":{"0":"post-5009","1":"product","2":"type-product","3":"status-publish","4":"has-post-thumbnail","6":"product_cat-thiet-bi-do","7":"product_cat-may-do-don-khi","8":"product_cat-may-do-khi","9":"product_tag-nganh-xay-dung-logistic-hoa-chat","10":"yith_product_brand-drager","12":"first","13":"instock","14":"shipping-taxable","15":"product-type-simple"},"acf":[],"_links":{"self":[{"href":"https:\/\/achisonsafety.com.vn\/en\/wp-json\/wp\/v2\/product\/5009"}],"collection":[{"href":"https:\/\/achisonsafety.com.vn\/en\/wp-json\/wp\/v2\/product"}],"about":[{"href":"https:\/\/achisonsafety.com.vn\/en\/wp-json\/wp\/v2\/types\/product"}],"replies":[{"embeddable":true,"href":"https:\/\/achisonsafety.com.vn\/en\/wp-json\/wp\/v2\/comments?post=5009"}],"wp:featuredmedia":[{"embeddable":true,"href":"https:\/\/achisonsafety.com.vn\/en\/wp-json\/wp\/v2\/media\/5010"}],"wp:attachment":[{"href":"https:\/\/achisonsafety.com.vn\/en\/wp-json\/wp\/v2\/media?parent=5009"}],"wp:term":[{"taxonomy":"product_cat","embeddable":true,"href":"https:\/\/achisonsafety.com.vn\/en\/wp-json\/wp\/v2\/product_cat?post=5009"},{"taxonomy":"product_tag","embeddable":true,"href":"https:\/\/achisonsafety.com.vn\/en\/wp-json\/wp\/v2\/product_tag?post=5009"}],"curies":[{"name":"wp","href":"https:\/\/api.w.org\/{rel}","templated":true}]}}