{"id":5012,"date":"2022-07-26T22:17:23","date_gmt":"2022-07-26T15:17:23","guid":{"rendered":"https:\/\/beta.achisonsafety.com.vn\/?post_type=product&#038;p=5012"},"modified":"2025-09-17T16:46:07","modified_gmt":"2025-09-17T09:46:07","slug":"binh-khi-nen-drager-composite-9-lit-300-bar-tuv","status":"publish","type":"product","link":"https:\/\/achisonsafety.com.vn\/en\/san-pham\/binh-khi-nen-drager-composite-9-lit-300-bar-tuv\/","title":{"rendered":"B\u00ecnh Kh\u00ed N\u00e9n Drager Composite 9 L\u00edt 300 Bar TUV"},"content":{"rendered":"<p><b>C\u00e1c s\u1ea3n ph\u1ea9m b\u00ecnh kh\u00ed n\u00e9n \u0111\u1ebfn t\u1eeb Drager \u0111\u01b0\u1ee3c thi\u1ebft k\u1ebf v\u1edbi c\u00f4ng ngh\u1ec7 h\u00e0ng \u0111\u1ea7u v\u00e0 v\u1eadt li\u1ec7u ti\u00ean ti\u1ebfn, s\u1ea3n ph\u1ea9m \u1ee9ng d\u1ee5ng v\u00e0o c\u00e1c ho\u1ea1t \u0111\u1ed9ng c\u1ea7n thi\u1ebft b\u1ecb b\u1ea3o v\u1ec7 h\u00f4 h\u1ea5p.\u00a0<\/b><\/p>\n<p><b>B\u00ecnh Kh\u00ed N\u00e9n Drager Composite 9 L\u00edt 300 Bar TUV<\/b><\/p>\n<p><b>Th\u01b0\u01a1ng hi\u1ec7u: <\/b><span style=\"font-weight: 400\">Drager<\/span><\/p>\n<p><b>Xu\u1ea5t x\u1ee9<\/b> <b>: <\/b><span style=\"font-weight: 400\">\u0110\u1ee9c<\/span><\/p>\n<p><b>Dung t\u00edch: <\/b><span style=\"font-weight: 400\">9 L\u00edt<\/span><\/p>\n<p><b>\u00c1p su\u1ea5t l\u00e0m vi\u1ec7c: <\/b><span style=\"font-weight: 400\">300 Bar<\/span><\/p>\n<p><b>Chi\u1ec1u d\u00e0i: <\/b><span style=\"font-weight: 400\">553 mm<\/span><\/p>\n<p><b>\u0110\u01b0\u1eddng k\u00ednh: <\/b><span style=\"font-weight: 400\">176 mm<\/span><\/p>\n<p><b>Ch\u1ea5t li\u1ec7u: <\/b><span style=\"font-weight: 400\">Composite<\/span><\/p>\n<p><b>M\u00f4 t\u1ea3:\u00a0<\/b><\/p>\n<p><span style=\"font-weight: 400\">B\u00ecnh Kh\u00ed N\u00e9n Drager Composite c\u00f3 dung t\u00edch 9 l\u00edt, \u00e1p su\u1ea5t 300 bar \u0111\u01b0\u1ee3c l\u00e0m t\u1eeb ch\u1ea5t li\u1ec7u Composite n\u00ean c\u00f3 tr\u1ecdng l\u01b0\u1ee3ng nh\u1eb9.\u00a0<\/span><\/p>\n<p><span style=\"font-weight: 400\">B\u1ed9 b\u00ecnh k\u00e8m t\u00fai c\u00f3 ch\u1ea5t li\u1ec7u ch\u1ed1ng ch\u00e1y ch\u1eadm Nomex.\u00a0<\/span><\/p>\n<p><span style=\"font-weight: 400\">B\u00ecnh kh\u00ed n\u00e9n \u0111\u01b0\u1ee3c k\u1ebft h\u1ee3p v\u1edbi b\u1ed9 khung \u0111ai v\u00e0 \u1ed1ng d\u1eabn kh\u00ed Drager, b\u1ed9 SCBA c\u00f3 th\u1ec3 \u1ee9ng d\u1ee5ng \u0111\u01b0\u1ee3c trong nhi\u1ec1u ng\u00e0nh s\u1ea3n xu\u1ea5t c\u00f4ng nghi\u1ec7p ho\u1eb7c l\u00e0m vi\u1ec7c trong kh\u00f4ng gian h\u1ea1n ch\u1ebf, t\u1ed3n t\u1ea1i nhi\u1ec1u ch\u1ea5t \u0111\u1ed9c h\u1ea1<\/span><b>i<\/b><\/p>\n<p><b>\u1ee8ng d\u1ee5ng:\u00a0<\/b><\/p>\n<ul>\n<li style=\"font-weight: 400\"><span style=\"font-weight: 400\">Cung c\u1ea5p kh\u00f4ng kh\u00ed s\u1ea1ch cho th\u1ee3 l\u1eb7n ng\u1eadp n\u01b0\u1edbc<\/span><\/li>\n<li style=\"font-weight: 400\"><span style=\"font-weight: 400\">B\u01a1m b\u00f3ng bay, kh\u00ed n\u00e9n \u0111\u01b0\u1ee3c th\u1ed5i v\u00e0o b\u00f3ng bay gi\u00fap ti\u1ebft ki\u1ec7m n\u0103ng l\u01b0\u1ee3ng, c\u00f4ng s\u1ee9c v\u00e0 th\u1eddi gian.<\/span><\/li>\n<li style=\"font-weight: 400\"><span style=\"font-weight: 400\">S\u1eed d\u1ee5ng trong c\u00e1c b\u1ec7nh vi\u1ec7n, v\u1edbi m\u1ee5c \u0111\u00edch cung c\u1ea5p oxy tr\u1ef1c ti\u1ebfp v\u00e0o c\u01a1 th\u1ec3 con ng\u01b0\u1eddi.<\/span><\/li>\n<li style=\"font-weight: 400\"><span style=\"font-weight: 400\">M\u1ed9t s\u1ed1 \u0111\u01b0\u1ee3c s\u1eed d\u1ee5ng trong c\u00e1c h\u1ec7 th\u1ed1ng l\u00e0m m\u00e1t v\u00e0 s\u01b0\u1edfi \u1ea5m.<\/span><\/li>\n<\/ul>\n<p>==&gt; Tham kh\u1ea3o th\u00eam c\u00e1c gi\u1ea3i ph\u00e1p SCBA: <a href=\"https:\/\/achisonsafety.com.vn\/danh-muc-san-pham\/bao-ho-lao-dong\/binh-khi-tro-tho-scba\/\">https:\/\/achisonsafety.com.vn\/danh-muc-san-pham\/bao-ho-lao-dong\/binh-khi-tro-tho-scba\/\u00a0<\/a><\/p>\n","protected":false},"excerpt":{"rendered":"<ul>\n<li><span style=\"font-weight: 400\">B\u00ecnh kh\u00ed n\u00e9n Drager c\u00f3 dung t\u00edch 9 l\u00edt, \u00e1p su\u1ea5t 300 bar \u0111\u01b0\u1ee3c l\u00e0m t\u1eeb ch\u1ea5t li\u1ec7u Composite n\u00ean c\u00f3 tr\u1ecdng l\u01b0\u1ee3ng nh\u1eb9.\u00a0<\/span><\/li>\n<li><span style=\"font-weight: 400\">B\u1ed9 b\u00ecnh k\u00e8m t\u00fai c\u00f3 ch\u1ea5t li\u1ec7u ch\u1ed1ng ch\u00e1y ch\u1eadm Nomex.\u00a0<\/span><\/li>\n<li><span style=\"font-weight: 400\">B\u00ecnh kh\u00ed n\u00e9n \u0111\u01b0\u1ee3c k\u1ebft h\u1ee3p v\u1edbi b\u1ed9 khung \u0111ai v\u00e0 \u1ed1ng d\u1eabn kh\u00ed Drager, b\u1ed9 SCBA c\u00f3 th\u1ec3 \u1ee9ng d\u1ee5ng \u0111\u01b0\u1ee3c trong nhi\u1ec1u ng\u00e0nh s\u1ea3n xu\u1ea5t c\u00f4ng nghi\u1ec7p ho\u1eb7c l\u00e0m vi\u1ec7c trong kh\u00f4ng gian h\u1ea1n ch\u1ebf, t\u1ed3n t\u1ea1i nhi\u1ec1u ch\u1ea5t \u0111\u1ed9c h\u1ea1<\/span><b>i<\/b><\/li>\n<\/ul>\n","protected":false},"featured_media":5013,"comment_status":"open","ping_status":"closed","template":"","meta":[],"product_cat":[16,141,44],"product_tag":[],"class_list":{"0":"post-5012","1":"product","2":"type-product","3":"status-publish","4":"has-post-thumbnail","6":"product_cat-bao-ho-lao-dong","7":"product_cat-binh-khi-scba","8":"product_cat-binh-khi-tro-tho-scba","9":"yith_product_brand-drager","11":"first","12":"instock","13":"shipping-taxable","14":"product-type-simple"},"acf":[],"_links":{"self":[{"href":"https:\/\/achisonsafety.com.vn\/en\/wp-json\/wp\/v2\/product\/5012"}],"collection":[{"href":"https:\/\/achisonsafety.com.vn\/en\/wp-json\/wp\/v2\/product"}],"about":[{"href":"https:\/\/achisonsafety.com.vn\/en\/wp-json\/wp\/v2\/types\/product"}],"replies":[{"embeddable":true,"href":"https:\/\/achisonsafety.com.vn\/en\/wp-json\/wp\/v2\/comments?post=5012"}],"wp:featuredmedia":[{"embeddable":true,"href":"https:\/\/achisonsafety.com.vn\/en\/wp-json\/wp\/v2\/media\/5013"}],"wp:attachment":[{"href":"https:\/\/achisonsafety.com.vn\/en\/wp-json\/wp\/v2\/media?parent=5012"}],"wp:term":[{"taxonomy":"product_cat","embeddable":true,"href":"https:\/\/achisonsafety.com.vn\/en\/wp-json\/wp\/v2\/product_cat?post=5012"},{"taxonomy":"product_tag","embeddable":true,"href":"https:\/\/achisonsafety.com.vn\/en\/wp-json\/wp\/v2\/product_tag?post=5012"}],"curies":[{"name":"wp","href":"https:\/\/api.w.org\/{rel}","templated":true}]}}