{"id":5092,"date":"2022-07-27T21:10:57","date_gmt":"2022-07-27T14:10:57","guid":{"rendered":"https:\/\/beta.achisonsafety.com.vn\/?post_type=product&#038;p=5092"},"modified":"2025-09-17T16:45:56","modified_gmt":"2025-09-17T09:45:56","slug":"binh-cap-khi-drager-pss-7000-chuyen-dung-cho-linh","status":"publish","type":"product","link":"https:\/\/achisonsafety.com.vn\/en\/san-pham\/binh-cap-khi-drager-pss-7000-chuyen-dung-cho-linh\/","title":{"rendered":"B\u00ecnh c\u1ea5p kh\u00ed Drager PSS 7000 chuy\u00ean d\u1ee5ng cho l\u00ednh"},"content":{"rendered":"<h3><span style=\"font-size: 75%\"><b>C\u00e1c s\u1ea3n ph\u1ea9m b\u00ecnh c\u1ea5p kh\u00ed \u0111\u1ebfn t\u1eeb Drager \u0111\u01b0\u1ee3c thi\u1ebft k\u1ebf v\u1edbi c\u00f4ng ngh\u1ec7 h\u00e0ng \u0111\u1ea7u v\u00e0 v\u1eadt li\u1ec7u ti\u00ean ti\u1ebfn, s\u1ea3n ph\u1ea9m \u1ee9ng d\u1ee5ng v\u00e0o c\u00e1c ho\u1ea1t \u0111\u1ed9ng c\u1ea7n thi\u1ebft b\u1ecb b\u1ea3o v\u1ec7 h\u00f4 h\u1ea5p.\u00a0<\/b><\/span><\/h3>\n<h3><span style=\"font-size: 75%\"><b>B\u00ecnh c\u1ea5p kh\u00ed Drager PSS 7000 \u0111\u01b0\u1ee3c ph\u00e1t tri\u1ec3n b\u1edfi c\u00e1c chuy\u00ean gia cho c\u00e1c ho\u1ea1t \u0111\u1ed9ng chuy\u00ean d\u1ee5ng nh\u01b0 ph\u00f2ng ch\u00e1y ch\u1eefa ch\u00e1y. Gi\u1ea3i ph\u00e1p an to\u00e0n to\u00e0n di\u1ec7n, t\u00f9y ch\u1ec9nh \u0111\u1ed9 cao khung \u0111ai ph\u00f9 h\u1ee3p m\u1ecdi v\u00f3c d\u00e1ng. Ch\u1ea5t li\u1ec7u d\u00e2y \u0111eo ch\u1ed1ng m\u00e0i m\u00f2n, ch\u1ecbu nhi\u1ec7t t\u1ed1t. T\u00edch h\u1ee3p b\u1ea3ng gi\u00e1m s\u00e1t \u0111i\u1ec7n t\u1eed gi\u00fap quan s\u00e1t s\u1ef1 thay \u0111\u1ed5i \u00e1p su\u1ea5t. Ti\u1ebft ki\u1ec7m chi ph\u00ed, kh\u00f4ng m\u1ea5t nhi\u1ec1u th\u1eddi gian b\u1ea3o tr\u00ec.<\/b><\/span><\/h3>\n<p><b>Th\u01b0\u01a1ng hi\u1ec7u: <\/b><span style=\"font-weight: 400\">Drager<\/span><\/p>\n<p><b>Xu\u1ea5t x\u1ee9<\/b> <b>: <\/b><span style=\"font-weight: 400\">\u0110\u1ee9c<\/span><\/p>\n<p><b>Ti\u00eau chu\u1ea9n:<\/b><\/p>\n<p><span style=\"font-weight: 400\">EN 137:2006, Type 2, vfdb 0802 (BA)<\/span><\/p>\n<p><span style=\"font-weight: 400\">EN 61000-6-2<\/span><\/p>\n<p><span style=\"font-weight: 400\">EN 61000-6-3<\/span><\/p>\n<p><b>Ch\u1ea5t li\u1ec7u: <\/b><span style=\"font-weight: 400\">Composite<\/span><\/p>\n<p><b>T\u00ednh n\u0103ng n\u1ed5i b\u1eadt<\/b><\/p>\n<p>Gi\u1ea3i ph\u00e1p h\u1ec7 th\u1ed1ng an to\u00e0n c\u00e1 nh\u00e2n to\u00e0n di\u1ec7n v\u00e0 hi\u1ec7n \u0111\u1ea1i nh\u01b0 \u0111i\u1ec1u khi\u1ec3n t\u1eeb xa nh\u1edd h\u1ec7 th\u1ed1ng PSS Merlin, kh\u00f3a \u0111ai h\u00f4ng xoay tr\u01b0\u1ee3t, \u0111i\u1ec1u ch\u1ec9nh \u0111\u1ed9 cao 3 \u0111i\u1ec3m&#8230;<\/p>\n<p>H\u1ec7 th\u1ed1ng d\u1ec5 d\u00e0ng \u0111i\u1ec1u ch\u1ec9nh \u0111\u1ed9 cao, ph\u00f9 h\u1ee3p \u0111a v\u00f3c d\u00e1ng nh\u01b0ng v\u1eabn c\u1ed1 \u0111\u1ecbnh ch\u1eafc ch\u1eafn t\u1ea1i v\u1ecb tr\u00ed ph\u00f9 h\u1ee3p v\u1edbi m\u1ecdi c\u00f4ng vi\u1ec7c<\/p>\n<p>Draeger PSS 7000 s\u1eed d\u1ee5ng c\u00e1c ch\u1ea5t li\u1ec7u m\u1edbi hi\u00ea\u0323n \u0111\u1ea1i \u0111\u01b0\u1ee3c thi\u1ebft k\u1ebf \u0111\u1eb7c bi\u1ec7t \u0111\u1ec3 ch\u1ed1ng m\u00e0i m\u00f2n c\u01b0\u1eddng \u0111\u1ed9 cao m\u00e0 c\u00e1c nh\u00e2n vi\u00ean c\u1ee9u h\u1ecfa th\u01b0\u1eddng g\u1eb7p trong h\u1ea7u h\u1ebft c\u00f4ng vi\u1ec7c h\u00e0ng ng\u00e0y. \u0110\u01b0\u1ee3c t\u00edch h\u1ee3p c\u00e1c kh\u00f3a th\u00e9p kh\u00f4ng g\u1ec9 ch\u1eafc ch\u1eafn v\u00e0 \u0111ai l\u00e0m b\u1eb1ng s\u1ee3i Aramit c\u00f3 tu\u1ed5i th\u1ecd cao, thi\u1ebft b\u1ecb ch\u1ed1ng m\u00e0i m\u00f2n hi\u1ec7u qu\u1ea3 v\u00e0 r\u1ea5t ph\u00f9 h\u1ee3p v\u1edbi vi\u1ec7c s\u1eed d\u1ee5ng th\u01b0\u1eddng xuy\u00ean<\/p>\n<p>C\u00f3 th\u1ec3 t\u00edch h\u1ee3p nhi\u1ec1u ph\u1ee5 ki\u1ec7n kh\u00e1c \u0111\u1ec3 t\u0103ng an to\u00e0n v\u00e0 hi\u1ec7u qu\u1ea3 cho c\u00f4ng vi\u1ec7c: Thi\u1ebft b\u1ecb gi\u00e1m s\u00e1t \u0111i\u1ec7n t\u1eed Dr\u00e4ger Bodyguard 7000, C\u1ea5u h\u00ecnh b\u00ecnh kh\u00ed k\u00e9p, B\u1ed9 n\u1ed1i b\u00ecnh kh\u00ed Quick-Connect (QC), B\u1ed9 n\u1ea1p li\u1ec7u nhanh Chargair, C\u00e1c b\u1ed9 n\u1ed1i n\u1ea1p li\u1ec7u s\u01a1 c\u1ea5p \u0111\u1ec3 c\u1ee9u h\u1ed9, v\u1ec7 sinh v\u00e0\/ho\u1eb7c \u1ee9ng d\u1ee5ng trong h\u00e0ng kh\u00f4ng, M\u00f4\u0111em PSS Merlin cho c\u00e1c \u1ee9ng d\u1ee5ng vi\u1ec5n tr\u1eafc, M\u0169 ch\u1ee5p c\u1ee9u h\u1ed9 PSS&#8230;<\/p>\n<p><b>\u1ee8ng d\u1ee5ng: <\/b><span style=\"font-weight: 400\">S\u1ea3n ph\u1ea9m chuy\u00ean d\u00f9ng cho h\u1ec7 th\u1ed1ng c\u1ee9u h\u1ecfa, ph\u00f2ng ch\u00e1y ch\u1eefa ch\u00e1y<\/span><\/p>\n<p>==&gt; Tham kh\u1ea3o th\u00eam c\u00e1c gi\u1ea3i ph\u00e1p SCBA: <a href=\"https:\/\/achisonsafety.com.vn\/danh-muc-san-pham\/bao-ho-lao-dong\/binh-khi-tro-tho-scba\/\">https:\/\/achisonsafety.com.vn\/danh-muc-san-pham\/bao-ho-lao-dong\/binh-khi-tro-tho-scba\/\u00a0<\/a><\/p>\n","protected":false},"excerpt":{"rendered":"<ul>\n<li>Gi\u1ea3i ph\u00e1p h\u1ec7 th\u1ed1ng an to\u00e0n c\u00e1 nh\u00e2n to\u00e0n di\u1ec7n v\u00e0 hi\u1ec7n \u0111\u1ea1i nh\u01b0 \u0111i\u1ec1u khi\u1ec3n t\u1eeb xa nh\u1edd h\u1ec7 th\u1ed1ng PSS Merlin, kh\u00f3a \u0111ai h\u00f4ng xoay tr\u01b0\u1ee3t, \u0111i\u1ec1u ch\u1ec9nh \u0111\u1ed9 cao 3 \u0111i\u1ec3m&#8230;<\/li>\n<li>H\u1ec7 th\u1ed1ng d\u1ec5 d\u00e0ng \u0111i\u1ec1u ch\u1ec9nh \u0111\u1ed9 cao, ph\u00f9 h\u1ee3p \u0111a v\u00f3c d\u00e1ng nh\u01b0ng v\u1eabn c\u1ed1 \u0111\u1ecbnh ch\u1eafc ch\u1eafn t\u1ea1i v\u1ecb tr\u00ed ph\u00f9 h\u1ee3p v\u1edbi m\u1ecdi c\u00f4ng vi\u1ec7c<\/li>\n<li>Draeger PSS 7000 s\u1eed d\u1ee5ng c\u00e1c ch\u1ea5t li\u1ec7u m\u1edbi hi\u00ea\u0323n \u0111\u1ea1i \u0111\u01b0\u1ee3c thi\u1ebft k\u1ebf \u0111\u1eb7c bi\u1ec7t \u0111\u1ec3 ch\u1ed1ng m\u00e0i m\u00f2n c\u01b0\u1eddng \u0111\u1ed9 cao m\u00e0 c\u00e1c nh\u00e2n vi\u00ean c\u1ee9u h\u1ecfa th\u01b0\u1eddng g\u1eb7p trong h\u1ea7u h\u1ebft c\u00f4ng vi\u1ec7c h\u00e0ng ng\u00e0y. \u0110\u01b0\u1ee3c t\u00edch h\u1ee3p c\u00e1c kh\u00f3a th\u00e9p kh\u00f4ng g\u1ec9 ch\u1eafc ch\u1eafn v\u00e0 \u0111ai l\u00e0m b\u1eb1ng s\u1ee3i Aramit c\u00f3 tu\u1ed5i th\u1ecd cao, thi\u1ebft b\u1ecb ch\u1ed1ng m\u00e0i m\u00f2n hi\u1ec7u qu\u1ea3 v\u00e0 r\u1ea5t ph\u00f9 h\u1ee3p v\u1edbi vi\u1ec7c s\u1eed d\u1ee5ng th\u01b0\u1eddng xuy\u00ean<\/li>\n<\/ul>\n","protected":false},"featured_media":5093,"comment_status":"open","ping_status":"closed","template":"","meta":[],"product_cat":[141],"product_tag":[188],"class_list":{"0":"post-5092","1":"product","2":"type-product","3":"status-publish","4":"has-post-thumbnail","6":"product_cat-binh-khi-scba","7":"product_tag-nganh-dau-khi-khai-khoang-dong-tau-cang-bien-hang-khong","8":"yith_product_brand-drager","10":"first","11":"instock","12":"shipping-taxable","13":"product-type-simple"},"acf":[],"_links":{"self":[{"href":"https:\/\/achisonsafety.com.vn\/en\/wp-json\/wp\/v2\/product\/5092"}],"collection":[{"href":"https:\/\/achisonsafety.com.vn\/en\/wp-json\/wp\/v2\/product"}],"about":[{"href":"https:\/\/achisonsafety.com.vn\/en\/wp-json\/wp\/v2\/types\/product"}],"replies":[{"embeddable":true,"href":"https:\/\/achisonsafety.com.vn\/en\/wp-json\/wp\/v2\/comments?post=5092"}],"wp:featuredmedia":[{"embeddable":true,"href":"https:\/\/achisonsafety.com.vn\/en\/wp-json\/wp\/v2\/media\/5093"}],"wp:attachment":[{"href":"https:\/\/achisonsafety.com.vn\/en\/wp-json\/wp\/v2\/media?parent=5092"}],"wp:term":[{"taxonomy":"product_cat","embeddable":true,"href":"https:\/\/achisonsafety.com.vn\/en\/wp-json\/wp\/v2\/product_cat?post=5092"},{"taxonomy":"product_tag","embeddable":true,"href":"https:\/\/achisonsafety.com.vn\/en\/wp-json\/wp\/v2\/product_tag?post=5092"}],"curies":[{"name":"wp","href":"https:\/\/api.w.org\/{rel}","templated":true}]}}