{"id":5095,"date":"2022-07-27T21:26:44","date_gmt":"2022-07-27T14:26:44","guid":{"rendered":"https:\/\/beta.achisonsafety.com.vn\/?post_type=product&#038;p=5095"},"modified":"2025-09-17T16:45:56","modified_gmt":"2025-09-17T09:45:56","slug":"may-loc-khi-papr-honeywell","status":"publish","type":"product","link":"https:\/\/achisonsafety.com.vn\/en\/san-pham\/may-loc-khi-papr-honeywell\/","title":{"rendered":"M\u00e1y l\u1ecdc kh\u00ed PAPR Honeywell"},"content":{"rendered":"<h3><span style=\"font-size: 75%\"><b>T\u00ecnh tr\u1ea1ng \u00f4 nhi\u1ec5m kh\u00f4ng kh\u00ed ng\u00e0y c\u00e0ng tr\u1edf n\u00ean tr\u1ea7m tr\u1ecdng h\u01a1n g\u00e2y ra nhi\u1ec1u v\u1ea5n \u0111\u1ec1 v\u1ec1 s\u1ee9c kh\u1ecfe \u0111\u1eb7c bi\u1ec7t l\u00e0 c\u00e1c b\u1ec7nh li\u00ean quan \u0111\u1ebfn \u0111\u01b0\u1eddng h\u00f4 h\u1ea5p. \u0110\u1ec3 gi\u1ea3m thi\u1ec3u t\u00e1c \u0111\u1ed9ng c\u1ee7a \u00f4 nhi\u1ec5m kh\u00f4ng kh\u00ed \u0111\u1ebfn \u0111\u01b0\u1eddng h\u00f4 h\u1ea5p v\u00e0 c\u00e1c chi ph\u00ed kh\u00e1c cho vi\u1ec7c kh\u00e1m ch\u1eefa b\u1ec7nh th\u00ec m\u1ed9t chi\u1ebfc m\u00e1y l\u1ecdc kh\u00ed s\u1ebd l\u00e0 m\u1ed9t l\u1ef1a ch\u1ecdn tuy\u1ec7t v\u1eddi d\u00e0nh cho b\u1ea1n.<\/b><\/span><\/h3>\n<h3><span style=\"font-size: 75%\"><b>M\u00e1y l\u1ecdc kh\u00ed PAPR Honeywell \u0111\u01b0\u1ee3c l\u00e0 b\u01b0\u1edbc ti\u1ebfn trong vi\u1ec7c l\u1ecdc s\u1ea1ch kh\u00f4ng kh\u00ed nh\u01b0ng v\u1eabn mang \u00fd ngh\u0129a kinh t\u1ebf, hi\u1ec7u su\u1ea5t cao m\u00e0 kh\u00f4ng \u1ea3nh h\u01b0\u1edfng \u0111\u1ebfn s\u1ef1 tho\u1ea3i m\u00e1i v\u00e0 b\u1ea3o v\u1ec7 ng\u01b0\u1eddi d\u00f9ng<\/b><\/span><\/h3>\n<p><b>Th\u00f4ng tin chi ti\u1ebft:<\/b><\/p>\n<p><b>Th\u01b0\u01a1ng hi\u1ec7u: <\/b>Honeywell &#8211; North<\/p>\n<p><b>M\u00e3 s\u1ea3n ph\u1ea9m:<\/b> PAPR North<\/p>\n<p><b>T\u00ednh n\u0103ng:<\/b> Gi\u00fap ng\u01b0\u1eddi s\u1eed d\u1ee5ng l\u1ecdc kh\u00f4ng kh\u00ed trong m\u00f4i tr\u01b0\u1eddng l\u00e0m vi\u1ec7c c\u00f3 nhi\u1ec1u b\u1ee5i b\u1ea9n.<\/p>\n<p><b>M\u00f4 t\u1ea3:<\/b><\/p>\n<p>M\u00e1y l\u1ecdc kh\u00ed c\u00f3 kh\u1ed1i l\u01b0\u1ee3ng nh\u1eb9 kh\u00f4ng l\u00e0m \u1ea3nh h\u01b0\u1edfng \u0111\u1ebfn hi\u1ec7u su\u1ea5t l\u00e0m vi\u1ec7c c\u1ee7a c\u00f4ng nh\u00e2n.<\/p>\n<p>Pin c\u00f3 kh\u1ea3 n\u0103ng ch\u1ed1ng n\u01b0\u1edbc k\u00e8m m\u1eb7t n\u1ea1 nguy\u00ean m\u1eb7t silicone c\u00f3 \u0111\u1ed9 b\u1ec1n cao v\u00e0 v\u00f4 c\u00f9ng tho\u1ea3i m\u00e1i<\/p>\n<p>1 set bao g\u1ed3m: m\u1eb7t n\u1ea1, qu\u1ea1t gi\u00f3, b\u1ed9 s\u1ea1c pin, d\u00e2y ngu\u1ed3n, b\u1ed9 l\u1ecdc HE, \u0111ai v\u00e0 b\u1ed9 ki\u1ec3m tra l\u01b0u l\u01b0\u1ee3ng kh\u00f4ng kh\u00ed<\/p>\n<p><b>Ti\u00eau chu\u1ea9n: <\/b>\u0110\u01b0\u1ee3c ki\u1ec3m \u0111\u1ecbnh v\u00e0 li\u1ec7t k\u00ea b\u1edfi SGS US Testing Company, Inc. \u0111\u00e1p \u1ee9ng ti\u00eau chu\u1ea9n ANSI \/ UL 913 v\u1ec1 thi\u1ebft b\u1ecb an to\u00e0n \u0111\u1ec3 s\u1eed d\u1ee5ng t\u1ea1i c\u00e1c v\u1ecb tr\u00ed nguy hi\u1ec3m lo\u1ea1i 1, ph\u00e2n khu 1, nh\u00f3m A, B, C v\u00e0 D. NIOSH 42 CFR 84<\/p>\n<p><b>\u0110\u1ed9 d\u00e0i pin: <\/b>8 ti\u1ebfng<\/p>\n<p><b>Th\u1eddi gian s\u1ea1c: <\/b>14 \u0111\u1ebfn 16 ti\u1ebfng<\/p>\n<p><b>Th\u1eddi h\u1ea1n m\u00e1y th\u1ed5i kh\u00ed:<\/b> 1000 gi\u1edd<\/p>\n<p><b>\u1ee8ng d\u1ee5ng:<\/b> N\u00f4ng nghi\u1ec7p, X\u00e2y d\u1ef1ng, S\u1ea3n xu\u1ea5t, D\u01b0\u1ee3c ph\u1ea9m, H\u1ea1t nh\u00e2n&#8230;<\/p>\n","protected":false},"excerpt":{"rendered":"<ul>\n<li>M\u00e1y l\u1ecdc kh\u00ed c\u00f3 kh\u1ed1i l\u01b0\u1ee3ng nh\u1eb9 kh\u00f4ng l\u00e0m \u1ea3nh h\u01b0\u1edfng \u0111\u1ebfn hi\u1ec7u su\u1ea5t l\u00e0m vi\u1ec7c c\u1ee7a c\u00f4ng nh\u00e2n.<\/li>\n<li>Pin c\u00f3 kh\u1ea3 n\u0103ng ch\u1ed1ng n\u01b0\u1edbc k\u00e8m m\u1eb7t n\u1ea1 nguy\u00ean m\u1eb7t silicone c\u00f3 \u0111\u1ed9 b\u1ec1n cao v\u00e0 v\u00f4 c\u00f9ng tho\u1ea3i m\u00e1i<\/li>\n<li>1 set bao g\u1ed3m: m\u1eb7t n\u1ea1, qu\u1ea1t gi\u00f3, b\u1ed9 s\u1ea1c pin, d\u00e2y ngu\u1ed3n, b\u1ed9 l\u1ecdc HE, \u0111ai v\u00e0 b\u1ed9 ki\u1ec3m tra l\u01b0u l\u01b0\u1ee3ng kh\u00f4ng kh\u00ed<\/li>\n<\/ul>\n","protected":false},"featured_media":5100,"comment_status":"open","ping_status":"closed","template":"","meta":[],"product_cat":[506],"product_tag":[189],"class_list":{"0":"post-5095","1":"product","2":"type-product","3":"status-publish","4":"has-post-thumbnail","6":"product_cat-papr","7":"product_tag-nganh-xay-dung-logistic-hoa-chat","8":"yith_product_brand-honeywell","10":"first","11":"instock","12":"shipping-taxable","13":"product-type-simple"},"acf":[],"_links":{"self":[{"href":"https:\/\/achisonsafety.com.vn\/en\/wp-json\/wp\/v2\/product\/5095"}],"collection":[{"href":"https:\/\/achisonsafety.com.vn\/en\/wp-json\/wp\/v2\/product"}],"about":[{"href":"https:\/\/achisonsafety.com.vn\/en\/wp-json\/wp\/v2\/types\/product"}],"replies":[{"embeddable":true,"href":"https:\/\/achisonsafety.com.vn\/en\/wp-json\/wp\/v2\/comments?post=5095"}],"wp:featuredmedia":[{"embeddable":true,"href":"https:\/\/achisonsafety.com.vn\/en\/wp-json\/wp\/v2\/media\/5100"}],"wp:attachment":[{"href":"https:\/\/achisonsafety.com.vn\/en\/wp-json\/wp\/v2\/media?parent=5095"}],"wp:term":[{"taxonomy":"product_cat","embeddable":true,"href":"https:\/\/achisonsafety.com.vn\/en\/wp-json\/wp\/v2\/product_cat?post=5095"},{"taxonomy":"product_tag","embeddable":true,"href":"https:\/\/achisonsafety.com.vn\/en\/wp-json\/wp\/v2\/product_tag?post=5095"}],"curies":[{"name":"wp","href":"https:\/\/api.w.org\/{rel}","templated":true}]}}