{"id":5163,"date":"2022-07-29T13:29:01","date_gmt":"2022-07-29T06:29:01","guid":{"rendered":"https:\/\/beta.achisonsafety.com.vn\/?post_type=product&#038;p=5163"},"modified":"2025-09-17T16:45:51","modified_gmt":"2025-09-17T09:45:51","slug":"day-treo-giam-chan-essential-kstrong-afl406601","status":"publish","type":"product","link":"https:\/\/achisonsafety.com.vn\/en\/san-pham\/day-treo-giam-chan-essential-kstrong-afl406601\/","title":{"rendered":"D\u00e2y treo gi\u1ea3m ch\u1ea5n Essential KStrong AFL406601"},"content":{"rendered":"<h3><span style=\"font-weight: 400;font-size: 75%\">D\u00e2y treo gi\u1ea3m ch\u1ea5n l\u00e0 chi ti\u1ebft k\u1ebft n\u1ed1i gi\u1eefa \u0110ai an to\u00e0n v\u00e0 \u0110i\u1ec3m neo trong h\u1ec7 th\u1ed1ng ch\u1ed1ng r\u01a1i ng\u00e3. C\u00f3 th\u1ec3 s\u1eed d\u1ee5ng d\u00e2y treo gi\u1ea3m ch\u1ea5n \u0111\u1ec3 Ch\u1ed1ng r\u01a1i ng\u00e3 ho\u1eb7c B\u1ea3o <\/span><span style=\"font-size: 75%\"><span style=\"font-weight: 400\">v\u1ec7 t\u00f9y thu\u1ed9c v\u00e0o m\u1ee5c \u0111\u00edch s\u1eed d\u1ee5ng v\u00e0 c\u00e1c s\u1ea3n ph\u1ea9m \u0111\u01b0\u1ee3c ch\u1ecdn cho nhi\u1ec7m v\u1ee5<\/span><b>.<\/b><\/span><\/h3>\n<h3><span style=\"font-weight: 400;font-size: 75%\">D\u00f2ng s\u1ea3n ph\u1ea9m D\u00e2y treo gi\u1ea3m ch\u1ea5n KStrong Essential c\u00f3 gi\u00e1 th\u00e0nh kh\u00f4ng cao nh\u01b0ng v\u1eabn \u0111\u00e1p \u1ee9ng <\/span><span style=\"font-weight: 400;font-size: 75%\">nhu c\u1ea7u c\u1ee7a kh\u00e1ch h\u00e0ng. \u0110\u00e2y l\u00e0 m\u1ed9t trong nh\u1eefng chi ti\u1ebft k\u1ebft n\u1ed1i \u0110a n\u0103ng, Nh\u1eb9 nh\u1ea5t hi\u1ec7n c\u00f3 tr\u00ean th\u1ecb tr\u01b0\u1eddng.<\/span><\/h3>\n<h3><span style=\"font-weight: 400;font-size: 75%\">Y\u00eau c\u1ea7u v\u1ec1 kho\u1ea3ng c\u00e1ch r\u01a1i ng\u00e3 t\u1ed1i thi\u1ec3u khi s\u1eed d\u1ee5ng d\u00e2y treo h\u1ea5p th\u1ee5 n\u0103ng l\u01b0\u1ee3ng<\/span><\/h3>\n<p><span style=\"font-weight: 400\"><img loading=\"lazy\" decoding=\"async\" class=\"alignnone size-medium wp-image-4822\" src=\"https:\/\/achisonsafety.com.vn\/wp-content\/uploads\/2022\/07\/Day-dai-an-toan-1-400x400.png\" alt=\"\" width=\"400\" height=\"400\" title=\"\" srcset=\"https:\/\/achisonsafety.com.vn\/wp-content\/uploads\/2022\/07\/Day-dai-an-toan-1-400x400.png 400w, https:\/\/achisonsafety.com.vn\/wp-content\/uploads\/2022\/07\/Day-dai-an-toan-1-280x280.png 280w, https:\/\/achisonsafety.com.vn\/wp-content\/uploads\/2022\/07\/Day-dai-an-toan-1-30x30.png 30w, https:\/\/achisonsafety.com.vn\/wp-content\/uploads\/2022\/07\/Day-dai-an-toan-1-60x60.png 60w, https:\/\/achisonsafety.com.vn\/wp-content\/uploads\/2022\/07\/Day-dai-an-toan-1-247x247.png 247w, https:\/\/achisonsafety.com.vn\/wp-content\/uploads\/2022\/07\/Day-dai-an-toan-1-100x100.png 100w, https:\/\/achisonsafety.com.vn\/wp-content\/uploads\/2022\/07\/Day-dai-an-toan-1.png 500w\" sizes=\"(max-width: 400px) 100vw, 400px\" \/><\/span><\/p>\n<h3><span style=\"font-weight: 400;font-size: 75%\">D\u00e2y treo gi\u1ea3m ch\u1ea5n Essential KStrong AFL406601- D\u00e2y \u0111ai d\u1ec7t 12 mm<\/span><\/h3>\n<p><span style=\"font-weight: 400\"><strong>Th\u01b0\u01a1ng hi\u1ec7u:<\/strong> KStrong<\/span><\/p>\n<p><span style=\"font-weight: 400\"><strong>M\u00e3 s\u1ea3n ph\u1ea9m: <\/strong><\/span><span style=\"font-size: 90%;color: #333333\">AFL406601<\/span><\/p>\n<p><span style=\"font-weight: 400\"><strong>Ch\u1ea5t li\u1ec7u:<\/strong> D\u00e2y th\u1eebng b\u1ec7n<\/span><\/p>\n<p><span style=\"font-weight: 400\"><strong>\u0110\u1ea7u n\u1ed1i \u0111i\u1ec3m neo:<\/strong> M\u00f3c gi\u00e0n gi\u00e1o b\u1eb1ng th\u00e9p<\/span><\/p>\n<p><span style=\"font-weight: 400\"><strong>\u0110\u1ea7u li\u00ean k\u1ebft:<\/strong> M\u00f3c Karabiner b\u1eb1ng th\u00e9p c\u00f3 ren v\u1eb7n ch\u1ed1t kh\u00f3a<\/span><\/p>\n<p><span style=\"font-weight: 400\"><strong>Chi\u1ec1u r\u1ed9ng d\u00e2y \u0111ai d\u1ec7t:<\/strong> 12.0 mm<\/span><\/p>\n<p><span style=\"font-weight: 400\"><strong>Chi\u1ec1u d\u00e0i: <\/strong>1.8 m<\/span><\/p>\n<p><span style=\"font-weight: 400\"><strong>Ti\u00eau chu\u1ea9n:<\/strong> EN354:2010 &amp; VG11 Rfu<\/span><\/p>\n<p><span style=\"font-weight: 400\"><strong>Tr\u1ecdng l\u01b0\u1ee3ng: <\/strong>1.75\u00a0Kg<\/span><\/p>\n<p><b>\u1ee8ng d\u1ee5ng d\u00e2y treo gi\u1ea3m ch\u1ea5n Essential KStrong:\u00a0<\/b><\/p>\n<p><span style=\"font-weight: 400\">&#8211;<\/span> <span style=\"font-weight: 400\">C\u00f4ng tr\u00ecnh x\u00e2y d\u1ef1ng<\/span><\/p>\n<p><span style=\"font-weight: 400\">&#8211; Nh\u00e0 m\u00e1y x\u00ed nghi\u1ec7p<\/span><\/p>\n<p><span style=\"font-weight: 400\">&#8211; C\u1ed1i xay gi\u00f3<\/span><\/p>\n<p><span style=\"font-weight: 400\">&#8211; \u0110i\u1ec7n l\u1ef1c<\/span><\/p>\n<p><span style=\"font-weight: 400\">&#8211; Nh\u1eefng v\u1ecb tr\u00ed l\u00e0m vi\u1ec7c tr\u00ean cao kh\u00e1c<\/span><\/p>\n<p><b>L\u01b0u \u00fd:<\/b><\/p>\n<p><span style=\"font-weight: 400\">&#8211; Tr\u01b0\u1edbc khi s\u1eed d\u1ee5ng d\u00e2y treo. b\u1eaft bu\u1ed9c ph\u1ea3i ki\u1ec3m tra d\u00e2y treo xem c\u00f3 b\u1ecb h\u1ecfng, b\u1ecb c\u1eaft v\u00e0 b\u1ecb ch\u00e1y kh\u00f4ng<\/span><\/p>\n<p><span style=\"font-weight: 400\">&#8211; Trong m\u1ecdi tr\u01b0\u1eddng h\u1ee3p, tuy\u1ec7t \u0111\u1ed1i kh\u00f4ng qu\u1ea5n d\u00e2y treo quanh \u0111i\u1ec3m neo n\u00e0o r\u1ed3i n\u1ed1i l\u1ea1i v\u00e0o d\u00e2y treo. N\u1ebfu l\u00e0m nh\u01b0 v\u1eady d\u00e2y treo c\u00f3 th\u1ec3 b\u1ecb \u201cHi\u1ec7u \u1ee9ng th\u1eaft\u201d, khi\u1ebfn d\u00e2y d\u1ec5 b\u1ecb \u0111\u1ee9t<\/span><\/p>\n<p><span style=\"font-weight: 400\">&#8211; Tuy\u1ec7t \u0111\u1ed1i kh\u00f4ng s\u1eed d\u1ee5ng d\u00e2y treo l\u00e0m ph\u01b0\u01a1ng ti\u1ec7n treo. CH\u1ec9 s\u1eed d\u1ee5ng d\u00e2y treo khi l\u00e0m chi ti\u1ebft k\u1ebft n\u1ed1i gi\u1eefa nh\u00e2n vi\u00ean v\u00e0 \u0111i\u1ec3m neo<\/span><\/p>\n<p><span style=\"font-weight: 400\">&#8211; Tuy\u1ec7t \u0111\u1ed1i kh\u00f4ng s\u1eed d\u1ee5ng hai d\u00e2y treo \u0111\u01a1n \u0111\u1ec3 t\u1ea1o th\u00e0nh d\u00e2y treo hai nh\u00e1nh ho\u1eb7c \u0111\u1ec3 t\u0103ng chi\u1ec1u d\u00e0i d\u00e2y treo<\/span><\/p>\n<p>==&gt; Xem th\u00eam c\u00e1c gi\u1ea3i ph\u00e1p kh\u00e1c: <a href=\"https:\/\/achisonsafety.com.vn\/danh-muc-san-pham\/bao-ho-lao-dong\/giai-phap-chong-roi-nga-tren-cao\/\">https:\/\/achisonsafety.com.vn\/danh-muc-san-pham\/bao-ho-lao-dong\/giai-phap-chong-roi-nga-tren-cao\/<\/a><\/p>\n","protected":false},"excerpt":{"rendered":"<ul>\n<li><span style=\"font-weight: 400;font-size: 75%\">D\u00f2ng s\u1ea3n ph\u1ea9m D\u00e2y treo gi\u1ea3m ch\u1ea5n KStrong Essential c\u00f3 gi\u00e1 th\u00e0nh kh\u00f4ng cao nh\u01b0ng v\u1eabn \u0111\u00e1p \u1ee9ng <\/span><span style=\"font-weight: 400;font-size: 75%\">nhu c\u1ea7u c\u1ee7a kh\u00e1ch h\u00e0ng. <\/span><\/li>\n<li><span style=\"font-weight: 400;font-size: 75%\">\u0110\u00e2y l\u00e0 m\u1ed9t trong nh\u1eefng chi ti\u1ebft k\u1ebft n\u1ed1i \u0110a n\u0103ng, Nh\u1eb9 nh\u1ea5t hi\u1ec7n c\u00f3 tr\u00ean th\u1ecb tr\u01b0\u1eddng.<\/span><\/li>\n<\/ul>\n","protected":false},"featured_media":5164,"comment_status":"open","ping_status":"closed","template":"","meta":[],"product_cat":[43,135],"product_tag":[188,189],"class_list":{"0":"post-5163","1":"product","2":"type-product","3":"status-publish","4":"has-post-thumbnail","6":"product_cat-giai-phap-chong-roi-nga-tren-cao","7":"product_cat-day-ket-noi","8":"product_tag-nganh-dau-khi-khai-khoang-dong-tau-cang-bien-hang-khong","9":"product_tag-nganh-xay-dung-logistic-hoa-chat","10":"yith_product_brand-kstrong","12":"first","13":"instock","14":"shipping-taxable","15":"product-type-simple"},"acf":[],"_links":{"self":[{"href":"https:\/\/achisonsafety.com.vn\/en\/wp-json\/wp\/v2\/product\/5163"}],"collection":[{"href":"https:\/\/achisonsafety.com.vn\/en\/wp-json\/wp\/v2\/product"}],"about":[{"href":"https:\/\/achisonsafety.com.vn\/en\/wp-json\/wp\/v2\/types\/product"}],"replies":[{"embeddable":true,"href":"https:\/\/achisonsafety.com.vn\/en\/wp-json\/wp\/v2\/comments?post=5163"}],"wp:featuredmedia":[{"embeddable":true,"href":"https:\/\/achisonsafety.com.vn\/en\/wp-json\/wp\/v2\/media\/5164"}],"wp:attachment":[{"href":"https:\/\/achisonsafety.com.vn\/en\/wp-json\/wp\/v2\/media?parent=5163"}],"wp:term":[{"taxonomy":"product_cat","embeddable":true,"href":"https:\/\/achisonsafety.com.vn\/en\/wp-json\/wp\/v2\/product_cat?post=5163"},{"taxonomy":"product_tag","embeddable":true,"href":"https:\/\/achisonsafety.com.vn\/en\/wp-json\/wp\/v2\/product_tag?post=5163"}],"curies":[{"name":"wp","href":"https:\/\/api.w.org\/{rel}","templated":true}]}}