{"id":5480,"date":"2022-08-04T11:02:04","date_gmt":"2022-08-04T04:02:04","guid":{"rendered":"https:\/\/beta.achisonsafety.com.vn\/?post_type=product&#038;p=5480"},"modified":"2025-09-17T16:45:35","modified_gmt":"2025-09-17T09:45:35","slug":"giay-in-phong-sach-km-clean-paper","status":"publish","type":"product","link":"https:\/\/achisonsafety.com.vn\/en\/san-pham\/giay-in-phong-sach-km-clean-paper\/","title":{"rendered":"Gi\u1ea5y In Ph\u00f2ng S\u1ea1ch KM Clean Paper"},"content":{"rendered":"<p><span style=\"font-weight: 400\">Ph\u00f2ng s\u1ea1ch l\u00e0 m\u1ed9t m\u00f4i tr\u01b0\u1eddng \u0111\u1eb7c bi\u1ec7t, c\u00f3 s\u1ef1 ki\u1ec3m so\u00e1t g\u1eaft gao h\u00e0m l\u01b0\u1ee3ng b\u1ee5i trong kh\u00f4ng kh\u00ed. Do \u0111\u00f3, t\u1ea5t c\u1ea3 nh\u1eefng ho\u1ea1t \u0111\u1ed9ng trong ph\u00f2ng s\u1ea1ch \u0111\u1ec1u ph\u1ea3i \u0111\u1ea3m b\u1ea3o \u0111i\u1ec1u ki\u1ec7n ti\u00ean quy\u1ebft: &#8220;Kh\u00f4ng s\u1ea3n sinh ra b\u1ee5i, ho\u1eb7c n\u1ebfu c\u00f3 c\u0169ng ph\u1ea3i trong m\u1ee9c \u0111\u1ed9 cho ph\u00e9p&#8221;. M\u1ed9t trong nh\u1eefng s\u1ea3n ph\u1ea9m th\u01b0\u1eddng xuy\u00ean s\u1eed d\u1ee5ng \u0111\u00f3 l\u00e0 Gi\u1ea5y in Ph\u00f2ng s\u1ea1ch<\/span><\/p>\n<p><span style=\"font-weight: 400\">L\u00e0 m\u1ed9t lo\u1ea1i gi\u1ea5y in \u0111\u1eb7c bi\u1ec7t d\u00f9ng trong ph\u00f2ng s\u1ea1ch (t\u00ean ti\u1ebfng Anh l\u00e0 Cleanroom Paper) c\u1ea5u t\u1ea1o t\u1eeb 100% Cellulose, \u0111\u01b0\u1ee3c s\u1ea3n xu\u1ea5t tr\u00ean quy tr\u00ecnh c\u00f4ng ngh\u1ec7 ti\u00ean ti\u1ebfn \u0111\u1ec3 t\u1ea1o ra m\u1ed9t s\u1ea3n ph\u1ea9m \u0111\u1ea3m b\u1ea3o ti\u00eau chu\u1ea9n ph\u00f2ng s\u1ea1ch class 100 &#8211; 1000<\/span><\/p>\n<p><strong>Gi\u1ea5y In Ph\u00f2ng S\u1ea1ch KM Clean Paper<\/strong><\/p>\n<p><b>Xu\u1ea5t x\u1ee9: <\/b><span style=\"font-weight: 400\">H\u00e0n Qu\u1ed1c, Trung Qu\u1ed1c<\/span><\/p>\n<p><span style=\"font-weight: 400\">Gi\u1ea5y kh\u00f4ng c\u00f3 s\u01a1 gi\u1ea5y, ko \u0111\u1ec3 l\u1ea1i b\u1ee5i, b\u1ec1 m\u1eb7t nh\u1eb5n m\u1ecbn<\/span><\/p>\n<p><span style=\"font-weight: 400\">Ch\u1ea5t Li\u1ec7u: 100% Cellulos<\/span><\/p>\n<p><b>\u01afu \u0111i\u1ec3m:\u00a0<\/b><\/p>\n<p><span style=\"font-weight: 400\">-Gi\u1ea5y In Ph\u00f2ng S\u1ea1ch KM Clean Paper \u0111\u01b0\u1ee3c s\u1ea3n xu\u1ea5t tr\u00ean c\u00f4ng ngh\u1ec7 hi\u1ec7n \u0111\u1ea1i, ch\u1ea5t l\u01b0\u1ee3ng cao, ho\u00e0n to\u00e0n kh\u00f4ng b\u00e1m b\u1ee5i, ph\u00f9 h\u1ee3p v\u1edbi t\u1ea5t c\u1ea3 c\u00e1c lo\u1ea1i m\u00e1y in, h\u1ea1n ch\u1ebf t\u1ed1i \u0111a t\u00ecnh tr\u1ea1ng k\u1eb9t gi\u1ea5y.<\/span><\/p>\n<p><span style=\"font-weight: 400\">&#8211; Gi\u1ea5y in A4 ph\u00f2ng s\u1ea1ch KM clean h\u1ea5p th\u1ee5 m\u1ef1c t\u1ed1t, b\u1ea3n in \u0111\u1eb9p, m\u1ef1c \u0111\u1ec1u.<\/span><\/p>\n<p><b>\u1ee8ng d\u1ee5ng: <\/b><span style=\"font-weight: 400\">\u0110\u01b0\u1ee3c s\u1eed d\u1ee5ng trong c\u00e1c m\u00f4i tr\u01b0\u1eddng y\u00eau c\u1ea7u v\u1ec1 ph\u00f2ng s\u1ea1ch cao nh\u01b0: Y t\u1ebf, ph\u00f2ng th\u00ed nghi\u1ec7m,&#8230;<\/span><\/p>\n<p>==&gt; Xem th\u00eam c\u00e1c gi\u1ea3i ph\u00e1p ph\u00f2ng s\u1ea1ch kh\u00e1c:<a href=\"https:\/\/achisonsafety.com.vn\/danh-muc-san-pham\/thiet-bi-phong-sach\/\"> https:\/\/achisonsafety.com.vn\/danh-muc-san-pham\/thiet-bi-phong-sach\/\u00a0<\/a><\/p>\n","protected":false},"excerpt":{"rendered":"<ul>\n<li><span style=\"font-weight: 400\">Gi\u1ea5y in ph\u00f2ng s\u1ea1ch KM Clean \u0111\u01b0\u1ee3c s\u1ea3n xu\u1ea5t tr\u00ean c\u00f4ng ngh\u1ec7 hi\u1ec7n \u0111\u1ea1i, ch\u1ea5t l\u01b0\u1ee3ng cao, ho\u00e0n to\u00e0n kh\u00f4ng b\u00e1m b\u1ee5i, ph\u00f9 h\u1ee3p v\u1edbi t\u1ea5t c\u1ea3 c\u00e1c lo\u1ea1i m\u00e1y in, h\u1ea1n ch\u1ebf t\u1ed1i \u0111a t\u00ecnh tr\u1ea1ng k\u1eb9t gi\u1ea5y.<\/span><\/li>\n<li><span style=\"font-weight: 400\">Gi\u1ea5y in A4 ph\u00f2ng s\u1ea1ch KM clean h\u1ea5p th\u1ee5 m\u1ef1c t\u1ed1t, b\u1ea3n in \u0111\u1eb9p, m\u1ef1c \u0111\u1ec1u.<\/span><\/li>\n<\/ul>\n","protected":false},"featured_media":5481,"comment_status":"open","ping_status":"closed","template":"","meta":[],"product_cat":[65],"product_tag":[187],"class_list":{"0":"post-5480","1":"product","2":"type-product","3":"status-publish","4":"has-post-thumbnail","6":"product_cat-giay-va-so-tay-phong-sach","7":"product_tag-nganh-duoc-duoc-pham-benh-vien","8":"yith_product_brand-thuong-hieu-khac","10":"first","11":"instock","12":"shipping-taxable","13":"product-type-simple"},"acf":[],"_links":{"self":[{"href":"https:\/\/achisonsafety.com.vn\/en\/wp-json\/wp\/v2\/product\/5480"}],"collection":[{"href":"https:\/\/achisonsafety.com.vn\/en\/wp-json\/wp\/v2\/product"}],"about":[{"href":"https:\/\/achisonsafety.com.vn\/en\/wp-json\/wp\/v2\/types\/product"}],"replies":[{"embeddable":true,"href":"https:\/\/achisonsafety.com.vn\/en\/wp-json\/wp\/v2\/comments?post=5480"}],"wp:featuredmedia":[{"embeddable":true,"href":"https:\/\/achisonsafety.com.vn\/en\/wp-json\/wp\/v2\/media\/5481"}],"wp:attachment":[{"href":"https:\/\/achisonsafety.com.vn\/en\/wp-json\/wp\/v2\/media?parent=5480"}],"wp:term":[{"taxonomy":"product_cat","embeddable":true,"href":"https:\/\/achisonsafety.com.vn\/en\/wp-json\/wp\/v2\/product_cat?post=5480"},{"taxonomy":"product_tag","embeddable":true,"href":"https:\/\/achisonsafety.com.vn\/en\/wp-json\/wp\/v2\/product_tag?post=5480"}],"curies":[{"name":"wp","href":"https:\/\/api.w.org\/{rel}","templated":true}]}}