{"id":5483,"date":"2022-08-04T11:17:41","date_gmt":"2022-08-04T04:17:41","guid":{"rendered":"https:\/\/beta.achisonsafety.com.vn\/?post_type=product&#038;p=5483"},"modified":"2025-09-17T16:45:35","modified_gmt":"2025-09-17T09:45:35","slug":"vong-tay-chong-tinh-dien-dth-vtd-013-kd","status":"publish","type":"product","link":"https:\/\/achisonsafety.com.vn\/en\/san-pham\/vong-tay-chong-tinh-dien-dth-vtd-013-kd\/","title":{"rendered":"V\u00f2ng Tay Ch\u1ed1ng T\u0129nh \u0110i\u1ec7n Dth-Vtd-013-Kd"},"content":{"rendered":"<p><span style=\"font-weight: 400\">Ph\u00f2ng s\u1ea1ch l\u00e0 m\u1ed9t m\u00f4i tr\u01b0\u1eddng \u0111\u1eb7c bi\u1ec7t, c\u00f3 s\u1ef1 ki\u1ec3m so\u00e1t g\u1eaft gao h\u00e0m l\u01b0\u1ee3ng b\u1ee5i trong kh\u00f4ng kh\u00ed. Do \u0111\u00f3, t\u1ea5t c\u1ea3 nh\u1eefng ho\u1ea1t \u0111\u1ed9ng trong ph\u00f2ng s\u1ea1ch \u0111\u1ec1u ph\u1ea3i \u0111\u1ea3m b\u1ea3o \u0111i\u1ec1u ki\u1ec7n ti\u00ean quy\u1ebft: &#8220;Kh\u00f4ng s\u1ea3n sinh ra b\u1ee5i, ho\u1eb7c n\u1ebfu c\u00f3 c\u0169ng ph\u1ea3i trong m\u1ee9c \u0111\u1ed9 cho ph\u00e9p&#8221;. M\u1ed9t trong nh\u1eefng s\u1ea3n ph\u1ea9m th\u01b0\u1eddng xuy\u00ean s\u1eed d\u1ee5ng \u0111\u00f3 l\u00e0 V\u00f2ng Tay Ch\u1ed1ng T\u0129nh \u0110i\u1ec7n Dth-Vtd-013-Kd<\/span><\/p>\n<p>D\u00e2y \u0111eo c\u1ed5 tay ch\u1ed1ng t\u0129nh \u0111i\u1ec7n l\u00e0 nh\u1eb1m ti\u00eau t\u00e1n t\u0129nh \u0111i\u1ec7n gi\u00fap \u0111\u1ea3m b\u1ea3o an to\u00e0n cho c\u00e1c thi\u1ebft b\u1ecb \u0111i\u1ec7n t\u1eed.<\/p>\n<p><strong>M\u00e3 s\u1ea3n ph\u1ea9m: DTH-VTD-013-KD<\/strong><\/p>\n<p><strong>Th\u00f4ng tin s\u1ea3n ph\u1ea9m:<\/strong><\/p>\n<p><strong>Th\u01b0\u01a1ng hi\u1ec7u:<\/strong> HANSONG TECHNOLOGY<br \/>\n<strong>Xu\u1ea5t x\u1ee9:<\/strong> TRUNG QU\u1ed0C<br \/>\n<strong>C\u00f4ng d\u1ee5ng:<\/strong><\/p>\n<p>S\u1ea3n ph\u1ea9m V\u00f2ng \u0111eo tay ch\u1ed1ng t\u0129nh \u0111i\u1ec7n kh\u00f4ng d\u00e2y \u1ee9ng d\u1ee5ng nguy\u00ean l\u00fd gi\u1ea3i ph\u00f3ng \u0111i\u1ec7n t\u00edch t\u00edch lu\u1ef9 tr\u00ean c\u01a1 th\u1ec3 ng\u01b0\u1eddi lao \u0111\u1ed9ng tr\u01b0\u1edbc khi ch\u00fang c\u00f3 th\u1ec3 g\u00e2y h\u1ea1i cho c\u00e1c thi\u1ebft b\u1ecb \u0111i\u1ec7n t\u1eed.<\/p>\n<p>Ch\u1ed1ng t\u0129nh \u0111i\u1ec7n ph\u00e1t sinh t\u1eeb c\u01a1 th\u1ec3 \u1ea3nh h\u01b0\u1edfng \u0111\u1ebfn s\u1ea3n ph\u1ea9m ( tr\u00e1nh g\u00e2y h\u1ecfa ho\u1ea1n khi \u0111\u1ee9ng g\u1ea7n v\u1eadt g\u00e2y n\u1ed5, ho\u1eb7c h\u01b0 h\u1ecfng s\u1ea3n ph\u1ea9m linh ki\u1ec7n \u0111i\u1ec7n t\u1eed)<\/p>\n<p><strong>Ch\u1ea5t li\u1ec7u:<\/strong> Nh\u1ef1a PVC<\/p>\n<p><b>\u1ee8ng d\u1ee5ng: <span style=\"font-weight: 400\">V\u00f2ng Tay Ch\u1ed1ng T\u0129nh \u0110i\u1ec7n Dth-Vtd-013-Kd <\/span><\/b>\u0111\u01b0\u1ee3c s\u1eed d\u1ee5ng r\u1ed9ng r\u00e3i trong c\u00e1c nh\u00e0 m\u00e1y s\u1ea3n xu\u1ea5t ho\u1eb7c gia c\u00f4ng linh ki\u1ec7n m\u00e1y t\u00ednh, \u0111i\u1ec7n tho\u1ea1i di \u0111\u1ed9ng, m\u00e1y \u1ea3nh, m\u00e1y quay phim, TV, v.v\u2026<\/p>\n<p>==&gt; Xem th\u00eam c\u00e1c gi\u1ea3i ph\u00e1p ph\u00f2ng s\u1ea1ch kh\u00e1c:<a href=\"https:\/\/achisonsafety.com.vn\/danh-muc-san-pham\/thiet-bi-phong-sach\/\"> https:\/\/achisonsafety.com.vn\/danh-muc-san-pham\/thiet-bi-phong-sach\/\u00a0<\/a><\/p>\n","protected":false},"excerpt":{"rendered":"<ul>\n<li>S\u1ea3n ph\u1ea9m V\u00f2ng \u0111eo tay ch\u1ed1ng t\u0129nh \u0111i\u1ec7n kh\u00f4ng d\u00e2y \u1ee9ng d\u1ee5ng nguy\u00ean l\u00fd gi\u1ea3i ph\u00f3ng \u0111i\u1ec7n t\u00edch t\u00edch lu\u1ef9 tr\u00ean c\u01a1 th\u1ec3 ng\u01b0\u1eddi lao \u0111\u1ed9ng tr\u01b0\u1edbc khi ch\u00fang c\u00f3 th\u1ec3 g\u00e2y h\u1ea1i cho c\u00e1c thi\u1ebft b\u1ecb \u0111i\u1ec7n t\u1eed.<\/li>\n<li>Ch\u1ed1ng t\u0129nh \u0111i\u1ec7n ph\u00e1t sinh t\u1eeb c\u01a1 th\u1ec3 \u1ea3nh h\u01b0\u1edfng \u0111\u1ebfn s\u1ea3n ph\u1ea9m ( tr\u00e1nh g\u00e2y h\u1ecfa ho\u1ea1n khi \u0111\u1ee9ng g\u1ea7n v\u1eadt g\u00e2y n\u1ed5, ho\u1eb7c h\u01b0 h\u1ecfng s\u1ea3n ph\u1ea9m linh ki\u1ec7n \u0111i\u1ec7n t\u1eed)<\/li>\n<\/ul>\n","protected":false},"featured_media":5484,"comment_status":"open","ping_status":"closed","template":"","meta":[],"product_cat":[66],"product_tag":[187],"class_list":{"0":"post-5483","1":"product","2":"type-product","3":"status-publish","4":"has-post-thumbnail","6":"product_cat-vong-tay-chong-tinh-dien","7":"product_tag-nganh-duoc-duoc-pham-benh-vien","8":"yith_product_brand-thuong-hieu-khac","10":"first","11":"instock","12":"shipping-taxable","13":"product-type-simple"},"acf":[],"_links":{"self":[{"href":"https:\/\/achisonsafety.com.vn\/en\/wp-json\/wp\/v2\/product\/5483"}],"collection":[{"href":"https:\/\/achisonsafety.com.vn\/en\/wp-json\/wp\/v2\/product"}],"about":[{"href":"https:\/\/achisonsafety.com.vn\/en\/wp-json\/wp\/v2\/types\/product"}],"replies":[{"embeddable":true,"href":"https:\/\/achisonsafety.com.vn\/en\/wp-json\/wp\/v2\/comments?post=5483"}],"wp:featuredmedia":[{"embeddable":true,"href":"https:\/\/achisonsafety.com.vn\/en\/wp-json\/wp\/v2\/media\/5484"}],"wp:attachment":[{"href":"https:\/\/achisonsafety.com.vn\/en\/wp-json\/wp\/v2\/media?parent=5483"}],"wp:term":[{"taxonomy":"product_cat","embeddable":true,"href":"https:\/\/achisonsafety.com.vn\/en\/wp-json\/wp\/v2\/product_cat?post=5483"},{"taxonomy":"product_tag","embeddable":true,"href":"https:\/\/achisonsafety.com.vn\/en\/wp-json\/wp\/v2\/product_tag?post=5483"}],"curies":[{"name":"wp","href":"https:\/\/api.w.org\/{rel}","templated":true}]}}