{"id":5486,"date":"2022-08-04T15:39:38","date_gmt":"2022-08-04T08:39:38","guid":{"rendered":"https:\/\/beta.achisonsafety.com.vn\/?post_type=product&#038;p=5486"},"modified":"2025-09-17T16:45:33","modified_gmt":"2025-09-17T09:45:33","slug":"day-dai-an-toan-ngan-chan-thuong-khi-bi-treo-kstrong-afz150100","status":"publish","type":"product","link":"https:\/\/achisonsafety.com.vn\/en\/san-pham\/day-dai-an-toan-ngan-chan-thuong-khi-bi-treo-kstrong-afz150100\/","title":{"rendered":"D\u00e2y \u0111ai an to\u00e0n ng\u0103n ch\u1ea5n th\u01b0\u01a1ng khi b\u1ecb treo KStrong AFZ150100"},"content":{"rendered":"<p><span style=\"color: #000000\"><strong><a style=\"color: #000000\" href=\"https:\/\/achisonsafety.com.vn\/danh-muc-san-pham\/bao-ho-lao-dong\/giai-phap-chong-roi-nga-tren-cao\/\">D\u00e2y \u0111ai an to\u00e0n<\/a> ng\u0103n ch\u1ea5n th\u01b0\u01a1ng khi b\u1ecb treo KStrong AFZ150100<\/strong><\/span><\/p>\n<p><span style=\"color: #000000\"><strong>T\u00ednh n\u0103ng:<\/strong><\/span><\/p>\n<p><span style=\"color: #000000\">D\u00e2y \u0111ai \u0111\u01b0\u1ee3c thi\u1ebft k\u1ebf \u0111\u1ec3 ng\u0103n ng\u1eeba ch\u1ea5n th\u01b0\u01a1ng khi b\u1ecb treo<\/span><\/p>\n<p><span style=\"color: #000000\">D\u00e2y \u0111ai nh\u1ecf g\u1ecdn v\u00e0 nh\u1eb9, kh\u00f4ng l\u00e0m c\u1ea3n tr\u1edf ho\u1ea1t \u0111\u1ed9ng c\u1ee7a ng\u01b0\u1eddi s\u1eed d\u1ee5ng<\/span><\/p>\n<p><span style=\"color: #000000\">Cho ph\u00e9p nh\u00e2n vi\u00ean b\u1ecb treo \u0111\u1ee9ng l\u00ean trong d\u00e2y \u0111ai an to\u00e0n \u0111\u1ec3 gi\u1ea3m \u00e1p l\u1ef1c khi r\u01a1i ng\u00e3<\/span><\/p>\n<p><span style=\"color: #000000\">D\u1ec5 d\u00e0ng g\u1eafn v\u00e0o d\u00e2y \u0111ai an to\u00e0n v\u00e0 d\u1ec5 d\u00e0ng tri\u1ec3n khai<\/span><\/p>\n<p><span style=\"color: #000000\"><img loading=\"lazy\" decoding=\"async\" class=\"alignnone size-full wp-image-5512\" src=\"https:\/\/achisonsafety.com.vn\/wp-content\/uploads\/2022\/08\/Day-dai-01.jpg\" alt=\"\" width=\"299\" height=\"354\" title=\"\" srcset=\"https:\/\/achisonsafety.com.vn\/wp-content\/uploads\/2022\/08\/Day-dai-01.jpg 299w, https:\/\/achisonsafety.com.vn\/wp-content\/uploads\/2022\/08\/Day-dai-01-25x30.jpg 25w, https:\/\/achisonsafety.com.vn\/wp-content\/uploads\/2022\/08\/Day-dai-01-51x60.jpg 51w\" sizes=\"(max-width: 299px) 100vw, 299px\" \/><\/span><\/p>\n<p><span style=\"color: #000000\">D\u00e2y \u0111ai an to\u00e0n \u0111\u01b0\u1ee3c trang b\u1ecb d\u00e2y \u0111ai ng\u0103n ch\u1ea5n th\u01b0\u01a1ng khi b\u1ecb treo theo y\u00eau c\u1ea7u<\/span><\/p>\n<p><span style=\"color: #000000\"><strong>C\u00e1c b\u01b0\u1edbc s\u1eed d\u1ee5ng:<\/strong><\/span><\/p>\n<p><span style=\"color: #000000\"><img loading=\"lazy\" decoding=\"async\" class=\"alignnone size-medium wp-image-5500\" src=\"https:\/\/achisonsafety.com.vn\/wp-content\/uploads\/2022\/08\/Cach-deo-day-dai-ngan-chan-thuong-khi-bi-treo-01-800x317.jpg\" alt=\"H\u01b0\u1edbng d\u1eabn s\u1eed d\u1ee5ng\" width=\"800\" height=\"317\" title=\"\" srcset=\"https:\/\/achisonsafety.com.vn\/wp-content\/uploads\/2022\/08\/Cach-deo-day-dai-ngan-chan-thuong-khi-bi-treo-01-800x317.jpg 800w, https:\/\/achisonsafety.com.vn\/wp-content\/uploads\/2022\/08\/Cach-deo-day-dai-ngan-chan-thuong-khi-bi-treo-01-1400x554.jpg 1400w, https:\/\/achisonsafety.com.vn\/wp-content\/uploads\/2022\/08\/Cach-deo-day-dai-ngan-chan-thuong-khi-bi-treo-01-768x304.jpg 768w, https:\/\/achisonsafety.com.vn\/wp-content\/uploads\/2022\/08\/Cach-deo-day-dai-ngan-chan-thuong-khi-bi-treo-01-1536x608.jpg 1536w, https:\/\/achisonsafety.com.vn\/wp-content\/uploads\/2022\/08\/Cach-deo-day-dai-ngan-chan-thuong-khi-bi-treo-01-76x30.jpg 76w, https:\/\/achisonsafety.com.vn\/wp-content\/uploads\/2022\/08\/Cach-deo-day-dai-ngan-chan-thuong-khi-bi-treo-01-152x60.jpg 152w, https:\/\/achisonsafety.com.vn\/wp-content\/uploads\/2022\/08\/Cach-deo-day-dai-ngan-chan-thuong-khi-bi-treo-01-510x202.jpg 510w, https:\/\/achisonsafety.com.vn\/wp-content\/uploads\/2022\/08\/Cach-deo-day-dai-ngan-chan-thuong-khi-bi-treo-01.jpg 1754w\" sizes=\"(max-width: 800px) 100vw, 800px\" \/><\/span><\/p>\n","protected":false},"excerpt":{"rendered":"<p>D\u00e2y \u0111ai an to\u00e0n ng\u0103n ch\u1ea5n th\u01b0\u01a1ng khi b\u1ecb treo KStrong AFZ150100<\/p>\n<ul>\n<li>Ch\u1ea5t li\u1ec7u: Polyester<\/li>\n<li>Ch\u1ecbu \u0111\u01b0\u1ee3c t\u1ea3i tr\u1ecdng 200Kg<\/li>\n<\/ul>\n","protected":false},"featured_media":5522,"comment_status":"open","ping_status":"closed","template":"","meta":[],"product_cat":[16,43,134],"product_tag":[],"class_list":{"0":"post-5486","1":"product","2":"type-product","3":"status-publish","4":"has-post-thumbnail","6":"product_cat-bao-ho-lao-dong","7":"product_cat-giai-phap-chong-roi-nga-tren-cao","8":"product_cat-day-dai-an-toan-toan-than","9":"yith_product_brand-kstrong","11":"first","12":"instock","13":"shipping-taxable","14":"product-type-simple"},"acf":[],"_links":{"self":[{"href":"https:\/\/achisonsafety.com.vn\/en\/wp-json\/wp\/v2\/product\/5486"}],"collection":[{"href":"https:\/\/achisonsafety.com.vn\/en\/wp-json\/wp\/v2\/product"}],"about":[{"href":"https:\/\/achisonsafety.com.vn\/en\/wp-json\/wp\/v2\/types\/product"}],"replies":[{"embeddable":true,"href":"https:\/\/achisonsafety.com.vn\/en\/wp-json\/wp\/v2\/comments?post=5486"}],"wp:featuredmedia":[{"embeddable":true,"href":"https:\/\/achisonsafety.com.vn\/en\/wp-json\/wp\/v2\/media\/5522"}],"wp:attachment":[{"href":"https:\/\/achisonsafety.com.vn\/en\/wp-json\/wp\/v2\/media?parent=5486"}],"wp:term":[{"taxonomy":"product_cat","embeddable":true,"href":"https:\/\/achisonsafety.com.vn\/en\/wp-json\/wp\/v2\/product_cat?post=5486"},{"taxonomy":"product_tag","embeddable":true,"href":"https:\/\/achisonsafety.com.vn\/en\/wp-json\/wp\/v2\/product_tag?post=5486"}],"curies":[{"name":"wp","href":"https:\/\/api.w.org\/{rel}","templated":true}]}}