{"id":5491,"date":"2022-08-04T11:39:55","date_gmt":"2022-08-04T04:39:55","guid":{"rendered":"https:\/\/beta.achisonsafety.com.vn\/?post_type=product&#038;p=5491"},"modified":"2025-09-17T16:45:34","modified_gmt":"2025-09-17T09:45:34","slug":"giay-va-khan-lau-phong-sach-dth-m3","status":"publish","type":"product","link":"https:\/\/achisonsafety.com.vn\/en\/san-pham\/giay-va-khan-lau-phong-sach-dth-m3\/","title":{"rendered":"Gi\u1ea5y V\u00e0 Kh\u0103n Lau Ph\u00f2ng S\u1ea1ch DTH-M3"},"content":{"rendered":"<p><span style=\"font-weight: 400\">Ph\u00f2ng s\u1ea1ch l\u00e0 m\u1ed9t m\u00f4i tr\u01b0\u1eddng \u0111\u1eb7c bi\u1ec7t, c\u00f3 s\u1ef1 ki\u1ec3m so\u00e1t g\u1eaft gao h\u00e0m l\u01b0\u1ee3ng b\u1ee5i trong kh\u00f4ng kh\u00ed. Do \u0111\u00f3, t\u1ea5t c\u1ea3 nh\u1eefng ho\u1ea1t \u0111\u1ed9ng trong ph\u00f2ng s\u1ea1ch \u0111\u1ec1u ph\u1ea3i \u0111\u1ea3m b\u1ea3o \u0111i\u1ec1u ki\u1ec7n ti\u00ean quy\u1ebft: &#8220;Kh\u00f4ng s\u1ea3n sinh ra b\u1ee5i, ho\u1eb7c n\u1ebfu c\u00f3 c\u0169ng ph\u1ea3i trong m\u1ee9c \u0111\u1ed9 cho ph\u00e9p&#8221;. M\u1ed9t trong nh\u1eefng s\u1ea3n ph\u1ea9m th\u01b0\u1eddng xuy\u00ean s\u1eed d\u1ee5ng \u0111\u00f3 l\u00e0 <\/span><span style=\"font-weight: 400\">Gi\u1ea5y lau ph\u00f2ng s\u1ea1ch<\/span><\/p>\n<p><span style=\"font-weight: 400\">S\u1ea3n ph\u1ea9m gi\u1ea5y lau ph\u00f2ng s\u1ea1ch \u0111\u01b0\u1ee3c s\u1ea3n xu\u1ea5t tr\u00ean d\u00e2y chuy\u1ec1n Nh\u1eadt B\u1ea3n. C\u00f4ng Ty C\u1ed5 Ph\u1ea7n Achison chuy\u00ean cung c\u1ea5p s\u1ea3n ph\u1ea9m ch\u1ea5t l\u01b0\u1ee3ng cao, gi\u00e1 r\u1ebb.\u00a0<\/span><\/p>\n<p><span style=\"font-weight: 400\">Gi\u1ea5y lau ph\u00f2ng s\u1ea1ch chuy\u00ean d\u00f9ng trong c\u00e1c khu c\u00f4ng nghi\u1ec7p \u0111i\u1ec7n t\u1eed, vi \u0111i\u1ec7n t\u1eed, b\u1ea3ng m\u1ea1ch \u0111i\u1ec7n&#8230; Gi\u1ea5y ch\u1ea5t l\u01b0\u1ee3ng t\u1ed1t, m\u1ec1m m\u1ea1i, \u0111\u1ed9 dai c\u1ee7a gi\u1ea5y t\u1ed1t, kh\u00f4ng b\u1ecb r\u00e1ch khi s\u1eed d\u1ee5ng, s\u1ea3n xu\u1ea5t 100% s\u1ee3i t\u01a1 nh\u00e2n t\u1ea1o n\u00ean khi lau kh\u00f4ng g\u00e2y tr\u1ea7y x\u01b0\u1edbc khi lau s\u1ea3n ph\u1ea9m<\/span><\/p>\n<p><b>M\u00f4 t\u1ea3:\u00a0<\/b><\/p>\n<p><span style=\"font-weight: 400\">\u00a0\u2013\u00a0 S\u1ea3n xu\u1ea5t Bemcot M3 l\u00e0 m\u1ed9t lo\u1ea1i v\u1ea3i kh\u00f4ng d\u1ec7t ph\u1ed5 bi\u1ebfn hi\u1ec7n nay, v\u1edbi th\u00e0nh ph\u1ea7n 100% s\u1ee3i t\u01a1 nh\u00e2n t\u1ea1o h\u1ea5p th\u1ee5 r\u1ea5t t\u1ed1t.<\/span><\/p>\n<p><span style=\"font-weight: 400\">\u00a0\u2013\u00a0 C\u00e1c t\u1ea5m c\u00f3 k\u00edch th\u01b0\u1edbc 9\u2033 x 9\u2033 (250 mm x 250 mm) thi\u1ebft k\u1ebf \u0111\u1ec3 ph\u00f9 h\u1ee3p v\u1edbi b\u00e0n tay ng\u01b0\u1eddi d\u00f9ng.<\/span><\/p>\n<p><span style=\"font-weight: 400\">\u00a0\u2013\u00a0 M\u1ec1m m\u1ea1i v\u00e0 \u00edt b\u1ecb x\u01a1 v\u1ea3i, n\u00ean kh\u00f4ng g\u00e2y \u1ea3nh h\u01b0\u1edfng \u0111\u1ebfn s\u1ea3n ph\u1ea9m.<\/span><\/p>\n<p><span style=\"font-weight: 400\">\u00a0\u2013\u00a0 Ch\u1ecbu nhi\u1ec7t t\u1ed1t, \u0111\u1ec3 l\u00e0m s\u1ea1ch trang thi\u1ebft b\u1ecb c\u00f3 nhi\u1ec7t \u0111\u1ed9 cao trong m\u00f4i tr\u01b0\u1eddng ph\u00f2ng s\u1ea1ch.<\/span><\/p>\n<p><span style=\"font-weight: 400\">\u00a0\u2013\u00a0 Quy c\u00e1ch \u0111\u00f3ng g\u00f3i: 100 c\u00e1i \/ g\u00f3i ho\u1eb7c 30 g\u00f3i \/ th\u00f9ng.\u00a0\u00a0<\/span><\/p>\n<p><b>\u1ee8ng d\u1ee5ng: <\/b><span style=\"font-weight: 400\">S\u1ea3n ph\u1ea9m gi\u1ea5y lau ph\u00f2ng s\u1ea1ch M3 \u0111\u01b0\u1ee3c s\u1eed d\u1ee5ng r\u1ed9ng r\u00e3i trong c\u00e1c ng\u00e0nh c\u00f4ng nghi\u1ec7p b\u0103ng t\u1eeb, s\u1ea3n xu\u1ea5t \u0111i\u1ec7n tho\u1ea1i\u2026<\/span><\/p>\n<p>==&gt; Xem th\u00eam c\u00e1c gi\u1ea3i ph\u00e1p ph\u00f2ng s\u1ea1ch kh\u00e1c:<a href=\"https:\/\/achisonsafety.com.vn\/danh-muc-san-pham\/thiet-bi-phong-sach\/\"> https:\/\/achisonsafety.com.vn\/danh-muc-san-pham\/thiet-bi-phong-sach\/\u00a0<\/a><\/p>\n","protected":false},"excerpt":{"rendered":"<ul>\n<li><span style=\"font-weight: 400\">S\u1ea3n xu\u1ea5t gi\u1ea5y lau ph\u00f2ng s\u1ea1ch Bemcot M3 l\u00e0 m\u1ed9t lo\u1ea1i v\u1ea3i kh\u00f4ng d\u1ec7t ph\u1ed5 bi\u1ebfn hi\u1ec7n nay, v\u1edbi th\u00e0nh ph\u1ea7n 100% s\u1ee3i t\u01a1 nh\u00e2n t\u1ea1o h\u1ea5p th\u1ee5 r\u1ea5t t\u1ed1t.<\/span><\/li>\n<li><span style=\"font-weight: 400\">C\u00e1c t\u1ea5m c\u00f3 k\u00edch th\u01b0\u1edbc 9\u2033 x 9\u2033 (250 mm x 250 mm) thi\u1ebft k\u1ebf \u0111\u1ec3 ph\u00f9 h\u1ee3p v\u1edbi b\u00e0n tay ng\u01b0\u1eddi d\u00f9ng.<\/span><\/li>\n<li><span style=\"font-weight: 400\">M\u1ec1m m\u1ea1i v\u00e0 \u00edt b\u1ecb x\u01a1 v\u1ea3i, n\u00ean kh\u00f4ng g\u00e2y \u1ea3nh h\u01b0\u1edfng \u0111\u1ebfn s\u1ea3n ph\u1ea9m.<\/span><\/li>\n<\/ul>\n","protected":false},"featured_media":5492,"comment_status":"open","ping_status":"closed","template":"","meta":[],"product_cat":[67],"product_tag":[187],"class_list":{"0":"post-5491","1":"product","2":"type-product","3":"status-publish","4":"has-post-thumbnail","6":"product_cat-vai-lau-phong-sach","7":"product_tag-nganh-duoc-duoc-pham-benh-vien","8":"yith_product_brand-bemcot","10":"first","11":"instock","12":"shipping-taxable","13":"product-type-simple"},"acf":[],"_links":{"self":[{"href":"https:\/\/achisonsafety.com.vn\/en\/wp-json\/wp\/v2\/product\/5491"}],"collection":[{"href":"https:\/\/achisonsafety.com.vn\/en\/wp-json\/wp\/v2\/product"}],"about":[{"href":"https:\/\/achisonsafety.com.vn\/en\/wp-json\/wp\/v2\/types\/product"}],"replies":[{"embeddable":true,"href":"https:\/\/achisonsafety.com.vn\/en\/wp-json\/wp\/v2\/comments?post=5491"}],"wp:featuredmedia":[{"embeddable":true,"href":"https:\/\/achisonsafety.com.vn\/en\/wp-json\/wp\/v2\/media\/5492"}],"wp:attachment":[{"href":"https:\/\/achisonsafety.com.vn\/en\/wp-json\/wp\/v2\/media?parent=5491"}],"wp:term":[{"taxonomy":"product_cat","embeddable":true,"href":"https:\/\/achisonsafety.com.vn\/en\/wp-json\/wp\/v2\/product_cat?post=5491"},{"taxonomy":"product_tag","embeddable":true,"href":"https:\/\/achisonsafety.com.vn\/en\/wp-json\/wp\/v2\/product_tag?post=5491"}],"curies":[{"name":"wp","href":"https:\/\/api.w.org\/{rel}","templated":true}]}}