{"id":5502,"date":"2022-08-04T14:37:54","date_gmt":"2022-08-04T07:37:54","guid":{"rendered":"https:\/\/beta.achisonsafety.com.vn\/?post_type=product&#038;p=5502"},"modified":"2025-09-17T16:45:34","modified_gmt":"2025-09-17T09:45:34","slug":"chat-tay-rua-boi-tron-chong-ri-set-3m-5-way","status":"publish","type":"product","link":"https:\/\/achisonsafety.com.vn\/en\/san-pham\/chat-tay-rua-boi-tron-chong-ri-set-3m-5-way\/","title":{"rendered":"Ch\u1ea5t T\u1ea9y R\u1eeda &#8211; B\u00f4i Tr\u01a1n &#8211; Ch\u1ed1ng R\u1ec9 S\u00e9t 3M 5-Way"},"content":{"rendered":"<h4><strong>Ch\u1ea5t T\u1ea9y R\u1eeda &#8211; B\u00f4i Tr\u01a1n &#8211; Ch\u1ed1ng R\u1ec9 S\u00e9t 3M 5-Way<\/strong><\/h4>\n<p><b>Th\u01b0\u01a1ng Hi\u1ec7u:<\/b><span style=\"font-weight: 400\"> 3M<\/span><\/p>\n<p><b>M\u00e3 S\u1ea3n Ph\u1ea9m:<\/b><span style=\"font-weight: 400\"> 3M-5W<\/span><\/p>\n<p><span style=\"font-weight: 400\"><b>M\u00f4 T\u1ea3:<\/b> 3M 5-Way c\u00f3 ch\u1ee9c n\u0103ng ch\u1ed1ng r\u1ec9 s\u00e9t, b\u00f4i tr\u01a1n, t\u1ea9y r\u1eeda tr\u00ean b\u1ec1 m\u1eb7t kim lo\u1ea1i. T\u0103ng t\u00ednh ti\u1ebfp x\u00fac b\u1ec1 m\u1eb7t, t\u1ea9y s\u1ea1ch ho\u00e0n to\u00e0n b\u1ee5i b\u1ea9n, b\u00e3 d\u1ea7u m\u1ee1, v\u00e0 c\u00e1c t\u1ea1p ch\u1ea5t ra kh\u1ecfi b\u1ec1 m\u1eb7t c\u1ea7n x\u1eed l\u00fd. Ngo\u00e0i ra, s\u1ea3n ph\u1ea9m c\u00f2n t\u1ea9y r\u1eeda \u0111\u01b0\u1ee3c m\u1ed9t s\u1ed1 b\u1ec1 m\u1eb7t ti\u1ebfp x\u00fac nh\u01b0 c\u1eeda l\u00f9a, b\u1ea3n l\u1ec1, \u1ed5 kh\u00f3a, c\u00f4ng t\u1eafc.<\/span><\/p>\n<p><b>Tr\u1ecdng L\u01b0\u1ee3ng:<\/b><span style=\"font-weight: 400\"> 16.8 oz\/Chai<\/span><\/p>\n<p><b>Quy C\u00e1ch \u0110\u00f3ng G\u00f3i:<\/b><span style=\"font-weight: 400\"> 12 Chai\/Th\u00f9ng<\/span><\/p>\n<p><b>\u1ee8ng D\u1ee5ng:<\/b><span style=\"font-weight: 400\"> D\u1ea7u kh\u00ed, \u0111\u00f3ng t\u00e0u, c\u1ea3ng &#8211; \u00d4 t\u00f4, xe m\u00e1y, nh\u1ef1a, g\u1ed7, kim lo\u1ea1i<\/span><\/p>\n<p><b>T\u00ednh n\u0103ng: <\/b>Ch\u1ea5t T\u1ea9y R\u1eeda &#8211; B\u00f4i Tr\u01a1n &#8211; Ch\u1ed1ng R\u1ec9 S\u00e9t 3M 5-Way c\u00f3 nhi\u1ec1u t\u00ednh n\u0103ng \u01b0u vi\u1ec7t nh\u01b0:<\/p>\n<p><span style=\"font-weight: 400\">&#8211; Th\u1ea9m th\u1ea5u t\u1ed1t v\u00e0 b\u1ea3o v\u1ec7 kim lo\u1ea1i ch\u1ed1ng g\u1ec9 s\u00e9t.<\/span><\/p>\n<p><span style=\"font-weight: 400\">&#8211; B\u00f4i tr\u01a1n v\u00e0 n\u1edbi l\u1ecfng d\u1ec5 d\u00e0ng c\u00e1c thi\u1ebft b\u1ecb g\u1ec9 s\u00e9t.<\/span><\/p>\n<p><span style=\"font-weight: 400\">&#8211; Ch\u1ed1ng \u0103n m\u00f2n v\u00e0 t\u1ea9y r\u1ec9 s\u00e9t.<\/span><\/p>\n<p><span style=\"font-weight: 400\">&#8211; L\u00e0m s\u1ea1ch c\u00e1c ch\u1ea5t b\u1ea9n tr\u00ean c\u00e1c b\u1ec1 m\u1eb7t kim lo\u1ea1i, nh\u1ef1a, cao su, v\u00e0 c\u00e1c b\u1ec1 m\u1eb7t \u0111\u01b0\u1ee3c s\u01a1n ph\u1ee7.<\/span><\/p>\n<p><span style=\"font-weight: 400\">&#8211; Kh\u1eed n\u01b0\u1edbc v\u00e0 ng\u0103n ch\u1eb7n s\u1ef1 t\u00edch t\u1ee5 h\u01a1i \u1ea9m.<\/span><\/p>\n<p><b>H\u01b0\u1edbng d\u1eabn s\u1eed d\u1ee5ng:<\/b><\/p>\n<p><span style=\"font-weight: 400\">&#8211; L\u1eafc \u0111\u1ec1u tr\u01b0\u1edbc khi d\u00f9ng, ho\u1eb7c x\u1ecbt tr\u1ef1c ti\u1ebfp l\u00ean b\u1ec1 m\u1eb7t c\u1ea7n x\u1eed l\u00fd<\/span><\/p>\n<p><span style=\"font-weight: 400\">&#8211; C\u00f3 th\u1ec3 d\u00f9ng v\u00f2i x\u1ecbt n\u1ebfu c\u1ea7n.<\/span><\/p>\n<p><span style=\"font-weight: 400\">&#8211; X\u1ecbt th\u1eb3ng v\u00e0o b\u1ec1 m\u1eb7t c\u1ea7n t\u1ea9y g\u1ec9 s\u00e9t v\u00e0 b\u1ea3o v\u1ec7<\/span><\/p>\n<p><span style=\"font-weight: 400\">&#8211; B\u1ea3o qu\u1ea3n n\u01a1i kh\u00f4 tho\u00e1ng.<\/span><\/p>\n<p><strong>&gt;&gt;Tham kh\u1ea3o th\u00eam c\u00e1c s\u1ea3n ph\u1ea9m h\u00f3a ch\u1ea5t c\u00f4ng nghi\u1ec7p kh\u00e1c t\u1ea1i \u0111\u00e2y: <\/strong><a href=\"https:\/\/achisonsafety.com.vn\/danh-muc-san-pham\/san-pham-cong-nghiep\/hoa-chat\/\">https:\/\/achisonsafety.com.vn\/danh-muc-san-pham\/san-pham-cong-nghiep\/hoa-chat\/\u00a0<\/a><\/p>\n","protected":false},"excerpt":{"rendered":"<ul>\n<li><span style=\"font-weight: 400\">Th\u1ea9m th\u1ea5u t\u1ed1t v\u00e0 b\u1ea3o v\u1ec7 kim lo\u1ea1i ch\u1ed1ng g\u1ec9 s\u00e9t.<\/span><\/li>\n<li><span style=\"font-weight: 400\">B\u00f4i tr\u01a1n v\u00e0 n\u1edbi l\u1ecfng d\u1ec5 d\u00e0ng c\u00e1c thi\u1ebft b\u1ecb g\u1ec9 s\u00e9t.<\/span><\/li>\n<li><span style=\"font-weight: 400\">Ch\u1ed1ng \u0103n m\u00f2n v\u00e0 t\u1ea9y r\u1ec9 s\u00e9t.<\/span><\/li>\n<\/ul>\n","protected":false},"featured_media":5503,"comment_status":"open","ping_status":"closed","template":"","meta":[],"product_cat":[538],"product_tag":[183],"class_list":{"0":"post-5502","1":"product","2":"type-product","3":"status-publish","4":"has-post-thumbnail","6":"product_cat-hoa-chat-tay-rua","7":"product_tag-nganh-tu-dong-hoa","8":"yith_product_brand-3m","10":"first","11":"instock","12":"shipping-taxable","13":"product-type-simple"},"acf":[],"_links":{"self":[{"href":"https:\/\/achisonsafety.com.vn\/en\/wp-json\/wp\/v2\/product\/5502"}],"collection":[{"href":"https:\/\/achisonsafety.com.vn\/en\/wp-json\/wp\/v2\/product"}],"about":[{"href":"https:\/\/achisonsafety.com.vn\/en\/wp-json\/wp\/v2\/types\/product"}],"replies":[{"embeddable":true,"href":"https:\/\/achisonsafety.com.vn\/en\/wp-json\/wp\/v2\/comments?post=5502"}],"wp:featuredmedia":[{"embeddable":true,"href":"https:\/\/achisonsafety.com.vn\/en\/wp-json\/wp\/v2\/media\/5503"}],"wp:attachment":[{"href":"https:\/\/achisonsafety.com.vn\/en\/wp-json\/wp\/v2\/media?parent=5502"}],"wp:term":[{"taxonomy":"product_cat","embeddable":true,"href":"https:\/\/achisonsafety.com.vn\/en\/wp-json\/wp\/v2\/product_cat?post=5502"},{"taxonomy":"product_tag","embeddable":true,"href":"https:\/\/achisonsafety.com.vn\/en\/wp-json\/wp\/v2\/product_tag?post=5502"}],"curies":[{"name":"wp","href":"https:\/\/api.w.org\/{rel}","templated":true}]}}