{"id":5506,"date":"2022-08-04T14:56:27","date_gmt":"2022-08-04T07:56:27","guid":{"rendered":"https:\/\/beta.achisonsafety.com.vn\/?post_type=product&#038;p=5506"},"modified":"2025-09-17T16:45:34","modified_gmt":"2025-09-17T09:45:34","slug":"hoa-chat-3m-novec-7100","status":"publish","type":"product","link":"https:\/\/achisonsafety.com.vn\/en\/san-pham\/hoa-chat-3m-novec-7100\/","title":{"rendered":"H\u00f3a ch\u1ea5t 3M Novec 7100"},"content":{"rendered":"<p><b>Th\u01b0\u01a1ng hi\u1ec7u: <\/b><span style=\"font-weight: 400\">3M<\/span><\/p>\n<p><b>M\u00e3 s\u1ea3n ph\u1ea9m: <\/b><span style=\"font-weight: 400\">Novec 7100<\/span><\/p>\n<h4><b>M\u00f4 t\u1ea3: <\/b><\/h4>\n<p><span style=\"font-weight: 400\">H\u00f3a ch\u1ea5t 3M Novec 7100 c\u00f3 th\u1ec3 \u0111\u01b0\u1ee3c s\u1eed d\u1ee5ng trong m\u1ed9t lo\u1ea1t c\u00e1c ng\u00e0nh c\u00f4ng nghi\u1ec7p. \u01afu \u0111i\u1ec3m c\u1ee7a s\u1ea3n ph\u1ea9m l\u00e0 c\u00f3 m\u1ed9t nhi\u1ec7t \u0111\u1ed9 s\u00f4i cao v\u00e0 an to\u00e0n v\u1ec1 m\u00f4i tr\u01b0\u1eddng. S\u1ea3n ph\u1ea9m c\u00f3 nhi\u1ec1u \u01b0u \u0111i\u1ec3m n\u00eam \u0111\u01b0\u1ee3c \u1ee9ng d\u1ee5ng nhi\u1ec1u trong l\u0129nh v\u1ef1c d\u1eabn nhi\u1ec7t, s\u1ef1 lanh tay, ch\u1ea5t b\u00f4i tr\u01a1n l\u1eafng \u0111\u1ecdng.\u00a0<\/span><\/p>\n<p><span style=\"font-weight: 400\">H\u00f3a ch\u1ea5t 3M Novec 7100 l\u00e0 hydrofluoroether \u0111\u1ed9c quy\u1ec1n t\u1eeb 3M. \u0110\u1eb7c t\u00ednh \u0111\u1ed9c \u0111\u00e1o c\u1ee7a n\u00f3 l\u00e0m cho n\u00f3 h\u1eefu \u00edch trong m\u1ed9t lo\u1ea1t c\u00e1c ng\u00e0nh c\u00f4ng nghi\u1ec7p. \u0110i\u1ec3m s\u00f4i v\u00e0 v\u1ecb tr\u00ed thu\u1eadn ti\u1ec7n v\u1ec1 m\u00f4i tr\u01b0\u1eddng, s\u1ee9c kh\u1ecfe v\u00e0 an to\u00e0n c\u1ee7a n\u00f3 l\u00e0m cho n\u00f3 tr\u1edf n\u00ean h\u1eefu \u00edch. N\u00f3 nh\u01b0 m\u1ed9t ch\u1ea5t truy\u1ec1n nhi\u1ec7t, l\u00e0m s\u1ea1ch dung m\u00f4i, l\u1eafng \u0111\u1ecdng d\u1ea7u nh\u1eddn v\u00e0 nhi\u1ec1u \u1ee9ng d\u1ee5ng kh\u00e1c &#8211; bao g\u1ed3m b\u1ea3o qu\u1ea3n m\u1eabu v\u1eadt sinh h\u1ecdc nh\u01b0 m\u1ef1c \u1ed1ng kh\u1ed5ng l\u1ed3 \u0111\u01b0\u1ee3c tr\u01b0ng b\u00e0y t\u1ea1i Ocean Hall tr\u01b0ng b\u00e0y t\u1ea1i Smithsonian.<\/span><\/p>\n<p><b>T\u00ednh ch\u1ea5t:<\/b><\/p>\n<p><span style=\"font-weight: 400\">&#8211; Kh\u00f4ng b\u1eaft l\u1eeda<\/span><\/p>\n<p><span style=\"font-weight: 400\">&#8211; Kh\u00f4ng d\u1eabn \u0111i\u1ec7n<\/span><\/p>\n<p><span style=\"font-weight: 400\">&#8211; T\u01b0\u01a1ng th\u00edch v\u1edbi ch\u1ea5t d\u1ebbo<\/span><\/p>\n<p><span style=\"font-weight: 400\">&#8211; \u0110\u1ed9 \u0111\u1ed9c th\u1ea5p<\/span><\/p>\n<p><span style=\"font-weight: 400\">&#8211; Ti\u1ec1m n\u0103ng g\u00e2y n\u00f3ng to\u00e0n c\u1ea7u th\u1ea5p (GWP)<\/span><\/p>\n<p><span style=\"font-weight: 400\">&#8211;<\/span><span style=\"font-weight: 400\"> Kh\u00f4ng c\u00f3 ozone suy gi\u1ea3m ti\u1ec1m n\u0103ng<\/span><\/p>\n<p><span style=\"font-weight: 400\">&#8211;<\/span><span style=\"font-weight: 400\"> Dung m\u00f4i kh\u00f4ng c\u00f3 VOC (Hoa K\u1ef3 EPA)<\/span><\/p>\n<p><span style=\"font-weight: 400\">&#8211;<\/span><span style=\"font-weight: 400\"> \u00c1p su\u1ea5t b\u1ec1 m\u1eb7t th\u1ea5p x\u00e2m nh\u1eadp kh\u00f4ng gian ch\u1eadt h\u1eb9p \u0111\u1ec3 c\u1ea3i thi\u1ec7n v\u1ec7 sinh<\/span><\/p>\n<p><b>\u1ee8ng d\u1ee5ng:<\/b><\/p>\n<p><span style=\"font-weight: 400\">&#8211; Ch\u1ea5t l\u00e0m s\u1ea1ch nh\u1eb9 nh\u01b0 ch\u1ea5t x\u1ea3<\/span><\/p>\n<p><span style=\"font-weight: 400\">&#8211;<\/span><span style=\"font-weight: 400\"> Ch\u1ea5t r\u1eeda tr\u00e1ng r\u1ea5t hi\u1ec7u qu\u1ea3 khi k\u1ebft h\u1ee3p v\u1edbi c\u00e1c \u0111\u1ed3ng ph\u00e2n hydrocarbon \u0111\u1ec3 l\u00e0m s\u1ea1ch n\u1eb7ng<\/span><\/p>\n<p><span style=\"font-weight: 400\">&#8211;<\/span><span style=\"font-weight: 400\"> X\u00f3a b\u1ecf h\u01a1i n\u01b0\u1edbc, lau s\u1ea1ch v\u00e0 x\u1ecbt s\u1ea1ch \u00b7<\/span><\/p>\n<p><span style=\"font-weight: 400\">&#8211; L\u00e0m s\u1ea1ch h\u1ec7 th\u1ed1ng oxy<\/span><\/p>\n<p><span style=\"font-weight: 400\">&#8211;<\/span><span style=\"font-weight: 400\"> B\u00f4i tr\u01a1n<\/span><\/p>\n<p><span style=\"font-weight: 400\">&#8211; Ch\u1ea5t l\u00e0m kh\u00f4 n\u01b0\u1edbc kh\u00f4ng c\u00f3 b\u1ecdt (v\u1edbi ch\u1ea5t ho\u1ea1t \u0111\u1ed9ng b\u1ec1 m\u1eb7t \u0111\u01b0\u1ee3c th\u00eam v\u00e0o) \u00b7<\/span><\/p>\n<p><span style=\"font-weight: 400\">&#8211; Dung m\u00f4i \u0111\u1eb7c bi\u1ec7t, m\u00f4i tr\u01b0\u1eddng ph\u00e2n t\u00e1n, m\u00f4i tr\u01b0\u1eddng ph\u1ea3n \u1ee9ng<\/span><\/p>\n<p><span style=\"font-weight: 400\">&#8211; B\u1ea3o qu\u1ea3n T\u00e0i li\u1ec7u cho B\u1ea3o t\u00e0ng: B\u1ea3o qu\u1ea3n m\u1eabu v\u1eadt sinh v\u1eadt, ph\u01b0\u01a1ng ti\u1ec7n th\u1eed nghi\u1ec7m \u0111i\u1ec7n m\u00f4i, ch\u1ea5t chuy\u1ec3n nhi\u1ec7t, l\u00e0m s\u1ea1ch v\u00e0 l\u00e0m kh\u00f4 b\u00e1nh wafer b\u00e1n d\u1eabn<\/span><\/p>\n<p><strong>&gt;&gt;Tham kh\u1ea3o th\u00eam c\u00e1c s\u1ea3n ph\u1ea9m h\u00f3a ch\u1ea5t c\u00f4ng nghi\u1ec7p kh\u00e1c t\u1ea1i \u0111\u00e2y: <\/strong><a href=\"https:\/\/achisonsafety.com.vn\/danh-muc-san-pham\/san-pham-cong-nghiep\/hoa-chat\/hoa-chat-cong-nghiep\/\">https:\/\/achisonsafety.com.vn\/danh-muc-san-pham\/san-pham-cong-nghiep\/hoa-chat\/hoa-chat-cong-nghiep\/<\/a><\/p>\n","protected":false},"excerpt":{"rendered":"<ul>\n<li style=\"font-weight: 400\"><span style=\"font-weight: 400\">H\u00f3a ch\u1ea5t c\u00f3 nhi\u1ec7t \u0111\u1ed9 s\u00f4i l\u00fd t\u01b0\u1edfng v\u00e0 truy\u1ec1n nhi\u1ec7t t\u1ed1t, d\u00f9ng l\u00e0m dung m\u00f4i t\u1ea9y r\u1eeda, ch\u1ea5t b\u00f4i tr\u01a1n v\u00e0 nhi\u1ec1u \u1ee9ng d\u1ee5ng kh\u00e1c trong ng\u00e0nh c\u00f4ng nghi\u1ec7p<\/span><\/li>\n<li style=\"font-weight: 400\"><span style=\"font-weight: 400\">Kh\u00f4ng d\u1ec5 ch\u00e1y v\u00e0 kh\u00f4ng d\u1eabn \u0111i\u1ec7n<\/span><\/li>\n<\/ul>\n","protected":false},"featured_media":5507,"comment_status":"open","ping_status":"closed","template":"","meta":[],"product_cat":[538],"product_tag":[190,183,189],"class_list":{"0":"post-5506","1":"product","2":"type-product","3":"status-publish","4":"has-post-thumbnail","6":"product_cat-hoa-chat-tay-rua","7":"product_tag-nganh-san-xuat-chung","8":"product_tag-nganh-tu-dong-hoa","9":"product_tag-nganh-xay-dung-logistic-hoa-chat","10":"yith_product_brand-3m","12":"first","13":"instock","14":"shipping-taxable","15":"product-type-simple"},"acf":[],"_links":{"self":[{"href":"https:\/\/achisonsafety.com.vn\/en\/wp-json\/wp\/v2\/product\/5506"}],"collection":[{"href":"https:\/\/achisonsafety.com.vn\/en\/wp-json\/wp\/v2\/product"}],"about":[{"href":"https:\/\/achisonsafety.com.vn\/en\/wp-json\/wp\/v2\/types\/product"}],"replies":[{"embeddable":true,"href":"https:\/\/achisonsafety.com.vn\/en\/wp-json\/wp\/v2\/comments?post=5506"}],"wp:featuredmedia":[{"embeddable":true,"href":"https:\/\/achisonsafety.com.vn\/en\/wp-json\/wp\/v2\/media\/5507"}],"wp:attachment":[{"href":"https:\/\/achisonsafety.com.vn\/en\/wp-json\/wp\/v2\/media?parent=5506"}],"wp:term":[{"taxonomy":"product_cat","embeddable":true,"href":"https:\/\/achisonsafety.com.vn\/en\/wp-json\/wp\/v2\/product_cat?post=5506"},{"taxonomy":"product_tag","embeddable":true,"href":"https:\/\/achisonsafety.com.vn\/en\/wp-json\/wp\/v2\/product_tag?post=5506"}],"curies":[{"name":"wp","href":"https:\/\/api.w.org\/{rel}","templated":true}]}}