{"id":5526,"date":"2022-08-04T15:36:22","date_gmt":"2022-08-04T08:36:22","guid":{"rendered":"https:\/\/beta.achisonsafety.com.vn\/?post_type=product&#038;p=5526"},"modified":"2025-09-17T16:45:33","modified_gmt":"2025-09-17T09:45:33","slug":"cuon-cap-chong-roi-nga-tu-rut-kstrong-srl-brute-afs550012","status":"publish","type":"product","link":"https:\/\/achisonsafety.com.vn\/en\/san-pham\/cuon-cap-chong-roi-nga-tu-rut-kstrong-srl-brute-afs550012\/","title":{"rendered":"Cu\u1ed9n c\u00e1p ch\u1ed1ng r\u01a1i ng\u00e3 t\u1ef1 r\u00fat KStrong SRL Brute AFS550012"},"content":{"rendered":"<p><span style=\"font-weight: 400\">Cu\u1ed9n c\u00e1p ch\u1ed1ng r\u01a1i ng\u00e3 t\u1ef1 r\u00fat <\/span><span style=\"font-weight: 400\">l\u00e0 m\u1ed9t thi\u1ebft b\u1ecb An To\u00e0n Lao \u0110\u1ed9ng \u0111\u01b0\u1ee3c s\u1eed d\u1ee5ng khi l\u00e0m vi\u1ec7c tr\u00ean cao nh\u1eb1m \u0111\u1ea3m b\u1ea3o an to\u00e0n tuy\u1ec7t \u0111\u1ed1i cho ng\u01b0\u1eddi lao \u0111\u1ed9ng khi c\u00f3 s\u1ef1 c\u1ed1 t\u00e9 ng\u00e3.<\/span><\/p>\n<p><span style=\"font-weight: 400\">D\u00f2ng s\u1ea3n ph\u1ea9m SRL Brute c\u00f3 tr\u1ecdng l\u01b0\u1ee3ng nh\u1eb9, nh\u1ecf g\u1ecdn v\u00e0 m\u1ea1nh m\u1ec1, \u0111\u1ea3m b\u1ea3o \u0111\u1ed9 tin c\u1eady v\u00e0 an to\u00e0n cho ng\u01b0\u1eddi s\u1eed d\u1ee5ng khi l\u00e0m vi\u1ec7c tr\u00ean cao. Hi\u1ec7n c\u00f3 lo\u1ea1i d\u00e2y th\u00e9p m\u1ea1 k\u1ebdm, d\u00e2y th\u00e9p kh\u00f4ng g\u1ec9 v\u00e0 d\u00e2y \u0111ai d\u1ec7t hi\u1ec7u su\u1ea5t cao<\/span><\/p>\n<p><strong>Cu\u1ed9n c\u00e1p ch\u1ed1ng r\u01a1i ng\u00e3 t\u1ef1 r\u00fat KStrong SRL Brute AFS550012<\/strong><\/p>\n<p><b>Th\u01b0\u01a1ng hi\u1ec7u:<\/b><span style=\"font-weight: 400\"> KStrong<\/span><\/p>\n<p><b>M\u00e3 s\u1ea3n ph\u1ea9m:<\/b><span style=\"font-weight: 400\"> AFS550012<\/span><\/p>\n<p><b>Ch\u1ea5t li\u1ec7u v\u1ecf:<\/b><span style=\"font-weight: 400\"> V\u1ecf polymer ch\u1ecbu \u0111\u01b0\u1ee3c l\u1ef1c va \u0111\u1eadp l\u1edbp<\/span><\/p>\n<p><b>Ch\u1ea5t li\u1ec7u v\u00e0 \u0111\u01b0\u1eddng k\u00ednh d\u00e2y c\u1ee9u sinh:<\/b><span style=\"font-weight: 400\"> D\u00e2y \u0111ai d\u1ec7t Polyester 25mm<\/span><\/p>\n<p><b>D\u00e2y \u0111ai d\u1ec7t d\u00e0i: <\/b><span style=\"font-weight: 400\">12m<\/span><\/p>\n<p><b>\u0110\u1ed9 b\u1ec1n \u0111\u1ee9t:<\/b><span style=\"font-weight: 400\"> 20kN<\/span><\/p>\n<p><b>\u0110\u1ea7u li\u00ean k\u1ebft:<\/b><span style=\"font-weight: 400\"> M\u00f3c kh\u00f3a thay \u0111\u01b0\u1ee3c b\u1eb1ng th\u00e9p m\u1ea1 k\u1ebdm<\/span><\/p>\n<p><b>\u0110\u1ea7u neo:<\/b><span style=\"font-weight: 400\"> M\u00f3c karabiner b\u1eb1ng th\u00e9p m\u1ea1 k\u1ebdm c\u00f3 ren v\u1eb7n ch\u1ed1t kh\u00f3a<\/span><\/p>\n<p><b>Ti\u00eau chu\u1ea9n:<\/b><span style=\"font-weight: 400\"> EN 360:2002<\/span><\/p>\n<p><b>Tr\u1ecdng l\u01b0\u1ee3ng:<\/b><span style=\"font-weight: 400\"> 6.22Kg<\/span><\/p>\n<p><b>T\u1ea3i tr\u1ecdng t\u1ed1i \u0111a: <\/b><span style=\"font-weight: 400\">140Kg<\/span><\/p>\n<p><b>\u1ee8ng d\u1ee5ng:\u00a0<\/b><\/p>\n<p><span style=\"font-weight: 400\">&#8211;<\/span> <span style=\"font-weight: 400\">C\u00f4ng tr\u00ecnh x\u00e2y d\u1ef1ng<\/span><\/p>\n<p><span style=\"font-weight: 400\">&#8211; Nh\u00e0 m\u00e1y x\u00ed nghi\u1ec7p<\/span><\/p>\n<p><span style=\"font-weight: 400\">&#8211; C\u1ed1i xay gi\u00f3<\/span><\/p>\n<p><span style=\"font-weight: 400\">&#8211; \u0110i\u1ec7n l\u1ef1c<\/span><\/p>\n<p><span style=\"font-weight: 400\">&#8211; Nh\u1eefng v\u1ecb tr\u00ed l\u00e0m vi\u1ec7c tr\u00ean cao kh\u00e1c<\/span><\/p>\n<p><b>L\u01b0u \u00fd:<\/b><\/p>\n<p><span style=\"font-weight: 400\">&#8211; Tr\u01b0\u1edbc khi s\u1eed d\u1ee5ng s\u1ea3n ph\u1ea9m, b\u1eaft bu\u1ed9c ph\u1ea3i ki\u1ec3m tra d\u00e2y treo xem c\u00f3 b\u1ecb h\u1ecfng, b\u1ecb c\u1eaft v\u00e0 b\u1ecb ch\u00e1y kh\u00f4ng<\/span><\/p>\n<p>&#8211; S\u1eed d\u1ee5ng \u0111\u00fang t\u1ea3i tr\u1ecdng t\u1ed1i \u0111a khuy\u1ebfn c\u00e1o<\/p>\n<p>&#8211; Th\u01b0\u1eddng xuy\u00ean ki\u1ec3m tra, b\u1ea3o d\u01b0\u1ee1ng s\u1ea3n ph\u1ea9m \u0111\u1ecbnh k\u1ef3<\/p>\n<p>==&gt; Th\u1ea3m kh\u1ea3o th\u00eam c\u00e1c gi\u1ea3i ph\u00e1p ch\u1ed1ng r\u01a1i ng\u00e3 kh\u00e1c: <a href=\"https:\/\/achisonsafety.com.vn\/danh-muc-san-pham\/bao-ho-lao-dong\/giai-phap-chong-roi-nga-tren-cao\/\">https:\/\/achisonsafety.com.vn\/danh-muc-san-pham\/bao-ho-lao-dong\/giai-phap-chong-roi-nga-tren-cao\/\u00a0<\/a><\/p>\n","protected":false},"excerpt":{"rendered":"<ul>\n<li><span style=\"font-weight: 400\">D\u00f2ng s\u1ea3n ph\u1ea9m SRL Brute c\u00f3 tr\u1ecdng l\u01b0\u1ee3ng nh\u1eb9, nh\u1ecf g\u1ecdn v\u00e0 m\u1ea1nh m\u1ec1, \u0111\u1ea3m b\u1ea3o \u0111\u1ed9 tin c\u1eady v\u00e0 an to\u00e0n cho ng\u01b0\u1eddi s\u1eed d\u1ee5ng khi l\u00e0m vi\u1ec7c tr\u00ean cao. <\/span><\/li>\n<li><span style=\"font-weight: 400\">Hi\u1ec7n c\u00f3 lo\u1ea1i d\u00e2y th\u00e9p m\u1ea1 k\u1ebdm, d\u00e2y th\u00e9p kh\u00f4ng g\u1ec9 v\u00e0 d\u00e2y \u0111ai d\u1ec7t hi\u1ec7u su\u1ea5t cao<\/span><\/li>\n<\/ul>\n","protected":false},"featured_media":5528,"comment_status":"open","ping_status":"closed","template":"","meta":[],"product_cat":[499],"product_tag":[188],"class_list":{"0":"post-5526","1":"product","2":"type-product","3":"status-publish","4":"has-post-thumbnail","6":"product_cat-cuon-cap-chong-roi-nga-tu-rut","7":"product_tag-nganh-dau-khi-khai-khoang-dong-tau-cang-bien-hang-khong","8":"yith_product_brand-kstrong","10":"first","11":"instock","12":"shipping-taxable","13":"product-type-simple"},"acf":[],"_links":{"self":[{"href":"https:\/\/achisonsafety.com.vn\/en\/wp-json\/wp\/v2\/product\/5526"}],"collection":[{"href":"https:\/\/achisonsafety.com.vn\/en\/wp-json\/wp\/v2\/product"}],"about":[{"href":"https:\/\/achisonsafety.com.vn\/en\/wp-json\/wp\/v2\/types\/product"}],"replies":[{"embeddable":true,"href":"https:\/\/achisonsafety.com.vn\/en\/wp-json\/wp\/v2\/comments?post=5526"}],"wp:featuredmedia":[{"embeddable":true,"href":"https:\/\/achisonsafety.com.vn\/en\/wp-json\/wp\/v2\/media\/5528"}],"wp:attachment":[{"href":"https:\/\/achisonsafety.com.vn\/en\/wp-json\/wp\/v2\/media?parent=5526"}],"wp:term":[{"taxonomy":"product_cat","embeddable":true,"href":"https:\/\/achisonsafety.com.vn\/en\/wp-json\/wp\/v2\/product_cat?post=5526"},{"taxonomy":"product_tag","embeddable":true,"href":"https:\/\/achisonsafety.com.vn\/en\/wp-json\/wp\/v2\/product_tag?post=5526"}],"curies":[{"name":"wp","href":"https:\/\/api.w.org\/{rel}","templated":true}]}}