{"id":5539,"date":"2022-08-04T16:57:14","date_gmt":"2022-08-04T09:57:14","guid":{"rendered":"https:\/\/beta.achisonsafety.com.vn\/?post_type=product&#038;p=5539"},"modified":"2025-09-17T16:45:32","modified_gmt":"2025-09-17T09:45:32","slug":"con-lan-phong-bui-hsong-roller-300","status":"publish","type":"product","link":"https:\/\/achisonsafety.com.vn\/en\/san-pham\/con-lan-phong-bui-hsong-roller-300\/","title":{"rendered":"Con l\u0103n ph\u00f2ng b\u1ee5i Hsong-Roller-300"},"content":{"rendered":"<p><span style=\"font-weight: 400\">Ph\u00f2ng s\u1ea1ch l\u00e0 m\u1ed9t m\u00f4i tr\u01b0\u1eddng \u0111\u1eb7c bi\u1ec7t, c\u00f3 s\u1ef1 ki\u1ec3m so\u00e1t g\u1eaft gao h\u00e0m l\u01b0\u1ee3ng b\u1ee5i trong kh\u00f4ng kh\u00ed &#8211; <strong>Con l\u0103n ph\u00f2ng b\u1ee5i Hsong-Roller-300<\/strong><\/span><\/p>\n<p><span style=\"font-weight: 400\">Do \u0111\u00f3, t\u1ea5t c\u1ea3 nh\u1eefng ho\u1ea1t \u0111\u1ed9ng trong ph\u00f2ng s\u1ea1ch \u0111\u1ec1u ph\u1ea3i \u0111\u1ea3m b\u1ea3o \u0111i\u1ec1u ki\u1ec7n ti\u00ean quy\u1ebft: &#8220;Kh\u00f4ng s\u1ea3n sinh ra b\u1ee5i, ho\u1eb7c n\u1ebfu c\u00f3 c\u0169ng ph\u1ea3i trong m\u1ee9c \u0111\u1ed9 cho ph\u00e9p&#8221;. M\u1ed9t trong nh\u1eefng s\u1ea3n ph\u1ea9m th\u01b0\u1eddng xuy\u00ean s\u1eed d\u1ee5ng \u0111\u00f3 l\u00e0 <\/span><span style=\"font-weight: 400\">Con l\u0103n ph\u00f2ng b\u1ee5i Hsong-Roller-300<\/span><\/p>\n<p><strong>M\u00e3 s\u1ea3n ph\u1ea9m: <\/strong>Hsong-Roller-300<\/p>\n<p><b>C\u00f4ng d\u1ee5ng:<\/b><span style=\"font-weight: 400\">\u00a0<\/span><\/p>\n<p><span style=\"font-weight: 400\">Con l\u0103n ph\u00f2ng b\u1ee5i Hsong-Roller-300 d\u00f9ng \u0111\u1ec3 t\u1ea9y, l\u00e0m s\u1ea1ch khu v\u1ef1c d\u00ednh b\u1ee5i, khu v\u1ef1c c\u1ea7n l\u00e0m s\u1ea1ch.<\/span><\/p>\n<p><span style=\"font-weight: 400\">Polyethylene film: bao g\u1ed3m 10 l\u1edbp cu\u1ed9n li\u1ec1n nhau, g\u1eafn c\u00f9ng tay c\u1ea7m, \u0111\u1ec3 l\u0103n \u1edf c\u0169ng khu v\u1ef1c tr\u1ea7n, ho\u1eb7c s\u00e0n, b\u1ecb h\u1ea1n ch\u1ebf v\u1ec1 di\u1ec7n t\u00edch ti\u1ebfp x\u00fac, sau khi thao t\u00e1c c\u00f3 th\u1ec3 l\u1ed9t l\u1edbp PE \u0111\u00e3 d\u00ednh b\u1ee5i v\u00e0 s\u1eed d\u1ee5ng ti\u1ebfp ph\u1ea7n b\u00ean trong.<\/span><\/p>\n<p><b>\u1ee8ng d\u1ee5ng: <\/b><span style=\"font-weight: 400\">Trong m\u00f4i tr\u01b0\u1eddng l\u00e0m vi\u1ec7c c\u1ea7n ti\u00eau chu\u1ea9n cao nh\u01b0: s\u1ea3n xu\u1ea5t linh ki\u1ec7n b\u00e1n d\u1eabn, thi\u1ebft b\u1ecb \u0111i\u1ec7n t\u1eed, nghi\u00ean c\u1ee9u khoa h\u1ecdc, quang h\u1ecdc, thi\u1ebft b\u1ecb y t\u1ebf v\u00e0 th\u1ef1c ph\u1ea9m.<\/span><\/p>\n<p>==&gt; Xem th\u00eam c\u00e1c gi\u1ea3i ph\u00e1p ph\u00f2ng s\u1ea1ch kh\u00e1c:<a href=\"https:\/\/achisonsafety.com.vn\/danh-muc-san-pham\/thiet-bi-phong-sach\/\"> https:\/\/achisonsafety.com.vn\/danh-muc-san-pham\/thiet-bi-phong-sach\/\u00a0<\/a><\/p>\n","protected":false},"excerpt":{"rendered":"<ul>\n<li><span style=\"font-weight: 400\">D\u00f9ng \u0111\u1ec3 t\u1ea9y, l\u00e0m s\u1ea1ch khu v\u1ef1c d\u00ednh b\u1ee5i, khu v\u1ef1c c\u1ea7n l\u00e0m s\u1ea1ch.<\/span><\/li>\n<li><span style=\"font-weight: 400\">Polyethylene film: bao g\u1ed3m 10 l\u1edbp cu\u1ed9n li\u1ec1n nhau, g\u1eafn c\u00f9ng tay c\u1ea7m, \u0111\u1ec3 l\u0103n \u1edf c\u0169ng khu v\u1ef1c tr\u1ea7n, ho\u1eb7c s\u00e0n, b\u1ecb h\u1ea1n ch\u1ebf v\u1ec1 di\u1ec7n t\u00edch ti\u1ebfp x\u00fac, sau khi thao t\u00e1c c\u00f3 th\u1ec3 l\u1ed9t l\u1edbp PE \u0111\u00e3 d\u00ednh b\u1ee5i v\u00e0 s\u1eed d\u1ee5ng ti\u1ebfp ph\u1ea7n b\u00ean trong.<\/span><\/li>\n<\/ul>\n","protected":false},"featured_media":5540,"comment_status":"open","ping_status":"closed","template":"","meta":[],"product_cat":[70],"product_tag":[187],"class_list":{"0":"post-5539","1":"product","2":"type-product","3":"status-publish","4":"has-post-thumbnail","6":"product_cat-con-lan-phong-sach","7":"product_tag-nganh-duoc-duoc-pham-benh-vien","8":"yith_product_brand-thuong-hieu-khac","10":"first","11":"instock","12":"shipping-taxable","13":"product-type-simple"},"acf":[],"_links":{"self":[{"href":"https:\/\/achisonsafety.com.vn\/en\/wp-json\/wp\/v2\/product\/5539"}],"collection":[{"href":"https:\/\/achisonsafety.com.vn\/en\/wp-json\/wp\/v2\/product"}],"about":[{"href":"https:\/\/achisonsafety.com.vn\/en\/wp-json\/wp\/v2\/types\/product"}],"replies":[{"embeddable":true,"href":"https:\/\/achisonsafety.com.vn\/en\/wp-json\/wp\/v2\/comments?post=5539"}],"wp:featuredmedia":[{"embeddable":true,"href":"https:\/\/achisonsafety.com.vn\/en\/wp-json\/wp\/v2\/media\/5540"}],"wp:attachment":[{"href":"https:\/\/achisonsafety.com.vn\/en\/wp-json\/wp\/v2\/media?parent=5539"}],"wp:term":[{"taxonomy":"product_cat","embeddable":true,"href":"https:\/\/achisonsafety.com.vn\/en\/wp-json\/wp\/v2\/product_cat?post=5539"},{"taxonomy":"product_tag","embeddable":true,"href":"https:\/\/achisonsafety.com.vn\/en\/wp-json\/wp\/v2\/product_tag?post=5539"}],"curies":[{"name":"wp","href":"https:\/\/api.w.org\/{rel}","templated":true}]}}