{"id":5560,"date":"2022-08-05T09:36:50","date_gmt":"2022-08-05T02:36:50","guid":{"rendered":"https:\/\/beta.achisonsafety.com.vn\/?post_type=product&#038;p=5560"},"modified":"2025-09-17T16:45:31","modified_gmt":"2025-09-17T09:45:31","slug":"thiet-bi-thu-day-cuu-ho-kstrong-brute-afs-510020r","status":"publish","type":"product","link":"https:\/\/achisonsafety.com.vn\/en\/san-pham\/thiet-bi-thu-day-cuu-ho-kstrong-brute-afs-510020r\/","title":{"rendered":"Thi\u1ebft b\u1ecb thu d\u00e2y c\u1ee9u h\u1ed9 KStrong Brute AFS510020R"},"content":{"rendered":"<h3><span style=\"font-size: 75%\"><span style=\"font-weight: 400\">Cu\u1ed9n c\u00e1p ch\u1ed1ng r\u01a1i ng\u00e3 t\u1ef1 r\u00fat <\/span><span style=\"font-weight: 400\">l\u00e0 m\u1ed9t thi\u1ebft b\u1ecb An To\u00e0n Lao \u0110\u1ed9ng \u0111\u01b0\u1ee3c s\u1eed d\u1ee5ng khi l\u00e0m vi\u1ec7c tr\u00ean cao nh\u1eb1m \u0111\u1ea3m b\u1ea3o an to\u00e0n tuy\u1ec7t \u0111\u1ed1i cho ng\u01b0\u1eddi lao \u0111\u1ed9ng khi c\u00f3 s\u1ef1 c\u1ed1 t\u00e9 ng\u00e3.<\/span><\/span><\/h3>\n<h3><span style=\"font-weight: 400;font-size: 75%\">D\u00f2ng s\u1ea3n ph\u1ea9m SRL Brute c\u00f3 tr\u1ecdng l\u01b0\u1ee3ng nh\u1eb9, nh\u1ecf g\u1ecdn v\u00e0 m\u1ea1nh m\u1ec1, \u0111\u1ea3m b\u1ea3o \u0111\u1ed9 tin c\u1eady v\u00e0 an to\u00e0n cho ng\u01b0\u1eddi s\u1eed d\u1ee5ng khi l\u00e0m vi\u1ec7c tr\u00ean cao. Hi\u1ec7n c\u00f3 lo\u1ea1i d\u00e2y th\u00e9p m\u1ea1 k\u1ebdm, d\u00e2y th\u00e9p kh\u00f4ng g\u1ec9 v\u00e0 d\u00e2y \u0111ai d\u1ec7t hi\u1ec7u su\u1ea5t cao<\/span><\/h3>\n<h3><span style=\"font-weight: 400;font-size: 75%\">SRL thi\u1ebft b\u1ecb thu d\u00e2y c\u1ee9u h\u1ed9 c\u1ee7a KStrong c\u00f3 thi\u1ebft k\u1ebf \u0111\u1eb7c bi\u1ec7t s\u1eed d\u1ee5ng \u0111\u01b0\u1ee3c nh\u01b0 SRL ti\u00eau chu\u1ea9n v\u00e0 SRL thu d\u00e2y c\u1ee9u h\u1ed9 lo\u1ea1i 3. C\u00f3 th\u1ec3 k\u00edch ho\u1ea1t lo\u1ea1i H\u1ed9p d\u00e2y n\u00e0y sang ch\u1ebf \u0111\u1ed9 t\u1eddi \u0111\u1ec1 n\u00e2ng ho\u1eb7c h\u1ea1 ng\u01b0\u1eddi s\u1eed d\u1ee5ng \u0111\u1ebfn v\u1ecb tr\u00ed an to\u00e0n. Lo\u1ea1i h\u1ed9p d\u00e2y n\u00e0y c\u00f3 th\u1ec3 d\u1ec5 d\u00e0ng g\u1eafn v\u00e0o Gi\u00e1 ba ch\u00e2n v\u00e0 C\u1ea7n tr\u1ee5c treo KStrong Extreme<\/span><\/h3>\n<p><strong>Thi\u1ebft b\u1ecb thu d\u00e2y c\u1ee9u h\u1ed9 KStrong Brute AFS 510020R<\/strong><\/p>\n<p><b>Th\u01b0\u01a1ng hi\u1ec7u:<\/b><span style=\"font-weight: 400\"> KStrong<\/span><\/p>\n<p><b>M\u00e3 s\u1ea3n ph\u1ea9m:<\/b><span style=\"font-weight: 400\"> AFS510020R<\/span><\/p>\n<p><b>Ch\u1ea5t li\u1ec7u v\u1ecf:<\/b><span style=\"font-weight: 400\"> V\u1ecf polymer ch\u1ecbu \u0111\u01b0\u1ee3c l\u1ef1c va \u0111\u1eadp l\u1edbp<\/span><\/p>\n<p><b>Ch\u1ea5t li\u1ec7u v\u00e0 \u0111\u01b0\u1eddng k\u00ednh d\u00e2y c\u1ee9u sinh:<\/b><span style=\"font-weight: 400\"> D\u00e2y c\u00e1p th\u00e9p m\u1ea1 k\u1ebdm \u0111\u01b0\u1eddng k\u00ednh 4.5<\/span><\/p>\n<p><b>D\u00e2y c\u00e1p d\u00e0i:<\/b><span style=\"font-weight: 400\"> 20m<\/span><\/p>\n<p><b>\u0110\u1ed9 b\u1ec1n \u0111\u1ee9t:<\/b><span style=\"font-weight: 400\"> 15kN<\/span><\/p>\n<p><b>\u0110\u1ea7u li\u00ean k\u1ebft:<\/b><span style=\"font-weight: 400\"> M\u00f3c kh\u00f3a thay \u0111\u01b0\u1ee3c b\u1eb1ng th\u00e9p m\u1ea1 k\u1ebdm<\/span><\/p>\n<p><b>\u0110\u1ea7u neo:<\/b><span style=\"font-weight: 400\"> M\u00f3c karabiner c\u00f3 kh\u00f3a chuy\u1ec3n h\u01b0\u1edbng b\u1eb1ng th\u00e9p m\u1ea1 k\u1ebdm<\/span><\/p>\n<p><b>Ti\u00eau chu\u1ea9n:<\/b><span style=\"font-weight: 400\"> EN 360:2002 &amp; EN1496:2006 Class B<\/span><\/p>\n<p><b>Tr\u1ecdng l\u01b0\u1ee3ng:<\/b><span style=\"font-weight: 400\"> 8.10Kg<\/span><\/p>\n<p><b>T\u1ea3i tr\u1ecdng t\u1ed1i \u0111a: <\/b><span style=\"font-weight: 400\">140Kg<\/span><\/p>\n<p><b>C\u00e1c ch\u1ebf \u0111\u1ed9 c\u1ee7a <\/b><b>Thi\u1ebft b\u1ecb thu d\u00e2y c\u1ee9u h\u1ed9 KStrong Brute <\/b><b>AFS 510020R<\/b><\/p>\n<p><b>Ch\u1ebf \u0111\u1ed9 h\u1ed9p d\u00e2y:<\/b><\/p>\n<p><img loading=\"lazy\" decoding=\"async\" class=\"alignnone size-full wp-image-5569\" src=\"https:\/\/achisonsafety.com.vn\/wp-content\/uploads\/2022\/08\/Che-do-hop-day.png\" alt=\"\" width=\"400\" height=\"200\" title=\"\" srcset=\"https:\/\/achisonsafety.com.vn\/wp-content\/uploads\/2022\/08\/Che-do-hop-day.png 400w, https:\/\/achisonsafety.com.vn\/wp-content\/uploads\/2022\/08\/Che-do-hop-day-60x30.png 60w, https:\/\/achisonsafety.com.vn\/wp-content\/uploads\/2022\/08\/Che-do-hop-day-120x60.png 120w\" sizes=\"(max-width: 400px) 100vw, 400px\" \/><\/p>\n<p><b>Ch\u1ebf \u0111\u1ed9 t\u1eddi:<\/b><\/p>\n<p><img loading=\"lazy\" decoding=\"async\" class=\"alignnone size-full wp-image-5567\" src=\"https:\/\/achisonsafety.com.vn\/wp-content\/uploads\/2022\/08\/Che-doToi.png\" alt=\"\" width=\"400\" height=\"200\" title=\"\" srcset=\"https:\/\/achisonsafety.com.vn\/wp-content\/uploads\/2022\/08\/Che-doToi.png 400w, https:\/\/achisonsafety.com.vn\/wp-content\/uploads\/2022\/08\/Che-doToi-60x30.png 60w, https:\/\/achisonsafety.com.vn\/wp-content\/uploads\/2022\/08\/Che-doToi-120x60.png 120w\" sizes=\"(max-width: 400px) 100vw, 400px\" \/><\/p>\n<p><b>\u1ee8ng d\u1ee5ng:\u00a0<\/b><\/p>\n<p><span style=\"font-weight: 400\">&#8211;<\/span> <span style=\"font-weight: 400\">C\u00f4ng tr\u00ecnh x\u00e2y d\u1ef1ng<\/span><\/p>\n<p><span style=\"font-weight: 400\">&#8211; Nh\u00e0 m\u00e1y x\u00ed nghi\u1ec7p<\/span><\/p>\n<p><span style=\"font-weight: 400\">&#8211; C\u1ed1i xay gi\u00f3<\/span><\/p>\n<p><span style=\"font-weight: 400\">&#8211; \u0110i\u1ec7n l\u1ef1c<\/span><\/p>\n<p><span style=\"font-weight: 400\">&#8211; Nh\u1eefng v\u1ecb tr\u00ed l\u00e0m vi\u1ec7c tr\u00ean cao kh\u00e1c<\/span><\/p>\n<p><b>L\u01b0u \u00fd:<\/b><\/p>\n<p><span style=\"font-weight: 400\">&#8211; Th\u01b0\u1eddng xuy\u00ean ki\u1ec3m tra, b\u1ea3o tr\u00ec, b\u1ea3o d\u01b0\u1ee1ng s\u1ea3n ph\u1ea9m \u0111\u1ecbnh k\u1ef3<\/span><\/p>\n<p><span style=\"font-weight: 400\">&#8211; Tu\u00e2n th\u1ee7 \u0111\u00fang t\u1ea3i tr\u1ecdng t\u1ed1i \u0111a c\u1ee7a s\u1ea3n ph\u1ea9m<\/span><\/p>\n<p><span style=\"font-weight: 400\">&#8211; Kh\u00f4ng t\u1ef1 \u00fd th\u00e1o r\u1eddi, s\u1eeda ch\u1eefa s\u1ea3n ph\u1ea9m<\/span><\/p>\n","protected":false},"excerpt":{"rendered":"<ul>\n<li><span style=\"font-weight: 400;font-size: 90%\">SRL thi\u1ebft b\u1ecb thu d\u00e2y c\u1ee9u h\u1ed9 c\u1ee7a KStrong c\u00f3 thi\u1ebft k\u1ebf \u0111\u1eb7c bi\u1ec7t s\u1eed d\u1ee5ng \u0111\u01b0\u1ee3c nh\u01b0 SRL ti\u00eau chu\u1ea9n v\u00e0 SRL thu d\u00e2y c\u1ee9u h\u1ed9 lo\u1ea1i 3. <\/span><\/li>\n<li><span style=\"font-weight: 400;font-size: 90%\">C\u00f3 th\u1ec3 k\u00edch ho\u1ea1t lo\u1ea1i H\u1ed9p d\u00e2y n\u00e0y sang ch\u1ebf \u0111\u1ed9 t\u1eddi \u0111\u1ec1 n\u00e2ng ho\u1eb7c h\u1ea1 ng\u01b0\u1eddi s\u1eed d\u1ee5ng \u0111\u1ebfn v\u1ecb tr\u00ed an to\u00e0n. <\/span><\/li>\n<li><span style=\"font-weight: 400;font-size: 90%\">Lo\u1ea1i h\u1ed9p d\u00e2y n\u00e0y c\u00f3 th\u1ec3 d\u1ec5 d\u00e0ng g\u1eafn v\u00e0o Gi\u00e1 ba ch\u00e2n v\u00e0 C\u1ea7n tr\u1ee5c treo KStrong Extreme<\/span><\/li>\n<\/ul>\n","protected":false},"featured_media":5561,"comment_status":"open","ping_status":"closed","template":"","meta":[],"product_cat":[499],"product_tag":[188,189],"class_list":{"0":"post-5560","1":"product","2":"type-product","3":"status-publish","4":"has-post-thumbnail","6":"product_cat-cuon-cap-chong-roi-nga-tu-rut","7":"product_tag-nganh-dau-khi-khai-khoang-dong-tau-cang-bien-hang-khong","8":"product_tag-nganh-xay-dung-logistic-hoa-chat","9":"yith_product_brand-kstrong","11":"first","12":"instock","13":"shipping-taxable","14":"product-type-simple"},"acf":[],"_links":{"self":[{"href":"https:\/\/achisonsafety.com.vn\/en\/wp-json\/wp\/v2\/product\/5560"}],"collection":[{"href":"https:\/\/achisonsafety.com.vn\/en\/wp-json\/wp\/v2\/product"}],"about":[{"href":"https:\/\/achisonsafety.com.vn\/en\/wp-json\/wp\/v2\/types\/product"}],"replies":[{"embeddable":true,"href":"https:\/\/achisonsafety.com.vn\/en\/wp-json\/wp\/v2\/comments?post=5560"}],"wp:featuredmedia":[{"embeddable":true,"href":"https:\/\/achisonsafety.com.vn\/en\/wp-json\/wp\/v2\/media\/5561"}],"wp:attachment":[{"href":"https:\/\/achisonsafety.com.vn\/en\/wp-json\/wp\/v2\/media?parent=5560"}],"wp:term":[{"taxonomy":"product_cat","embeddable":true,"href":"https:\/\/achisonsafety.com.vn\/en\/wp-json\/wp\/v2\/product_cat?post=5560"},{"taxonomy":"product_tag","embeddable":true,"href":"https:\/\/achisonsafety.com.vn\/en\/wp-json\/wp\/v2\/product_tag?post=5560"}],"curies":[{"name":"wp","href":"https:\/\/api.w.org\/{rel}","templated":true}]}}