{"id":5595,"date":"2022-08-05T11:24:28","date_gmt":"2022-08-05T04:24:28","guid":{"rendered":"https:\/\/beta.achisonsafety.com.vn\/?post_type=product&#038;p=5595"},"modified":"2025-09-17T16:45:30","modified_gmt":"2025-09-17T09:45:30","slug":"bao-tay-ngon-phong-sach-pol-f100-c-t-b-m","status":"publish","type":"product","link":"https:\/\/achisonsafety.com.vn\/en\/san-pham\/bao-tay-ngon-phong-sach-pol-f100-c-t-b-m\/","title":{"rendered":"Bao tay ng\u00f3n ph\u00f2ng s\u1ea1ch POL-F100-C-T-B-M"},"content":{"rendered":"<p><span style=\"font-weight: 400\">Ph\u00f2ng s\u1ea1ch l\u00e0 m\u1ed9t m\u00f4i tr\u01b0\u1eddng \u0111\u1eb7c bi\u1ec7t, c\u00f3 s\u1ef1 ki\u1ec3m so\u00e1t g\u1eaft gao h\u00e0m l\u01b0\u1ee3ng b\u1ee5i trong kh\u00f4ng kh\u00ed.\u00a0<\/span><span style=\"font-weight: 400\">Do \u0111\u00f3, t\u1ea5t c\u1ea3 nh\u1eefng ho\u1ea1t \u0111\u1ed9ng trong ph\u00f2ng s\u1ea1ch \u0111\u1ec1u ph\u1ea3i \u0111\u1ea3m b\u1ea3o \u0111i\u1ec1u ki\u1ec7n ti\u00ean quy\u1ebft: &#8220;Kh\u00f4ng s\u1ea3n sinh ra b\u1ee5i, ho\u1eb7c n\u1ebfu c\u00f3 c\u0169ng ph\u1ea3i trong m\u1ee9c \u0111\u1ed9 cho ph\u00e9p&#8221;. M\u1ed9t trong nh\u1eefng s\u1ea3n ph\u1ea9m th\u01b0\u1eddng xuy\u00ean s\u1eed d\u1ee5ng \u0111\u00f3 l\u00e0 Bao tay ng\u00f3n ph\u00f2ng s\u1ea1ch\u00a0 &#8211; <\/span><strong><span style=\"font-weight: 400\"><strong>Bao tay ng\u00f3n ph\u00f2ng s\u1ea1ch<\/strong> <\/span>POL-F100-C-T-B-M POL-F100-C-T-B-M<\/strong><\/p>\n<p><strong>M\u00e3 s\u1ea3n ph\u1ea9m: <\/strong>POL-F100-C-T-B-M<\/p>\n<p><b>C\u00f4ng d\u1ee5ng:<\/b><span style=\"font-weight: 400\">\u00a0<\/span><\/p>\n<p>Bao tay ng\u00f3n kh\u00f4ng b\u1ed9t<\/p>\n<p>Bao ng\u00f3n kh\u00f4ng b\u1ed9t r\u01a1i r\u1edbt trong qu\u00e1 tr\u00ecnh thao t\u00e1c, th\u00edch h\u1ee3p cho l\u0129nh v\u1ef1c ph\u00f2ng s\u1ea1ch.<\/p>\n<p>G\u0103ng tay ng\u00f3n h\u1ea1n ch\u1ebf s\u1ef1 ti\u1ebfp x\u00fac c\u1ee7a ng\u00f3n tay v\u00e0 s\u1ea3n ph\u1ea9m \u0111i\u1ec7n t\u1eed.<\/p>\n<p><b>\u1ee8ng d\u1ee5ng bao tay ng\u00f3n ph\u00f2ng s\u1ea1ch POL-F100-C-T-B-M: <\/b><span style=\"font-weight: 400\">Trong m\u00f4i tr\u01b0\u1eddng l\u00e0m vi\u1ec7c c\u1ea7n ti\u00eau chu\u1ea9n cao nh\u01b0: s\u1ea3n xu\u1ea5t linh ki\u1ec7n b\u00e1n d\u1eabn, thi\u1ebft b\u1ecb \u0111i\u1ec7n t\u1eed, nghi\u00ean c\u1ee9u khoa h\u1ecdc, quang h\u1ecdc, thi\u1ebft b\u1ecb y t\u1ebf v\u00e0 th\u1ef1c ph\u1ea9m.<\/span><\/p>\n<p><strong>L\u01b0u \u00fd:<\/strong><\/p>\n<p>&#8211; L\u01b0u tr\u1eef v\u00e0 b\u1ea3o qu\u1ea3n k\u1ef9 s\u1ea3n ph\u1ea9m<\/p>\n<p>&#8211; X\u1eed l\u00fd s\u1ea3n ph\u1ea9m \u0111\u00fang c\u00e1ch sau khi s\u1eed d\u1ee5ng<\/p>\n<p>==&gt; Xem th\u00eam c\u00e1c gi\u1ea3i ph\u00e1p ph\u00f2ng s\u1ea1ch kh\u00e1c:<a href=\"https:\/\/achisonsafety.com.vn\/danh-muc-san-pham\/thiet-bi-phong-sach\/\"> https:\/\/achisonsafety.com.vn\/danh-muc-san-pham\/thiet-bi-phong-sach\/\u00a0<\/a><\/p>\n","protected":false},"excerpt":{"rendered":"<ul>\n<li>Bao ng\u00f3n kh\u00f4ng b\u1ed9t r\u01a1i r\u1edbt trong qu\u00e1 tr\u00ecnh thao t\u00e1c, th\u00edch h\u1ee3p cho l\u0129nh v\u1ef1c ph\u00f2ng s\u1ea1ch.<\/li>\n<li>G\u0103ng tay ng\u00f3n h\u1ea1n ch\u1ebf s\u1ef1 ti\u1ebfp x\u00fac c\u1ee7a ng\u00f3n tay v\u00e0 s\u1ea3n ph\u1ea9m \u0111i\u1ec7n t\u1eed.<\/li>\n<\/ul>\n","protected":false},"featured_media":5596,"comment_status":"open","ping_status":"closed","template":"","meta":[],"product_cat":[72],"product_tag":[],"class_list":{"0":"post-5595","1":"product","2":"type-product","3":"status-publish","4":"has-post-thumbnail","6":"product_cat-gang-tay-phong-sach","7":"yith_product_brand-thuong-hieu-khac","9":"first","10":"instock","11":"shipping-taxable","12":"product-type-simple"},"acf":[],"_links":{"self":[{"href":"https:\/\/achisonsafety.com.vn\/en\/wp-json\/wp\/v2\/product\/5595"}],"collection":[{"href":"https:\/\/achisonsafety.com.vn\/en\/wp-json\/wp\/v2\/product"}],"about":[{"href":"https:\/\/achisonsafety.com.vn\/en\/wp-json\/wp\/v2\/types\/product"}],"replies":[{"embeddable":true,"href":"https:\/\/achisonsafety.com.vn\/en\/wp-json\/wp\/v2\/comments?post=5595"}],"wp:featuredmedia":[{"embeddable":true,"href":"https:\/\/achisonsafety.com.vn\/en\/wp-json\/wp\/v2\/media\/5596"}],"wp:attachment":[{"href":"https:\/\/achisonsafety.com.vn\/en\/wp-json\/wp\/v2\/media?parent=5595"}],"wp:term":[{"taxonomy":"product_cat","embeddable":true,"href":"https:\/\/achisonsafety.com.vn\/en\/wp-json\/wp\/v2\/product_cat?post=5595"},{"taxonomy":"product_tag","embeddable":true,"href":"https:\/\/achisonsafety.com.vn\/en\/wp-json\/wp\/v2\/product_tag?post=5595"}],"curies":[{"name":"wp","href":"https:\/\/api.w.org\/{rel}","templated":true}]}}