{"id":5886,"date":"2022-08-08T17:08:47","date_gmt":"2022-08-08T10:08:47","guid":{"rendered":"https:\/\/beta.achisonsafety.com.vn\/?post_type=product&#038;p=5886"},"modified":"2025-09-17T16:45:29","modified_gmt":"2025-09-17T09:45:29","slug":"may-loc-khi-papr-bullard-eva","status":"publish","type":"product","link":"https:\/\/achisonsafety.com.vn\/en\/san-pham\/may-loc-khi-papr-bullard-eva\/","title":{"rendered":"M\u00e1y l\u1ecdc kh\u00ed PAPR Bullard EVA"},"content":{"rendered":"<p><strong>M\u00e1y l\u1ecdc kh\u00ed PAPR Bullard EVA c\u00f3 thi\u1ebft k\u1ebf d\u1ec5 s\u1eed d\u1ee5ng t\u00edch h\u1ee3p c\u00f2i c\u1ea3nh b\u00e1o khi l\u01b0\u1ee3ng pin v\u00e0 l\u01b0u l\u01b0\u1ee3ng kh\u00ed xu\u1ed1ng th\u1ea5p. N\u0103ng l\u01b0\u1ee3ng b\u1eb1ng moto m\u1ed9t chi\u1ec1u kh\u00f4ng ch\u1ed5i than c\u00f3 tu\u1ed5i th\u1ecd l\u00ean \u0111\u1ebfn 10.000 gi\u1edd. Phin l\u1ecdc 1 t\u1ea5m d\u1ec5 d\u00e0ng l\u1eafp \u0111\u1eb7t. Thi\u1ebft k\u1ebf th\u00f4ng minh cho tr\u1ecdng l\u01b0\u1ee3ng nh\u1eb9, lo\u1ea1i b\u1ecf c\u00e1c g\u00f3c c\u1ea1nh c\u1ed3ng k\u1ec1nh. \u0110\u1ed3ng th\u1eddi, h\u1ec7 th\u1ed1ng v\u1eadn h\u00e0nh kh\u00f4ng ph\u00e1t ra ti\u1ebfng \u1ed3n gi\u00fap ng\u01b0\u1eddi s\u1eed d\u1ee5ng tho\u1ea3i m\u1edbi khi l\u00e0m vi\u1ec7c<\/strong><\/p>\n<p><strong>Nh\u00e0 s\u1ea3n xu\u1ea5t:<\/strong> Bullard<\/p>\n<p><strong>D\u00f2ng s\u1ea3n ph\u1ea9m:<\/strong> Eva 1000 ADF<\/p>\n<p><strong>Cung c\u1ea5p b\u1ea3o v\u1ec7 v\u01b0\u1ee3t tr\u1ed9i, \u0111\u01b0\u1ee3c c\u1ea5p ph\u00e9p:<\/strong> LRPL<\/p>\n<p><strong>Hi\u1ec3n th\u1ecb pin:\u00a0<\/strong>M\u1ee9c \u0111\u1ed9 ph\u1ea7n tr\u0103m pin hi\u1ec3n th\u1ecb d\u1ec5 \u0111\u1ecdc<\/p>\n<p><strong>C\u00f4ng ngh\u1ec7 th\u1ed5i ch\u1ee7 \u0111\u1ed9ng:<\/strong> Gi\u00fap m\u00e1y l\u1ecdc kh\u00ed duy tr\u00ec d\u00f2ng kh\u00ed li\u00ean t\u1ee5c. T\u01b0\u01a1ng t\u00e1c v\u1edbi m\u1ee9c d\u00f2ng kh\u00ed c\u1ea7n h\u1ea5p th\u1ee5 th\u00eam v\u1edbi ng\u01b0\u1eddi m\u1eb7c<\/p>\n<p><strong>2 c\u1ea3nh b\u00e1o:<\/strong> C\u1ea3nh b\u00e1o \u00e2m thanh ri\u00eang bi\u1ec7t khi dung l\u01b0\u1ee3ng pin v\u00e0 l\u01b0u l\u01b0\u1ee3ng kh\u00ed xu\u1ed1ng th\u1ea5p. D\u00f2ng \u00e2m thanh s\u1ebd \u0111\u01b0\u1ee3c truy\u1ec1n qua \u1ed1ng th\u1edf \u0111\u1ebfn tai ng\u01b0\u1eddi s\u1eed d\u1ee5ng<\/p>\n<p><strong>Moto th\u1ed5i 1 chi\u1ec1u kh\u00f4ng ch\u1ed5i than:<\/strong> L\u00e2u d\u00e0i, \u1ed5n \u0111\u1ecbnh 10.000 gi\u1edd<\/p>\n<p><strong>Phin l\u1ecdc \u0111\u01a1n:<\/strong> Th\u00e1o l\u1eafp nhanh ch\u00f3ng v\u00e0 d\u1ec5 d\u00e0ng, gi\u00fap gi\u1ea3m chi ph\u00ed ti\u00eau hao h\u01a1n lo\u1ea1i 3 t\u1ea5m l\u1ecdc<\/p>\n<p><strong>T\u1ea5m kh\u00f3a phin l\u1ecdc:<\/strong> Hi\u1ec3n th\u1ecb th\u00f4ng b\u00e1o v\u00e0 \u00e2m thanh khi c\u00e0i phin l\u1ecdc<\/p>\n<p><strong>\u1ee8ng d\u1ee5ng:<\/strong> Ng\u00e0nh y t\u1ebf, s\u1ea3n xu\u1ea5t d\u01b0\u1ee3c ph\u1ea9m, phun s\u01a1n, c\u00f4ng vi\u1ec7c s\u01a1n\/m\u00e0i, c\u00f4ng vi\u1ec7c trong ph\u00f2ng th\u00ed nghi\u1ec7m<\/p>\n<blockquote><p><strong>&gt; Hi\u1ec7u su\u1ea5t l\u01b0u l\u01b0\u1ee3t kh\u00ed c\u1ee7a EVA so v\u1edbi c\u00e1c \u0111\u1ed1i th\u1ee7<\/strong><\/p><\/blockquote>\n<p><img loading=\"lazy\" decoding=\"async\" class=\"alignnone wp-image-6385\" src=\"https:\/\/achisonsafety.com.vn\/wp-content\/uploads\/2022\/08\/PAPR_Bullard_EVA-664x400.png\" alt=\"\" width=\"503\" height=\"303\" title=\"\" srcset=\"https:\/\/achisonsafety.com.vn\/wp-content\/uploads\/2022\/08\/PAPR_Bullard_EVA-664x400.png 664w, https:\/\/achisonsafety.com.vn\/wp-content\/uploads\/2022\/08\/PAPR_Bullard_EVA-50x30.png 50w, https:\/\/achisonsafety.com.vn\/wp-content\/uploads\/2022\/08\/PAPR_Bullard_EVA-100x60.png 100w, https:\/\/achisonsafety.com.vn\/wp-content\/uploads\/2022\/08\/PAPR_Bullard_EVA-510x307.png 510w, https:\/\/achisonsafety.com.vn\/wp-content\/uploads\/2022\/08\/PAPR_Bullard_EVA.png 699w\" sizes=\"(max-width: 503px) 100vw, 503px\" \/><\/p>\n<p><img loading=\"lazy\" decoding=\"async\" class=\"alignnone size-full wp-image-6383\" src=\"https:\/\/achisonsafety.com.vn\/wp-content\/uploads\/2022\/08\/EVA_Action_Lab.jpg\" alt=\"\" width=\"500\" height=\"400\" title=\"\" srcset=\"https:\/\/achisonsafety.com.vn\/wp-content\/uploads\/2022\/08\/EVA_Action_Lab.jpg 500w, https:\/\/achisonsafety.com.vn\/wp-content\/uploads\/2022\/08\/EVA_Action_Lab-38x30.jpg 38w, https:\/\/achisonsafety.com.vn\/wp-content\/uploads\/2022\/08\/EVA_Action_Lab-75x60.jpg 75w\" sizes=\"(max-width: 500px) 100vw, 500px\" \/><\/p>\n<blockquote><p><strong>&gt; Achison s\u1ebd ch\u1ecdn gi\u1ea3i ph\u00e1p ph\u00f9 h\u1ee3p v\u1edbi chi ph\u00ed h\u1ee3p l\u00fd nh\u1ea5t cho doanh nghi\u1ec7p, li\u00ean h\u1ec7 ngay v\u1edbi ch\u00fang t\u00f4i: Hotline: 0913.820.539 ho\u1eb7c email:\u00a0<a href=\"mailto:achisonjsc@achison.com\">achisonjsc@achison.com<\/a><\/strong><\/p><\/blockquote>\n<p>Xem th\u00eam c\u00e1c gi\u1ea3i ph\u00e1p PAPR kh\u00e1c:<a href=\"https:\/\/achisonsafety.com.vn\/danh-muc-san-pham\/bao-ho-lao-dong\/papr\/\"> https:\/\/achisonsafety.com.vn\/danh-muc-san-pham\/bao-ho-lao-dong\/papr\/\u00a0<\/a><\/p>\n","protected":false},"excerpt":{"rendered":"<ul>\n<li>M\u00e1y l\u1ecdc kh\u00ed PAPR Bullard EVA c\u00f3 thi\u1ebft k\u1ebf d\u1ec5 s\u1eed d\u1ee5ng t\u00edch h\u1ee3p c\u00f2i c\u1ea3nh b\u00e1o khi l\u01b0\u1ee3ng pin v\u00e0 l\u01b0u l\u01b0\u1ee3ng kh\u00ed xu\u1ed1ng th\u1ea5p.<\/li>\n<li>N\u0103ng l\u01b0\u1ee3ng b\u1eb1ng moto m\u1ed9t chi\u1ec1u kh\u00f4ng ch\u1ed5i than c\u00f3 tu\u1ed5i th\u1ecd l\u00ean \u0111\u1ebfn 10.000 gi\u1edd.<\/li>\n<li>Phin l\u1ecdc 1 t\u1ea5m d\u1ec5 d\u00e0ng l\u1eafp \u0111\u1eb7t<\/li>\n<\/ul>\n","protected":false},"featured_media":5887,"comment_status":"open","ping_status":"closed","template":"","meta":[],"product_cat":[506],"product_tag":[187,189],"class_list":{"0":"post-5886","1":"product","2":"type-product","3":"status-publish","4":"has-post-thumbnail","6":"product_cat-papr","7":"product_tag-nganh-duoc-duoc-pham-benh-vien","8":"product_tag-nganh-xay-dung-logistic-hoa-chat","9":"yith_product_brand-bullard","11":"first","12":"instock","13":"shipping-taxable","14":"product-type-simple"},"acf":[],"_links":{"self":[{"href":"https:\/\/achisonsafety.com.vn\/en\/wp-json\/wp\/v2\/product\/5886"}],"collection":[{"href":"https:\/\/achisonsafety.com.vn\/en\/wp-json\/wp\/v2\/product"}],"about":[{"href":"https:\/\/achisonsafety.com.vn\/en\/wp-json\/wp\/v2\/types\/product"}],"replies":[{"embeddable":true,"href":"https:\/\/achisonsafety.com.vn\/en\/wp-json\/wp\/v2\/comments?post=5886"}],"wp:featuredmedia":[{"embeddable":true,"href":"https:\/\/achisonsafety.com.vn\/en\/wp-json\/wp\/v2\/media\/5887"}],"wp:attachment":[{"href":"https:\/\/achisonsafety.com.vn\/en\/wp-json\/wp\/v2\/media?parent=5886"}],"wp:term":[{"taxonomy":"product_cat","embeddable":true,"href":"https:\/\/achisonsafety.com.vn\/en\/wp-json\/wp\/v2\/product_cat?post=5886"},{"taxonomy":"product_tag","embeddable":true,"href":"https:\/\/achisonsafety.com.vn\/en\/wp-json\/wp\/v2\/product_tag?post=5886"}],"curies":[{"name":"wp","href":"https:\/\/api.w.org\/{rel}","templated":true}]}}