{"id":599,"date":"2022-02-25T16:03:09","date_gmt":"2022-02-25T09:03:09","guid":{"rendered":"https:\/\/beta.achisonsafety.com.vn\/?post_type=product&#038;p=599"},"modified":"2025-09-17T16:55:05","modified_gmt":"2025-09-17T09:55:05","slug":"quan-ao-phong-dich-lakeland-emn428-type-5-type-6","status":"publish","type":"product","link":"https:\/\/achisonsafety.com.vn\/en\/san-pham\/quan-ao-phong-dich-lakeland-emn428-type-5-type-6\/","title":{"rendered":"Qu\u1ea7n \u00e1o ph\u00f2ng d\u1ecbch Lakeland EMN428 Type 5, Type 6"},"content":{"rendered":"<p>\u00c1o li\u1ec1n qu\u1ea7n (Coverall) d\u00f9ng trong ph\u00f2ng d\u1ecbch, ch\u1ed1ng b\u1ee5i b\u1ea9n v\u00e0 h\u00f3a ch\u1ea5t v\u0103ng b\u1eafn d\u1ea1ng nh\u1eb9 t\u1eeb th\u01b0\u01a1ng hi\u1ec7u Lakeland &#8211; M\u1ef9. Ch\u1ed1ng h\u00f3a ch\u1ea5t d\u1ea1ng Type 5, Type 6, \u0111\u1ea1t ti\u00eau chu\u1ea9n qu\u1ed1c t\u1ebf<\/p>\n<p><img loading=\"lazy\" decoding=\"async\" class=\"aligncenter wp-image-611 size-full\" src=\"https:\/\/achisonsafety.com.vn\/wp-content\/uploads\/2022\/02\/emn428_standard_f95bf28c0321401185620bdefcb8642f_grande.jpeg\" alt=\"\" width=\"548\" height=\"95\" title=\"\" srcset=\"https:\/\/achisonsafety.com.vn\/wp-content\/uploads\/2022\/02\/emn428_standard_f95bf28c0321401185620bdefcb8642f_grande.jpeg 548w, https:\/\/achisonsafety.com.vn\/wp-content\/uploads\/2022\/02\/emn428_standard_f95bf28c0321401185620bdefcb8642f_grande-510x88.jpeg 510w, https:\/\/achisonsafety.com.vn\/wp-content\/uploads\/2022\/02\/emn428_standard_f95bf28c0321401185620bdefcb8642f_grande-173x30.jpeg 173w, https:\/\/achisonsafety.com.vn\/wp-content\/uploads\/2022\/02\/emn428_standard_f95bf28c0321401185620bdefcb8642f_grande-346x60.jpeg 346w\" sizes=\"(max-width: 548px) 100vw, 548px\" \/><\/p>\n<p>C\u1ea5u t\u1ea1o b\u1edfi m\u00e0ng microporous\u00a0kh\u00f4ng d\u1ec7t, tho\u00e1ng kh\u00ed\u00a0 M\u00e0ng polyethylen n\u00e0y c\u00f3 c\u00e1c l\u1ed7 r\u1ea5t nh\u1ecf (\u0111\u01b0\u1eddng k\u00ednh kho\u1ea3ng 1 micron) cho ph\u00e9p c\u00e1c kh\u00ed \u0111i qua nh\u01b0ng v\u1eabn gi\u1eef \u0111\u01b0\u1ee3c ch\u1ea5t l\u1ecfng. K\u00edch th\u01b0\u1edbc vi m\u00f4 nh\u1ecf h\u01a1n gi\u1ecdt n\u01b0\u1edbc v\u00e0 l\u1edbn h\u01a1n h\u01a1i \u1ea9m \u0111\u1ec3 ng\u0103n ch\u1eb7n s\u1ef1 x\u00e2m nh\u1eadp c\u1ee7a ch\u1ea5t l\u1ecfng v\u0103ng b\u1eafn. V\u1ea3i microporous cung c\u1ea5p m\u1ed9t r\u00e0o c\u1ea3n t\u1ed1t cho c\u00e1c t\u00e1c nh\u00e2n truy\u1ec1n nhi\u1ec5m sinh h\u1ecdc \u0111\u01b0\u1ee3c s\u1eed d\u1ee5ng r\u1ed9ng r\u00e3i trong ph\u00f2ng ch\u1ed1ng d\u1ecbch b\u1ec7nh. H\u01a1n n\u1eefa, m\u1eb7t kh\u00f4ng d\u1ec7t mang l\u1ea1i c\u1ea3m gi\u00e1c m\u1ec1m m\u1ea1i cho da v\u00e0 mang l\u1ea1i tr\u1ea3i nghi\u1ec7m tuy\u1ec7t v\u1eddi cho ng\u01b0\u1eddi m\u1eb7c.<\/p>\n<h3>B\u1ea3ng size<\/h3>\n<p><img loading=\"lazy\" decoding=\"async\" class=\"alignnone size-medium wp-image-612\" src=\"https:\/\/achisonsafety.com.vn\/wp-content\/uploads\/2022\/02\/emn-428-size_chart_bfb5b3cda4be4ff392bce640727900b7_grande-208x400.jpeg\" alt=\"\" width=\"208\" height=\"400\" title=\"\" srcset=\"https:\/\/achisonsafety.com.vn\/wp-content\/uploads\/2022\/02\/emn-428-size_chart_bfb5b3cda4be4ff392bce640727900b7_grande-208x400.jpeg 208w, https:\/\/achisonsafety.com.vn\/wp-content\/uploads\/2022\/02\/emn-428-size_chart_bfb5b3cda4be4ff392bce640727900b7_grande-16x30.jpeg 16w, https:\/\/achisonsafety.com.vn\/wp-content\/uploads\/2022\/02\/emn-428-size_chart_bfb5b3cda4be4ff392bce640727900b7_grande-31x60.jpeg 31w, https:\/\/achisonsafety.com.vn\/wp-content\/uploads\/2022\/02\/emn-428-size_chart_bfb5b3cda4be4ff392bce640727900b7_grande.jpeg 312w\" sizes=\"(max-width: 208px) 100vw, 208px\" \/> <img loading=\"lazy\" decoding=\"async\" class=\"alignnone size-medium wp-image-613\" src=\"https:\/\/achisonsafety.com.vn\/wp-content\/uploads\/2022\/02\/emn-428-size_79eddc86b5a842a690269408d264ca5f_grande.jpeg\" alt=\"\" width=\"600\" height=\"333\" title=\"\" srcset=\"https:\/\/achisonsafety.com.vn\/wp-content\/uploads\/2022\/02\/emn-428-size_79eddc86b5a842a690269408d264ca5f_grande.jpeg 600w, https:\/\/achisonsafety.com.vn\/wp-content\/uploads\/2022\/02\/emn-428-size_79eddc86b5a842a690269408d264ca5f_grande-510x283.jpeg 510w, https:\/\/achisonsafety.com.vn\/wp-content\/uploads\/2022\/02\/emn-428-size_79eddc86b5a842a690269408d264ca5f_grande-54x30.jpeg 54w, https:\/\/achisonsafety.com.vn\/wp-content\/uploads\/2022\/02\/emn-428-size_79eddc86b5a842a690269408d264ca5f_grande-108x60.jpeg 108w\" sizes=\"(max-width: 600px) 100vw, 600px\" \/><\/p>\n","protected":false},"excerpt":{"rendered":"<ul>\n<li>S\u1ea3n xu\u1ea5t t\u1ea1i H\u00e0n Qu\u1ed1c<\/li>\n<li>Xu\u1ea5t kh\u1ea9u h\u01a1n 20 qu\u1ed1c gia<\/li>\n<li>\u0110\u00e3 \u0111\u01b0\u1ee3c B\u1ed9 Y T\u1ebf c\u1ea5p ph\u00e9p<\/li>\n<li>20 b\u1ed9 kit\/h\u1ed9p<\/li>\n<\/ul>\n<table>\n<tbody>\n<tr>\n<td><strong>K\u00edch th\u01b0\u1edbc<\/strong><\/td>\n<td><strong>Gi\u00e1<\/strong><\/td>\n<\/tr>\n<tr>\n<td><strong>Size M<\/strong><\/td>\n<td>165,000\u0111<\/td>\n<\/tr>\n<tr>\n<td><strong>Size L<\/strong><\/td>\n<td>165,000\u0111<\/td>\n<\/tr>\n<tr>\n<td><strong>Size XL<\/strong><\/td>\n<td>165,000\u0111<\/td>\n<\/tr>\n<\/tbody>\n<\/table>\n<p>Xem th\u00eam <b><a href=\"https:\/\/achisonsafety.com.vn\/san-pham\/test-nhanh-covid-biocredit-han-quoc\/\">Test Nhanh Covid Biocredit H\u00e0n Qu\u1ed1c<\/a><\/b><\/p>\n","protected":false},"featured_media":601,"comment_status":"open","ping_status":"closed","template":"","meta":[],"product_cat":[430],"product_tag":[190],"class_list":{"0":"post-599","1":"product","2":"type-product","3":"status-publish","4":"has-post-thumbnail","6":"product_cat-quan-ao-phong-dich","7":"product_tag-nganh-san-xuat-chung","8":"yith_product_brand-lakeland","9":"yith_product_brand-ansell","10":"yith_product_brand-cheetah","12":"first","13":"instock","14":"sale","15":"shipping-taxable","16":"product-type-simple"},"acf":[],"_links":{"self":[{"href":"https:\/\/achisonsafety.com.vn\/en\/wp-json\/wp\/v2\/product\/599"}],"collection":[{"href":"https:\/\/achisonsafety.com.vn\/en\/wp-json\/wp\/v2\/product"}],"about":[{"href":"https:\/\/achisonsafety.com.vn\/en\/wp-json\/wp\/v2\/types\/product"}],"replies":[{"embeddable":true,"href":"https:\/\/achisonsafety.com.vn\/en\/wp-json\/wp\/v2\/comments?post=599"}],"wp:featuredmedia":[{"embeddable":true,"href":"https:\/\/achisonsafety.com.vn\/en\/wp-json\/wp\/v2\/media\/601"}],"wp:attachment":[{"href":"https:\/\/achisonsafety.com.vn\/en\/wp-json\/wp\/v2\/media?parent=599"}],"wp:term":[{"taxonomy":"product_cat","embeddable":true,"href":"https:\/\/achisonsafety.com.vn\/en\/wp-json\/wp\/v2\/product_cat?post=599"},{"taxonomy":"product_tag","embeddable":true,"href":"https:\/\/achisonsafety.com.vn\/en\/wp-json\/wp\/v2\/product_tag?post=599"}],"curies":[{"name":"wp","href":"https:\/\/api.w.org\/{rel}","templated":true}]}}