{"id":6039,"date":"2022-08-09T17:26:24","date_gmt":"2022-08-09T10:26:24","guid":{"rendered":"https:\/\/beta.achisonsafety.com.vn\/?post_type=product&#038;p=6039"},"modified":"2025-09-17T16:45:29","modified_gmt":"2025-09-17T09:45:29","slug":"may-loc-khi-papr-3m-versaflo-dong-tr-600-hik","status":"publish","type":"product","link":"https:\/\/achisonsafety.com.vn\/en\/san-pham\/may-loc-khi-papr-3m-versaflo-dong-tr-600-hik\/","title":{"rendered":"M\u00e1y l\u1ecdc kh\u00ed PAPR 3M Versaflo d\u00f2ng TR-600-HIK"},"content":{"rendered":"<h3><span style=\"font-size: 75%\"><strong>M\u00e1y l\u1ecdc kh\u00ed PAPR 3M Versaflo d\u00f2ng TR-600 gi\u00fap b\u1ea3o v\u1ec7 kh\u1ecfi t\u00e1c nh\u00e2n nguy h\u1ea1i, h\u01a1i gas, h\u01a1i h\u1eefu c\u01a1 t\u00f9y v\u00e0o mi\u1ebfng l\u1ecdc \u0111\u01b0\u1ee3c l\u1ef1a ch\u1ecdn. L\u01b0u l\u01b0\u1ee3ng kh\u00ed \u0111a d\u1ea1ng l\u1ef1a ch\u1ecdn qua c\u01a1 ch\u1ebf v\u1eadn h\u00e0nh 2 n\u00fat b\u1ea5m. \u0110\u1ed3ng h\u1ed3 ch\u1ec9 th\u1ecb li\u00ean t\u1ee5c c\u1eadp nh\u1eadt th\u1eddi l\u01b0\u1ee3ng pin v\u00e0 t\u00ecnh tr\u1ea1ng mi\u1ebfng l\u1ecdc trong su\u1ed1t qu\u00e1 tr\u00ecnh s\u1eed d\u1ee5ng<\/strong><\/span><\/h3>\n<p><strong>&gt;&gt; Click ngay \u0111\u1ec3 tham kh\u1ea3o nhi\u1ec1u gi\u1ea3i ph\u00e1p PAPR kh\u00e1c:<\/strong> <a href=\"https:\/\/achisonsafety.com.vn\/danh-muc-san-pham\/bao-ho-lao-dong\/papr\/\"><em>https:\/\/achisonsafety.com.vn\/danh-muc-san-pham\/bao-ho-lao-dong\/papr\/<\/em><\/a><\/p>\n<p><strong>Th\u00f4ng tin s\u1ea3n ph\u1ea9m<\/strong><\/p>\n<p><strong>Th\u01b0\u01a1ng hi\u1ec7u:<\/strong> 3M<\/p>\n<p><strong>M\u00e3 s\u1ea3n ph\u1ea9m:<\/strong> Versaflo d\u00f2ng TR-600-HIK<\/p>\n<div><strong>Th\u1eddi l\u01b0\u1ee3ng pin:<\/strong> 5.5 \u0111\u1ebfn 13 ti\u1ebfng<\/div>\n<div><\/div>\n<div><strong>D\u1ea1ng pin:<\/strong> Pin Ion Liti \u2013 c\u00f3 th\u1ec3 s\u1ea1c<\/div>\n<div><\/div>\n<div><strong>M\u00e0u m\u00e3 h\u00f3a phin l\u1ecdc NIOSH:<\/strong> \u0110\u1ecf\/V\u00e0ng<\/div>\n<div><\/div>\n<div><strong>Ti\u00eau chu\u1ea9n:<\/strong> NIOSH<\/div>\n<p><em>*\u01afu \u0111i\u1ec3m n\u1ed5i b\u1eadt c\u1ee7a d\u00f2ng m\u00e1y l\u1ecdc kh\u00ed 3M Versaflo TR-600:<\/em><\/p>\n<p>T\u1ed1c \u0111\u1ed9 l\u01b0u l\u01b0\u1ee3ng kh\u00ed theo 3 c\u1ea5p \u0111\u1ed9. \u0110i\u1ec1u ch\u1ec9nh l\u01b0u l\u01b0\u1ee3ng kh\u00ed \u0111\u1ec1u \u0111\u1eb7n t\u01b0\u01a1ng t\u1ef1 v\u1edbi m\u1ee9c ti\u00eau hao pin v\u00e0 hi\u1ec7u su\u1ea5t l\u1ecdc<\/p>\n<p>Dung l\u01b0\u1ee3ng pin \u0111\u01b0\u1ee3c bi\u1ec3u th\u1ecb b\u1eb1ng \u0111\u00e8n LED<\/p>\n<p>Kh\u00f4ng y\u00eau c\u1ea7u hi\u1ec7u chu\u1ea9n<\/p>\n<p>C\u1ea3nh b\u00e1o rung, \u00e2m thanh v\u00e0 hi\u1ec3n th\u1ecb trong tr\u01b0\u1eddng h\u1ee3p dung l\u01b0\u1ee3ng pin xu\u1ed1ng v\u00e0 l\u01b0u l\u01b0\u1ee3ng kh\u00ed th\u1ea5p<\/p>\n<p>D\u00e2y \u0111ai ph\u00f9 h\u1ee3p s\u1eed d\u1ee5ng trong m\u00f4i tr\u01b0\u1eddng nhi\u1ec7t \u0111\u1ed9 cao, ch\u1eadm ch\u00e1y v\u00e0 b\u00e9n l\u1eeda. C\u00f3 th\u1ec3 \u0111i\u1ec1u ch\u1ec9nh k\u00edch c\u1ee1 d\u00e2y \u0111ai<\/p>\n<p>Th\u00edch h\u1ee3p kh\u1eed tr\u00f9ng b\u1eb1ng v\u00f2i sen v\u00e0 ng\u00e2m t\u1ea1m th\u1eddi l\u00e0m s\u1ea1ch<\/p>\n<p><strong>M\u00f4i tr\u01b0\u1eddng th\u00edch h\u1ee3p s\u1eed d\u1ee5ng:<\/strong> S\u1ea3n xu\u1ea5t d\u01b0\u1ee3c ph\u1ea9m, phun s\u01a1n, qu\u00e1 tr\u00ecnh h\u00f3a ch\u1ea5t, quy tr\u00ecnh ph\u00e2n h\u1ee7y, qu\u00e1 tr\u00ecnh ch\u1ebf bi\u1ebfn gi\u1ea5y, b\u1ed9t gi\u00e1y, ng\u00e0nh n\u00f4ng nghi\u1ec7p, ch\u0103m s\u00f3c s\u1ee9c kh\u1ecfe, y t\u1ebf v\u00e0 x\u01b0\u1edfng \u0111\u00fac<\/p>\n<p><img loading=\"lazy\" decoding=\"async\" class=\"alignnone size-full wp-image-6387\" src=\"https:\/\/achisonsafety.com.vn\/wp-content\/uploads\/2022\/08\/versaflo-tr-600-metal-grinding.jpg\" alt=\"\" width=\"400\" height=\"267\" title=\"\" srcset=\"https:\/\/achisonsafety.com.vn\/wp-content\/uploads\/2022\/08\/versaflo-tr-600-metal-grinding.jpg 400w, https:\/\/achisonsafety.com.vn\/wp-content\/uploads\/2022\/08\/versaflo-tr-600-metal-grinding-45x30.jpg 45w, https:\/\/achisonsafety.com.vn\/wp-content\/uploads\/2022\/08\/versaflo-tr-600-metal-grinding-90x60.jpg 90w\" sizes=\"(max-width: 400px) 100vw, 400px\" \/> <img loading=\"lazy\" decoding=\"async\" class=\"alignnone size-full wp-image-6390\" src=\"https:\/\/achisonsafety.com.vn\/wp-content\/uploads\/2022\/08\/3m-versaflo-tr-600-heavy-industry-metal-grinding.jpg\" alt=\"\" width=\"400\" height=\"267\" title=\"\" srcset=\"https:\/\/achisonsafety.com.vn\/wp-content\/uploads\/2022\/08\/3m-versaflo-tr-600-heavy-industry-metal-grinding.jpg 400w, https:\/\/achisonsafety.com.vn\/wp-content\/uploads\/2022\/08\/3m-versaflo-tr-600-heavy-industry-metal-grinding-45x30.jpg 45w, https:\/\/achisonsafety.com.vn\/wp-content\/uploads\/2022\/08\/3m-versaflo-tr-600-heavy-industry-metal-grinding-90x60.jpg 90w\" sizes=\"(max-width: 400px) 100vw, 400px\" \/><\/p>\n<p><strong>L\u01b0u \u00fd:<\/strong><\/p>\n<p>\u2013 Ki\u1ec3m tra k\u1ef9 s\u1ea3n ph\u1ea9m tr\u01b0\u1edbc khi s\u1eed d\u1ee5ng<\/p>\n<p>\u2013 Th\u01b0\u1eddng xuy\u00ean ki\u1ec3m tra, b\u1ea3o tr\u00ec thi\u1ebft b\u1ecb<\/p>\n<p>\u2013 N\u00ean trang b\u1ecb tr\u01b0\u1edbc khi l\u00e0m vi\u1ec7c \u1edf m\u00f4i tr\u01b0\u1eddng \u00f4 nhi\u1ec5m<\/p>\n<p><strong>&gt; Achison s\u1ebd ch\u1ecdn gi\u1ea3i ph\u00e1p ph\u00f9 h\u1ee3p v\u1edbi chi ph\u00ed h\u1ee3p l\u00fd nh\u1ea5t cho doanh nghi\u1ec7p, li\u00ean h\u1ec7 ngay v\u1edbi ch\u00fang t\u00f4i: Hotline: 0913.820.539 ho\u1eb7c email:\u00a0<a href=\"mailto:achisonjsc@achison.com\">achisonjsc@achison.com<\/a>\u00a0<\/strong><\/p>\n","protected":false},"excerpt":{"rendered":"<ul>\n<li>C\u1ea3nh b\u00e1o rung, \u00e2m thanh v\u00e0 hi\u1ec3n th\u1ecb trong tr\u01b0\u1eddng h\u1ee3p dung l\u01b0\u1ee3ng pin xu\u1ed1ng v\u00e0 l\u01b0u l\u01b0\u1ee3ng kh\u00ed th\u1ea5p<\/li>\n<li>D\u00e2y \u0111ai ph\u00f9 h\u1ee3p s\u1eed d\u1ee5ng trong m\u00f4i tr\u01b0\u1eddng nhi\u1ec7t \u0111\u1ed9 cao, ch\u1eadm ch\u00e1y v\u00e0 b\u00e9n l\u1eeda. C\u00f3 th\u1ec3 \u0111i\u1ec1u ch\u1ec9nh k\u00edch c\u1ee1 d\u00e2y \u0111ai<\/li>\n<li>Th\u00edch h\u1ee3p kh\u1eed tr\u00f9ng b\u1eb1ng v\u00f2i sen v\u00e0 ng\u00e2m t\u1ea1m th\u1eddi l\u00e0m s\u1ea1ch<\/li>\n<\/ul>\n","protected":false},"featured_media":6040,"comment_status":"open","ping_status":"closed","template":"","meta":[],"product_cat":[506],"product_tag":[188,187,189],"class_list":{"0":"post-6039","1":"product","2":"type-product","3":"status-publish","4":"has-post-thumbnail","6":"product_cat-papr","7":"product_tag-nganh-dau-khi-khai-khoang-dong-tau-cang-bien-hang-khong","8":"product_tag-nganh-duoc-duoc-pham-benh-vien","9":"product_tag-nganh-xay-dung-logistic-hoa-chat","10":"yith_product_brand-3m","12":"first","13":"instock","14":"shipping-taxable","15":"product-type-simple"},"acf":[],"_links":{"self":[{"href":"https:\/\/achisonsafety.com.vn\/en\/wp-json\/wp\/v2\/product\/6039"}],"collection":[{"href":"https:\/\/achisonsafety.com.vn\/en\/wp-json\/wp\/v2\/product"}],"about":[{"href":"https:\/\/achisonsafety.com.vn\/en\/wp-json\/wp\/v2\/types\/product"}],"replies":[{"embeddable":true,"href":"https:\/\/achisonsafety.com.vn\/en\/wp-json\/wp\/v2\/comments?post=6039"}],"wp:featuredmedia":[{"embeddable":true,"href":"https:\/\/achisonsafety.com.vn\/en\/wp-json\/wp\/v2\/media\/6040"}],"wp:attachment":[{"href":"https:\/\/achisonsafety.com.vn\/en\/wp-json\/wp\/v2\/media?parent=6039"}],"wp:term":[{"taxonomy":"product_cat","embeddable":true,"href":"https:\/\/achisonsafety.com.vn\/en\/wp-json\/wp\/v2\/product_cat?post=6039"},{"taxonomy":"product_tag","embeddable":true,"href":"https:\/\/achisonsafety.com.vn\/en\/wp-json\/wp\/v2\/product_tag?post=6039"}],"curies":[{"name":"wp","href":"https:\/\/api.w.org\/{rel}","templated":true}]}}