{"id":6046,"date":"2022-08-09T21:40:33","date_gmt":"2022-08-09T14:40:33","guid":{"rendered":"https:\/\/beta.achisonsafety.com.vn\/?post_type=product&#038;p=6046"},"modified":"2025-09-17T16:45:28","modified_gmt":"2025-09-17T09:45:28","slug":"mieng-pad-cha-san-3m-7200-mau-den","status":"publish","type":"product","link":"https:\/\/achisonsafety.com.vn\/en\/san-pham\/mieng-pad-cha-san-3m-7200-mau-den\/","title":{"rendered":"Mi\u1ebfng Pad ch\u00e0 s\u00e0n 3M 7200 m\u00e0u \u0111en"},"content":{"rendered":"<h3><span style=\"font-size: 75%\"><strong>Mi\u1ebfng Pad ch\u00e0 s\u00e0n 3M 7200 \u0111\u01b0\u1ee3c thi\u1ebft k\u1ebf s\u1eed d\u1ee5ng v\u1edbi m\u00e1y \u0111\u00e1nh s\u00e0n v\u00e0 c\u00e1c ch\u1ea5t t\u1ea9y r\u1eeda ph\u00f9 h\u1ee3p gi\u00fap cho s\u00e0n s\u1ea1ch v\u00e0 s\u00e1ng b\u00f3ng<\/strong><\/span><\/h3>\n<h3><span style=\"font-size: 75%\"><strong>Pad ch\u00e0 s\u00e0n 3M l\u00e0 mi\u1ebfng c\u01b0\u1edbc \u00e9p ch\u1eb7t h\u00ecnh tr\u00f2n c\u00f3 \u0111\u1ed9 nh\u00e1m v\u00e0 m\u1ecbn kh\u00e1c nhau d\u00f9ng cho m\u00e1y ch\u00e0 s\u00e0n \u0111\u1ec3 t\u1ea9y v\u1ec7 sinh ho\u1eb7c \u0111\u00e1nh b\u00f3ng n\u1ec1n s\u00e0n \u0111\u00e1, g\u1ed7, nh\u1ef1a,vi-nyl hi\u1ec7u qu\u1ea3 cao <\/strong><\/span><\/h3>\n<p><strong>Tham kh\u1ea3o th\u00eam t\u1ea1i: <\/strong><a href=\"https:\/\/achisonsafety.com.vn\/danh-muc-san-pham\/bao-ve-co-so-ha-tang-va-moi-truong\/pad-cha-san\/\"><em>https:\/\/achisonsafety.com.vn\/danh-muc-san-pham\/bao-ve-co-so-ha-tang-va-moi-truong\/pad-cha-san\/<\/em><\/a><\/p>\n<p><strong>Th\u01b0\u01a1ng hi\u1ec7u:<\/strong>\u00a03M<\/p>\n<p><strong>M\u00e3 s\u1ea3n ph\u1ea9m:<\/strong>\u00a07200<\/p>\n<p><strong>\u0110\u01b0\u1eddng k\u00ednh t\u00e2m (inch):<\/strong>\u00a03,375 inch<\/p>\n<p><strong>\u0110\u01b0\u1eddng k\u00ednh t\u00e2m (cm):<\/strong>\u00a08.5cm<\/p>\n<p><strong>M\u00e0u s\u1eafc:<\/strong>\u00a0\u0110en<\/p>\n<p><strong>\u0110\u01b0\u1eddng k\u00ednh ngo\u00e0i (inch):<\/strong>\u00a010 inch \u2013 24 inch<\/p>\n<p><strong>\u0110\u01b0\u1eddng k\u00ednh ngo\u00e0i (cm):<\/strong>\u00a0254mm \u2013 610mm<\/p>\n<p><strong>Chi\u1ec1u cao:<\/strong>\u00a085mm<\/p>\n<p><strong>Chi\u1ec1u d\u00e0i:<\/strong>\u00a014inch, 18inch<\/p>\n<p><strong>T\u1ed1c \u0111\u1ed9 m\u00e1y:<\/strong>\u00a0175-600 v\u00f2ng\/ ph\u00fat<\/p>\n<p><strong>Ch\u1ea5t li\u1ec7u:<\/strong>\u00a0S\u1ee3i t\u1ef1 nhi\u00ean kh\u00f4ng d\u1ec7t\/ Polyester, s\u1ee3i Nylon\/ s\u1ee3i Polyester kh\u00f4ng d\u1ec7t<\/p>\n<p><strong>B\u1ec1 m\u1eb7t \u0111\u01b0\u1ee3c \u0111\u1ec1 xu\u1ea5t s\u1eed d\u1ee5ng:<\/strong>\u00a0G\u1ea1ch, b\u00ea t\u00f4ng, s\u00e0n c\u00f4ng nghi\u1ec7p, nh\u1ef1a Vinyl, g\u1ed7,\u2026<\/p>\n<p><strong>C\u00f4ng d\u1ee5ng:<\/strong><\/p>\n<p>\u0110\u01b0\u1ee3c s\u1eed d\u1ee5ng \u0111\u1ec3 l\u00e0m s\u1ea1ch c\u00e1c b\u1ec1 m\u1eb7t b\u1ea9n nhi\u1ec1u nh\u01b0 b\u00ea t\u00f4ng khi \u0111\u01b0\u1ee3c d\u00f9ng k\u1ebft h\u1ee3p v\u1edbi c\u00e1c h\u00f3a ch\u1ea5t t\u1ea9y r\u1eeda ph\u00f9 h\u1ee3p<\/p>\n<p>Gi\u00fap lo\u1ea1i b\u1ecf nh\u1eefng v\u1ebft b\u1ea9n t\u00edch t\u1ee5 l\u00e2u ng\u00e0y hay h\u00f3a ch\u1ea5t b\u1ecb \u0111\u00f3ng c\u1ee5c tr\u00ean s\u00e0n, gi\u00fap s\u00e0n s\u00e1ng b\u00f3ng nhanh h\u01a1n, gi\u1ea3m thi\u1ec3u s\u1ee9c lao \u0111\u1ed9ng v\u00e0 th\u1eddi gian s\u1eed d\u1ee5ng l\u00e2u<\/p>\n<p><strong>M\u00f4 t\u1ea3:<\/strong><\/p>\n<p>Mi\u1ebfng Pad ch\u00e0 s\u00e0n 3M 7200 s\u1ea3n xu\u1ea5t theo ti\u00eau chu\u1ea9n c\u00f4ng nghi\u1ec7p, hi\u1ec7u su\u1ea5t ph\u00f9 h\u1ee3p v\u1edbi tu\u1ed5i th\u1ecd c\u1ee7a s\u1ea3n ph\u1ea9m<\/p>\n<p>C\u00e1c h\u1ea1t m\u00e0i m\u00f2n c\u1ee7a mi\u1ebfng \u0111\u00e1nh s\u00e0n \u0111\u01b0\u1ee3c ph\u00e2n t\u00e1n trong su\u1ed1t v\u00e0 \u0111\u01b0\u1ee3c li\u00ean k\u1ebft b\u1eb1ng m\u1ed9t ch\u1ea5t k\u1ebft d\u00ednh n\u1ec1n<\/p>\n<p><strong>\u1ee8ng d\u1ee5ng: <\/strong>G\u1eafn v\u00e0o thi\u1ebft b\u1ecb v\u1ec7 sinh m\u00e1y ch\u00e0 s\u00e0n \u0111\u01a1n t\u1ea9y v\u1ebft b\u1ea9n l\u00e0m s\u1ea1ch b\u1ec1 m\u1eb7t, \u0111\u00e1nh b\u00f3ng \u0111\u00e1 marble, granite, g\u1ea1ch men<\/p>\n<p><img loading=\"lazy\" decoding=\"async\" class=\"alignnone wp-image-6047\" src=\"https:\/\/achisonsafety.com.vn\/wp-content\/uploads\/2022\/08\/Mieng-Pad-cha-san-3M-7200-mau-den-1.png\" alt=\"\" width=\"300\" height=\"300\" title=\"\" srcset=\"https:\/\/achisonsafety.com.vn\/wp-content\/uploads\/2022\/08\/Mieng-Pad-cha-san-3M-7200-mau-den-1.png 400w, https:\/\/achisonsafety.com.vn\/wp-content\/uploads\/2022\/08\/Mieng-Pad-cha-san-3M-7200-mau-den-1-280x280.png 280w, https:\/\/achisonsafety.com.vn\/wp-content\/uploads\/2022\/08\/Mieng-Pad-cha-san-3M-7200-mau-den-1-30x30.png 30w, https:\/\/achisonsafety.com.vn\/wp-content\/uploads\/2022\/08\/Mieng-Pad-cha-san-3M-7200-mau-den-1-60x60.png 60w, https:\/\/achisonsafety.com.vn\/wp-content\/uploads\/2022\/08\/Mieng-Pad-cha-san-3M-7200-mau-den-1-247x247.png 247w, https:\/\/achisonsafety.com.vn\/wp-content\/uploads\/2022\/08\/Mieng-Pad-cha-san-3M-7200-mau-den-1-100x100.png 100w\" sizes=\"(max-width: 300px) 100vw, 300px\" \/><\/p>\n<p><img loading=\"lazy\" decoding=\"async\" class=\"alignnone wp-image-6051\" src=\"https:\/\/achisonsafety.com.vn\/wp-content\/uploads\/2022\/08\/pad-cha-san-400x400.jpeg\" alt=\"\" width=\"276\" height=\"276\" title=\"\" srcset=\"https:\/\/achisonsafety.com.vn\/wp-content\/uploads\/2022\/08\/pad-cha-san-400x400.jpeg 400w, https:\/\/achisonsafety.com.vn\/wp-content\/uploads\/2022\/08\/pad-cha-san-280x280.jpeg 280w, https:\/\/achisonsafety.com.vn\/wp-content\/uploads\/2022\/08\/pad-cha-san-30x30.jpeg 30w, https:\/\/achisonsafety.com.vn\/wp-content\/uploads\/2022\/08\/pad-cha-san-60x60.jpeg 60w, https:\/\/achisonsafety.com.vn\/wp-content\/uploads\/2022\/08\/pad-cha-san-247x247.jpeg 247w, https:\/\/achisonsafety.com.vn\/wp-content\/uploads\/2022\/08\/pad-cha-san-100x100.jpeg 100w, https:\/\/achisonsafety.com.vn\/wp-content\/uploads\/2022\/08\/pad-cha-san.jpeg 450w\" sizes=\"(max-width: 276px) 100vw, 276px\" \/><\/p>\n<p><strong>L\u01b0u \u00fd:<\/strong><\/p>\n<p>&#8211; S\u1eed d\u1ee5ng Pad ch\u00e0 s\u00e0n \u0111\u00fang v\u1edbi c\u00f4ng n\u0103ng s\u1eed d\u1ee5ng<\/p>\n<p>&#8211; Khi s\u1ea3n ph\u1ea9m c\u00f3 d\u1ea5u hi\u1ec7u xu\u1ed1ng c\u1ea5p n\u00ean \u0111\u1ed5i qua mi\u1ebfng Pad kh\u00e1c \u0111\u1ec3 \u0111\u1ea3m b\u1ea3o an to\u00e0n<\/p>\n<p>&#8211; B\u1ea3o qu\u1ea3n s\u1ea3n ph\u1ea9m n\u01a1i kh\u00f4 r\u00e1o, tho\u00e1ng m\u00e1t<\/p>\n","protected":false},"excerpt":{"rendered":"<ul>\n<li>Mi\u1ebfng Pad ch\u00e0 s\u00e0n 3M 7200 s\u1ea3n xu\u1ea5t theo ti\u00eau chu\u1ea9n c\u00f4ng nghi\u1ec7p, hi\u1ec7u su\u1ea5t ph\u00f9 h\u1ee3p v\u1edbi tu\u1ed5i th\u1ecd c\u1ee7a s\u1ea3n ph\u1ea9m<\/li>\n<li>C\u00e1c h\u1ea1t m\u00e0i m\u00f2n c\u1ee7a mi\u1ebfng \u0111\u00e1nh s\u00e0n \u0111\u01b0\u1ee3c ph\u00e2n t\u00e1n trong su\u1ed1t v\u00e0 \u0111\u01b0\u1ee3c li\u00ean k\u1ebft b\u1eb1ng m\u1ed9t ch\u1ea5t k\u1ebft d\u00ednh n\u1ec1n<\/li>\n<\/ul>\n","protected":false},"featured_media":6049,"comment_status":"open","ping_status":"closed","template":"","meta":[],"product_cat":[84],"product_tag":[338,189],"class_list":{"0":"post-6046","1":"product","2":"type-product","3":"status-publish","4":"has-post-thumbnail","6":"product_cat-pad-cha-san","7":"product_tag-nganh-khai-thac-va-che-bien-go-noi-that","8":"product_tag-nganh-xay-dung-logistic-hoa-chat","9":"yith_product_brand-3m","11":"first","12":"instock","13":"shipping-taxable","14":"product-type-simple"},"acf":[],"_links":{"self":[{"href":"https:\/\/achisonsafety.com.vn\/en\/wp-json\/wp\/v2\/product\/6046"}],"collection":[{"href":"https:\/\/achisonsafety.com.vn\/en\/wp-json\/wp\/v2\/product"}],"about":[{"href":"https:\/\/achisonsafety.com.vn\/en\/wp-json\/wp\/v2\/types\/product"}],"replies":[{"embeddable":true,"href":"https:\/\/achisonsafety.com.vn\/en\/wp-json\/wp\/v2\/comments?post=6046"}],"wp:featuredmedia":[{"embeddable":true,"href":"https:\/\/achisonsafety.com.vn\/en\/wp-json\/wp\/v2\/media\/6049"}],"wp:attachment":[{"href":"https:\/\/achisonsafety.com.vn\/en\/wp-json\/wp\/v2\/media?parent=6046"}],"wp:term":[{"taxonomy":"product_cat","embeddable":true,"href":"https:\/\/achisonsafety.com.vn\/en\/wp-json\/wp\/v2\/product_cat?post=6046"},{"taxonomy":"product_tag","embeddable":true,"href":"https:\/\/achisonsafety.com.vn\/en\/wp-json\/wp\/v2\/product_tag?post=6046"}],"curies":[{"name":"wp","href":"https:\/\/api.w.org\/{rel}","templated":true}]}}