{"id":6055,"date":"2022-08-09T21:48:13","date_gmt":"2022-08-09T14:48:13","guid":{"rendered":"https:\/\/beta.achisonsafety.com.vn\/?post_type=product&#038;p=6055"},"modified":"2025-09-17T16:45:28","modified_gmt":"2025-09-17T09:45:28","slug":"mieng-pad-danh-bong-san-3m-4100-mau-trang","status":"publish","type":"product","link":"https:\/\/achisonsafety.com.vn\/en\/san-pham\/mieng-pad-danh-bong-san-3m-4100-mau-trang\/","title":{"rendered":"Mi\u1ebfng Pad \u0110\u00e1nh B\u00f3ng S\u00e0n 3M 4100 M\u00e0u Tr\u1eafng"},"content":{"rendered":"<p><strong>Mi\u1ebfng Pad \u0111\u00e1nh b\u00f3ng 3M 4100 \u0111\u01b0\u1ee3c s\u1eed d\u1ee5ng k\u1ebft h\u1ee3p v\u1edbi m\u00e1y \u0111\u00e1nh b\u00f3ng gi\u00fap b\u1ec1 m\u1eb7t s\u00e0n s\u00e1ng b\u00f3ng, kh\u00f4ng \u0111\u1ec3 l\u1ea1i v\u1ebft tr\u1ea7y x\u01b0\u1edbc khi s\u1eed d\u1ee5ng<\/strong><\/p>\n<p><strong>Tham kh\u1ea3o th\u00eam t\u1ea1i: <\/strong><a href=\"https:\/\/achisonsafety.com.vn\/danh-muc-san-pham\/bao-ve-co-so-ha-tang-va-moi-truong\/pad-cha-san\/\"><em>https:\/\/achisonsafety.com.vn\/danh-muc-san-pham\/bao-ve-co-so-ha-tang-va-moi-truong\/pad-cha-san\/<\/em><\/a><\/p>\n<p><strong>\u0110\u01b0\u1eddng k\u00ednh t\u00e2m (inch):<\/strong>\u00a03,375 inch<\/p>\n<p><strong>\u0110\u01b0\u1eddng k\u00ednh t\u00e2m (cm):<\/strong>\u00a08.5cm<\/p>\n<p><strong>M\u00e0u s\u1eafc:<\/strong>\u00a0Tr\u1eafng<\/p>\n<p><strong>\u0110\u01b0\u1eddng k\u00ednh ngo\u00e0i (inch):<\/strong>\u00a010 inch \u2013 27 inch<\/p>\n<p><strong>\u0110\u01b0\u1eddng k\u00ednh ngo\u00e0i (cm):<\/strong>\u00a017mm \u2013 686mm<\/p>\n<p><strong>Chi\u1ec1u cao:<\/strong>\u00a085mm<\/p>\n<p><strong>Chi\u1ec1u d\u00e0i:<\/strong>\u00a014inch, 18inch<\/p>\n<p><strong>T\u1ed1c \u0111\u1ed9 m\u00e1y:<\/strong>\u00a0175-600 v\u00f2ng\/ ph\u00fat<\/p>\n<p><strong>Ch\u1ea5t li\u1ec7u:<\/strong>\u00a0S\u1ee3i Polyester kh\u00f4ng d\u1ec7t<\/p>\n<p><strong>B\u1ec1 m\u1eb7t c\u00f3 th\u1ec3 s\u1eed d\u1ee5ng:<\/strong>\u00a0G\u1ea1ch, v\u1ea3i s\u01a1n, nh\u1ef1a vinyl, g\u1ed7<\/p>\n<p><strong>C\u00f4ng d\u1ee5ng:<\/strong><\/p>\n<p>Mi\u1ebfng Pad \u0111\u00e1nh b\u00f3ng 3M 4100 Gi\u00fap l\u00e0m s\u1ea1ch b\u1ec1 m\u1eb7t s\u00e0n, lo\u1ea1i b\u1ecf c\u00e1c v\u1ebft b\u00f9n \u0111\u1ea5t, gi\u1ea3m m\u1edd c\u00e1c v\u1ebft x\u01b0\u1edbc<\/p>\n<p>S\u1eed d\u1ee5ng \u0111\u1ec3 \u0111\u00e1nh b\u00f3ng s\u00e0n g\u1ed7, l\u00e0m s\u1ea1ch ho\u1eb7c l\u00e0m kh\u00f4 b\u1ec1 m\u1eb7t s\u00e0n<\/p>\n<p><strong>M\u00f4 t\u1ea3:<\/strong><\/p>\n<p>S\u1ea3n ph\u1ea9m s\u1ea3n xu\u1ea5t theo ti\u00eau chu\u1ea9n c\u00f4ng nghi\u1ec7p, hi\u1ec7u su\u1ea5t ph\u00f9 h\u1ee3p v\u1edbi tu\u1ed5i th\u1ecd c\u1ee7a s\u1ea3n ph\u1ea9m<\/p>\n<p>C\u00e1c h\u1ea1t m\u00e0i m\u00f2n c\u1ee7a mi\u1ebfng \u0111\u00e1nh s\u00e0n \u0111\u01b0\u1ee3c ph\u00e2n t\u00e1n trong su\u1ed1t v\u00e0 \u0111\u01b0\u1ee3c li\u00ean k\u1ebft b\u1eb1ng m\u1ed9t ch\u1ea5t k\u1ebft d\u00ednh n\u1ec1n<\/p>\n<p><strong>\u1ee8ng d\u1ee5ng: <\/strong>G\u1eafn v\u00e0o thi\u1ebft b\u1ecb v\u1ec7 sinh m\u00e1y ch\u00e0 s\u00e0n \u0111\u01a1n t\u1ea9y v\u1ebft b\u1ea9n l\u00e0m s\u1ea1ch b\u1ec1 m\u1eb7t, \u0111\u00e1nh b\u00f3ng \u0111\u00e1 marble, granite, g\u1ea1ch men<\/p>\n<p><img loading=\"lazy\" decoding=\"async\" class=\"alignnone wp-image-6056\" src=\"https:\/\/achisonsafety.com.vn\/wp-content\/uploads\/2022\/08\/Mieng-Pad-danh-bong-san-3M-4100-mau-trang-1.png\" alt=\"\" width=\"298\" height=\"298\" title=\"\" srcset=\"https:\/\/achisonsafety.com.vn\/wp-content\/uploads\/2022\/08\/Mieng-Pad-danh-bong-san-3M-4100-mau-trang-1.png 400w, https:\/\/achisonsafety.com.vn\/wp-content\/uploads\/2022\/08\/Mieng-Pad-danh-bong-san-3M-4100-mau-trang-1-280x280.png 280w, https:\/\/achisonsafety.com.vn\/wp-content\/uploads\/2022\/08\/Mieng-Pad-danh-bong-san-3M-4100-mau-trang-1-30x30.png 30w, https:\/\/achisonsafety.com.vn\/wp-content\/uploads\/2022\/08\/Mieng-Pad-danh-bong-san-3M-4100-mau-trang-1-60x60.png 60w, https:\/\/achisonsafety.com.vn\/wp-content\/uploads\/2022\/08\/Mieng-Pad-danh-bong-san-3M-4100-mau-trang-1-247x247.png 247w, https:\/\/achisonsafety.com.vn\/wp-content\/uploads\/2022\/08\/Mieng-Pad-danh-bong-san-3M-4100-mau-trang-1-100x100.png 100w\" sizes=\"(max-width: 298px) 100vw, 298px\" \/><\/p>\n<p><img loading=\"lazy\" decoding=\"async\" class=\"alignnone wp-image-6058\" src=\"https:\/\/achisonsafety.com.vn\/wp-content\/uploads\/2022\/08\/Mieng-Pad-danh-bong-san-3M-4100-mau-trang.png\" alt=\"\" width=\"267\" height=\"267\" title=\"\" srcset=\"https:\/\/achisonsafety.com.vn\/wp-content\/uploads\/2022\/08\/Mieng-Pad-danh-bong-san-3M-4100-mau-trang.png 400w, https:\/\/achisonsafety.com.vn\/wp-content\/uploads\/2022\/08\/Mieng-Pad-danh-bong-san-3M-4100-mau-trang-280x280.png 280w, https:\/\/achisonsafety.com.vn\/wp-content\/uploads\/2022\/08\/Mieng-Pad-danh-bong-san-3M-4100-mau-trang-30x30.png 30w, https:\/\/achisonsafety.com.vn\/wp-content\/uploads\/2022\/08\/Mieng-Pad-danh-bong-san-3M-4100-mau-trang-60x60.png 60w, https:\/\/achisonsafety.com.vn\/wp-content\/uploads\/2022\/08\/Mieng-Pad-danh-bong-san-3M-4100-mau-trang-247x247.png 247w, https:\/\/achisonsafety.com.vn\/wp-content\/uploads\/2022\/08\/Mieng-Pad-danh-bong-san-3M-4100-mau-trang-100x100.png 100w\" sizes=\"(max-width: 267px) 100vw, 267px\" \/><\/p>\n<p><strong>L\u01b0u \u00fd:<\/strong><\/p>\n<p>&#8211; S\u1eed d\u1ee5ng Pad ch\u00e0 s\u00e0n \u0111\u00fang v\u1edbi c\u00f4ng n\u0103ng s\u1eed d\u1ee5ng<\/p>\n<p>&#8211; Khi s\u1ea3n ph\u1ea9m c\u00f3 d\u1ea5u hi\u1ec7u xu\u1ed1ng c\u1ea5p n\u00ean \u0111\u1ed5i qua mi\u1ebfng Pad kh\u00e1c \u0111\u1ec3 \u0111\u1ea3m b\u1ea3o an to\u00e0n<\/p>\n<p>&#8211; B\u1ea3o qu\u1ea3n s\u1ea3n ph\u1ea9m n\u01a1i kh\u00f4 r\u00e1o, tho\u00e1ng m\u00e1t<\/p>\n","protected":false},"excerpt":{"rendered":"<ul>\n<li>S\u1ea3n ph\u1ea9m s\u1ea3n xu\u1ea5t theo ti\u00eau chu\u1ea9n c\u00f4ng nghi\u1ec7p, hi\u1ec7u su\u1ea5t ph\u00f9 h\u1ee3p v\u1edbi tu\u1ed5i th\u1ecd c\u1ee7a s\u1ea3n ph\u1ea9m<\/li>\n<li>C\u00e1c h\u1ea1t m\u00e0i m\u00f2n c\u1ee7a mi\u1ebfng \u0111\u00e1nh s\u00e0n \u0111\u01b0\u1ee3c ph\u00e2n t\u00e1n trong su\u1ed1t v\u00e0 \u0111\u01b0\u1ee3c li\u00ean k\u1ebft b\u1eb1ng m\u1ed9t ch\u1ea5t k\u1ebft d\u00ednh n\u1ec1n<\/li>\n<\/ul>\n","protected":false},"featured_media":6058,"comment_status":"open","ping_status":"closed","template":"","meta":[],"product_cat":[84],"product_tag":[188,338,183],"class_list":{"0":"post-6055","1":"product","2":"type-product","3":"status-publish","4":"has-post-thumbnail","6":"product_cat-pad-cha-san","7":"product_tag-nganh-dau-khi-khai-khoang-dong-tau-cang-bien-hang-khong","8":"product_tag-nganh-khai-thac-va-che-bien-go-noi-that","9":"product_tag-nganh-tu-dong-hoa","10":"yith_product_brand-3m","12":"first","13":"instock","14":"shipping-taxable","15":"product-type-simple"},"acf":[],"_links":{"self":[{"href":"https:\/\/achisonsafety.com.vn\/en\/wp-json\/wp\/v2\/product\/6055"}],"collection":[{"href":"https:\/\/achisonsafety.com.vn\/en\/wp-json\/wp\/v2\/product"}],"about":[{"href":"https:\/\/achisonsafety.com.vn\/en\/wp-json\/wp\/v2\/types\/product"}],"replies":[{"embeddable":true,"href":"https:\/\/achisonsafety.com.vn\/en\/wp-json\/wp\/v2\/comments?post=6055"}],"wp:featuredmedia":[{"embeddable":true,"href":"https:\/\/achisonsafety.com.vn\/en\/wp-json\/wp\/v2\/media\/6058"}],"wp:attachment":[{"href":"https:\/\/achisonsafety.com.vn\/en\/wp-json\/wp\/v2\/media?parent=6055"}],"wp:term":[{"taxonomy":"product_cat","embeddable":true,"href":"https:\/\/achisonsafety.com.vn\/en\/wp-json\/wp\/v2\/product_cat?post=6055"},{"taxonomy":"product_tag","embeddable":true,"href":"https:\/\/achisonsafety.com.vn\/en\/wp-json\/wp\/v2\/product_tag?post=6055"}],"curies":[{"name":"wp","href":"https:\/\/api.w.org\/{rel}","templated":true}]}}