{"id":6066,"date":"2022-08-09T22:21:59","date_gmt":"2022-08-09T15:21:59","guid":{"rendered":"https:\/\/beta.achisonsafety.com.vn\/?post_type=product&#038;p=6066"},"modified":"2025-09-17T16:45:27","modified_gmt":"2025-09-17T09:45:27","slug":"bo-ung-cuu-tran-do-dau-spill-kit-240l-ospc-120","status":"publish","type":"product","link":"https:\/\/achisonsafety.com.vn\/en\/san-pham\/bo-ung-cuu-tran-do-dau-spill-kit-240l-ospc-120\/","title":{"rendered":"B\u1ed9 \u1ee9ng c\u1ee9u tr\u00e0n \u0111\u1ed5 d\u1ea7u Spill Kit 240L OSPC-120"},"content":{"rendered":"<div><strong>B\u1ed9 \u1ee9ng c\u1ee9u tr\u00e0n d\u1ea7u, axit v\u00e0 c\u00e1c dung d\u1ecbch \u0103n m\u00f2n (Spill Kits) \u0111\u01b0\u1ee3c thi\u1ebft k\u1ebf \u0111\u1ec3 \u0111\u00e1p \u1ee9ng nhu c\u1ea7u x\u1eed l\u00fd khi g\u1eb7p s\u1ef1 c\u1ed1 tr\u00e0n d\u1ea7u v\u1eeba v\u00e0 nh\u1ecf m\u1ed9t c\u00e1ch c\u01a1 \u0111\u1ed9ng v\u00e0 hi\u1ec7u qu\u1ea3 t\u1ea1i c\u00e1c nh\u00e0 x\u01b0\u1edfng, cho c\u00e1c ph\u01b0\u01a1ng ti\u1ec7n v\u1eadn t\u1ea3i v\u00e0 t\u1ea5t c\u1ea3 c\u00e1c khu v\u1ef1c c\u00f3 nguy c\u01a1 x\u1ea3y ra s\u1ef1 c\u1ed1 tr\u00e0n v\u00e3i nhi\u00ean li\u1ec7u, d\u1ea7u, axit v\u00e0 c\u00e1c dung d\u1ecbch kh\u00e1c d\u00f9ng trong c\u00f4ng nghi\u1ec7p, th\u01b0\u01a1ng m\u1ea1i&#8230;<\/strong><\/div>\n<div><\/div>\n<div>C\u00e1c s\u1ef1 c\u1ed1 tr\u00e0n d\u1ea7u l\u1edbn g\u00e2y s\u1ef1 ch\u00fa \u00fd c\u1ee7a c\u00f4ng lu\u1eadn th\u01b0\u1eddng \u00edt x\u1ea3y ra, xong s\u1ef1 c\u1ed1 tr\u00e0n v\u00e3i ho\u1eb7c r\u00f2 r\u1ec9 c\u00e1c ch\u1ea5t l\u1ecfng nh\u01b0 d\u1ea7u, h\u00f3a ch\u1ea5t \u1edf m\u1ee9c \u0111\u1ed9 nh\u1ecf v\u00e0 v\u1eeba t\u1ea1i c\u00e1c c\u01a1 s\u1edf s\u1ea3n xu\u1ea5t, ph\u00e2n x\u01b0\u1edfng&#8230; l\u1ea1i r\u1ea5t th\u01b0\u1eddng xuy\u00ean. Kh\u1ea3 n\u0103ng \u1ee9ng ph\u00f3 kh\u1ea9n c\u1ea5p c\u00f3 vai tr\u00f2 h\u1ebft s\u1ee9c quan tr\u1ecdng nh\u1eb1m k\u1ecbp th\u1eddi ng\u0103n ch\u1eb7n nguy c\u01a1 ch\u00e1y n\u1ed5, \u00f4 nhi\u1ec5m m\u00f4i tr\u01b0\u1eddng c\u0169ng nh\u01b0 nguy h\u1ea1i cho s\u1ee9c kho\u1ebb con ng\u01b0\u1eddi.<\/div>\n<div><\/div>\n<div>V\u1edbi c\u00e1c b\u1ed9 \u0111\u1ed3 \u1ee9ng c\u1ee9u KT, c\u00e1c doanh nghi\u1ec7p c\u00f3 th\u1ec3 s\u1eb5n s\u00e0ng \u1ee9ng ph\u00f3 ngay l\u1eadp t\u1ee9c v\u1edbi s\u1ef1 c\u1ed1 tr\u00e0n d\u1ea7u hay h\u00f3a ch\u1ea5t t\u1ea1i nh\u00e0 m\u00e1y, ph\u00e2n x\u01b0\u1edfng hay do c\u00e1c ph\u01b0\u01a1ng ti\u1ec7n giao th\u00f4ng g\u00e2y ra.<\/div>\n<p>B\u1ed9 \u1ee9ng c\u1ee9u tr\u00e0n \u0111\u1ed5 d\u1ea7u Spill Kit 240L OSPC-120 \u0111\u01b0\u1ee3c thi\u1ebft k\u1ebf r\u1ea5t ti\u1ec7n l\u1ee3i cho c\u00e1c xe b\u1ed3n. Bao g\u1ed3m c\u00e1c v\u1eadt t\u01b0 thi\u1ebft y\u1ebfu cho c\u00f4ng t\u00e1c x\u1eed l\u00fd nhanh s\u1ef1 c\u1ed1 tr\u00e0n v\u00e3i d\u1ea7u ta\u0323i ch\u00f4\u0303 nh\u01b0<\/p>\n<p>01 Th\u00f9ng ch\u1ee9a c\u00f3 b\u00e1nh xe 240L<br \/>\n10 kg ch\u1ea5t th\u1ea5m d\u1ea7u\/ho\u00e1 ch\u1ea5t tr\u00ean b\u1ec1 m\u1eb7t Kleen Sweep<br \/>\n80 T\u1ea5m th\u1ea5m d\u1ea7u NanoPAD45<br \/>\n02 Phao qu\u00e2y th\u1ea5m d\u1ea7u NanoBOOM115<br \/>\n02 Phao qu\u00e2y th\u1ea5m d\u1ea7u NanoBOOM130<br \/>\n02 G\u1ed1i th\u1ea5m d\u1ea7u NanoPIL45<br \/>\n02 Qu\u1ea7n \u00e1o ch\u1ed1ng h\u00f3a ch\u1ea5t<br \/>\n02 Kh\u1ea9u trang<br \/>\n02 B\u1ed9 g\u00e0u x\u00fac v\u00e0 b\u00e0n ch\u1ea3i<br \/>\n02 \u0110\u00f4i g\u0103ng tay ch\u1ed1ng h\u00f3a ch\u1ea5t<br \/>\n02 K\u00ednh b\u1ea3o h\u1ed9<br \/>\n10 Bao \u0111\u1ef1ng ch\u1ea5t th\u1ea3i<br \/>\n01 H\u01b0\u1edbng d\u1eabn s\u1eed d\u1ee5ng v\u00e0 danh s\u00e1ch v\u1eadt t\u01b0<\/p>\n<h3><strong>\u0110\u1eb7c t\u00ednh v\u01b0\u1ee3t tr\u1ed9i<\/strong><\/h3>\n<p>X\u1eed l\u00fd nhanh s\u1ef1 c\u1ed1 tr\u00e0n d\u1ea7u<\/p>\n<p>\u0110\u00e1p \u1ee9ng \u0111\u01b0\u1ee3c quy \u0111\u1ecbnh v\u1ec1 trang thi\u1ebft b\u1ecb \u1ee9ng ph\u00f3 s\u1ef1 c\u1ed1 tr\u00e0n d\u1ea7u t\u1ea1i ch\u1ed7<\/p>\n<p>G\u1ecdn nh\u1eb9, c\u01a1 \u0111\u1ed9ng<\/p>\n<p>D\u00f9ng cho xe b\u1ed3n, xe ch\u1edf x\u0103ng d\u1ea7u<\/p>\n<p>An to\u00e0n, hi\u1ec7u qu\u1ea3, chi ph\u00ed th\u1ea5p<\/p>\n<p>Kha\u0309 n\u0103ng th\u00e2\u0301m hu\u0301t 376L<\/p>\n<p>S\u1eed d\u1ee5ng \u0111\u01a1n gi\u1ea3n<\/p>\n<p><strong>==&gt; Xem th\u00eam c\u00e1c gi\u1ea3i ph\u00e1p kh\u00e1c t\u1ea1i<\/strong>:\u00a0 <a href=\"https:\/\/achisonsafety.com.vn\/danh-muc-san-pham\/bao-ve-co-so-ha-tang-va-moi-truong\/bo-ung-cuu-tran-do-dau\/\">https:\/\/achisonsafety.com.vn\/danh-muc-san-pham\/bao-ve-co-so-ha-tang-va-moi-truong\/bo-ung-cuu-tran-do-dau\/\u00a0<\/a><\/p>\n","protected":false},"excerpt":{"rendered":"<ul>\n<li>G\u1ecdn nh\u1eb9, c\u01a1 \u0111\u1ed9ng<\/li>\n<li>D\u00f9ng cho xe b\u1ed3n, xe ch\u1edf x\u0103ng d\u1ea7u<\/li>\n<li>An to\u00e0n, hi\u1ec7u qu\u1ea3, chi ph\u00ed th\u1ea5p<\/li>\n<\/ul>\n","protected":false},"featured_media":6069,"comment_status":"open","ping_status":"closed","template":"","meta":[],"product_cat":[85],"product_tag":[188,189],"class_list":{"0":"post-6066","1":"product","2":"type-product","3":"status-publish","4":"has-post-thumbnail","6":"product_cat-bo-ung-cuu-tran-do-dau","7":"product_tag-nganh-dau-khi-khai-khoang-dong-tau-cang-bien-hang-khong","8":"product_tag-nganh-xay-dung-logistic-hoa-chat","9":"yith_product_brand-thuong-hieu-khac","11":"first","12":"instock","13":"shipping-taxable","14":"product-type-simple"},"acf":[],"_links":{"self":[{"href":"https:\/\/achisonsafety.com.vn\/en\/wp-json\/wp\/v2\/product\/6066"}],"collection":[{"href":"https:\/\/achisonsafety.com.vn\/en\/wp-json\/wp\/v2\/product"}],"about":[{"href":"https:\/\/achisonsafety.com.vn\/en\/wp-json\/wp\/v2\/types\/product"}],"replies":[{"embeddable":true,"href":"https:\/\/achisonsafety.com.vn\/en\/wp-json\/wp\/v2\/comments?post=6066"}],"wp:featuredmedia":[{"embeddable":true,"href":"https:\/\/achisonsafety.com.vn\/en\/wp-json\/wp\/v2\/media\/6069"}],"wp:attachment":[{"href":"https:\/\/achisonsafety.com.vn\/en\/wp-json\/wp\/v2\/media?parent=6066"}],"wp:term":[{"taxonomy":"product_cat","embeddable":true,"href":"https:\/\/achisonsafety.com.vn\/en\/wp-json\/wp\/v2\/product_cat?post=6066"},{"taxonomy":"product_tag","embeddable":true,"href":"https:\/\/achisonsafety.com.vn\/en\/wp-json\/wp\/v2\/product_tag?post=6066"}],"curies":[{"name":"wp","href":"https:\/\/api.w.org\/{rel}","templated":true}]}}