{"id":6076,"date":"2022-08-09T22:45:38","date_gmt":"2022-08-09T15:45:38","guid":{"rendered":"https:\/\/beta.achisonsafety.com.vn\/?post_type=product&#038;p=6076"},"modified":"2025-09-17T16:45:26","modified_gmt":"2025-09-17T09:45:26","slug":"bo-ung-cuu-su-co-tran-hoa-chat-3m-osrk-190","status":"publish","type":"product","link":"https:\/\/achisonsafety.com.vn\/en\/san-pham\/bo-ung-cuu-su-co-tran-hoa-chat-3m-osrk-190\/","title":{"rendered":"B\u1ed9 \u1ee8ng C\u1ee9u S\u1ef1 C\u1ed1 Tr\u00e0n H\u00f3a Ch\u1ea5t 3M OSRK-190"},"content":{"rendered":"<h3><span style=\"font-size: 75%\">B\u1ed9 \u1ee8ng C\u1ee9u S\u1ef1 C\u1ed1 Tr\u00e0n H\u00f3a Ch\u1ea5t 3M OSRK-190 \u0111\u01b0\u1ee3c thi\u1ebft k\u1ebf \u0111\u1ec3 \u0111\u00e1p \u1ee9ng nhu c\u1ea7u x\u1eed l\u00fd s\u1ef1 c\u1ed1 d\u1ea7u tr\u00e0n, r\u01a1i v\u00e3i, r\u00f2 r\u1ec9 v\u1eeba v\u00e0 nh\u1ecf. C\u00f3 th\u1ec3 t\u00e1i s\u1eed d\u1ee5ng, v\u1edbi 90% l\u01b0\u1ee3ng d\u1ea7u h\u1ea5p th\u1ee5 c\u00f3 th\u1ec3 lo\u1ea1i b\u1ecf v\u00e0 thu h\u1ed3i. D\u00f9ng cho c\u00e1c ph\u00e2n x\u01b0\u1edfng, nh\u00e0 m\u00e1y, x\u00ed nghi\u1ec7p, nh\u00e0 kho, tr\u1ea1m x\u0103ng d\u1ea7u v\u00e0 t\u1ea5t c\u1ea3 nh\u1eefng n\u01a1i th\u01b0\u1eddng c\u00f3 d\u1ea7u tr\u00e0n ho\u1eb7c r\u00f2 r\u1ec9<\/span><\/h3>\n<p>B\u1ed9 \u1ee9ng c\u1ee9u s\u1ef1 c\u1ed1 tr\u00e0n d\u1ea7u 3M OSRK-190 \u0111\u01b0\u1ee3c thi\u1ebft k\u1ebf \u0111\u1ec3 \u0111\u00e1p \u1ee9ng nhu c\u1ea7u x\u1eed l\u00fd s\u1ef1 c\u1ed1 d\u1ea7u tr\u00e0n, r\u01a1i v\u00e3i, r\u00f2 r\u1ec9 v\u1eeba v\u00e0 nh\u1ecf<\/p>\n<p><strong>==&gt; Xem th\u00eam c\u00e1c gi\u1ea3i ph\u00e1p kh\u00e1c t\u1ea1i<\/strong>: <a href=\"https:\/\/achisonsafety.com.vn\/danh-muc-san-pham\/bao-ve-co-so-ha-tang-va-moi-truong\/bo-ung-cuu-tran-do-hoa-chat\/\">https:\/\/achisonsafety.com.vn\/danh-muc-san-pham\/bao-ve-co-so-ha-tang-va-moi-truong\/bo-ung-cuu-tran-do-hoa-chat\/<\/a><\/p>\n<p><strong>Th\u01b0\u01a1ng hi\u1ec7u:<\/strong>\u00a03M<\/p>\n<p><strong>M\u00e3 s\u1ea3n ph\u1ea9m:\u00a0<\/strong>OSRK-190<\/p>\n<p><strong>B\u1ed9 s\u1ea3n ph\u1ea9m g\u1ed3m:<\/strong><\/p>\n<p>25 t\u1ea5m th\u1ea5m d\u1ea7u<\/p>\n<p>2 phao qu\u00e2y th\u1ea5m d\u1ea7u<\/p>\n<p>2 t\u1ea5m th\u1ea5m d\u1ea7u d\u1ea1ng t\u1edd g\u1ea5p<\/p>\n<p>3 M\u1eb7t n\u1ea1 b\u1ea3o h\u1ed9<\/p>\n<p>2 k\u00ednh b\u1ea3o h\u1ed9<\/p>\n<p>2 g\u0103ng tay b\u1ea3o h\u1ed9<\/p>\n<p>2 qu\u1ea7n \u00e1o b\u1ea3o h\u1ed9 d\u00f9ng 1 l\u1ea7n<\/p>\n<p>5 t\u00fai \u0111\u1ef1ng ch\u1ea5t th\u1ea3i nguy h\u1ea1i<\/p>\n<p>1 th\u00f9ng ch\u1ee9a 240L<\/p>\n<p>1 H\u01b0\u1edbng d\u1eabn s\u1eed d\u1ee5ng<\/p>\n<p><strong>M\u00f4 t\u1ea3:<\/strong><\/p>\n<p>B\u1ed9 \u1ee9ng c\u1ee9u s\u1ef1 c\u1ed1 tr\u00e0n d\u1ea7u 3M OSRK-190 c\u00f3 kh\u1ea3 n\u0103ng th\u1ea5m h\u00fat c\u1ef1c nhanh v\u00e0 hi\u1ec7u qu\u1ea3<\/p>\n<p>S\u1eed d\u1ee5ng r\u1ea5t c\u01a1 \u0111\u1ed9ng, \u0111\u01a1n gi\u1ea3n, hi\u1ec7u qu\u1ea3, an to\u00e0n v\u1edbi chi ph\u00ed th\u1ea5p<\/p>\n<p>B\u1ed9 \u1ee8ng C\u1ee9u S\u1ef1 C\u1ed1 Tr\u00e0n H\u00f3a Ch\u1ea5t d\u00f9ng cho c\u00e1c ph\u00e2n x\u01b0\u1edfng, nh\u00e0 m\u00e1y, x\u00ed nghi\u1ec7p, nh\u00e0 kho, tr\u1ea1m x\u0103ng d\u1ea7u v\u00e0 t\u1ea5t c\u1ea3 nh\u1eefng n\u01a1i th\u01b0\u1eddng c\u00f3 d\u1ea7u tr\u00e0n ho\u1eb7c r\u00f2 r\u1ec9<\/p>\n<p>C\u00f4 l\u1eadp t\u1ed1t c\u00e1c ch\u1ea5t l\u1ecfng m\u00e0 n\u00f3 h\u1ea5p th\u1ee5<\/p>\n<p>S\u1eed d\u1ee5ng cho nhi\u1ec1u lo\u1ea1i dung d\u1ecbch tr\u00e0n v\u00e3i<\/p>\n<p>Kh\u00f4ng \u0111\u1ed9c h\u1ea1i \u0111\u1ed1i v\u1edbi con ng\u01b0\u1eddi, \u0111\u1ed9ng th\u1ef1c v\u1eadt v\u00e0 m\u00f4i tr\u01b0\u1eddng<\/p>\n<p>C\u00f3 th\u1ec3 t\u00e1i s\u1eed d\u1ee5ng, v\u1edbi 90% l\u01b0\u1ee3ng d\u1ea7u h\u1ea5p th\u1ee5 c\u00f3 th\u1ec3 lo\u1ea1i b\u1ecf v\u00e0 thu h\u1ed3i<\/p>\n<p>B\u1ed9 \u1ee9ng c\u1ee9u s\u1ef1 c\u1ed1 tr\u00e0n d\u1ea7u 3M OSRK-190 c\u00f3 t\u00ednh k\u1ef5 n\u01b0\u1edbc v\u00ec v\u1eady r\u1ea5t l\u00fd t\u01b0\u1edfng \u0111\u1ec3 h\u1ea5p th\u1ee5 ch\u1ea5t l\u1ecfng d\u1ef1a tr\u00ean d\u1ea7u ho\u1eb7c d\u1ea7u v\u00e0 nh\u1eefng n\u01a1i c\u00f3 th\u1ec3 c\u00f3 n\u01b0\u1edbc.<\/p>\n<p><img loading=\"lazy\" decoding=\"async\" class=\"alignnone size-full wp-image-6223\" src=\"https:\/\/achisonsafety.com.vn\/wp-content\/uploads\/2022\/08\/oil-petroleum-spill-response-kit-osrk-190-jpg.jpg\" alt=\"\" width=\"400\" height=\"376\" title=\"\" srcset=\"https:\/\/achisonsafety.com.vn\/wp-content\/uploads\/2022\/08\/oil-petroleum-spill-response-kit-osrk-190-jpg.jpg 400w, https:\/\/achisonsafety.com.vn\/wp-content\/uploads\/2022\/08\/oil-petroleum-spill-response-kit-osrk-190-jpg-32x30.jpg 32w, https:\/\/achisonsafety.com.vn\/wp-content\/uploads\/2022\/08\/oil-petroleum-spill-response-kit-osrk-190-jpg-64x60.jpg 64w\" sizes=\"(max-width: 400px) 100vw, 400px\" \/><\/p>\n","protected":false},"excerpt":{"rendered":"<ul>\n<li>S\u1eed d\u1ee5ng cho nhi\u1ec1u lo\u1ea1i dung d\u1ecbch tr\u00e0n v\u00e3i<\/li>\n<li>Kh\u00f4ng \u0111\u1ed9c h\u1ea1i \u0111\u1ed1i v\u1edbi con ng\u01b0\u1eddi, \u0111\u1ed9ng th\u1ef1c v\u1eadt v\u00e0 m\u00f4i tr\u01b0\u1eddng<\/li>\n<li>C\u00f3 th\u1ec3 t\u00e1i s\u1eed d\u1ee5ng, v\u1edbi 90% l\u01b0\u1ee3ng d\u1ea7u h\u1ea5p th\u1ee5 c\u00f3 th\u1ec3 lo\u1ea1i b\u1ecf v\u00e0 thu h\u1ed3i<\/li>\n<\/ul>\n","protected":false},"featured_media":6077,"comment_status":"open","ping_status":"closed","template":"","meta":[],"product_cat":[86],"product_tag":[188,189],"class_list":{"0":"post-6076","1":"product","2":"type-product","3":"status-publish","4":"has-post-thumbnail","6":"product_cat-bo-ung-cuu-tran-do-hoa-chat","7":"product_tag-nganh-dau-khi-khai-khoang-dong-tau-cang-bien-hang-khong","8":"product_tag-nganh-xay-dung-logistic-hoa-chat","9":"yith_product_brand-3m","11":"first","12":"instock","13":"shipping-taxable","14":"product-type-simple"},"acf":[],"_links":{"self":[{"href":"https:\/\/achisonsafety.com.vn\/en\/wp-json\/wp\/v2\/product\/6076"}],"collection":[{"href":"https:\/\/achisonsafety.com.vn\/en\/wp-json\/wp\/v2\/product"}],"about":[{"href":"https:\/\/achisonsafety.com.vn\/en\/wp-json\/wp\/v2\/types\/product"}],"replies":[{"embeddable":true,"href":"https:\/\/achisonsafety.com.vn\/en\/wp-json\/wp\/v2\/comments?post=6076"}],"wp:featuredmedia":[{"embeddable":true,"href":"https:\/\/achisonsafety.com.vn\/en\/wp-json\/wp\/v2\/media\/6077"}],"wp:attachment":[{"href":"https:\/\/achisonsafety.com.vn\/en\/wp-json\/wp\/v2\/media?parent=6076"}],"wp:term":[{"taxonomy":"product_cat","embeddable":true,"href":"https:\/\/achisonsafety.com.vn\/en\/wp-json\/wp\/v2\/product_cat?post=6076"},{"taxonomy":"product_tag","embeddable":true,"href":"https:\/\/achisonsafety.com.vn\/en\/wp-json\/wp\/v2\/product_tag?post=6076"}],"curies":[{"name":"wp","href":"https:\/\/api.w.org\/{rel}","templated":true}]}}