{"id":6085,"date":"2022-08-10T14:57:04","date_gmt":"2022-08-10T07:57:04","guid":{"rendered":"https:\/\/beta.achisonsafety.com.vn\/?post_type=product&#038;p=6085"},"modified":"2025-09-17T16:45:26","modified_gmt":"2025-09-17T09:45:26","slug":"cuon-cap-chong-roi-nga-tu-rut-kstrong-srl-brute-afs510006","status":"publish","type":"product","link":"https:\/\/achisonsafety.com.vn\/en\/san-pham\/cuon-cap-chong-roi-nga-tu-rut-kstrong-srl-brute-afs510006\/","title":{"rendered":"Cu\u1ed9n c\u00e1p ch\u1ed1ng r\u01a1i ng\u00e3 t\u1ef1 r\u00fat KStrong SRL Brute AFS510006"},"content":{"rendered":"<p><strong><span style=\"color: #000000\"><a href=\"https:\/\/achisonsafety.com.vn\/danh-muc-san-pham\/bao-ho-lao-dong\/giai-phap-chong-roi-nga-tren-cao\/\">Cu\u1ed9n c\u00e1p ch\u1ed1ng r\u01a1i ng\u00e3<\/a> t\u1ef1 r\u00fat KStrong SRL Brute AFS510006<\/span><\/strong><\/p>\n<p><span style=\"color: #000000\">D\u00f2ng s\u1ea3n ph\u1ea9m SRL Brute c\u00f3 tr\u1ecdng l\u01b0\u1ee3ng nh\u1eb9, nh\u1ecf g\u1ecdn v\u00e0 m\u1ea1nh m\u1ebd, \u0111\u1ea3m b\u1ea3o \u0111\u1ed9 tin c\u1eady v\u00e0 an to\u00e0n cho ng\u01b0\u1eddi s\u1eed d\u1ee5ng khi l\u00e0m vi\u1ec7c tr\u00ean cao. Hi\u1ec7n c\u00f3 lo\u1ea1i d\u00e2y th\u00e9p m\u1ea1 k\u1ebdm, d\u00e2y th\u00e9p kh\u00f4ng g\u1ec9 v\u00e0 d\u00e2y \u0111ai d\u1ec7t hi\u1ec7u su\u1ea5t cao<\/span><\/p>\n<p><strong><span style=\"color: #000000\">T\u00ednh n\u0103ng:<\/span><\/strong><\/p>\n<p><span style=\"color: #000000\">V\u1ecf \u0111\u01b0\u1ee3c l\u00e0m b\u1eb1ng ch\u1ea5t li\u1ec7u Polymer ch\u1ecbu \u0111\u01b0\u1ee3c l\u1ef1c va \u0111\u1eadp l\u1edbn<\/span><\/p>\n<p><span style=\"color: #000000\">D\u00e2y c\u00e1p th\u00e9p m\u1ea1 k\u1ebdm \u0111\u01b0\u1eddng k\u00ednh t\u1ed1i thi\u1ec3u 4.5<\/span><\/p>\n<p><span style=\"color: #000000\">Chi\u1ec1u d\u00e0i d\u00e2y c\u00e1p 6m<\/span><\/p>\n<p><span style=\"color: #000000\">\u0110\u1ea7u li\u00ean k\u1ebft v\u1edbi m\u00f3c kh\u00f3a xoay \u0111\u01b0\u1ee3c l\u00e0m b\u1eb1ng th\u00e9p m\u1ea1 k\u1ebdm<\/span><\/p>\n<p><strong><span style=\"color: #000000\">C\u00f4ng d\u1ee5ng:<\/span><\/strong><\/p>\n<p><span style=\"color: #000000\">B\u1ea3o h\u1ed9 lao \u0111\u1ed9ng, ch\u1ed1ng r\u01a1i ng\u00e3 khi l\u00e0m vi\u1ec7c tr\u00ean cao<\/span><\/p>\n<p><span style=\"color: #000000\">Gi\u1ea3m thi\u1ec3u ch\u1ea5n th\u01b0\u01a1ng khi c\u00f3 s\u1ef1 c\u1ed1 x\u1ea3y ra<\/span><\/p>\n<p><img loading=\"lazy\" decoding=\"async\" class=\"size-medium wp-image-6143 aligncenter\" src=\"https:\/\/achisonsafety.com.vn\/wp-content\/uploads\/2022\/08\/AFS-510003_2-1-400x400.png\" alt=\"\" width=\"400\" height=\"400\" title=\"\" srcset=\"https:\/\/achisonsafety.com.vn\/wp-content\/uploads\/2022\/08\/AFS-510003_2-1-400x400.png 400w, https:\/\/achisonsafety.com.vn\/wp-content\/uploads\/2022\/08\/AFS-510003_2-1-280x280.png 280w, https:\/\/achisonsafety.com.vn\/wp-content\/uploads\/2022\/08\/AFS-510003_2-1-30x30.png 30w, https:\/\/achisonsafety.com.vn\/wp-content\/uploads\/2022\/08\/AFS-510003_2-1-60x60.png 60w, https:\/\/achisonsafety.com.vn\/wp-content\/uploads\/2022\/08\/AFS-510003_2-1-247x247.png 247w, https:\/\/achisonsafety.com.vn\/wp-content\/uploads\/2022\/08\/AFS-510003_2-1-510x510.png 510w, https:\/\/achisonsafety.com.vn\/wp-content\/uploads\/2022\/08\/AFS-510003_2-1-100x100.png 100w, https:\/\/achisonsafety.com.vn\/wp-content\/uploads\/2022\/08\/AFS-510003_2-1.png 600w\" sizes=\"(max-width: 400px) 100vw, 400px\" \/><\/p>\n<p><span style=\"color: #000000\">Cu\u1ed9n c\u00e1p ch\u1ed1ng r\u01a1i ng\u00e3 t\u1ef1 r\u00fat c\u00f3 \u0111\u1ea7u neo v\u1edbi m\u00f3c Karabiner c\u00f3 kh\u00f3a chuy\u1ec3n h\u01b0\u1edbng b\u1eb1ng th\u00e9p m\u1ea1 k\u1ebdm<\/span><\/p>\n<p><img loading=\"lazy\" decoding=\"async\" class=\"alignnone size-medium wp-image-6145 aligncenter\" src=\"https:\/\/achisonsafety.com.vn\/wp-content\/uploads\/2022\/08\/AFS-510003_3-1-400x400.png\" alt=\"\" width=\"400\" height=\"400\" title=\"\" srcset=\"https:\/\/achisonsafety.com.vn\/wp-content\/uploads\/2022\/08\/AFS-510003_3-1-400x400.png 400w, https:\/\/achisonsafety.com.vn\/wp-content\/uploads\/2022\/08\/AFS-510003_3-1-280x280.png 280w, https:\/\/achisonsafety.com.vn\/wp-content\/uploads\/2022\/08\/AFS-510003_3-1-30x30.png 30w, https:\/\/achisonsafety.com.vn\/wp-content\/uploads\/2022\/08\/AFS-510003_3-1-60x60.png 60w, https:\/\/achisonsafety.com.vn\/wp-content\/uploads\/2022\/08\/AFS-510003_3-1-247x247.png 247w, https:\/\/achisonsafety.com.vn\/wp-content\/uploads\/2022\/08\/AFS-510003_3-1-510x510.png 510w, https:\/\/achisonsafety.com.vn\/wp-content\/uploads\/2022\/08\/AFS-510003_3-1-100x100.png 100w, https:\/\/achisonsafety.com.vn\/wp-content\/uploads\/2022\/08\/AFS-510003_3-1.png 600w\" sizes=\"(max-width: 400px) 100vw, 400px\" \/><\/p>\n<p>&nbsp;<\/p>\n","protected":false},"excerpt":{"rendered":"<p><span style=\"color: #000000\">Cu\u1ed9n c\u00e1p ch\u1ed1ng r\u01a1i ng\u00e3 t\u1ef1 r\u00fat KStrong SRL Brute AFS510006<\/span><\/p>\n<ul>\n<li><span style=\"color: #000000\">Xu\u1ea5t x\u1ee9 th\u01b0\u01a1ng hi\u1ec7u: Singapore<\/span><\/li>\n<li>Ch\u1ecbu \u0111\u01b0\u1ee3c tr\u1ecdng l\u01b0\u1ee3ng 140Kg<\/li>\n<\/ul>\n","protected":false},"featured_media":6155,"comment_status":"open","ping_status":"closed","template":"","meta":[],"product_cat":[16,43,499],"product_tag":[],"class_list":{"0":"post-6085","1":"product","2":"type-product","3":"status-publish","4":"has-post-thumbnail","6":"product_cat-bao-ho-lao-dong","7":"product_cat-giai-phap-chong-roi-nga-tren-cao","8":"product_cat-cuon-cap-chong-roi-nga-tu-rut","9":"yith_product_brand-kstrong","11":"first","12":"instock","13":"shipping-taxable","14":"product-type-simple"},"acf":[],"_links":{"self":[{"href":"https:\/\/achisonsafety.com.vn\/en\/wp-json\/wp\/v2\/product\/6085"}],"collection":[{"href":"https:\/\/achisonsafety.com.vn\/en\/wp-json\/wp\/v2\/product"}],"about":[{"href":"https:\/\/achisonsafety.com.vn\/en\/wp-json\/wp\/v2\/types\/product"}],"replies":[{"embeddable":true,"href":"https:\/\/achisonsafety.com.vn\/en\/wp-json\/wp\/v2\/comments?post=6085"}],"wp:featuredmedia":[{"embeddable":true,"href":"https:\/\/achisonsafety.com.vn\/en\/wp-json\/wp\/v2\/media\/6155"}],"wp:attachment":[{"href":"https:\/\/achisonsafety.com.vn\/en\/wp-json\/wp\/v2\/media?parent=6085"}],"wp:term":[{"taxonomy":"product_cat","embeddable":true,"href":"https:\/\/achisonsafety.com.vn\/en\/wp-json\/wp\/v2\/product_cat?post=6085"},{"taxonomy":"product_tag","embeddable":true,"href":"https:\/\/achisonsafety.com.vn\/en\/wp-json\/wp\/v2\/product_tag?post=6085"}],"curies":[{"name":"wp","href":"https:\/\/api.w.org\/{rel}","templated":true}]}}