{"id":6165,"date":"2022-08-10T21:38:04","date_gmt":"2022-08-10T14:38:04","guid":{"rendered":"https:\/\/beta.achisonsafety.com.vn\/?post_type=product&#038;p=6165"},"modified":"2025-09-17T16:45:26","modified_gmt":"2025-09-17T09:45:26","slug":"phao-quay-tham-dau-n-fiber-b-610","status":"publish","type":"product","link":"https:\/\/achisonsafety.com.vn\/en\/san-pham\/phao-quay-tham-dau-n-fiber-b-610\/","title":{"rendered":"Phao Qu\u00e2y Th\u1ea5m D\u1ea7u N-Fiber B 610"},"content":{"rendered":"<p><a href=\"https:\/\/achisonsafety.com.vn\/san-pham\/phao-quay-tham-dau-n-fiber-b-610\/\"><strong>Phao qu\u00e2y th\u1ea5m d\u1ea7u N-Fiber B 610<\/strong><\/a> \u0111\u01b0\u1ee3c s\u1ea3n xu\u1ea5t ch\u1ee7 y\u1ebfu t\u1eeb v\u1eadt li\u1ec7u Polypropylene c\u00f3 kh\u1ea3 n\u0103ng th\u1ea5m h\u00fat v\u00e0 c\u00f4 l\u1eadp l\u00ean \u0111\u1ebfn 580L\/pcs. Chuy\u00ean d\u00f9ng trong vi\u1ec7c qu\u00e2y ch\u1eb7n v\u00e0 th\u1ea5m h\u00fat d\u1ea7u tr\u00e0n c\u1ea3 tr\u00ean c\u1ea1n l\u1eabn d\u01b0\u1edbi n\u01b0\u1edbc \u0111\u1ed3ng th\u1eddi thu gom d\u1ea7u b\u1eb1ng c\u00e1ch th\u1ea5m h\u00fat v\u00e0o b\u00ean trong.<\/p>\n<p>S\u1ea3n ph\u1ea9m th\u00edch h\u1ee3p cho \u1ee9ng ph\u00f3 nhanh v\u00e0 c\u01a1 \u0111\u1ed9ng \u0111\u1ed1i v\u1edbi s\u1ef1 c\u1ed1 tr\u00e0n d\u1ea7u quy m\u00f4 v\u1eeba v\u00e0 nh\u1ecf.<\/p>\n<p>Phao qu\u00e2y th\u1ea5m d\u1ea7u N-Fiber B 610 l\u00e0 s\u1ea3n ph\u1ea9m th\u1ea5m d\u1ea7u \u0111\u01b0\u1ee3c thi\u1ebft k\u1ebf v\u1edbi b\u1ec1 r\u1ed9ng 10cm v\u00e0 chi\u1ec1u d\u00e0i 600cm, qu\u00e2y ch\u1eb7n tuy\u1ec7t t\u1ed1i l\u01b0\u1ee3ng d\u1ea7u tr\u00e0n tr\u00ean n\u1ec1n s\u00e0n v\u1edbi quy m\u00f4 tr\u00e0n r\u1ed9ng.<\/p>\n<div>\n<h2><span style=\"font-size: 100%\"><strong>\u0110\u1eb7c t\u00ednh v\u00e0 l\u1ee3i \u00edch c\u1ee7a phao qu\u00e2y th\u1ea5m d\u1ea7u N-Fiber B 610<\/strong><\/span><\/h2>\n<p>&#8211; L\u00e0 gi\u1ea3i ph\u00e1p t\u1ed1i \u01b0u trong \u1ee9ng ph\u00f3 s\u1ef1 c\u1ed1 kh\u1ea9n c\u1ea5p tr\u00e0n d\u1ea7u, do k\u1ebft h\u1ee3p \u0111\u01b0\u1ee3c qu\u00e2y ch\u1eb7n v\u00e0 th\u1ea5m h\u00fat.<\/p>\n<p>&#8211; Ph\u1ea7n l\u00f5i phao ch\u1ee9a x\u01a1 b\u00f4ng ch\u1ea5t li\u1ec7u polypropylene ho\u00e0n to\u00e0n KH\u00d4NG th\u1ea5m n\u01b0\u1edbc, ch\u1ec9 th\u1ea5m d\u1ea7u v\u00e0 c\u00e1c s\u1ea3n ph\u1ea9m c\u1ee7a d\u1ea7u (nhi\u00ean li\u1ec7u, d\u1ea7u nh\u1eddn,&#8230;).<\/p>\n<p>&#8211; Phao qu\u00e2y th\u1ea5m d\u1ea7u NANO \u0111\u01b0\u1ee3c \u1ee9ng d\u1ee5ng c\u00f4ng ngh\u1ec7 NANO trong s\u1ea3n xu\u1ea5t l\u00e0m t\u0103ng t\u1ed1c \u0111\u1ed9 v\u00e0 kh\u1ea3 n\u0103ng th\u1ea5m h\u00fat, gi\u00fap cho doanh nghi\u1ec7p gi\u1ea3m kh\u00f4ng gian l\u01b0u ch\u1ee9a v\u00e0 chi ph\u00ed khi c\u00f3 s\u1ef1 c\u1ed1 x\u1ea3y ra.<\/p>\n<p>&#8211; C\u00f3 m\u00f3c b\u1eb1ng th\u00e9p ch\u1ed1ng r\u1ec9 gi\u00fap k\u1ebft n\u1ed1i c\u00e1c phao ph\u00f9 h\u1ee3p \u0111\u1ec3 \u1ee9ng ph\u00f3 cho c\u00e1c s\u1ef1 c\u1ed1 v\u1edbi quy m\u00f4 kh\u00e1c nhau.<\/p>\n<p>&#8211; L\u1edbp b\u1ecdc b\u00ean ngo\u00e0i phao \u0111\u01b0\u1ee3c s\u1ea3n xu\u1ea5t v\u1edbi c\u00f4ng ngh\u1ec7 s\u1ee3i kh\u00f4ng d\u1ec7t v\u00e0 b\u1ed5 sung l\u01b0\u1edbi \u0111\u1ec3 s\u1ea3n ph\u1ea9m kh\u00f4ng b\u1ecb bung r\u00e1ch, s\u1eddn ngay c\u1ea3 khi \u0111\u00e3 ng\u1ea5m \u0111\u1eabm d\u1ea7u.<\/p>\n<p>&#8211; D\u00f9ng \u0111\u01b0\u1ee3c cho c\u1ea3 s\u1ef1 c\u1ed1 tr\u00e0n d\u1ea7u tr\u00ean c\u1ea1n v\u00e0 d\u01b0\u1edbi n\u01b0\u1edbc do \u0111\u1eb7c t\u00ednh kh\u00f4ng th\u1ea5m n\u01b0\u1edbc gi\u00fap phao n\u1ed5i.<\/p>\n<p>&#8211; D\u1ec5 d\u00e0ng tri\u1ec3n khai v\u00e0 thu gom sau khi x\u1eed l\u00fd xong s\u1ef1 c\u1ed1.<\/p>\n<h2><span style=\"font-size: 100%\"><strong>\u1ee8ng d\u1ee5ng trong th\u1ef1c ti\u1ec5n<\/strong><\/span><\/h2>\n<p>&#8211; Qu\u00e2y ch\u1eb7n xung quanh khu v\u1ef1c x\u1ea3y ra s\u1ef1 c\u1ed1 tr\u00e0n d\u1ea7u.<\/p>\n<p>&#8211; C\u00f3 th\u1ec3 d\u00f9ng tr\u00ean c\u1ea1n ho\u1eb7c tr\u00ean s\u00f4ng\/bi\u1ec3n&#8230;<\/p>\n<p>D\u01b0\u1edbi \u0111\u00e2y l\u00e0 m\u1ed9t s\u1ed1 h\u00ecnh \u1ea3nh th\u1ef1c t\u1ebf khi s\u1eed d\u1ee5ng s\u1ea3n ph\u1ea9m phao qu\u00e2y th\u1ea5m d\u1ea7u N-Fiber B 610.<\/p>\n<p><img loading=\"lazy\" decoding=\"async\" class=\"size-full wp-image-6219 aligncenter\" src=\"https:\/\/achisonsafety.com.vn\/wp-content\/uploads\/2022\/08\/Phao-quay-tham-dau-1.jpg\" alt=\"\" width=\"512\" height=\"299\" title=\"\" srcset=\"https:\/\/achisonsafety.com.vn\/wp-content\/uploads\/2022\/08\/Phao-quay-tham-dau-1.jpg 512w, https:\/\/achisonsafety.com.vn\/wp-content\/uploads\/2022\/08\/Phao-quay-tham-dau-1-51x30.jpg 51w, https:\/\/achisonsafety.com.vn\/wp-content\/uploads\/2022\/08\/Phao-quay-tham-dau-1-103x60.jpg 103w, https:\/\/achisonsafety.com.vn\/wp-content\/uploads\/2022\/08\/Phao-quay-tham-dau-1-510x298.jpg 510w\" sizes=\"(max-width: 512px) 100vw, 512px\" \/> <img loading=\"lazy\" decoding=\"async\" class=\"wp-image-6221 aligncenter\" src=\"https:\/\/achisonsafety.com.vn\/wp-content\/uploads\/2022\/08\/phao_tham_dau_NanoBoom-1-711x400.jpg\" alt=\"\" width=\"626\" height=\"352\" title=\"\" srcset=\"https:\/\/achisonsafety.com.vn\/wp-content\/uploads\/2022\/08\/phao_tham_dau_NanoBoom-1-711x400.jpg 711w, https:\/\/achisonsafety.com.vn\/wp-content\/uploads\/2022\/08\/phao_tham_dau_NanoBoom-1-768x432.jpg 768w, https:\/\/achisonsafety.com.vn\/wp-content\/uploads\/2022\/08\/phao_tham_dau_NanoBoom-1-53x30.jpg 53w, https:\/\/achisonsafety.com.vn\/wp-content\/uploads\/2022\/08\/phao_tham_dau_NanoBoom-1-107x60.jpg 107w, https:\/\/achisonsafety.com.vn\/wp-content\/uploads\/2022\/08\/phao_tham_dau_NanoBoom-1-510x287.jpg 510w, https:\/\/achisonsafety.com.vn\/wp-content\/uploads\/2022\/08\/phao_tham_dau_NanoBoom-1.jpg 900w\" sizes=\"(max-width: 626px) 100vw, 626px\" \/><\/p>\n<p>N\u1ebfu b\u1ea1n c\u1ea7n \u0111\u01b0\u1ee3c t\u01b0 v\u1ea5n th\u00eam v\u1ec1 s\u1ea3n ph\u1ea9m hay nh\u1eadn b\u00e1o gi\u00e1 th\u00ec h\u00e3y li\u00ean h\u1ec7 v\u1edbi <strong><a href=\"https:\/\/achisonsafety.com.vn\/\" target=\"_blank\" rel=\"noopener\">Achison<\/a><\/strong> qua <strong>Hotline 0913 820 539<\/strong> \u0111\u1ec3 \u0111\u01b0\u1ee3c h\u1ed7 tr\u1ee3 nh\u00e9<\/p>\n<\/div>\n","protected":false},"excerpt":{"rendered":"<ul>\n<li>L\u1edbp b\u1ecdc b\u00ean ngo\u00e0i phao \u0111\u01b0\u1ee3c s\u1ea3n xu\u1ea5t v\u1edbi c\u00f4ng ngh\u1ec7 s\u1ee3i kh\u00f4ng d\u1ec7t v\u00e0 b\u1ed5 sung l\u01b0\u1edbi \u0111\u1ec3 s\u1ea3n ph\u1ea9m kh\u00f4ng b\u1ecb bung r\u00e1ch, s\u1eddn ngay c\u1ea3 khi \u0111\u00e3 ng\u1ea5m \u0111\u1eabm d\u1ea7u.<\/li>\n<li>D\u00f9ng \u0111\u01b0\u1ee3c cho c\u1ea3 s\u1ef1 c\u1ed1 tr\u00e0n d\u1ea7u tr\u00ean c\u1ea1n v\u00e0 d\u01b0\u1edbi n\u01b0\u1edbc do \u0111\u1eb7c t\u00ednh kh\u00f4ng th\u1ea5m n\u01b0\u1edbc gi\u00fap phao n\u1ed5i.<\/li>\n<li>D\u1ec5 d\u00e0ng tri\u1ec3n khai v\u00e0 thu gom sau khi x\u1eed l\u00fd xong s\u1ef1 c\u1ed1.<\/li>\n<\/ul>\n","protected":false},"featured_media":6170,"comment_status":"open","ping_status":"closed","template":"","meta":[],"product_cat":[87],"product_tag":[928,929,930],"class_list":{"0":"post-6165","1":"product","2":"type-product","3":"status-publish","4":"has-post-thumbnail","6":"product_cat-vat-lieu-tham-hut","7":"product_tag-phao-quay-tham-dau","8":"product_tag-phao-quay-tham-dau-n-fiber-b-610","9":"product_tag-phao-tham-dau","10":"yith_product_brand-bignano","12":"first","13":"instock","14":"shipping-taxable","15":"product-type-simple"},"acf":[],"_links":{"self":[{"href":"https:\/\/achisonsafety.com.vn\/en\/wp-json\/wp\/v2\/product\/6165"}],"collection":[{"href":"https:\/\/achisonsafety.com.vn\/en\/wp-json\/wp\/v2\/product"}],"about":[{"href":"https:\/\/achisonsafety.com.vn\/en\/wp-json\/wp\/v2\/types\/product"}],"replies":[{"embeddable":true,"href":"https:\/\/achisonsafety.com.vn\/en\/wp-json\/wp\/v2\/comments?post=6165"}],"wp:featuredmedia":[{"embeddable":true,"href":"https:\/\/achisonsafety.com.vn\/en\/wp-json\/wp\/v2\/media\/6170"}],"wp:attachment":[{"href":"https:\/\/achisonsafety.com.vn\/en\/wp-json\/wp\/v2\/media?parent=6165"}],"wp:term":[{"taxonomy":"product_cat","embeddable":true,"href":"https:\/\/achisonsafety.com.vn\/en\/wp-json\/wp\/v2\/product_cat?post=6165"},{"taxonomy":"product_tag","embeddable":true,"href":"https:\/\/achisonsafety.com.vn\/en\/wp-json\/wp\/v2\/product_tag?post=6165"}],"curies":[{"name":"wp","href":"https:\/\/api.w.org\/{rel}","templated":true}]}}