{"id":6172,"date":"2022-08-10T21:43:44","date_gmt":"2022-08-10T14:43:44","guid":{"rendered":"https:\/\/beta.achisonsafety.com.vn\/?post_type=product&#038;p=6172"},"modified":"2025-09-17T16:45:26","modified_gmt":"2025-09-17T09:45:26","slug":"phao-quay-tham-hoa-chat-3m-p-200","status":"publish","type":"product","link":"https:\/\/achisonsafety.com.vn\/en\/san-pham\/phao-quay-tham-hoa-chat-3m-p-200\/","title":{"rendered":"Phao qu\u00e2y th\u1ea5m h\u00f3a ch\u1ea5t 3M P-200"},"content":{"rendered":"<h3><span style=\"font-size: 75%\">Phao qu\u00e2y th\u1ea5m h\u00f3a ch\u1ea5t 3M P-200 th\u01b0\u1eddng \u0111\u01b0\u1ee3c s\u1eed d\u1ee5ng \u0111\u1ec3 bao v\u00e2y s\u1ef1 c\u1ed1 tr\u00e0n v\u00e0 \u0111\u1ec3 r\u00f2 r\u1ec9, th\u00edch h\u1ee3p cho vi\u1ec7c \u0111\u1eb7t xung quanh s\u1ef1 c\u1ed1 tr\u00e0n ch\u1ea5t l\u1ecfng nguy hi\u1ec3m \u0111\u1ec3 gi\u00fap ng\u0103n ch\u1eb7n s\u1ef1 l\u00e2y lan. Th\u1ea5m h\u00fat \u0111\u01b0\u1ee3c Axit \/ ki\u1ec1m \/ c\u1ed3n , h\u00f3a ch\u1ea5t , ch\u1ea5t l\u1ecfng d\u1ec5 ch\u00e1y , dung m\u00f4i &#8211; hydrocarbon clo h\u00f3a<\/span><\/h3>\n<p><strong>==&gt; Xem th\u00eam c\u00e1c gi\u1ea3i ph\u00e1p kh\u00e1c t\u1ea1i<\/strong>: <a href=\"https:\/\/achisonsafety.com.vn\/danh-muc-san-pham\/bao-ve-co-so-ha-tang-va-moi-truong\/vat-lieu-tham-hut\/\">https:\/\/achisonsafety.com.vn\/danh-muc-san-pham\/bao-ve-co-so-ha-tang-va-moi-truong\/vat-lieu-tham-hut\/<\/a><\/p>\n<p><strong>Th\u01b0\u01a1ng hi\u1ec7u:<\/strong>\u00a03M<\/p>\n<p><strong>M\u00e3 s\u1ea3n ph\u1ea9m:<\/strong>\u00a0P-200<\/p>\n<p><strong>Kh\u1ea3 n\u0103ng h\u1ea5p th\u1ee5:<\/strong>\u00a015.5 Gal. (M\u1ef9)<\/p>\n<p><strong>M\u00e0u s\u1eafc:<\/strong>\u00a0V\u00e0ng<\/p>\n<p><strong>\u0110\u01b0\u1eddng k\u00ednh:<\/strong>\u00a076,2 mm<\/p>\n<p><strong>Chi\u1ec1u d\u00e0i:<\/strong>\u00a01,22 m<\/p>\n<p><strong>Th\u1ea5m h\u00fat \u0111\u01b0\u1ee3c:<\/strong>\u00a0Axit \/ ki\u1ec1m \/ c\u1ed3n\u00a0, h\u00f3a ch\u1ea5t\u00a0, ch\u1ea5t l\u1ecfng d\u1ec5 ch\u00e1y\u00a0, dung m\u00f4i &#8211; hydrocarbon clo h\u00f3a<\/p>\n<p><strong>C\u00e1c khu v\u1ef1c th\u01b0\u1eddng x\u1ea3y ra tr\u00e0n h\u00f3a ch\u1ea5t:<\/strong>\u00a0S\u1ea3n xu\u1ea5t h\u00f3a ch\u1ea5t\u00a0, b\u1ebfn t\u00e0u \/ b\u1ebfn t\u00e0u \/ thuy\u1ec1n\u00a0, ph\u00f2ng th\u00ed nghi\u1ec7m<\/p>\n<p><strong>M\u00f4 t\u1ea3:<\/strong><\/p>\n<p>S\u1eed d\u1ee5ng \u0111\u01b0\u1ee3c h\u1ea7u h\u1ebft c\u00e1c ch\u1ea5t l\u1ecfng nguy hi\u1ec3m v\u00e0 kh\u00f4ng nguy hi\u1ec3m<\/p>\n<p>Th\u00edch h\u1ee3p \u0111\u1eb7t xung quanh c\u00e1c thi\u1ebft b\u1ecb \u0111\u1ec3 ng\u0103n ch\u1eb7n tr\u00e0n d\u1ea7u, h\u00f3a ch\u1ea5t, gi\u00fap ng\u0103n ch\u1eb7n r\u00f2 r\u1ec9\/ tr\u00e0n ra c\u00e1c khu v\u1ef1c l\u00e2n c\u1eadn<\/p>\n<p>V\u1ea3i l\u00f3t \u1edf b\u00ean ngo\u00e0i c\u1ee7a phao qu\u00e2y x\u00e1c \u0111\u1ecbnh vi\u1ec7c s\u1eed d\u1ee5ng trong khi ch\u1ee9a v\u1eadt li\u1ec7u th\u1ea5m h\u00fat d\u1ea1ng h\u1ea1t.<\/p>\n<p>Kh\u1ea3 n\u0103ng th\u1ea5m h\u00fat cao gi\u00fap h\u1ea1n h\u00f3a ch\u1ea5t tr\u00e0n ra ngo\u00e0i, gi\u1ea3m thi\u1ec3u th\u1eddi gian x\u1eed l\u00fd<\/p>\n<p><strong>\u1ee8ng d\u1ee5ng:<\/strong>\u00a0N\u00f4ng nghi\u1ec7p\u00a0, \u00f4 t\u00f4\u00a0, h\u00f3a ch\u1ea5t\u00a0, x\u00e2y d\u1ef1ng\u00a0, s\u1ea3n xu\u1ea5t chung\u00a0, y t\u1ebf\u00a0, qu\u00e2n s\u1ef1\u00a0, khai th\u00e1c\u00a0, d\u1ea7u kh\u00ed\u00a0, d\u01b0\u1ee3c ph\u1ea9m\u00a0, kim lo\u1ea1i ch\u00ednh\u00a0, giao th\u00f4ng v\u1eadn t\u1ea3i<\/p>\n<p><img loading=\"lazy\" decoding=\"async\" class=\"alignnone size-full wp-image-6173\" src=\"https:\/\/achisonsafety.com.vn\/wp-content\/uploads\/2022\/08\/Phao-quay-tham-hoa-chat-3M-P-200.png\" alt=\"\" width=\"400\" height=\"400\" title=\"\" srcset=\"https:\/\/achisonsafety.com.vn\/wp-content\/uploads\/2022\/08\/Phao-quay-tham-hoa-chat-3M-P-200.png 400w, https:\/\/achisonsafety.com.vn\/wp-content\/uploads\/2022\/08\/Phao-quay-tham-hoa-chat-3M-P-200-280x280.png 280w, https:\/\/achisonsafety.com.vn\/wp-content\/uploads\/2022\/08\/Phao-quay-tham-hoa-chat-3M-P-200-30x30.png 30w, https:\/\/achisonsafety.com.vn\/wp-content\/uploads\/2022\/08\/Phao-quay-tham-hoa-chat-3M-P-200-60x60.png 60w, https:\/\/achisonsafety.com.vn\/wp-content\/uploads\/2022\/08\/Phao-quay-tham-hoa-chat-3M-P-200-247x247.png 247w, https:\/\/achisonsafety.com.vn\/wp-content\/uploads\/2022\/08\/Phao-quay-tham-hoa-chat-3M-P-200-100x100.png 100w\" sizes=\"(max-width: 400px) 100vw, 400px\" \/><\/p>\n<p><strong>L\u01b0u \u00fd:<\/strong><\/p>\n<p>\u2013 Khi g\u1eb7p s\u1ef1 c\u1ed1, l\u1eadp t\u1ee9c s\u1eed d\u1ee5ng s\u1ea3n ph\u1ea9m nhanh nh\u1ea5t c\u00f3 th\u1ec3 \u0111\u1ec3 h\u1ea1n ch\u1ebf t\u00e1c \u0111\u1ed9ng x\u1ea5u \u0111\u1ebfn m\u00f4i tr\u01b0\u1eddng v\u00e0 con ng\u01b0\u1eddi xung quanh<\/p>\n<p>\u2013 Sau khi s\u1eed d\u1ee5ng, x\u1eed l\u00fd s\u1ea3n ph\u1ea9m \u0111\u00fang c\u00e1ch, tr\u00e1nh g\u00e2y \u00f4 nhi\u1ec5m m\u00f4i tr\u01b0\u1eddng<\/p>\n<p>\u2013 \u0110\u1ecdc k\u1ef9 h\u01b0\u1edbng d\u1eabn tr\u01b0\u1edbc khi s\u1eed d\u1ee5ng<\/p>\n","protected":false},"excerpt":{"rendered":"<ul>\n<li>Th\u00edch h\u1ee3p \u0111\u1eb7t xung quanh c\u00e1c thi\u1ebft b\u1ecb \u0111\u1ec3 ng\u0103n ch\u1eb7n tr\u00e0n d\u1ea7u, h\u00f3a ch\u1ea5t, gi\u00fap ng\u0103n ch\u1eb7n r\u00f2 r\u1ec9\/ tr\u00e0n ra c\u00e1c khu v\u1ef1c l\u00e2n c\u1eadn<\/li>\n<li>V\u1ea3i l\u00f3t \u1edf b\u00ean ngo\u00e0i c\u1ee7a phao qu\u00e2y x\u00e1c \u0111\u1ecbnh vi\u1ec7c s\u1eed d\u1ee5ng trong khi ch\u1ee9a v\u1eadt li\u1ec7u th\u1ea5m h\u00fat d\u1ea1ng h\u1ea1t.<\/li>\n<li>Kh\u1ea3 n\u0103ng th\u1ea5m h\u00fat cao gi\u00fap h\u1ea1n h\u00f3a ch\u1ea5t tr\u00e0n ra ngo\u00e0i, gi\u1ea3m thi\u1ec3u th\u1eddi gian x\u1eed l\u00fd<\/li>\n<\/ul>\n","protected":false},"featured_media":6173,"comment_status":"open","ping_status":"closed","template":"","meta":[],"product_cat":[87],"product_tag":[188,187],"class_list":{"0":"post-6172","1":"product","2":"type-product","3":"status-publish","4":"has-post-thumbnail","6":"product_cat-vat-lieu-tham-hut","7":"product_tag-nganh-dau-khi-khai-khoang-dong-tau-cang-bien-hang-khong","8":"product_tag-nganh-duoc-duoc-pham-benh-vien","9":"yith_product_brand-3m","11":"first","12":"instock","13":"shipping-taxable","14":"product-type-simple"},"acf":[],"_links":{"self":[{"href":"https:\/\/achisonsafety.com.vn\/en\/wp-json\/wp\/v2\/product\/6172"}],"collection":[{"href":"https:\/\/achisonsafety.com.vn\/en\/wp-json\/wp\/v2\/product"}],"about":[{"href":"https:\/\/achisonsafety.com.vn\/en\/wp-json\/wp\/v2\/types\/product"}],"replies":[{"embeddable":true,"href":"https:\/\/achisonsafety.com.vn\/en\/wp-json\/wp\/v2\/comments?post=6172"}],"wp:featuredmedia":[{"embeddable":true,"href":"https:\/\/achisonsafety.com.vn\/en\/wp-json\/wp\/v2\/media\/6173"}],"wp:attachment":[{"href":"https:\/\/achisonsafety.com.vn\/en\/wp-json\/wp\/v2\/media?parent=6172"}],"wp:term":[{"taxonomy":"product_cat","embeddable":true,"href":"https:\/\/achisonsafety.com.vn\/en\/wp-json\/wp\/v2\/product_cat?post=6172"},{"taxonomy":"product_tag","embeddable":true,"href":"https:\/\/achisonsafety.com.vn\/en\/wp-json\/wp\/v2\/product_tag?post=6172"}],"curies":[{"name":"wp","href":"https:\/\/api.w.org\/{rel}","templated":true}]}}