{"id":6175,"date":"2022-08-10T21:51:41","date_gmt":"2022-08-10T14:51:41","guid":{"rendered":"https:\/\/beta.achisonsafety.com.vn\/?post_type=product&#038;p=6175"},"modified":"2025-09-17T16:45:26","modified_gmt":"2025-09-17T09:45:26","slug":"tam-tham-dau-n-fiber-p-33","status":"publish","type":"product","link":"https:\/\/achisonsafety.com.vn\/en\/san-pham\/tam-tham-dau-n-fiber-p-33\/","title":{"rendered":"T\u1ea5m th\u1ea5m d\u1ea7u N-Fiber P 33"},"content":{"rendered":"<h3><span style=\"font-size: 75%\"><b>T\u1ea5m th\u1ea5m d\u1ea7u N-Fiber P 33 l\u00e0 s\u1ea3n ph\u1ea9m hi\u1ec7u qu\u1ea3 nh\u1ea5t trong vi\u1ec7c th\u1ea5m h\u00fat d\u1ea7u tr\u00e0n \u0111\u1ed5. S\u1ea3n ph\u1ea9m c\u00f3 ch\u1ea5t l\u01b0\u1ee3ng cao v\u1edbi c\u00f4ng ngh\u1ec7 s\u1ea3n xu\u1ea5t Nano, s\u1eed d\u1ee5ng ti\u1ebft ki\u1ec7m v\u00e0 hi\u1ec7u qu\u1ea3 kinh t\u1ebf cho vi\u1ec7c th\u1ea5m h\u00fat d\u1ea7u tr\u00ean m\u1ecdi b\u1ec1 m\u1eb7t t\u1ea1i c\u00e1c n\u01a1i x\u1ea3y ra s\u1ef1 c\u1ed1, d\u1ec5 d\u00e0ng v\u1eadn chuy\u1ec3n, tri\u1ec3n khai x\u1eed l\u00fd s\u1ef1 c\u1ed1, t\u1ea5m c\u00f2n c\u00f3 kh\u1ea3 n\u0103ng ch\u1ed1ng t\u0129nh \u0111i\u1ec7n n\u00ean r\u1ea5t an to\u00e0n khi x\u1eed l\u00fd s\u1ef1 c\u1ed1 tr\u00e0n x\u0103ng d\u1ea7u<\/b><\/span><\/h3>\n<p><em><strong>S\u1ea3n ph\u1ea9m T\u1ea5m th\u1ea5m d\u1ea7u N-Fiber P 33 <\/strong><\/em>\u00e0 s\u1ea3n ph\u1ea9m c\u00f3 \u0111\u1ed9 b\u1ec1n cao nh\u1ea5t. M\u1ed7i t\u1ea5m g\u1ed3m 8 l\u1edbp ch\u1ea5t li\u1ec7u 100% polypropylene \u0111\u01b0\u1ee3c \u00e9p nhi\u1ec7t v\u1edbi nhau v\u1edbi c\u00f4ng ngh\u1ec7 s\u1ea3n xu\u1ea5t cao hi\u1ec7n \u0111\u1ea1i n\u00ean khi c\u1ea3 \u0111\u00e3 th\u1ea5m \u0111\u1eabm d\u1ea7u cam \u0111oan kh\u00f4ng b\u1ecb s\u01a1n r\u00e1ch. D\u00f9 tr\u01b0\u1edbc hay sau khi ng\u1ea5m \u0111\u1eabm d\u1ea7u th\u00ec kh\u00f4ng d\u1ec5 ch\u00e1y nh\u01b0 c\u00e1c lo\u1ea1i t\u1ea5m th\u1ea5m g\u1ed1c cellulose kh\u00e1c.<\/p>\n<p>S\u1ea3n ph\u1ea9m \u0111\u01b0\u1ee3c s\u1ea3n xu\u1ea5t t\u1eeb v\u1eadt li\u1ec7u Polypropylene v\u1edbi vi\u1ec7c \u1ee9ng d\u1ee5ng c\u00f4ng ngh\u1ec7 NANO n\u00ean k\u00edch th\u01b0\u1edbc s\u1ee3i 1-1000nm gi\u00fap t\u0103ng c\u01b0\u1eddng<br \/>\nkh\u1ea3 n\u0103ng th\u1ea5m h\u00fat, gi\u1eef ch\u1eb7t kh\u00f4ng nh\u1ea3 l\u1ea1i<\/p>\n<div><strong>Th\u01b0\u01a1ng hi\u1ec7u:<\/strong> Bignano<\/div>\n<div><strong>M\u00e3 h\u00e0ng:<\/strong> N-Fiber PAD33<\/div>\n<div><strong>S\u1ea3n xu\u1ea5t:<\/strong> Vi\u1ec7t Nam<\/div>\n<div><strong>K\u00edch th\u01b0\u1edbc s\u1ea3n ph\u1ea9m:<\/strong> 30cm x 30cm<\/div>\n<div><strong>Kh\u1ea3 n\u0103ng th\u1ea5m h\u00fat:<\/strong> 1,28L\/t\u1ea5m<\/div>\n<div><strong>Quy c\u00e1ch \u0111\u00f3ng g\u00f3i:<\/strong> 100 t\u1ea5m\/ki\u1ec7n<\/div>\n<div><strong>V\u1eadt li\u1ec7u:<\/strong> 100% Polypropylen<\/div>\n<div><\/div>\n<div><strong style=\"font-size: 20.16px\">\u0110\u1eb7c t\u00ednh v\u00e0 l\u1ee3i \u00edch<\/strong><\/div>\n<p>&#8211; Ch\u1ec9 th\u1ea5m h\u00fat d\u1ea7u v\u00e0 c\u00e1c s\u1ea3n ph\u1ea9m c\u1ee7a d\u1ea7u, ho\u00e0n to\u00e0n KH\u00d4NG th\u1ea5m n\u01b0\u1edbc, t\u1ea5m th\u1ea5m c\u00f3 th\u1ec3 v\u1eaft v\u00e0 t\u00e1i s\u1eed d\u1ee5ng nhi\u1ec1u l\u1ea7n do \u0111\u1ed9<br \/>\nb\u1ec1n cao<br \/>\n&#8211; M\u1ed7i t\u1ea5m g\u1ed3m nhi\u1ec1u l\u1edbp v\u1eadt li\u1ec7u polypropylene \u0111\u01b0\u1ee3c \u00e9p nhi\u1ec7t l\u1ea1i v\u1edbi nhau<br \/>\n&#8211; B\u1ec1 m\u1eb7t c\u00f3 c\u00e1c l\u1ed7 nh\u1ecf c\u00e1ch \u0111\u1ec1u nhau gi\u00fap th\u1ea5m h\u00fat nhanh h\u01a1n so v\u1edbi lo\u1ea1i th\u00f4ng th\u01b0\u1eddng<br \/>\n&#8211; T\u1ea5m \u0111\u01b0\u1ee3c s\u1ea3n xu\u1ea5t b\u1eb1ng c\u00f4ng ngh\u1ec7 NANO gi\u00fap th\u1ea5m h\u00fat d\u1ea7u hi\u1ec7u qu\u1ea3 t\u1ed1i \u01b0u<br \/>\n&#8211; Kh\u1ea3 n\u0103ng ch\u1ed1ng t\u0129nh \u0111i\u1ec7n, ch\u1ed1ng ch\u00e1y n\u1ed5.<br \/>\n&#8211; T\u1ea5m th\u1ea5m d\u1ea7u NANO \u0111\u01b0\u1ee3c \u1ee9ng d\u1ee5ng c\u00f4ng ngh\u1ec7 NANO trong s\u1ea3n xu\u1ea5t l\u00e0m t\u0103ng t\u1ed1c \u0111\u1ed9 v\u00e0 kh\u1ea3 n\u0103ng th\u1ea5m h\u00fat, gi\u00fap cho doanh<br \/>\nnghi\u1ec7p gi\u1ea3m kh\u00f4ng gian l\u01b0u ch\u1ee9a v\u00e0 chi ph\u00ed khi c\u00f3 s\u1ef1 c\u1ed1 x\u1ea3y ra<\/p>\n","protected":false},"excerpt":{"rendered":"<ul>\n<li>B\u1ec1 m\u1eb7t c\u00f3 c\u00e1c l\u1ed7 nh\u1ecf c\u00e1ch \u0111\u1ec1u nhau gi\u00fap th\u1ea5m h\u00fat nhanh h\u01a1n so v\u1edbi lo\u1ea1i th\u00f4ng th\u01b0\u1eddng<\/li>\n<li>T\u1ea5m \u0111\u01b0\u1ee3c s\u1ea3n xu\u1ea5t b\u1eb1ng c\u00f4ng ngh\u1ec7 NANO gi\u00fap th\u1ea5m h\u00fat d\u1ea7u hi\u1ec7u qu\u1ea3 t\u1ed1i \u01b0u<\/li>\n<li>Kh\u1ea3 n\u0103ng ch\u1ed1ng t\u0129nh \u0111i\u1ec7n, ch\u1ed1ng ch\u00e1y n\u1ed5.<\/li>\n<\/ul>\n","protected":false},"featured_media":6180,"comment_status":"open","ping_status":"closed","template":"","meta":[],"product_cat":[87],"product_tag":[188,187],"class_list":{"0":"post-6175","1":"product","2":"type-product","3":"status-publish","4":"has-post-thumbnail","6":"product_cat-vat-lieu-tham-hut","7":"product_tag-nganh-dau-khi-khai-khoang-dong-tau-cang-bien-hang-khong","8":"product_tag-nganh-duoc-duoc-pham-benh-vien","9":"yith_product_brand-bignano","11":"first","12":"instock","13":"shipping-taxable","14":"product-type-simple"},"acf":[],"_links":{"self":[{"href":"https:\/\/achisonsafety.com.vn\/en\/wp-json\/wp\/v2\/product\/6175"}],"collection":[{"href":"https:\/\/achisonsafety.com.vn\/en\/wp-json\/wp\/v2\/product"}],"about":[{"href":"https:\/\/achisonsafety.com.vn\/en\/wp-json\/wp\/v2\/types\/product"}],"replies":[{"embeddable":true,"href":"https:\/\/achisonsafety.com.vn\/en\/wp-json\/wp\/v2\/comments?post=6175"}],"wp:featuredmedia":[{"embeddable":true,"href":"https:\/\/achisonsafety.com.vn\/en\/wp-json\/wp\/v2\/media\/6180"}],"wp:attachment":[{"href":"https:\/\/achisonsafety.com.vn\/en\/wp-json\/wp\/v2\/media?parent=6175"}],"wp:term":[{"taxonomy":"product_cat","embeddable":true,"href":"https:\/\/achisonsafety.com.vn\/en\/wp-json\/wp\/v2\/product_cat?post=6175"},{"taxonomy":"product_tag","embeddable":true,"href":"https:\/\/achisonsafety.com.vn\/en\/wp-json\/wp\/v2\/product_tag?post=6175"}],"curies":[{"name":"wp","href":"https:\/\/api.w.org\/{rel}","templated":true}]}}