{"id":6182,"date":"2022-08-10T21:59:43","date_gmt":"2022-08-10T14:59:43","guid":{"rendered":"https:\/\/beta.achisonsafety.com.vn\/?post_type=product&#038;p=6182"},"modified":"2025-09-17T16:45:25","modified_gmt":"2025-09-17T09:45:25","slug":"cuon-tham-dau-n-fiber-r-45","status":"publish","type":"product","link":"https:\/\/achisonsafety.com.vn\/en\/san-pham\/cuon-tham-dau-n-fiber-r-45\/","title":{"rendered":"Cu\u1ed9n th\u1ea5m d\u1ea7u N-Fiber R 45"},"content":{"rendered":"<h3><span style=\"font-size: 75%\"><b>Cu\u1ed9n th\u1ea5m d\u1ea7u N-Fiber R 45 l\u00e0 s\u1ea3n ph\u1ea9m th\u00edch h\u1ee3p cho vi\u1ec7c th\u1ea5m h\u00fat l\u01b0\u1ee3ng d\u1ea7u tr\u00e0n m\u1ee9c v\u1eeba v\u00e0 nh\u1ecf t\u1ea1i n\u01a1i s\u1ea3n xu\u1ea5t, v\u1eadn chuy\u1ec3n v\u00e0 s\u1eed d\u1ee5ng x\u0103ng d\u1ea7u. v\u1edbi k\u00edch th\u01b0\u1edbc chi\u1ec1u d\u00e0i l\u00ean \u0111\u1ebfn 50m, cu\u1ed9n th\u1ea5m d\u1ea7u \u0111\u01b0\u1ee3c s\u1eed d\u1ee5ng \u0111\u1ec3 tr\u1ea3i th\u00e0nh l\u1ed1i \u0111i trong c\u00e1c ph\u00e2n x\u01b0\u1edfng s\u1ea3n xu\u1ea5t, nh\u00e0 m\u00e1y, t\u1ea1o th\u00e0nh h\u00e0nh lang cho khu v\u1ef1c \u1ee9ng ph\u00f3 s\u1ef1 c\u1ed1.<\/b><\/span><\/h3>\n<p><strong>Th\u01b0\u01a1ng hi\u1ec7u:<\/strong> Bignano<\/p>\n<p><strong>M\u00e3 h\u00e0ng:<\/strong> N-Fiber Roll 45<\/p>\n<p><strong>Xu\u1ea5t x\u1ee9 th\u01b0\u01a1ng hi\u1ec7u:<\/strong> Vi\u1ec7t Nam<\/p>\n<p><strong>S\u1ea3n xu\u1ea5t:<\/strong> Vi\u1ec7t Nam<\/p>\n<p><strong>K\u00edch th\u01b0\u1edbc s\u1ea3n ph\u1ea9m:<\/strong> 40cm x 50m<\/p>\n<p><strong>Kh\u1ea3 n\u0103ng th\u1ea5m h\u00fat:<\/strong> 150L\/cu\u1ed9n<\/p>\n<p><strong>Quy c\u00e1ch \u0111\u00f3ng g\u00f3i:<\/strong> 01 cu\u1ed9n\/ki\u1ec7n<\/p>\n<p><strong>V\u1eadt li\u1ec7u:<\/strong> Polypropylene<\/p>\n<p><span style=\"font-size: 90%\"><strong style=\"color: #333333\">\u0110\u1eb7t t\u00ednh n\u1ed5i b\u1eadt<\/strong><\/span><\/p>\n<div>\n<p>&#8211; Ch\u1ec9 th\u1ea5m h\u00fat d\u1ea7u v\u00e0 c\u00e1c s\u1ea3n ph\u1ea9m c\u1ee7a d\u1ea7u, ho\u00e0n to\u00e0n KH\u00d4NG th\u1ea5m n\u01b0\u1edbc n\u00ean c\u00f3 th\u1ec3 th\u1ea3 n\u1ed5i tr\u00ean m\u1eb7t n\u01b0\u1edbc \u0111\u1ec3 th\u1ea5m h\u00fat l\u1edbp v\u00e1ng d\u1ea7u tr\u00ean b\u1ec1 m\u1eb7t<\/p>\n<p>&#8211; M\u1ed7i cu\u1ed9n g\u1ed3m nhi\u1ec1u l\u1edbp v\u1eadt li\u1ec7u polypropylene \u0111\u01b0\u1ee3c \u00e9p nhi\u1ec7t l\u1ea1i v\u1edbi nhau khi\u1ebfn cho s\u1ea3n ph\u1ea9m c\u00f3 \u0111\u1ed9 b\u1ec1n cao<\/p>\n<p>&#8211; B\u1ec1 m\u1eb7t c\u00f3 c\u00e1c l\u1ed7 nh\u1ecf c\u00e1ch \u0111\u1ec1u nhau gi\u00fap th\u1ea5m h\u00fat nhanh h\u01a1n, c\u00f3 \u0111\u01b0\u1eddng d\u1eadp s\u1eb5n \u0111\u1ec3 x\u00e9 nh\u1ecf d\u1ec5 d\u00e0ng khi c\u1ea7n, gi\u00fap ti\u1ebft ki\u1ec7m trong khi s\u1eed d\u1ee5ng<\/p>\n<p>&#8211; Cu\u1ed9n \u0111\u01b0\u1ee3c s\u1ea3n xu\u1ea5t b\u1eb1ng c\u00f4ng ngh\u1ec7 NANO gi\u00fap cho s\u1ea3n ph\u1ea9m th\u1ea5m h\u00fat d\u1ea7u nhi\u1ec1u h\u01a1n v\u00e0 nhanh h\u01a1n c\u00e1c s\u1ea3n ph\u1ea9m c\u00f9ng lo\u1ea1i, gi\u00fap cho doanh nghi\u1ec7p gi\u1ea3m thi\u1ec3u \u0111\u01b0\u1ee3c kh\u00f4ng gian l\u01b0u ch\u1ee9a, gi\u1ea3m thi\u1ec3u \u0111\u01b0\u1ee3c chi ph\u00ed trong qu\u00e1 tr\u00ecnh x\u1eed l\u00ed s\u1ef1 c\u1ed1 tr\u00e0n d\u1ea7u<\/p>\n<p>&#8211; D\u1ea1ng cu\u1ed9n c\u00f3 \u0111\u1ed9 d\u00e0i 50 m\u00e9t \u0111\u01b0\u1ee3c tinh to\u00e1n k\u1ef9 l\u01b0\u1ee1ng \u0111\u1ec3 t\u1ed1i \u01b0u kh\u1ea3 n\u0103ng qu\u00e2y ch\u1eb7n v\u00e0 th\u1ea5m h\u00fat d\u1ea7u<\/p>\n<p><strong>==&gt; Xem th\u00eam c\u00e1c gi\u1ea3i ph\u00e1p kh\u00e1c t\u1ea1i<\/strong>: <a href=\"https:\/\/achisonsafety.com.vn\/danh-muc-san-pham\/bao-ve-co-so-ha-tang-va-moi-truong\/vat-lieu-tham-hut\/\">https:\/\/achisonsafety.com.vn\/danh-muc-san-pham\/bao-ve-co-so-ha-tang-va-moi-truong\/vat-lieu-tham-hut\/<\/a><\/p>\n<\/div>\n","protected":false},"excerpt":{"rendered":"<ul>\n<li>B\u1ec1 m\u1eb7t c\u00f3 c\u00e1c l\u1ed7 nh\u1ecf c\u00e1ch \u0111\u1ec1u nhau gi\u00fap th\u1ea5m h\u00fat nhanh h\u01a1n, c\u00f3 \u0111\u01b0\u1eddng d\u1eadp s\u1eb5n \u0111\u1ec3 x\u00e9 nh\u1ecf d\u1ec5 d\u00e0ng khi c\u1ea7n, gi\u00fap ti\u1ebft ki\u1ec7m trong khi s\u1eed d\u1ee5ng<\/li>\n<li>Cu\u1ed9n \u0111\u01b0\u1ee3c s\u1ea3n xu\u1ea5t b\u1eb1ng c\u00f4ng ngh\u1ec7 NANO gi\u00fap cho s\u1ea3n ph\u1ea9m th\u1ea5m h\u00fat d\u1ea7u nhi\u1ec1u h\u01a1n v\u00e0 nhanh h\u01a1n c\u00e1c s\u1ea3n ph\u1ea9m c\u00f9ng lo\u1ea1i, gi\u00fap cho doanh nghi\u1ec7p gi\u1ea3m thi\u1ec3u \u0111\u01b0\u1ee3c kh\u00f4ng gian l\u01b0u ch\u1ee9a, gi\u1ea3m thi\u1ec3u \u0111\u01b0\u1ee3c chi ph\u00ed trong qu\u00e1 tr\u00ecnh x\u1eed l\u00ed s\u1ef1 c\u1ed1 tr\u00e0n d\u1ea7u<\/li>\n<li>D\u1ea1ng cu\u1ed9n c\u00f3 \u0111\u1ed9 d\u00e0i 50 m\u00e9t \u0111\u01b0\u1ee3c tinh to\u00e1n k\u1ef9 l\u01b0\u1ee1ng \u0111\u1ec3 t\u1ed1i \u01b0u kh\u1ea3 n\u0103ng qu\u00e2y ch\u1eb7n v\u00e0 th\u1ea5m h\u00fat d\u1ea7u<\/li>\n<\/ul>\n","protected":false},"featured_media":6189,"comment_status":"open","ping_status":"closed","template":"","meta":[],"product_cat":[87],"product_tag":[188],"class_list":{"0":"post-6182","1":"product","2":"type-product","3":"status-publish","4":"has-post-thumbnail","6":"product_cat-vat-lieu-tham-hut","7":"product_tag-nganh-dau-khi-khai-khoang-dong-tau-cang-bien-hang-khong","8":"yith_product_brand-bignano","10":"first","11":"instock","12":"shipping-taxable","13":"product-type-simple"},"acf":[],"_links":{"self":[{"href":"https:\/\/achisonsafety.com.vn\/en\/wp-json\/wp\/v2\/product\/6182"}],"collection":[{"href":"https:\/\/achisonsafety.com.vn\/en\/wp-json\/wp\/v2\/product"}],"about":[{"href":"https:\/\/achisonsafety.com.vn\/en\/wp-json\/wp\/v2\/types\/product"}],"replies":[{"embeddable":true,"href":"https:\/\/achisonsafety.com.vn\/en\/wp-json\/wp\/v2\/comments?post=6182"}],"wp:featuredmedia":[{"embeddable":true,"href":"https:\/\/achisonsafety.com.vn\/en\/wp-json\/wp\/v2\/media\/6189"}],"wp:attachment":[{"href":"https:\/\/achisonsafety.com.vn\/en\/wp-json\/wp\/v2\/media?parent=6182"}],"wp:term":[{"taxonomy":"product_cat","embeddable":true,"href":"https:\/\/achisonsafety.com.vn\/en\/wp-json\/wp\/v2\/product_cat?post=6182"},{"taxonomy":"product_tag","embeddable":true,"href":"https:\/\/achisonsafety.com.vn\/en\/wp-json\/wp\/v2\/product_tag?post=6182"}],"curies":[{"name":"wp","href":"https:\/\/api.w.org\/{rel}","templated":true}]}}