{"id":6191,"date":"2022-08-10T22:06:55","date_gmt":"2022-08-10T15:06:55","guid":{"rendered":"https:\/\/beta.achisonsafety.com.vn\/?post_type=product&#038;p=6191"},"modified":"2025-09-17T16:45:25","modified_gmt":"2025-09-17T09:45:25","slug":"goi-tham-dau-n-fiber-w-40","status":"publish","type":"product","link":"https:\/\/achisonsafety.com.vn\/en\/san-pham\/goi-tham-dau-n-fiber-w-40\/","title":{"rendered":"G\u1ed1i th\u1ea5m d\u1ea7u N-fiber W 40"},"content":{"rendered":"<p><b>G\u1ed1i th\u1ea5m d\u1ea7u N-fiber W 40 l\u00e0 s\u1ea3n ph\u1ea9m th\u1ea5m h\u00fat d\u1ea7u chuy\u00ean d\u1ee5ng, \u0111\u01b0\u1ee3c \u0111\u1eb7t d\u01b0\u1edbi c\u00e1c v\u1ecb tr\u00ed c\u00f3 d\u1ea7u r\u00f2 r\u1ec9 \u0111\u1ec3 th\u1ea5m h\u00fat, ho\u1eb7c th\u1ea3 trong b\u1ec3 ch\u1ee9a n\u01b0\u1edbc th\u1ea3i, n\u01b0\u1edbc d\u00e1y t\u00e0u \u0111\u1ec3 thu gom d\u1ea7u n\u1ed5i.<\/b><br \/>\n<b>Ru\u1ed9t g\u1ed1i \u0111\u01b0\u1ee3c s\u1ea3n xu\u1ea5t ch\u1ea5t l\u01b0\u1ee3ng cao v\u1edbi c\u00f4ng ngh\u1ec7 Nano hi\u1ec7n \u0111\u1ea1i t\u1eeb v\u1eadt li\u1ec7u th\u00e2n thi\u1ec7n v\u1edbi m\u00f4i tr\u01b0\u1eddng Polypropylene v\u1edbi \u0111\u01b0\u1eddng k\u00ednh s\u1ee3i &lt;100nm gi\u00fap t\u0103ng c\u01b0\u1eddng kh\u1ea3 n\u0103ng th\u1ea5m h\u00fat g\u1ea5p 30 l\u1ea7n tr\u1ecdng l\u01b0\u1ee3ng b\u1ea3n th\u00e2n. S\u1ea3n ph\u1ea9m c\u00f3 th\u1ec3 d\u00f9ng trong \u1ee9ng ph\u00f3 s\u1ef1 c\u1ed1 tr\u00e0n d\u1ea7u tr\u00ean c\u1ea1n v\u00e0 d\u01b0\u1edbi n\u01b0\u1edbc<\/b><\/p>\n<p><strong>Th\u01b0\u01a1ng hi\u1ec7u:<\/strong> Bignano<\/p>\n<p><strong>M\u00e3 h\u00e0ng:<\/strong> N-Fiber PIL40<\/p>\n<p><strong>Xu\u1ea5t x\u1ee9 th\u01b0\u01a1ng hi\u1ec7u:<\/strong> Vi\u1ec7t Nam<\/p>\n<p><strong>S\u1ea3n xu\u1ea5t:<\/strong> Vi\u1ec7t Nam<\/p>\n<p><strong>K\u00edch th\u01b0\u1edbc s\u1ea3n ph\u1ea9m:<\/strong> 40cm x 40cm x 10cm<\/p>\n<p><strong>Kh\u1ea3 n\u0103ng th\u1ea5m h\u00fat: <\/strong>8L\/chi\u1ebfc<\/p>\n<p><strong>Quy c\u00e1ch \u0111\u00f3ng g\u00f3i:<\/strong> 16 chi\u1ebfc\/ki\u1ec7n<\/p>\n<p><strong>V\u1eadt li\u1ec7u:<\/strong> Polypropylene<\/p>\n<div>\n<h3><strong>\u0110\u1eb7c t\u00ednh n\u1ed5i b\u1eadt<\/strong><\/h3>\n<p>&#8211; Ph\u1ea7n ru\u1ed9t g\u1ed1i ch\u1ee9a x\u01a1 b\u00f4ng ch\u1ea5t li\u1ec7u polypropylene \u0111\u01b0\u1ee3c \u1ee9ng d\u1ee5ng c\u00f4ng ngh\u1ec7 NANO ho\u00e0n to\u00e0n ch\u1ec9 th\u1ea5m d\u1ea7u KH\u00d4NG th\u1ea5m n\u01b0\u1edbc, v\u00e0 c\u00e1c s\u1ea3n ph\u1ea9m g\u1ed1c d\u1ea7u (nhi\u00ean li\u1ec7u, d\u1ea7u nh\u1eddn\u2026), do \u0111\u00f3 s\u1ea3n ph\u1ea9m \u0111\u01b0\u1ee3c d\u00f9ng \u1ee9ng ph\u00f3 s\u1ef1 c\u1ed1 tr\u00e0n d\u1ea7u tr\u00ean c\u1ea1n v\u00e0 d\u01b0\u1edbi n\u01b0\u1edbc<\/p>\n<p>&#8211; L\u1edbp v\u1ecf g\u1ed1i \u0111\u01b0\u1ee3c s\u1ea3n xu\u1ea5t v\u1edbi c\u00f4ng ngh\u1ec7 s\u1ee3i kh\u00f4ng d\u1ec7t gi\u00fap cho s\u1ea3n ph\u1ea9m kh\u00f4ng b\u1ecb bung r\u00e1ch, s\u1eddn ngay c\u1ea3 khi \u0111\u00e3 ng\u1ea5m \u0111\u1eabm d\u1ea7u<\/p>\n<p>&#8211; D\u1ec5 d\u00e0ng tri\u1ec3n khai v\u00e0 thu gom sau khi x\u1eed l\u00fd xong s\u1ef1 c\u1ed1<\/p>\n<p>&#8211; M\u00e0u tr\u1eafng n\u1ed5i b\u1eadt gi\u00fap d\u1ec5 d\u00e0ng nh\u1eadn bi\u1ebft khi g\u1ed1i b\u1eaft \u0111\u1ea7u th\u1ea5m h\u00fat d\u1ea7u<\/p>\n<p>&#8211; G\u1ed1i th\u1ea5m d\u1ea7u NANO \u0111\u01b0\u1ee3c \u1ee9ng d\u1ee5ng c\u00f4ng ngh\u1ec7 NANO trong s\u1ea3n xu\u1ea5t l\u00e0m t\u0103ng T\u1ed1c \u0111\u1ed9 v\u00e0 kh\u1ea3 n\u0103ng th\u1ea5m h\u00fat, gi\u00fap cho doanh nghi\u1ec7p gi\u1ea3m kh\u00f4ng gian l\u01b0u ch\u1ee9a v\u00e0 chi ph\u00ed khi c\u00f3 s\u1ef1 c\u1ed1 x\u1ea3y ra<\/p>\n<p><strong>==&gt; Xem th\u00eam c\u00e1c gi\u1ea3i ph\u00e1p kh\u00e1c t\u1ea1i<\/strong>: <a href=\"https:\/\/achisonsafety.com.vn\/danh-muc-san-pham\/bao-ve-co-so-ha-tang-va-moi-truong\/vat-lieu-tham-hut\/\">https:\/\/achisonsafety.com.vn\/danh-muc-san-pham\/bao-ve-co-so-ha-tang-va-moi-truong\/vat-lieu-tham-hut\/<\/a><\/p>\n<\/div>\n","protected":false},"excerpt":{"rendered":"<ul>\n<li>L\u1edbp v\u1ecf g\u1ed1i \u0111\u01b0\u1ee3c s\u1ea3n xu\u1ea5t v\u1edbi c\u00f4ng ngh\u1ec7 s\u1ee3i kh\u00f4ng d\u1ec7t gi\u00fap cho s\u1ea3n ph\u1ea9m kh\u00f4ng b\u1ecb bung r\u00e1ch, s\u1eddn ngay c\u1ea3 khi \u0111\u00e3 ng\u1ea5m \u0111\u1eabm d\u1ea7u<\/li>\n<li>D\u1ec5 d\u00e0ng tri\u1ec3n khai v\u00e0 thu gom sau khi x\u1eed l\u00fd xong s\u1ef1 c\u1ed1<\/li>\n<li>M\u00e0u tr\u1eafng n\u1ed5i b\u1eadt gi\u00fap d\u1ec5 d\u00e0ng nh\u1eadn bi\u1ebft khi g\u1ed1i b\u1eaft \u0111\u1ea7u th\u1ea5m h\u00fat d\u1ea7u<\/li>\n<\/ul>\n","protected":false},"featured_media":6192,"comment_status":"open","ping_status":"closed","template":"","meta":[],"product_cat":[87],"product_tag":[188,187],"class_list":{"0":"post-6191","1":"product","2":"type-product","3":"status-publish","4":"has-post-thumbnail","6":"product_cat-vat-lieu-tham-hut","7":"product_tag-nganh-dau-khi-khai-khoang-dong-tau-cang-bien-hang-khong","8":"product_tag-nganh-duoc-duoc-pham-benh-vien","9":"yith_product_brand-bignano","11":"first","12":"instock","13":"shipping-taxable","14":"product-type-simple"},"acf":[],"_links":{"self":[{"href":"https:\/\/achisonsafety.com.vn\/en\/wp-json\/wp\/v2\/product\/6191"}],"collection":[{"href":"https:\/\/achisonsafety.com.vn\/en\/wp-json\/wp\/v2\/product"}],"about":[{"href":"https:\/\/achisonsafety.com.vn\/en\/wp-json\/wp\/v2\/types\/product"}],"replies":[{"embeddable":true,"href":"https:\/\/achisonsafety.com.vn\/en\/wp-json\/wp\/v2\/comments?post=6191"}],"wp:featuredmedia":[{"embeddable":true,"href":"https:\/\/achisonsafety.com.vn\/en\/wp-json\/wp\/v2\/media\/6192"}],"wp:attachment":[{"href":"https:\/\/achisonsafety.com.vn\/en\/wp-json\/wp\/v2\/media?parent=6191"}],"wp:term":[{"taxonomy":"product_cat","embeddable":true,"href":"https:\/\/achisonsafety.com.vn\/en\/wp-json\/wp\/v2\/product_cat?post=6191"},{"taxonomy":"product_tag","embeddable":true,"href":"https:\/\/achisonsafety.com.vn\/en\/wp-json\/wp\/v2\/product_tag?post=6191"}],"curies":[{"name":"wp","href":"https:\/\/api.w.org\/{rel}","templated":true}]}}