{"id":628,"date":"2022-02-26T10:08:20","date_gmt":"2022-02-26T03:08:20","guid":{"rendered":"https:\/\/beta.achisonsafety.com.vn\/?post_type=product&#038;p=628"},"modified":"2025-09-17T16:55:05","modified_gmt":"2025-09-17T09:55:05","slug":"test-nhanh-covid-biocredit-han-quoc","status":"publish","type":"product","link":"https:\/\/achisonsafety.com.vn\/en\/san-pham\/test-nhanh-covid-biocredit-han-quoc\/","title":{"rendered":"Test Nhanh Covid Biocredit H\u00e0n Qu\u1ed1c"},"content":{"rendered":"<p>B\u1ed8 Y T\u1ebe C\u1ea4P PH\u00c9P: https:\/\/ncov.moh.gov.vn\/en\/-\/6847426-6440<\/p>\n<p>\u01afu \u0111i\u1ec3m c\u1ee7a Test nhanh Covid-19 Biocredit<\/p>\n<ul>\n<li>K\u1ebft qu\u1ea3 nhanh trong 10-15 ph\u00fat<\/li>\n<li>Ph\u00e1t hi\u1ec7n \u0111\u01b0\u1ee3c c\u00e1c ch\u1ee7ng virus SAR-CoV-2 v\u00e0 c\u00e1c bi\u1ebfn ch\u1ee7ng m\u1edbi<\/li>\n<li>Ti\u1ec7n l\u1ee3i v\u1edbi \u1ed1ng pha lo\u00e3ng ri\u00eang bi\u1ec7t cho t\u1eebng x\u00e9t nghi\u1ec7m<\/li>\n<li>\u0110\u00e3 xu\u1ea5t kh\u1ea9u g\u1ea7n 50 qu\u1ed1c gia<\/li>\n<li>Biocredit l\u00e0 x\u00e9t nghi\u1ec7m mi\u1ec5n d\u1ecbch s\u1eafc k\u00fd nhanh \u0111\u1ebb ph\u00e1t hi\u1ec7n \u0111\u1ecbnh t\u00ednh kh\u00e1ng nguy\u00ean SARS-COV-2 trong m\u1eabu ngo\u00e1y d\u1ecbch t\u1ef5 h\u1ea7u c\u1ee7a ng\u01b0\u1eddi<\/li>\n<\/ul>\n","protected":false},"excerpt":{"rendered":"<ul>\n<li>S\u1ea3n xu\u1ea5t t\u1ea1i H\u00e0n Qu\u1ed1c<\/li>\n<li>Xu\u1ea5t kh\u1ea9u h\u01a1n 20 qu\u1ed1c gia<\/li>\n<li>\u0110\u00e3 \u0111\u01b0\u1ee3c B\u1ed9 Y T\u1ebf c\u1ea5p ph\u00e9p<\/li>\n<li>20 b\u1ed9 kit\/h\u1ed9p<\/li>\n<\/ul>\n","protected":false},"featured_media":629,"comment_status":"open","ping_status":"closed","template":"","meta":[],"product_cat":[93],"product_tag":[190],"class_list":{"0":"post-628","1":"product","2":"type-product","3":"status-publish","4":"has-post-thumbnail","6":"product_cat-test-nhanh-covid","7":"product_tag-nganh-san-xuat-chung","9":"first","10":"instock","11":"sale","12":"shipping-taxable","13":"product-type-simple"},"acf":[],"_links":{"self":[{"href":"https:\/\/achisonsafety.com.vn\/en\/wp-json\/wp\/v2\/product\/628"}],"collection":[{"href":"https:\/\/achisonsafety.com.vn\/en\/wp-json\/wp\/v2\/product"}],"about":[{"href":"https:\/\/achisonsafety.com.vn\/en\/wp-json\/wp\/v2\/types\/product"}],"replies":[{"embeddable":true,"href":"https:\/\/achisonsafety.com.vn\/en\/wp-json\/wp\/v2\/comments?post=628"}],"wp:featuredmedia":[{"embeddable":true,"href":"https:\/\/achisonsafety.com.vn\/en\/wp-json\/wp\/v2\/media\/629"}],"wp:attachment":[{"href":"https:\/\/achisonsafety.com.vn\/en\/wp-json\/wp\/v2\/media?parent=628"}],"wp:term":[{"taxonomy":"product_cat","embeddable":true,"href":"https:\/\/achisonsafety.com.vn\/en\/wp-json\/wp\/v2\/product_cat?post=628"},{"taxonomy":"product_tag","embeddable":true,"href":"https:\/\/achisonsafety.com.vn\/en\/wp-json\/wp\/v2\/product_tag?post=628"}],"curies":[{"name":"wp","href":"https:\/\/api.w.org\/{rel}","templated":true}]}}