{"id":6376,"date":"2022-08-11T17:38:45","date_gmt":"2022-08-11T10:38:45","guid":{"rendered":"https:\/\/achisonsafety.com.vn\/?post_type=product&#038;p=6376"},"modified":"2025-09-17T16:45:24","modified_gmt":"2025-09-17T09:45:24","slug":"day-dai-toan-than-1-moc-honeywell-mb-9000-2","status":"publish","type":"product","link":"https:\/\/achisonsafety.com.vn\/en\/san-pham\/day-dai-toan-than-1-moc-honeywell-mb-9000-2\/","title":{"rendered":"D\u00e2y \u0111ai to\u00e0n th\u00e2n 1 m\u00f3c Honeywell MB 9000"},"content":{"rendered":"<p><strong>D\u00e2y \u0111ai to\u00e0n th\u00e2n 1 m\u00f3c Honeywell MB 9000 l\u00e0 d\u00f2ng d\u00e2y \u0111ai b\u1ea3o h\u1ed9 c\u01a1 b\u1ea3n gi\u00fap ti\u1ebft ki\u1ec7m chi ph\u00ed cho ng\u01b0\u1eddi s\u1eed d\u1ee5ng nh\u01b0ng ch\u1ea5t l\u01b0\u1ee3ng v\u1eabn \u0111\u1ea1t ti\u00eau chu\u1ea9n qu\u1ed1c t\u1ebf EN 361:2002<\/strong><\/p>\n<p><strong>&gt;&gt; Tham kh\u1ea3o th\u00eam c\u00e1c gi\u1ea3i ph\u00e1p b\u1ea3o h\u1ed9 khi l\u00e0m vi\u1ec7c tr\u00ean cao t\u1ea1i \u0111\u00e2y:<\/strong> <a href=\"https:\/\/achisonsafety.com.vn\/danh-muc-san-pham\/bao-ho-lao-dong\/giai-phap-chong-roi-nga-tren-cao\/\">https:\/\/achisonsafety.com.vn\/danh-muc-san-pham\/bao-ho-lao-dong\/giai-phap-chong-roi-nga-tren-cao\/\u00a0<\/a><\/p>\n<p><strong>Th\u00f4ng tin s\u1ea3n ph\u1ea9m<\/strong><\/p>\n<p><strong>Th\u01b0\u01a1ng hi\u1ec7u:<\/strong>\u00a0Honeywell<\/p>\n<p><strong>M\u00e3 s\u1ea3n ph\u1ea9m:<\/strong>\u00a0MB 9000<\/p>\n<p><strong>C\u00f4ng d\u1ee5ng:<\/strong> D\u00e2y \u0111ai to\u00e0n th\u00e2n MB9000 b\u1ea3o v\u1ec7 ng\u01b0\u1eddi lao \u0111\u1ed9ng khi l\u00e0m vi\u1ec7c tr\u00ean cao. D\u00f9ng k\u00e8m v\u1edbi d\u00e2y k\u1ebft n\u1ed1i, \u0111i\u1ec3m m\u00f3c v\u00e0 d\u00e2y ch\u1ed1ng s\u1ed1c<\/p>\n<p><strong>M\u00f4 t\u1ea3:<\/strong><\/p>\n<p>M\u00f3c \u0111\u01a1n ch\u1eef D m\u1ea1 k\u1ebdm sau l\u01b0ng, mi\u1ebfng \u0111\u1ec7m l\u01b0ng tho\u1ea3i m\u00e1i.<\/p>\n<p>Ng\u01b0\u1eddi s\u1eed d\u1ee5ng c\u00f3 th\u1ec3 \u0111i\u1ec1u ch\u1ec9nh \u0111\u1ed9 d\u00e0i d\u00e2y \u0111ai \u1edf ng\u1ef1c v\u00e0 b\u1eafp ch\u00e2n.<\/p>\n<p>D\u00e2y n\u1ed1i 44mm b\u1eb1ng s\u1ee3i polyeter 2 m\u00e0u<\/p>\n<p><strong>Tr\u1ecdng l\u01b0\u1ee3ng:<\/strong>\u00a0810 g<\/p>\n<p><strong>Ti\u00eau chu\u1ea9n:<\/strong>\u00a0EN 361:2002, PSB<\/p>\n<p><strong>\u1ee8ng d\u1ee5ng:<\/strong>\u00a0S\u1eed d\u1ee5ng cho c\u00e1c c\u00f4ng vi\u1ec7c tr\u00ean cao trong t\u1ea5t c\u1ea3 c\u00e1c ng\u00e0nh c\u00f4ng nghi\u1ec7p, x\u00e2y d\u1ef1ng, d\u1ecbch v\u1ee5&#8230;<\/p>\n<p><strong>L\u01b0u \u00fd:<\/strong><\/p>\n<p>&#8211; S\u1eed d\u1ee5ng \u0111\u00fang tr\u1ecdng l\u01b0\u1ee3ng quy \u0111\u1ecbnh c\u1ee7a nh\u00e0 s\u1ea3n xu\u1ea5t<\/p>\n<p>&#8211; Ki\u1ec3m tra, b\u1ea3o d\u01b0\u1ee1ng s\u1ea3n ph\u1ea9m \u0111\u1ecbnh k\u1ef3<\/p>\n<p>&#8211; Khi s\u1ea3n ph\u1ea9m c\u00f3 d\u1ea5u hi\u1ec7u xu\u1ed1ng c\u1ea5p, n\u00ean ng\u01b0ng s\u1eed d\u1ee5ng \u0111\u1ec3 \u0111\u1ea3m b\u1ea3o an to\u00e0n<\/p>\n<p><strong>&gt;&gt; B\u00e1o gi\u00e1 t\u1ed1t, g\u1ecdi ngay Hotline: 0913.820.539 ho\u1eb7c email: achisonjsc@achison.com<\/strong><\/p>\n<p><img loading=\"lazy\" decoding=\"async\" class=\"alignnone size-medium wp-image-6377\" src=\"https:\/\/achisonsafety.com.vn\/wp-content\/uploads\/2022\/08\/Honeywell-MB9000-2-600x600-700x700-1-400x400.jpg\" alt=\"\" width=\"400\" height=\"400\" title=\"\" srcset=\"https:\/\/achisonsafety.com.vn\/wp-content\/uploads\/2022\/08\/Honeywell-MB9000-2-600x600-700x700-1-400x400.jpg 400w, https:\/\/achisonsafety.com.vn\/wp-content\/uploads\/2022\/08\/Honeywell-MB9000-2-600x600-700x700-1-280x280.jpg 280w, https:\/\/achisonsafety.com.vn\/wp-content\/uploads\/2022\/08\/Honeywell-MB9000-2-600x600-700x700-1-30x30.jpg 30w, https:\/\/achisonsafety.com.vn\/wp-content\/uploads\/2022\/08\/Honeywell-MB9000-2-600x600-700x700-1-60x60.jpg 60w, https:\/\/achisonsafety.com.vn\/wp-content\/uploads\/2022\/08\/Honeywell-MB9000-2-600x600-700x700-1-247x247.jpg 247w, https:\/\/achisonsafety.com.vn\/wp-content\/uploads\/2022\/08\/Honeywell-MB9000-2-600x600-700x700-1-510x510.jpg 510w, https:\/\/achisonsafety.com.vn\/wp-content\/uploads\/2022\/08\/Honeywell-MB9000-2-600x600-700x700-1-100x100.jpg 100w, https:\/\/achisonsafety.com.vn\/wp-content\/uploads\/2022\/08\/Honeywell-MB9000-2-600x600-700x700-1.jpg 700w\" sizes=\"(max-width: 400px) 100vw, 400px\" \/><\/p>\n","protected":false},"excerpt":{"rendered":"<ul>\n<li>M\u00f3c \u0111\u01a1n ch\u1eef D m\u1ea1 k\u1ebdm sau l\u01b0ng, mi\u1ebfng \u0111\u1ec7m l\u01b0ng tho\u1ea3i m\u00e1i.<\/li>\n<li>Ng\u01b0\u1eddi s\u1eed d\u1ee5ng c\u00f3 th\u1ec3 \u0111i\u1ec1u ch\u1ec9nh \u0111\u1ed9 d\u00e0i d\u00e2y \u0111ai \u1edf ng\u1ef1c v\u00e0 b\u1eafp ch\u00e2n.<\/li>\n<li>D\u00e2y n\u1ed1i 44mm b\u1eb1ng s\u1ee3i polyeter 2 m\u00e0u<\/li>\n<\/ul>\n","protected":false},"featured_media":6379,"comment_status":"open","ping_status":"closed","template":"","meta":[],"product_cat":[134],"product_tag":[188,184],"class_list":{"0":"post-6376","1":"product","2":"type-product","3":"status-publish","4":"has-post-thumbnail","6":"product_cat-day-dai-an-toan-toan-than","7":"product_tag-nganh-dau-khi-khai-khoang-dong-tau-cang-bien-hang-khong","8":"product_tag-nganh-gia-cong-kim-loai","9":"yith_product_brand-honeywell","11":"first","12":"instock","13":"shipping-taxable","14":"product-type-simple"},"acf":[],"_links":{"self":[{"href":"https:\/\/achisonsafety.com.vn\/en\/wp-json\/wp\/v2\/product\/6376"}],"collection":[{"href":"https:\/\/achisonsafety.com.vn\/en\/wp-json\/wp\/v2\/product"}],"about":[{"href":"https:\/\/achisonsafety.com.vn\/en\/wp-json\/wp\/v2\/types\/product"}],"replies":[{"embeddable":true,"href":"https:\/\/achisonsafety.com.vn\/en\/wp-json\/wp\/v2\/comments?post=6376"}],"wp:featuredmedia":[{"embeddable":true,"href":"https:\/\/achisonsafety.com.vn\/en\/wp-json\/wp\/v2\/media\/6379"}],"wp:attachment":[{"href":"https:\/\/achisonsafety.com.vn\/en\/wp-json\/wp\/v2\/media?parent=6376"}],"wp:term":[{"taxonomy":"product_cat","embeddable":true,"href":"https:\/\/achisonsafety.com.vn\/en\/wp-json\/wp\/v2\/product_cat?post=6376"},{"taxonomy":"product_tag","embeddable":true,"href":"https:\/\/achisonsafety.com.vn\/en\/wp-json\/wp\/v2\/product_tag?post=6376"}],"curies":[{"name":"wp","href":"https:\/\/api.w.org\/{rel}","templated":true}]}}