{"id":6406,"date":"2022-08-12T13:58:18","date_gmt":"2022-08-12T06:58:18","guid":{"rendered":"https:\/\/achisonsafety.com.vn\/?post_type=product&#038;p=6406"},"modified":"2025-09-17T16:45:23","modified_gmt":"2025-09-17T09:45:23","slug":"may-loc-khi-papr-3m-versaflo-dong-tr-600-eck","status":"publish","type":"product","link":"https:\/\/achisonsafety.com.vn\/en\/san-pham\/may-loc-khi-papr-3m-versaflo-dong-tr-600-eck\/","title":{"rendered":"M\u00e1y l\u1ecdc kh\u00ed PAPR 3M Versaflo d\u00f2ng TR-600 &#8211; ECK"},"content":{"rendered":"<p><strong>M\u00e1y l\u1ecdc kh\u00ed PAPR 3M Versaflo d\u00f2ng TR-600, m\u00e3 ECK chuy\u00ean d\u00f9ng cho c\u00f4ng nghi\u1ec7p s\u1ea3n xu\u1ea5t thu\u1ed1c, ch\u1ebf bi\u1ebfn th\u1ef1c ph\u1ea9m, phun s\u01a1n gi\u00fap b\u1ea3o v\u1ec7 kh\u1ecfi t\u00e1c nh\u00e2n nguy h\u1ea1i, h\u01a1i gas v\u00e0 h\u01a1i h\u1eefu c\u01a1. L\u01b0u l\u01b0\u1ee3ng kh\u00ed \u0111a d\u1ea1ng l\u1ef1a ch\u1ecdn qua c\u01a1 ch\u1ebf v\u1eadn h\u00e0nh 2 n\u00fat b\u1ea5m. \u0110\u1ed3ng h\u1ed3 ch\u1ec9 th\u1ecb li\u00ean t\u1ee5c c\u1eadp nh\u1eadt th\u1eddi l\u01b0\u1ee3ng pin v\u00e0 t\u00ecnh tr\u1ea1ng mi\u1ebfng l\u1ecdc trong su\u1ed1t qu\u00e1 tr\u00ecnh s\u1eed d\u1ee5ng.<\/strong><\/p>\n<p><strong>&gt;&gt; Xem th\u00eam nhi\u1ec1u gi\u1ea3i ph\u00e1p b\u1ea3o h\u1ed9 c\u00e1 nh\u00e2n t\u1ea1i \u0111\u00e2y: <\/strong><a href=\"https:\/\/achisonsafety.com.vn\/danh-muc-san-pham\/bao-ho-lao-dong\/papr\/\"><em>https:\/\/achisonsafety.com.vn\/danh-muc-san-pham\/bao-ho-lao-dong\/papr\/<\/em><\/a><\/p>\n<p><strong>Th\u00f4ng tin s\u1ea3n ph\u1ea9m<\/strong><\/p>\n<p><em>*\u01afu \u0111i\u1ec3m n\u1ed5i b\u1eadt c\u1ee7a d\u00f2ng M\u00e1y l\u1ecdc kh\u00ed 3M Versaflo TR-600:<\/em><\/p>\n<p>T\u1ed1c \u0111\u1ed9 l\u01b0u l\u01b0\u1ee3ng kh\u00ed theo 3 c\u1ea5p \u0111\u1ed9. \u0110i\u1ec1u ch\u1ec9nh l\u01b0u l\u01b0\u1ee3ng kh\u00ed \u0111\u1ec1u \u0111\u1eb7n t\u01b0\u01a1ng t\u1ef1 v\u1edbi m\u1ee9c ti\u00eau hao pin v\u00e0 hi\u1ec7u su\u1ea5t l\u1ecdc<\/p>\n<p>Dung l\u01b0\u1ee3ng pin \u0111\u01b0\u1ee3c bi\u1ec3u th\u1ecb b\u1eb1ng \u0111\u00e8n LED<\/p>\n<p>C\u1ea3nh b\u00e1o rung, \u00e2m thanh v\u00e0 hi\u1ec3n th\u1ecb trong tr\u01b0\u1eddng h\u1ee3p dung l\u01b0\u1ee3ng pin xu\u1ed1ng v\u00e0 l\u01b0u l\u01b0\u1ee3ng kh\u00ed th\u1ea5p<\/p>\n<p>D\u00e2y \u0111ai ph\u00f9 h\u1ee3p s\u1eed d\u1ee5ng trong m\u00f4i tr\u01b0\u1eddng nhi\u1ec7t \u0111\u1ed9 cao, ch\u1eadm ch\u00e1y v\u00e0 b\u00e9n l\u1eeda. C\u00f3 th\u1ec3 \u0111i\u1ec1u ch\u1ec9nh k\u00edch c\u1ee1 d\u00e2y \u0111ai<\/p>\n<p>Th\u00edch h\u1ee3p kh\u1eed tr\u00f9ng b\u1eb1ng v\u00f2i sen v\u00e0 ng\u00e2m t\u1ea1m th\u1eddi l\u00e0m s\u1ea1ch<\/p>\n<p>M\u00f4i tr\u01b0\u1eddng th\u00edch h\u1ee3p s\u1eed d\u1ee5ng: S\u1ea3n xu\u1ea5t d\u01b0\u1ee3c ph\u1ea9m, phun s\u01a1n, s\u1ea3n xu\u1ea5t th\u1ef1c ph\u1ea9m, n\u0103ng l\u01b0\u1ee3ng h\u1ea1t nh\u00e2n (D\u00f2ng TR-600-ECK)<\/p>\n<p><img loading=\"lazy\" decoding=\"async\" class=\"alignnone wp-image-6407\" src=\"https:\/\/achisonsafety.com.vn\/wp-content\/uploads\/2022\/08\/1May-loc-khi-PAPR-3M-Versaflo.jpg\" alt=\"\" width=\"270\" height=\"265\" title=\"\" srcset=\"https:\/\/achisonsafety.com.vn\/wp-content\/uploads\/2022\/08\/1May-loc-khi-PAPR-3M-Versaflo.jpg 400w, https:\/\/achisonsafety.com.vn\/wp-content\/uploads\/2022\/08\/1May-loc-khi-PAPR-3M-Versaflo-31x30.jpg 31w, https:\/\/achisonsafety.com.vn\/wp-content\/uploads\/2022\/08\/1May-loc-khi-PAPR-3M-Versaflo-61x60.jpg 61w\" sizes=\"(max-width: 270px) 100vw, 270px\" \/> <img loading=\"lazy\" decoding=\"async\" class=\"alignnone size-full wp-image-6409\" src=\"https:\/\/achisonsafety.com.vn\/wp-content\/uploads\/2022\/08\/May-loc-khi-PAPR-3M-Versaflo.jpg\" alt=\"\" width=\"400\" height=\"264\" title=\"\" srcset=\"https:\/\/achisonsafety.com.vn\/wp-content\/uploads\/2022\/08\/May-loc-khi-PAPR-3M-Versaflo.jpg 400w, https:\/\/achisonsafety.com.vn\/wp-content\/uploads\/2022\/08\/May-loc-khi-PAPR-3M-Versaflo-45x30.jpg 45w, https:\/\/achisonsafety.com.vn\/wp-content\/uploads\/2022\/08\/May-loc-khi-PAPR-3M-Versaflo-91x60.jpg 91w\" sizes=\"(max-width: 400px) 100vw, 400px\" \/><\/p>\n<p><strong>L\u01b0u \u00fd:<\/strong><\/p>\n<p>\u2013 Ki\u1ec3m tra k\u1ef9 s\u1ea3n ph\u1ea9m tr\u01b0\u1edbc khi s\u1eed d\u1ee5ng<\/p>\n<p>\u2013 Th\u01b0\u1eddng xuy\u00ean ki\u1ec3m tra, b\u1ea3o tr\u00ec thi\u1ebft b\u1ecb<\/p>\n<p>\u2013 N\u00ean trang b\u1ecb tr\u01b0\u1edbc khi l\u00e0m vi\u1ec7c \u1edf m\u00f4i tr\u01b0\u1eddng \u00f4 nhi\u1ec5m<\/p>\n<p><strong>&gt;&gt; G\u1ecdi cho Achison ngay \u0111\u1ec3 \u0111\u01b0\u1ee3c t\u01b0 v\u1ea5n nhi\u1ec1u th\u00f4ng tin h\u01a1n qua Hotline: 0913.820.539 ho\u1eb7c Email achisonjsc@achison.com<\/strong><\/p>\n","protected":false},"excerpt":{"rendered":"<ul>\n<li>C\u1ea3nh b\u00e1o rung, \u00e2m thanh v\u00e0 hi\u1ec3n th\u1ecb trong tr\u01b0\u1eddng h\u1ee3p dung l\u01b0\u1ee3ng pin xu\u1ed1ng v\u00e0 l\u01b0u l\u01b0\u1ee3ng kh\u00ed th\u1ea5p<\/li>\n<li>D\u00e2y \u0111ai ph\u00f9 h\u1ee3p s\u1eed d\u1ee5ng trong m\u00f4i tr\u01b0\u1eddng nhi\u1ec7t \u0111\u1ed9 cao, ch\u1eadm ch\u00e1y v\u00e0 b\u00e9n l\u1eeda. C\u00f3 th\u1ec3 \u0111i\u1ec1u ch\u1ec9nh k\u00edch c\u1ee1 d\u00e2y \u0111ai<\/li>\n<li>Th\u00edch h\u1ee3p kh\u1eed tr\u00f9ng b\u1eb1ng v\u00f2i sen v\u00e0 ng\u00e2m t\u1ea1m th\u1eddi l\u00e0m s\u1ea1ch<\/li>\n<\/ul>\n","protected":false},"featured_media":6411,"comment_status":"open","ping_status":"closed","template":"","meta":[],"product_cat":[506],"product_tag":[],"class_list":{"0":"post-6406","1":"product","2":"type-product","3":"status-publish","4":"has-post-thumbnail","6":"product_cat-papr","7":"yith_product_brand-3m","9":"first","10":"instock","11":"shipping-taxable","12":"product-type-simple"},"acf":[],"_links":{"self":[{"href":"https:\/\/achisonsafety.com.vn\/en\/wp-json\/wp\/v2\/product\/6406"}],"collection":[{"href":"https:\/\/achisonsafety.com.vn\/en\/wp-json\/wp\/v2\/product"}],"about":[{"href":"https:\/\/achisonsafety.com.vn\/en\/wp-json\/wp\/v2\/types\/product"}],"replies":[{"embeddable":true,"href":"https:\/\/achisonsafety.com.vn\/en\/wp-json\/wp\/v2\/comments?post=6406"}],"wp:featuredmedia":[{"embeddable":true,"href":"https:\/\/achisonsafety.com.vn\/en\/wp-json\/wp\/v2\/media\/6411"}],"wp:attachment":[{"href":"https:\/\/achisonsafety.com.vn\/en\/wp-json\/wp\/v2\/media?parent=6406"}],"wp:term":[{"taxonomy":"product_cat","embeddable":true,"href":"https:\/\/achisonsafety.com.vn\/en\/wp-json\/wp\/v2\/product_cat?post=6406"},{"taxonomy":"product_tag","embeddable":true,"href":"https:\/\/achisonsafety.com.vn\/en\/wp-json\/wp\/v2\/product_tag?post=6406"}],"curies":[{"name":"wp","href":"https:\/\/api.w.org\/{rel}","templated":true}]}}