{"id":653,"date":"2022-02-26T12:11:07","date_gmt":"2022-02-26T05:11:07","guid":{"rendered":"https:\/\/beta.achisonsafety.com.vn\/?post_type=product&#038;p=653"},"modified":"2025-09-17T16:55:04","modified_gmt":"2025-09-17T09:55:04","slug":"khau-trang-n95-3m-9502","status":"publish","type":"product","link":"https:\/\/achisonsafety.com.vn\/en\/san-pham\/khau-trang-n95-3m-9502\/","title":{"rendered":"Kh\u1ea9u trang N95 3M 9502"},"content":{"rendered":"<p><a href=\"https:\/\/achisonsafety.com.vn\/cua-hang\/?yith_wcan=1&amp;s=n95&amp;post_type=product&amp;lang=vi&amp;yith_product_brand=3m\"><strong>Kh\u1ea9u trang N95 3M<\/strong><\/a> 9502 Ti\u00eau chu\u1ea9n Niosh 95 (N95) \u1ee9ng d\u1ee5ng c\u00f4ng ngh\u1ec7 m\u00e0ng l\u1ecdc t\u0129nh \u0111i\u1ec7n ti\u00ean ti\u1ebfn 3M, k\u00e8m thi\u1ebft k\u1ebf g\u1eadp \u0111\u00f4i t\u1ea1o kh\u00f4ng gian th\u1edf tho\u1ea3i m\u00e1i b\u00ean trong kh\u1ea9u trang, th\u00edch h\u1ee3p khi l\u00e0m vi\u1ec7c li\u00ean t\u1ee5c.<\/p>\n<h2>Th\u00f4ng s\u1ed1 s\u1ea3n ph\u1ea9m<\/h2>\n<ul>\n<li><b>Lo\u1ea1i l\u1ecdc: <\/b><span style=\"font-weight: 400;\">Kh\u00f4ng d\u1ea7u\u00a0<\/span><\/li>\n<li><b>Van\/Kh\u00f4ng Van: <\/b><span style=\"font-weight: 400;\">Kh\u00f4ng van\u00a0<\/span><\/li>\n<li><b>T\u00ednh n\u0103ng : <\/b><span style=\"font-weight: 400;\">L\u1edbp l\u1ecdc t\u0129nh \u0111i\u1ec7n ti\u00ean ti\u1ebfn, d\u00e2y thun h\u00e0n nhi\u1ec7t\u00a0<\/span><\/li>\n<li><b>Ti\u00eau chu\u1ea9n l\u1ecdc: <\/b><span style=\"font-weight: 400;\">N95\u00a0<\/span><\/li>\n<li><b>S\u1ed1 l\u1ea7n s\u1eed d\u1ee5ng: <\/b><span style=\"font-weight: 400;\">D\u00f9ng 1 l\u1ea7n\u00a0<\/span><\/li>\n<li><b>C\u1ea5p \u0111\u1ed9 b\u1ea3o v\u1ec7:<\/b><span style=\"font-weight: 400;\"> APF=10<\/span><\/li>\n<li><b>Quy c\u00e1ch \u0111\u00f3ng g\u00f3i: <\/b><span style=\"font-weight: 400;\">50 c\u00e1i\/t\u00fai, 10 t\u00fai\/h\u1ed9p<\/span><\/li>\n<li><b>H\u1ea1n s\u1eed d\u1ee5ng: <\/b><span style=\"font-weight: 400;\">5 n\u0103m k\u1ec3 t\u1eeb ng\u00e0y s\u1ea3n xu\u1ea5t\u00a0<\/span><\/li>\n<li><b>B\u1ea3o qu\u1ea3n Nhi\u1ec7t \u0111\u1ed9: <\/b><span style=\"font-weight: 400;\">-20 \u0111\u1ed9 \u0111\u1ebfn 30 \u0111\u1ed9 C, \u0111\u1ed9 \u1ea9m t\u1ed1i \u0111a: &lt;80%<\/span><\/li>\n<\/ul>\n<h2>V\u1ec1 Kh\u1ea9u trang N95 3M 9502<\/h2>\n<figure id=\"attachment_9501\" aria-describedby=\"caption-attachment-9501\" style=\"width: 400px\" class=\"wp-caption aligncenter\"><img loading=\"lazy\" decoding=\"async\" class=\"size-medium wp-image-9501\" src=\"https:\/\/achisonsafety.com.vn\/wp-content\/uploads\/2022\/02\/Khau-trang-3M-9502-400x400.png\" alt=\"Kh\u1ea9u trang 3M N95 9502 v\u1edbi kh\u1ea3 n\u0103ng b\u1ea3o v\u1ec7 h\u00f4 h\u1ea5p t\u1ed1t\" width=\"400\" height=\"400\" title=\"\" srcset=\"https:\/\/achisonsafety.com.vn\/wp-content\/uploads\/2022\/02\/Khau-trang-3M-9502-400x400.png 400w, https:\/\/achisonsafety.com.vn\/wp-content\/uploads\/2022\/02\/Khau-trang-3M-9502-280x280.png 280w, https:\/\/achisonsafety.com.vn\/wp-content\/uploads\/2022\/02\/Khau-trang-3M-9502-30x30.png 30w, https:\/\/achisonsafety.com.vn\/wp-content\/uploads\/2022\/02\/Khau-trang-3M-9502-60x60.png 60w, https:\/\/achisonsafety.com.vn\/wp-content\/uploads\/2022\/02\/Khau-trang-3M-9502-247x247.png 247w, https:\/\/achisonsafety.com.vn\/wp-content\/uploads\/2022\/02\/Khau-trang-3M-9502-100x100.png 100w, https:\/\/achisonsafety.com.vn\/wp-content\/uploads\/2022\/02\/Khau-trang-3M-9502.png 500w\" sizes=\"(max-width: 400px) 100vw, 400px\" \/><figcaption id=\"caption-attachment-9501\" class=\"wp-caption-text\">Kh\u1ea9u trang 3M N95 9502 v\u1edbi kh\u1ea3 n\u0103ng b\u1ea3o v\u1ec7 h\u00f4 h\u1ea5p t\u1ed1t<\/figcaption><\/figure>\n<p>Kh\u1ea9u trang N95 3M 9502 l\u00e0 &#8220;ng\u01b0\u1eddi b\u1ea1n \u0111\u1ed3ng h\u00e0nh&#8221; l\u00fd t\u01b0\u1edfng cho b\u1ea5t k\u1ef3 ai c\u1ea7n b\u1ea3o v\u1ec7 h\u00f4 h\u1ea5p trong m\u00f4i tr\u01b0\u1eddng nhi\u1ec1u b\u1ee5i b\u1ea9n v\u00e0 kh\u00ed \u0111\u1ed9c. V\u1edbi ti\u00eau chu\u1ea9n NIOSH 95 (N95) v\u00e0 c\u00f4ng ngh\u1ec7 m\u00e0ng l\u1ecdc t\u0129nh \u0111i\u1ec7n hi\u1ec7n \u0111\u1ea1i t\u1eeb 3M, chi\u1ebfc kh\u1ea9u trang N95 n\u00e0y c\u00f3 kh\u1ea3 n\u0103ng l\u1ecdc \u0111\u1ebfn 95% c\u00e1c h\u1ea1t b\u1ee5i si\u00eau nh\u1ecf v\u00e0 vi khu\u1ea9n trong kh\u00f4ng kh\u00ed, mang l\u1ea1i c\u1ea3m gi\u00e1c y\u00ean t\u00e2m tuy\u1ec7t \u0111\u1ed1i m\u1ed7i khi \u0111eo.<\/p>\n<p>\u0110i\u1ec1u m\u00ecnh th\u00edch nh\u1ea5t \u1edf kh\u1ea9u trang N95 3M 9502 l\u00e0 thi\u1ebft k\u1ebf g\u1eadp \u0111\u00f4i tinh t\u1ebf, t\u1ea1o kh\u00f4ng gian th\u1edf th\u1eadt r\u1ed9ng r\u00e3i b\u00ean trong m\u00e0 kh\u00f4ng g\u00e2y c\u1ea3m gi\u00e1c b\u00ed b\u00e1ch. B\u1ea1n c\u00f3 th\u1ec3 \u0111eo trong nhi\u1ec1u gi\u1edd li\u1ec1n m\u00e0 v\u1eabn th\u1ea5y tho\u1ea3i m\u00e1i. Ph\u1ea7n n\u1eb9p m\u0169i b\u1eb1ng kim lo\u1ea1i linh ho\u1ea1t, d\u1ec5 d\u00e0ng \u0111i\u1ec1u ch\u1ec9nh \u0111\u1ec3 \u00f4m s\u00e1t khu\u00f4n m\u1eb7t, gi\u00fap kh\u1ea9u trang k\u00edn kh\u00edt, kh\u00f4ng cho b\u1ee5i b\u1ea9n hay vi khu\u1ea9n l\u1ecdt qua. Hai d\u00e2y thun \u0111eo qua \u0111\u1ea7u \u0111\u01b0\u1ee3c h\u00e0n nhi\u1ec7t r\u1ea5t ch\u1eafc ch\u1eafn v\u00e0 m\u1ec1m m\u1ea1i, kh\u00f4ng g\u00e2y d\u1ecb \u1ee9ng v\u00e0 c\u1ef1c k\u1ef3 d\u1ec5 ch\u1ecbu khi \u0111eo l\u00e2u.<\/p>\n<p>N\u1ebfu b\u1ea1n \u0111ang t\u00ecm ki\u1ebfm m\u1ed9t chi\u1ebfc kh\u1ea9u trang \u0111\u00e1ng tin c\u1eady \u0111\u1ec3 \u0111\u1ed3ng h\u00e0nh trong c\u00f4ng vi\u1ec7c h\u00e0ng ng\u00e0y, th\u00ec kh\u1ea9u trang N95 3M 9502 ch\u00ednh l\u00e0 l\u1ef1a ch\u1ecdn l\u00fd t\u01b0\u1edfng. Kh\u00f4ng ch\u1ec9 mang l\u1ea1i s\u1ef1 b\u1ea3o v\u1ec7 h\u00f4 h\u1ea5p, s\u1ea3n ph\u1ea9m c\u00f2n gi\u00fap b\u1ea1n y\u00ean t\u00e2m h\u01a1n, t\u1eadp trung v\u00e0o c\u00f4ng vi\u1ec7c m\u00e0 kh\u00f4ng ph\u1ea3i lo l\u1eafng v\u1ec1 s\u1ee9c kh\u1ecfe. \u0110\u00e2y th\u1ef1c s\u1ef1 l\u00e0 chi\u1ebfc kh\u1ea9u trang &#8220;must-have&#8221; d\u00e0nh cho nh\u1eefng ai mu\u1ed1n an to\u00e0n v\u00e0 tho\u1ea3i m\u00e1i nh\u1ea5t m\u1ed7i ng\u00e0y!<\/p>\n<blockquote><p>Xem th\u00eam: <a href=\"https:\/\/achisonsafety.com.vn\/danh-muc-san-pham\/bao-ho-lao-dong\/bao-ve-ho-hap\/khau-trang\/khau-trang-tieu-chuan-n95\/\">Nh\u1eefng s\u1ea3n ph\u1ea9m kh\u1ea9u trang N95 \u0111\u00e1ng mua nh\u1ea5t tr\u00ean th\u1ecb tr\u01b0\u1eddng.<\/a><\/p><\/blockquote>\n<h2>\u1ee8ng d\u1ee5ng kh\u1ea9u trang N95 9502<\/h2>\n<p>Kh\u1ea9u trang N95 3M 9502 th\u1ef1c s\u1ef1 l\u00e0 &#8220;ng\u01b0\u1eddi b\u1ea1n \u0111\u1ed3ng h\u00e0nh&#8221; cho r\u1ea5t nhi\u1ec1u ng\u00e0nh ngh\u1ec1, mang l\u1ea1i s\u1ef1 an to\u00e0n v\u00e0 y\u00ean t\u00e2m trong m\u1ecdi m\u00f4i tr\u01b0\u1eddng l\u00e0m vi\u1ec7c:<\/p>\n<ul>\n<li>N\u00f4ng nghi\u1ec7p, v\u1ec7 sinh v\u00e0 x\u00e2y d\u1ef1ng: D\u00f9 b\u1ea1n ph\u1ea3i \u0111\u1ed1i m\u1eb7t v\u1edbi b\u1ee5i b\u1ea9n, h\u00f3a ch\u1ea5t trong n\u00f4ng nghi\u1ec7p, v\u1ec7 sinh hay x\u00e2y d\u1ef1ng, kh\u1ea9u trang N95 3M 9502 gi\u00fap b\u1ea1n b\u1ea3o v\u1ec7 h\u00f4 h\u1ea5p hi\u1ec7u qu\u1ea3, gi\u1eef kh\u00f4ng kh\u00ed s\u1ea1ch cho m\u1ed7i h\u01a1i th\u1edf.<\/li>\n<li>Ch\u1ebf bi\u1ebfn th\u1ef1c ph\u1ea9m, m\u00e0i c\u1eaft v\u00e0 d\u1ec7t may: Trong c\u00e1c ng\u00e0nh \u0111\u00f2i h\u1ecfi s\u1ef1 ti\u1ebfp x\u00fac v\u1edbi b\u1ee5i v\u00e0 vi khu\u1ea9n li\u00ean t\u1ee5c nh\u01b0 th\u1ef1c ph\u1ea9m, m\u00e0i c\u1eaft v\u00e0 d\u1ec7t, kh\u1ea9u trang n\u00e0y s\u1ebd \u0111\u1ea3m b\u1ea3o an to\u00e0n s\u1ee9c kh\u1ecfe cho b\u1ea1n su\u1ed1t ng\u00e0y d\u00e0i.<\/li>\n<li>Ng\u00e0nh y t\u1ebf v\u00e0 b\u1ec7nh vi\u1ec7n: C\u00e1c b\u00e1c s\u0129, y t\u00e1 v\u00e0 nh\u00e2n vi\u00ean y t\u1ebf th\u01b0\u1eddng xuy\u00ean s\u1eed d\u1ee5ng kh\u1ea9u trang N95 \u0111\u1ec3 b\u1ea3o v\u1ec7 kh\u1ecfi c\u00e1c nguy c\u01a1 l\u00e2y nhi\u1ec5m trong m\u00f4i tr\u01b0\u1eddng b\u1ec7nh vi\u1ec7n \u2013 m\u1ed9t s\u1ea3n ph\u1ea9m kh\u00f4ng th\u1ec3 thi\u1ebfu cho s\u1ee9c kh\u1ecfe h\u00f4 h\u1ea5p.<\/li>\n<li>C\u00f4ng nghi\u1ec7p n\u1eb7ng, s\u1ea3n xu\u1ea5t, gia c\u00f4ng: Khi l\u00e0m vi\u1ec7c v\u1edbi kim lo\u1ea1i, g\u1ed7, s\u01a1n hay c\u00e1c lo\u1ea1i h\u00f3a ch\u1ea5t kh\u00e1c, kh\u1ea9u trang N95 3M 9502 s\u1ebd gi\u00fap b\u1ea1n y\u00ean t\u00e2m tr\u01b0\u1edbc m\u1ecdi th\u00e1ch th\u1ee9c t\u1eeb m\u00f4i tr\u01b0\u1eddng l\u00e0m vi\u1ec7c kh\u1eafc nghi\u1ec7t.<\/li>\n<li>Giao th\u00f4ng v\u1eadn t\u1ea3i v\u00e0 c\u00f4ng nghi\u1ec7p ch\u1ebf bi\u1ebfn: \u0110\u1ed1i v\u1edbi nh\u1eefng ai l\u00e0m vi\u1ec7c trong m\u00f4i tr\u01b0\u1eddng giao th\u00f4ng v\u1eadn t\u1ea3i hay c\u00e1c ng\u00e0nh c\u00f4ng nghi\u1ec7p n\u1eb7ng, kh\u1ea9u trang N95 gi\u1eef cho b\u1ea1n an to\u00e0n kh\u1ecfi b\u1ee5i v\u00e0 kh\u00ed \u0111\u1ed9c, gi\u00fap b\u1ea1n an t\u00e2m l\u00e0m vi\u1ec7c l\u00e2u d\u00e0i.<\/li>\n<\/ul>\n<p>V\u1edbi thi\u1ebft k\u1ebf freesize ti\u1ec7n l\u1ee3i, kh\u1ea9u trang N95 3M 9502 \u0111\u1ea3m b\u1ea3o b\u1ea3o v\u1ec7 t\u1ed1i \u01b0u, \u0111em l\u1ea1i s\u1ef1 tho\u1ea3i m\u00e1i, l\u00e0 l\u1ef1a ch\u1ecdn l\u00fd t\u01b0\u1edfng cho s\u1ee9c kh\u1ecfe v\u00e0 s\u1ef1 an to\u00e0n c\u1ee7a b\u1ea1n m\u1ed7i ng\u00e0y!<\/p>\n<h2>C\u00f4ng d\u1ee5ng v\u00e0 \u01afu \u0111i\u1ec3m c\u1ee7a Kh\u1ea9u trang N95 3M 9502<\/h2>\n<p>Kh\u1ea9u trang N95 3M 9502 l\u00e0 \u201cng\u01b0\u1eddi b\u1ea1n \u0111\u1ed3ng h\u00e0nh\u201d \u0111\u00e1ng tin c\u1eady \u0111\u1ec3 b\u1ea3o v\u1ec7 h\u1ec7 h\u00f4 h\u1ea5p cho ng\u01b0\u1eddi lao \u0111\u1ed9ng trong m\u00f4i tr\u01b0\u1eddng ch\u1ee9a nhi\u1ec1u b\u1ee5i, vi khu\u1ea9n v\u00e0 c\u00e1c h\u1ea1t \u0111\u1ed9c h\u1ea1i. V\u1edbi cam k\u1ebft v\u1ec1 ch\u1ea5t l\u01b0\u1ee3ng ch\u00ednh x\u00e1c v\u00e0 \u0111\u1ea1t chu\u1ea9n, kh\u1ea9u trang N95 3M 9502 \u0111\u01b0\u1ee3c thi\u1ebft k\u1ebf theo ti\u00eau chu\u1ea9n NIOSH N95, gi\u00fap l\u1ecdc t\u1edbi 95% c\u00e1c h\u1ea1t si\u00eau nh\u1ecf trong kh\u00f4ng kh\u00ed, bao g\u1ed3m b\u1ee5i m\u1ecbn, kh\u00f3i v\u00e0 vi khu\u1ea9n \u2013 m\u1ed9t l\u1ef1a ch\u1ecdn l\u00fd t\u01b0\u1edfng cho nh\u1eefng ai mu\u1ed1n b\u1ea3o v\u1ec7 s\u1ee9c kh\u1ecfe trong nhi\u1ec1u m\u00f4i tr\u01b0\u1eddng l\u00e0m vi\u1ec7c nh\u01b0 x\u00e2y d\u1ef1ng, n\u00f4ng nghi\u1ec7p, y t\u1ebf v\u00e0 ch\u1ebf bi\u1ebfn th\u1ef1c ph\u1ea9m.<\/p>\n<blockquote><p>Xem th\u00eam: <a href=\"https:\/\/achisonsafety.com.vn\/forum\/khau-trang-nao-duoc-cap-chung-nhan-niosh-95-n95\/\">Kh\u1ea9u trang n\u00e0o \u0111\u01b0\u1ee3c c\u1ea5p ch\u1ee9ng nh\u1eadn NIOSH 95 (N95)?<\/a><\/p><\/blockquote>\n<h3>\u01afu \u0111i\u1ec3m n\u1ed5i b\u1eadt c\u1ee7a Kh\u1ea9u trang N95 3M 9502<\/h3>\n<ul>\n<li>C\u00f4ng ngh\u1ec7 m\u00e0ng l\u1ecdc t\u0129nh \u0111i\u1ec7n ti\u00ean ti\u1ebfn t\u1eeb 3M: Kh\u1ea9u trang N95 n\u00e0y s\u1eed d\u1ee5ng c\u00f4ng ngh\u1ec7 m\u00e0ng l\u1ecdc t\u0129nh \u0111i\u1ec7n c\u1ee7a 3M, gi\u00fap l\u1ecdc c\u00e1c h\u1ea1t si\u00eau nh\u1ecf hi\u1ec7u qu\u1ea3 h\u01a1n m\u00e0 v\u1eabn \u0111\u1ea3m b\u1ea3o tho\u00e1ng kh\u00ed, cho c\u1ea3m gi\u00e1c tho\u1ea3i m\u00e1i khi \u0111eo.<\/li>\n<li>Thi\u1ebft k\u1ebf g\u1eadp \u0111\u00f4i, r\u1ed9ng r\u00e3i v\u00e0 ti\u1ec7n d\u1ee5ng: V\u1edbi thi\u1ebft k\u1ebf g\u1eadp \u0111\u00f4i \u0111\u1ed9c \u0111\u00e1o, kh\u1ea9u trang N95 3M 9502 t\u1ea1o kh\u00f4ng gian th\u1edf r\u1ed9ng r\u00e3i b\u00ean trong, kh\u00f4ng g\u00e2y b\u00ed b\u00e1ch, gi\u00fap ng\u01b0\u1eddi d\u00f9ng tho\u1ea3i m\u00e1i ngay c\u1ea3 khi ph\u1ea3i \u0111eo su\u1ed1t c\u1ea3 ng\u00e0y.<\/li>\n<li>N\u1eb9p m\u0169i kim lo\u1ea1i \u0111i\u1ec1u ch\u1ec9nh linh ho\u1ea1t: Ph\u1ea7n n\u1eb9p m\u0169i b\u1eb1ng kim lo\u1ea1i gi\u00fap \u0111i\u1ec1u ch\u1ec9nh d\u1ec5 d\u00e0ng, \u00f4m s\u00e1t khu\u00f4n m\u1eb7t \u0111\u1ec3 t\u1ea1o \u0111\u1ed9 k\u00edn kh\u00edt, ng\u0103n ch\u1eb7n b\u1ee5i v\u00e0 vi khu\u1ea9n x\u00e2m nh\u1eadp hi\u1ec7u qu\u1ea3.<\/li>\n<li>D\u00e2y thun m\u1ec1m m\u1ea1i, kh\u00f4ng g\u00e2y d\u1ecb \u1ee9ng: Kh\u1ea9u trang N95 3M 9502 \u0111i k\u00e8m d\u00e2y thun qua \u0111\u1ea7u, h\u00e0n nhi\u1ec7t ch\u1eafc ch\u1eafn, m\u1ec1m m\u1ea1i v\u00e0 kh\u00f4ng g\u00e2y d\u1ecb \u1ee9ng cho da, gi\u1eef cho ng\u01b0\u1eddi d\u00f9ng tho\u1ea3i m\u00e1i v\u00e0 y\u00ean t\u00e2m khi \u0111eo trong th\u1eddi gian d\u00e0i.<\/li>\n<li>Thi\u1ebft k\u1ebf Freesize ph\u00f9 h\u1ee3p v\u1edbi nhi\u1ec1u \u0111\u1ed1i t\u01b0\u1ee3ng: V\u1edbi thi\u1ebft k\u1ebf freesize ti\u1ec7n l\u1ee3i, kh\u1ea9u trang N95 n\u00e0y ph\u00f9 h\u1ee3p v\u1edbi h\u1ea7u h\u1ebft m\u1ecdi ng\u01b0\u1eddi, t\u1eeb nh\u00e2n vi\u00ean y t\u1ebf, c\u00f4ng nh\u00e2n s\u1ea3n xu\u1ea5t \u0111\u1ebfn ng\u01b0\u1eddi l\u00e0m trong c\u00e1c ng\u00e0nh c\u00f4ng nghi\u1ec7p n\u1eb7ng.<\/li>\n<\/ul>\n<h2><span style=\"font-size: 100%;\">C\u00e1ch \u0111eo Kh\u1ea9u trang N95 9502<\/span><\/h2>\n<p><img loading=\"lazy\" decoding=\"async\" class=\"aligncenter wp-image-659 size-full\" src=\"https:\/\/achisonsafety.com.vn\/wp-content\/uploads\/2022\/02\/Howtouse.jpeg\" alt=\"\" width=\"443\" height=\"241\" title=\"\" srcset=\"https:\/\/achisonsafety.com.vn\/wp-content\/uploads\/2022\/02\/Howtouse.jpeg 443w, https:\/\/achisonsafety.com.vn\/wp-content\/uploads\/2022\/02\/Howtouse-55x30.jpeg 55w, https:\/\/achisonsafety.com.vn\/wp-content\/uploads\/2022\/02\/Howtouse-110x60.jpeg 110w\" sizes=\"(max-width: 443px) 100vw, 443px\" \/><\/p>\n<div><strong>B\u01b0\u1edbc 1<\/strong>: \u0110\u1eb7t kh\u1ea9u trang \u0111\u1ed1i di\u1ec7n m\u1eb7t, sau cho n\u1eb9p m\u0169i kim lo\u1ea1i h\u01b0\u1edbng ra ngo\u00e0i v\u00e0 song song v\u1edbi s\u1ed1ng m\u0169i. Gi\u1eef kh\u1ea9u trang tr\u00ean m\u1eb7t v\u00e0 c\u1ed1 \u0111\u1ecbnh ph\u1ea7n m\u00e9p d\u01b0\u1edbi kh\u1ea9u trang n\u1eb1m d\u01b0\u1edbi c\u1eb1m<\/div>\n<div><\/div>\n<div><strong>B\u01b0\u1edbc 2<\/strong>: M\u1ed9t tay gi\u1eef kh\u1ea9u trang, tay c\u00f2n l\u1ea1i k\u00e9o d\u00e2y \u0111eo \u1edf tr\u00ean qua \u0111\u1ea7u, c\u1ed1 \u0111\u1ecbnh sau \u0111\u1ec9nh \u0111\u1ea7u<\/div>\n<div><\/div>\n<div><strong>B\u01b0\u1edbc 3<\/strong>: Ti\u1ebfp t\u1ee5c k\u00e9o d\u00e2y ph\u00eda d\u01b0\u1edbi (d\u00e2y c\u00f2n l\u1ea1i) qua \u0111\u1ea7u, c\u1ed1 \u0111\u1ecbnh \u1edf c\u1ed5, b\u00ean d\u01b0\u1edbi tai<\/div>\n<div><\/div>\n<div><strong>B\u01b0\u1edbc 4<\/strong>: D\u00f9ng ng\u00f3n gi\u1eefa v\u00e0 ng\u00f3n tr\u1ecf 2 tay c\u1ed1 \u0111\u1ecbnh n\u1eb9p m\u0169i. C\u00f3 th\u1ec3 d\u1ecbch chuy\u1ec3n qua l\u1ea1i, tr\u00ean d\u01b0\u1edbi, ho\u1eb7c b\u00f3p nh\u1eb9 n\u1eb9p m\u0169i \u0111\u1ec3 t\u0103ng \u0111\u1ed9 k\u00edn kh\u00edt kh\u1ea9u trang<\/div>\n<div><\/div>\n<div><strong>B\u01b0\u1edbc 5<\/strong>: Ki\u1ec3m tra \u0111\u1ed9 k\u00edn kh\u00edt b\u1eb1ng c\u00e1ch \u0111\u1eb7t hai b\u00e0n tay l\u00ean kh\u1ea9u trang, c\u1ea9n th\u1eadn kh\u00f4ng d\u1ecbch chuy\u1ec3n kh\u1ea9u trang. H\u00edt m\u1ea1nh, n\u1ebfu c\u1ea3m nh\u1eadn r\u00f2 r\u1ec9 kh\u00f4ng kh\u00ed h\u00e3y quay l\u1ea1i b\u01b0\u1edbc 3 \u0111i\u1ec1u ch\u1ec9nh d\u00e2y \u0111eo v\u00e0 b\u01b0\u1edbc 4 \u0111\u1ec3 \u0111i\u1ec1u ch\u1ec9nh n\u1eb9p m\u0169i. N\u1ebfu kh\u1ea9u trang b\u1ecb b\u1eb9p v\u00e0o trong, kh\u1ea9u trang \u0111\u00e3 k\u00edn kh\u00edt v\u1edbi khu\u00f4n m\u1eb7t<\/div>\n<div>\n<h2>\u0110\u1ecba ch\u1ec9 mua s\u1ea3n ph\u1ea9m Kh\u1ea9u trang N95 3M ch\u00ednh h\u00e3ng<\/h2>\n<div id='gallery-1' class='gallery galleryid-653 gallery-columns-3 gallery-size-full'><figure class='gallery-item'>\n\t\t\t<div class='gallery-icon landscape'>\n\t\t\t\t<a href='https:\/\/achisonsafety.com.vn\/en\/?attachment_id=940'><img loading=\"lazy\" decoding=\"async\" width=\"600\" height=\"576\" src=\"https:\/\/achisonsafety.com.vn\/wp-content\/uploads\/2022\/02\/3M9502_web_pack_inside.jpeg\" class=\"attachment-full size-full\" alt=\"\" srcset=\"https:\/\/achisonsafety.com.vn\/wp-content\/uploads\/2022\/02\/3M9502_web_pack_inside.jpeg 600w, https:\/\/achisonsafety.com.vn\/wp-content\/uploads\/2022\/02\/3M9502_web_pack_inside-417x400.jpeg 417w, https:\/\/achisonsafety.com.vn\/wp-content\/uploads\/2022\/02\/3M9502_web_pack_inside-31x30.jpeg 31w, https:\/\/achisonsafety.com.vn\/wp-content\/uploads\/2022\/02\/3M9502_web_pack_inside-63x60.jpeg 63w, https:\/\/achisonsafety.com.vn\/wp-content\/uploads\/2022\/02\/3M9502_web_pack_inside-510x490.jpeg 510w\" sizes=\"(max-width: 600px) 100vw, 600px\" title=\"\"><\/a>\n\t\t\t<\/div><\/figure><figure class='gallery-item'>\n\t\t\t<div class='gallery-icon landscape'>\n\t\t\t\t<a href='https:\/\/achisonsafety.com.vn\/en\/?attachment_id=939'><img loading=\"lazy\" decoding=\"async\" width=\"600\" height=\"600\" src=\"https:\/\/achisonsafety.com.vn\/wp-content\/uploads\/2022\/02\/3M9502_web_pack.jpeg\" class=\"attachment-full size-full\" alt=\"\" srcset=\"https:\/\/achisonsafety.com.vn\/wp-content\/uploads\/2022\/02\/3M9502_web_pack.jpeg 600w, https:\/\/achisonsafety.com.vn\/wp-content\/uploads\/2022\/02\/3M9502_web_pack-400x400.jpeg 400w, https:\/\/achisonsafety.com.vn\/wp-content\/uploads\/2022\/02\/3M9502_web_pack-280x280.jpeg 280w, https:\/\/achisonsafety.com.vn\/wp-content\/uploads\/2022\/02\/3M9502_web_pack-30x30.jpeg 30w, https:\/\/achisonsafety.com.vn\/wp-content\/uploads\/2022\/02\/3M9502_web_pack-60x60.jpeg 60w, https:\/\/achisonsafety.com.vn\/wp-content\/uploads\/2022\/02\/3M9502_web_pack-247x247.jpeg 247w, https:\/\/achisonsafety.com.vn\/wp-content\/uploads\/2022\/02\/3M9502_web_pack-510x510.jpeg 510w, https:\/\/achisonsafety.com.vn\/wp-content\/uploads\/2022\/02\/3M9502_web_pack-100x100.jpeg 100w\" sizes=\"(max-width: 600px) 100vw, 600px\" title=\"\"><\/a>\n\t\t\t<\/div><\/figure><figure class='gallery-item'>\n\t\t\t<div class='gallery-icon landscape'>\n\t\t\t\t<a href='https:\/\/achisonsafety.com.vn\/en\/?attachment_id=938'><img loading=\"lazy\" decoding=\"async\" width=\"600\" height=\"452\" src=\"https:\/\/achisonsafety.com.vn\/wp-content\/uploads\/2022\/02\/3M9502_web_box.jpeg\" class=\"attachment-full size-full\" alt=\"\" srcset=\"https:\/\/achisonsafety.com.vn\/wp-content\/uploads\/2022\/02\/3M9502_web_box.jpeg 600w, https:\/\/achisonsafety.com.vn\/wp-content\/uploads\/2022\/02\/3M9502_web_box-531x400.jpeg 531w, https:\/\/achisonsafety.com.vn\/wp-content\/uploads\/2022\/02\/3M9502_web_box-40x30.jpeg 40w, https:\/\/achisonsafety.com.vn\/wp-content\/uploads\/2022\/02\/3M9502_web_box-80x60.jpeg 80w, https:\/\/achisonsafety.com.vn\/wp-content\/uploads\/2022\/02\/3M9502_web_box-510x384.jpeg 510w\" sizes=\"(max-width: 600px) 100vw, 600px\" title=\"\"><\/a>\n\t\t\t<\/div><\/figure>\n\t\t<\/div>\n\n<p><a href=\"https:\/\/achisonsafety.com.vn\/\"><strong>ACHISON<\/strong><\/a> l\u00e0 \u0111i\u1ec3m \u0111\u1ebfn quen thu\u1ed9c cho nh\u1eefng ai \u0111ang t\u00ecm ki\u1ebfm c\u00e1c s\u1ea3n ph\u1ea9m b\u1ea3o h\u1ed9 ch\u00ednh h\u00e3ng, \u0111\u1eb7c bi\u1ec7t l\u00e0 c\u00e1c d\u00f2ng kh\u1ea9u trang N95 t\u1eeb th\u01b0\u01a1ng hi\u1ec7u 3M n\u1ed5i ti\u1ebfng. D\u00f9 b\u1ea1n \u1edf \u0111\u00e2u \u2013 t\u1eeb c\u00e1c th\u00e0nh ph\u1ed1 l\u1edbn nh\u01b0 <a href=\"https:\/\/achisonsafety.com.vn\/forum\/nha-phan-phoi-3m-tai-hai-phong\/\">H\u1ea3i Ph\u00f2ng<\/a>, <a href=\"https:\/\/achisonsafety.com.vn\/forum\/dai-ly-3m-tai-can-tho\/\">C\u1ea7n Th\u01a1<\/a> \u0111\u1ebfn nh\u1eefng t\u1ec9nh l\u1ebb nh\u01b0 <a href=\"https:\/\/achisonsafety.com.vn\/forum\/nha-phan-phoi-3m-tai-lam-dong\/\">L\u00e2m \u0110\u1ed3ng<\/a>, <a href=\"https:\/\/achisonsafety.com.vn\/forum\/nha-phan-phoi-3m-tai-nghe-an\/\">Ngh\u1ec7 An<\/a>, hay <a href=\"https:\/\/achisonsafety.com.vn\/forum\/dai-ly-3m-tai-bac-lieu\/\">B\u1ea1c Li\u00eau<\/a> \u2013 ACHISON lu\u00f4n s\u1eb5n s\u00e0ng ph\u1ee5c v\u1ee5, mang \u0111\u1ebfn cho b\u1ea1n nh\u1eefng s\u1ea3n ph\u1ea9m \u0111\u1ea1t chu\u1ea9n, \u0111\u1ea3m b\u1ea3o s\u1ef1 b\u1ea3o v\u1ec7 t\u1ed1i \u0111a.<\/p>\n<p>V\u1edbi s\u1ea3n ph\u1ea9m nh\u01b0 kh\u1ea9u trang N95 3M 9502, ACHISON cam k\u1ebft v\u1ec1 ch\u1ea5t l\u01b0\u1ee3ng v\u00e0 kh\u1ea3 n\u0103ng l\u1ecdc v\u01b0\u1ee3t tr\u1ed9i, gi\u00fap b\u1ea1n y\u00ean t\u00e2m h\u01a1n trong m\u1ecdi m\u00f4i tr\u01b0\u1eddng l\u00e0m vi\u1ec7c, t\u1eeb c\u00f4ng tr\u01b0\u1eddng x\u00e2y d\u1ef1ng, c\u00e1c nh\u00e0 m\u00e1y ch\u1ebf bi\u1ebfn, \u0111\u1ebfn b\u1ec7nh vi\u1ec7n v\u00e0 c\u00e1c khu v\u1ef1c y t\u1ebf. \u0110\u1ed9i ng\u0169 t\u01b0 v\u1ea5n c\u1ee7a ACHISON lu\u00f4n nhi\u1ec7t t\u00ecnh h\u1ed7 tr\u1ee3, gi\u00fap b\u1ea1n ch\u1ecdn \u0111\u00fang s\u1ea3n ph\u1ea9m ph\u00f9 h\u1ee3p nh\u1ea5t cho nhu c\u1ea7u c\u00f4ng vi\u1ec7c h\u00e0ng ng\u00e0y. T\u1ea1i ACHISON, ch\u00fang t\u00f4i kh\u00f4ng ch\u1ec9 l\u00e0 n\u01a1i cung c\u1ea5p thi\u1ebft b\u1ecb b\u1ea3o h\u1ed9 m\u00e0 c\u00f2n l\u00e0 ng\u01b0\u1eddi \u0111\u1ed3ng h\u00e0nh, lu\u00f4n b\u00ean b\u1ea1n tr\u00ean h\u00e0nh tr\u00ecnh b\u1ea3o v\u1ec7 s\u1ee9c kh\u1ecfe v\u00e0 an to\u00e0n lao \u0111\u1ed9ng.<\/p>\n<p><b>ACHISON &#8211; Ti\u00ean phong gi\u1ea3i ph\u00e1p c\u00f4ng nghi\u1ec7p<\/b><\/p>\n<p><b>Hotline<\/b><span style=\"font-weight: 400;\">: <\/span><span style=\"font-weight: 400;\">Safetyline: 0913.820.539<\/span><\/p>\n<p><b>\u0110\u1ecba ch\u1ec9:<\/b><span style=\"font-weight: 400;\"> 89\/40\/06-08 Nguy\u1ec5n H\u1ed3ng \u0110\u00e0o, Ph\u01b0\u1eddng 14, Qu\u1eadn T\u00e2n B\u00ecnh, TP. H\u1ed3 Ch\u00ed Minh<\/span><\/p>\n<p><b>Website<\/b><span style=\"font-weight: 400;\">: <\/span><span style=\"font-weight: 400;\">achisonsafety.com.vn\/ Showroom.achisonsafety.com.vn<\/span><\/p>\n<p><b>Email<\/b><span style=\"font-weight: 400;\">: <\/span><a href=\"mailto:achisonjsc@achison.com\"><span style=\"font-weight: 400;\">achisonjsc@achison.com<\/span><\/a><\/p>\n<p><b>Fanpage:<\/b><a href=\"https:\/\/www.facebook.com\/Achisongiaiphapcongnghiep\" rel=\"nofollow noopener\" target=\"_blank\"><span style=\"font-weight: 400;\"> ACHISON gi\u1ea3i ph\u00e1p c\u00f4ng nghi\u1ec7p<\/span><\/a><\/p>\n<\/div>\n","protected":false},"excerpt":{"rendered":"<ul>\n<li>Ti\u00eau chu\u1ea9n:\u00a0N95<\/li>\n<li>Thi\u1ebft k\u1ebf<b>:<\/b>\u00a0D\u00e2y thun \u0111eo qua \u0111\u1ea7u, m\u1ed1i h\u00e0n nhi\u1ec7t<\/li>\n<li>C\u00f4ng ngh\u1ec7 l\u1ecdc:\u00a0L\u1ecdc t\u0129nh \u0111i\u1ec7n ti\u00ean ti\u1ebfn c\u1ee7a 3M<\/li>\n<\/ul>\n","protected":false},"featured_media":9501,"comment_status":"open","ping_status":"closed","template":"","meta":[],"product_cat":[96,38,116,118],"product_tag":[837,834,836],"class_list":{"0":"post-653","1":"product","2":"type-product","3":"status-publish","4":"has-post-thumbnail","6":"product_cat-khau-trang-n95","7":"product_cat-khau-trang","8":"product_cat-khau-trang-chong-bui","9":"product_cat-khau-trang-tieu-chuan-n95","10":"product_tag-3m","11":"product_tag-khau-trang-3m","12":"product_tag-khau-trang-n95","13":"yith_product_brand-3m","15":"first","16":"instock","17":"shipping-taxable","18":"product-type-simple"},"acf":[],"_links":{"self":[{"href":"https:\/\/achisonsafety.com.vn\/en\/wp-json\/wp\/v2\/product\/653"}],"collection":[{"href":"https:\/\/achisonsafety.com.vn\/en\/wp-json\/wp\/v2\/product"}],"about":[{"href":"https:\/\/achisonsafety.com.vn\/en\/wp-json\/wp\/v2\/types\/product"}],"replies":[{"embeddable":true,"href":"https:\/\/achisonsafety.com.vn\/en\/wp-json\/wp\/v2\/comments?post=653"}],"wp:featuredmedia":[{"embeddable":true,"href":"https:\/\/achisonsafety.com.vn\/en\/wp-json\/wp\/v2\/media\/9501"}],"wp:attachment":[{"href":"https:\/\/achisonsafety.com.vn\/en\/wp-json\/wp\/v2\/media?parent=653"}],"wp:term":[{"taxonomy":"product_cat","embeddable":true,"href":"https:\/\/achisonsafety.com.vn\/en\/wp-json\/wp\/v2\/product_cat?post=653"},{"taxonomy":"product_tag","embeddable":true,"href":"https:\/\/achisonsafety.com.vn\/en\/wp-json\/wp\/v2\/product_tag?post=653"}],"curies":[{"name":"wp","href":"https:\/\/api.w.org\/{rel}","templated":true}]}}