{"id":663,"date":"2022-02-26T12:22:41","date_gmt":"2022-02-26T05:22:41","guid":{"rendered":"https:\/\/beta.achisonsafety.com.vn\/?post_type=product&#038;p=663"},"modified":"2025-09-17T16:55:04","modified_gmt":"2025-09-17T09:55:04","slug":"khau-trang-tieu-chuan-n95-honeywell-h910p-qua-dau","status":"publish","type":"product","link":"https:\/\/achisonsafety.com.vn\/en\/san-pham\/khau-trang-tieu-chuan-n95-honeywell-h910p-qua-dau\/","title":{"rendered":"Kh\u1ea9u trang ti\u00eau chu\u1ea9n N95 Honeywell H910P qua \u0111\u1ea7u"},"content":{"rendered":"<p>H910P l\u00e0 d\u00f2ng kh\u1ea9u trang c\u1ee7a Honeywell \u0111\u01b0\u1ee3c Niosh ph\u00ea duy\u1ec7t c\u00f3 hi\u1ec7u su\u1ea5t l\u1ecdc ti\u00eau chu\u1ea9n \u00edt nh\u1ea5t 95%. Thi\u1ebft k\u1ebf d\u00e2y qua \u0111\u1ea7u, vi\u1ec1n kh\u1ea9u trang\u00a0\u00f4m s\u00e1t khu\u00f4n m\u1eb7t, n\u1eb9p m\u0169i \u0111i\u1ec1u ch\u1ec9nh \u0111\u1ed9 k\u00edn kh\u00edt k\u00e8m \u0111\u1ec7m m\u0169i b\u00ean trong t\u1ea1o c\u1ea3m gi\u00e1c tho\u1ea3i m\u00e1i<\/p>\n<p>Ki\u1ec3m tra v\u0103n b\u1ea3n c\u00f4ng b\u1ed1 ti\u00eau chu\u1ea9n c\u1ee7a kh\u1ea9u trang N95 H910P:\u00a0<a href=\"https:\/\/www.cdc.gov\/niosh\/npptl\/topics\/respirators\/disp_part\/N95list1-h.html\" rel=\"nofollow noopener\" target=\"_blank\">https:\/\/www.cdc.gov\/niosh\/npptl\/topics\/respirators\/disp_part\/N95list1-h.html<\/a><\/p>\n","protected":false},"excerpt":{"rendered":"<ul>\n<li><b>Th\u01b0\u01a1ng hi\u1ec7u:<\/b>\u00a0Honeywell<\/li>\n<li><b>Ti\u00eau chu\u1ea9n:<\/b>N95 (Ti\u00eau chu\u1ea9n Niosh)<\/li>\n<li><b>Thi\u1ebft k\u1ebf:<\/b>D\u00e2y \u0111eo qua \u0111\u1ea7u<\/li>\n<\/ul>\n","protected":false},"featured_media":664,"comment_status":"open","ping_status":"closed","template":"","meta":[],"product_cat":[96],"product_tag":[],"class_list":{"0":"post-663","1":"product","2":"type-product","3":"status-publish","4":"has-post-thumbnail","6":"product_cat-khau-trang-n95","7":"yith_product_brand-honeywell","9":"first","10":"instock","11":"shipping-taxable","12":"product-type-simple"},"acf":[],"_links":{"self":[{"href":"https:\/\/achisonsafety.com.vn\/en\/wp-json\/wp\/v2\/product\/663"}],"collection":[{"href":"https:\/\/achisonsafety.com.vn\/en\/wp-json\/wp\/v2\/product"}],"about":[{"href":"https:\/\/achisonsafety.com.vn\/en\/wp-json\/wp\/v2\/types\/product"}],"replies":[{"embeddable":true,"href":"https:\/\/achisonsafety.com.vn\/en\/wp-json\/wp\/v2\/comments?post=663"}],"wp:featuredmedia":[{"embeddable":true,"href":"https:\/\/achisonsafety.com.vn\/en\/wp-json\/wp\/v2\/media\/664"}],"wp:attachment":[{"href":"https:\/\/achisonsafety.com.vn\/en\/wp-json\/wp\/v2\/media?parent=663"}],"wp:term":[{"taxonomy":"product_cat","embeddable":true,"href":"https:\/\/achisonsafety.com.vn\/en\/wp-json\/wp\/v2\/product_cat?post=663"},{"taxonomy":"product_tag","embeddable":true,"href":"https:\/\/achisonsafety.com.vn\/en\/wp-json\/wp\/v2\/product_tag?post=663"}],"curies":[{"name":"wp","href":"https:\/\/api.w.org\/{rel}","templated":true}]}}