{"id":6765,"date":"2022-08-22T13:45:32","date_gmt":"2022-08-22T06:45:32","guid":{"rendered":"https:\/\/achisonsafety.com.vn\/?post_type=product&#038;p=6765"},"modified":"2025-09-17T16:45:18","modified_gmt":"2025-09-17T09:45:18","slug":"coc-giao-thong-vuong-phan-quang-gt56","status":"publish","type":"product","link":"https:\/\/achisonsafety.com.vn\/en\/san-pham\/coc-giao-thong-vuong-phan-quang-gt56\/","title":{"rendered":"C\u1ecdc giao th\u00f4ng vu\u00f4ng ph\u1ea3n quang GT56"},"content":{"rendered":"<p>C\u1ecdc giao th\u00f4ng vu\u00f4ng ph\u1ea3n quang GT56 \u0111\u01b0\u1ee3c thi\u1ebft k\u1ebf v\u00e0 ch\u1ebf t\u1ea1o d\u00f9ng \u0111\u1ec3 ph\u00e2n l\u00e0n giao th\u00f4ng cho xe c\u1ed9, l\u1ed1i \u0111i b\u1ed9,&#8230; T\u1ea1o khu v\u1ef1c ng\u0103n c\u00e1ch cho c\u00e1c c\u00f4ng tr\u00ecnh \u0111ang s\u1eeda ch\u1eefa nh\u01b0 c\u1ea7u \u0111\u01b0\u1eddng,&#8230;<\/p>\n<p><strong>M\u00e3 s\u1ea3n ph\u1ea9m: C\u1ecdc giao th\u00f4ng vu\u00f4ng ph\u1ea3n quang GT56<\/strong><\/p>\n<p><strong>Nh\u00e3n hi\u1ec7u:<\/strong>\u00a0Kh\u00e1c<\/p>\n<p><strong>Xu\u1ea5t x\u1ee9:<\/strong>\u00a0Vi\u1ec7t Nam<\/p>\n<p><strong>K\u00edch th\u01b0\u1edbc:<\/strong> \u0110\u00e1y: 38.3 x 38.3 cm<\/p>\n<p><strong>Chi\u1ec1u cao:<\/strong> 75.8 cm<\/p>\n<p><strong>Tr\u1ecdng l\u01b0\u1ee3ng:<\/strong> 3.65 Kg<\/p>\n<p><strong>M\u00f4 t\u1ea3:<\/strong><\/p>\n<p>Ch\u1ea5t li\u1ec7u nh\u1ef1a b\u1ec1n, d\u1ebbo, ch\u1ecbu \u0111\u01b0\u1ee3c m\u1ecdi kh\u00ed h\u1eadu th\u1eddi ti\u1ebft.<\/p>\n<p>C\u1ecdc \u0111\u01b0\u1ee3c trang b\u1ecb 2 mi\u1ebfng d\u00e1n ph\u1ea3n quang, c\u1ea3nh b\u00e1o t\u1ed1t h\u01a1n v\u00e0o ban \u0111\u00eam<\/p>\n<p><strong>\u1ee8ng d\u1ee5ng: <\/strong>C\u00f4ng tr\u00ecnh x\u00e2y d\u1ef1ng, b\u00e3i \u0111\u1ed7 xe, giao th\u00f4ng,&#8230;<\/p>\n","protected":false},"excerpt":{"rendered":"<ul>\n<li>Ch\u1ea5t li\u1ec7u nh\u1ef1a b\u1ec1n, d\u1ebbo, ch\u1ecbu \u0111\u01b0\u1ee3c m\u1ecdi kh\u00ed h\u1eadu th\u1eddi ti\u1ebft.<\/li>\n<li>C\u1ecdc \u0111\u01b0\u1ee3c trang b\u1ecb 2 mi\u1ebfng d\u00e1n ph\u1ea3n quang, c\u1ea3nh b\u00e1o t\u1ed1t h\u01a1n v\u00e0o ban \u0111\u00eam<\/li>\n<\/ul>\n","protected":false},"featured_media":6766,"comment_status":"open","ping_status":"closed","template":"","meta":[],"product_cat":[50],"product_tag":[],"class_list":{"0":"post-6765","1":"product","2":"type-product","3":"status-publish","4":"has-post-thumbnail","6":"product_cat-coc-phan-quang","7":"yith_product_brand-thuong-hieu-khac","9":"first","10":"instock","11":"shipping-taxable","12":"product-type-simple"},"acf":[],"_links":{"self":[{"href":"https:\/\/achisonsafety.com.vn\/en\/wp-json\/wp\/v2\/product\/6765"}],"collection":[{"href":"https:\/\/achisonsafety.com.vn\/en\/wp-json\/wp\/v2\/product"}],"about":[{"href":"https:\/\/achisonsafety.com.vn\/en\/wp-json\/wp\/v2\/types\/product"}],"replies":[{"embeddable":true,"href":"https:\/\/achisonsafety.com.vn\/en\/wp-json\/wp\/v2\/comments?post=6765"}],"wp:featuredmedia":[{"embeddable":true,"href":"https:\/\/achisonsafety.com.vn\/en\/wp-json\/wp\/v2\/media\/6766"}],"wp:attachment":[{"href":"https:\/\/achisonsafety.com.vn\/en\/wp-json\/wp\/v2\/media?parent=6765"}],"wp:term":[{"taxonomy":"product_cat","embeddable":true,"href":"https:\/\/achisonsafety.com.vn\/en\/wp-json\/wp\/v2\/product_cat?post=6765"},{"taxonomy":"product_tag","embeddable":true,"href":"https:\/\/achisonsafety.com.vn\/en\/wp-json\/wp\/v2\/product_tag?post=6765"}],"curies":[{"name":"wp","href":"https:\/\/api.w.org\/{rel}","templated":true}]}}