{"id":6773,"date":"2022-08-24T17:00:55","date_gmt":"2022-08-24T10:00:55","guid":{"rendered":"https:\/\/achisonsafety.com.vn\/?post_type=product&#038;p=6773"},"modified":"2025-09-17T16:45:18","modified_gmt":"2025-09-17T09:45:18","slug":"may-dong-thung-random-size-boxes","status":"publish","type":"product","link":"https:\/\/achisonsafety.com.vn\/en\/san-pham\/may-dong-thung-random-size-boxes\/","title":{"rendered":"M\u00e1y \u0110\u00f3ng Th\u00f9ng Random Size Boxes"},"content":{"rendered":"<p><strong>M\u00e3 s\u1ea3n ph\u1ea9m: <\/strong>M\u00e1y \u0110\u00f3ng Th\u00f9ng Random Size Boxes<\/p>\n<p><strong>Th\u00f4ng tin s\u1ea3n ph\u1ea9m<\/strong><\/p>\n<p>S\u1ea3n ph\u1ea9m \u0111\u01b0\u1ee3c s\u1eed d\u1ee5ng d\u00f9ng \u0111\u1ec3 \u0111\u00f3ng v\u00e0 d\u00e1n keo c\u00e1c th\u00f9ng gi\u1ea5y t\u1ef1 \u0111\u1ed9ng. S\u1ea3n ph\u1ea9m v\u1edbi ti\u00eau chu\u1ea9n c\u00f4ng ngh\u1ec7 cao c\u1ea5p, m\u00e1y c\u1ecf kh\u1ea3 n\u0103ng t\u1ef1 \u0111\u1ed9ng \u0111\u00f3ng v\u00e0 d\u00e1n keo v\u1edbi c\u00e1c c\u1ee1 k\u00edch th\u01b0\u1edbc th\u00f9ng kh\u00e1c nhau c\u00f9ng m\u1ed9t l\u00fac. M\u00e1y c\u00f3 kh\u1ea3 n\u0103ng d\u00e1n th\u00e0nh v\u00f2ng n\u00ean s\u1ea3n ph\u1ea9m s\u1ebd tr\u1edf n\u00ean ch\u1eafc ch\u1eafn, kh\u00f3 bung trong qu\u00e1 tr\u00ecnh v\u1eadn chuy\u1ec3n<\/p>\n<p><strong>M\u00f4 t\u1ea3:\u00a0<\/strong><\/p>\n<p>&#8211; M\u00e1y \u0111\u00f3ng th\u00f9ng \u0111ai truy\u1ec1n d\u01b0\u1edbi<br \/>\n&#8211; M\u00e1y c\u00f3 \u0111\u1ed9 b\u1ec1n cao<br \/>\n&#8211; V\u1eadn h\u00e0nh \u1ed5n \u0111\u1ecbnh, ch\u00ednh x\u00e1c<br \/>\n&#8211; \u0110i\u1ec1u ch\u1ec9nh \u0111\u01b0\u1ee3c m\u00e1y theo k\u00edch th\u01b0\u1edbc th\u00f9ng<br \/>\n&#8211; 2 \u0111\u1ea7u d\u00e1n b\u0103ng keo tr\u00ean v\u00e0 d\u01b0\u1edbi<br \/>\n&#8211; C\u00e1ch s\u1eed d\u1ee5ng \u0111\u01a1n gi\u1ea3n<br \/>\n&#8211; Quy c\u00e1ch th\u00f9ng:<br \/>\nD\u00e0i: 15cm min.<br \/>\nR\u1ed9ng: 15 &#8211; 52 cm<br \/>\nCao: 12 &#8211; 59 cm<br \/>\nKh\u1ed1i l\u01b0\u1ee3ng: 2 &#8211; 39 kg<\/p>\n<p><strong>\u1ee8ng d\u1ee5ng:<\/strong> Ng\u00e0nh th\u1ef1c ph\u1ea9m, d\u01b0\u1ee3c ph\u1ea9m, \u0111i\u1ec7n t\u1eed,\u2026 Ngo\u00e0i nh\u1eefng m\u1eb7t h\u00e0ng th\u00f4ng th\u01b0\u1eddng c\u00f2n c\u00f3 c\u00e1c m\u1eb7t h\u00e0ng c\u00f3 t\u00ednh ch\u1ea5t \u0111\u1eb7c bi\u1ec7t nh\u01b0: H\u00e0ng \u0111i\u1ec7n t\u1eed, linh ki\u1ec7n \u0111i\u1ec7n t\u1eed, h\u00e0ng h\u00f3a ch\u1ea5t li\u1ec7u thu\u1ef7 tinh, d\u1ec5 v\u1ee1 nh\u01b0 n\u01b0\u1edbc hoa, b\u00f3ng \u0111\u00e8n, g\u1ed1m s\u1ee9, t\u01b0\u1ee3ng<\/p>\n","protected":false},"excerpt":{"rendered":"<ul>\n<li>M\u00e1y \u0111\u00f3ng th\u00f9ng \u0111ai truy\u1ec1n d\u01b0\u1edbi<\/li>\n<li>M\u00e1y c\u00f3 \u0111\u1ed9 b\u1ec1n cao<\/li>\n<li>V\u1eadn h\u00e0nh \u1ed5n \u0111\u1ecbnh, ch\u00ednh x\u00e1c<\/li>\n<\/ul>\n","protected":false},"featured_media":6774,"comment_status":"open","ping_status":"closed","template":"","meta":[],"product_cat":[542],"product_tag":[],"class_list":{"0":"post-6773","1":"product","2":"type-product","3":"status-publish","4":"has-post-thumbnail","6":"product_cat-may-dong-thung","7":"yith_product_brand-3m","9":"first","10":"instock","11":"shipping-taxable","12":"product-type-simple"},"acf":[],"_links":{"self":[{"href":"https:\/\/achisonsafety.com.vn\/en\/wp-json\/wp\/v2\/product\/6773"}],"collection":[{"href":"https:\/\/achisonsafety.com.vn\/en\/wp-json\/wp\/v2\/product"}],"about":[{"href":"https:\/\/achisonsafety.com.vn\/en\/wp-json\/wp\/v2\/types\/product"}],"replies":[{"embeddable":true,"href":"https:\/\/achisonsafety.com.vn\/en\/wp-json\/wp\/v2\/comments?post=6773"}],"wp:featuredmedia":[{"embeddable":true,"href":"https:\/\/achisonsafety.com.vn\/en\/wp-json\/wp\/v2\/media\/6774"}],"wp:attachment":[{"href":"https:\/\/achisonsafety.com.vn\/en\/wp-json\/wp\/v2\/media?parent=6773"}],"wp:term":[{"taxonomy":"product_cat","embeddable":true,"href":"https:\/\/achisonsafety.com.vn\/en\/wp-json\/wp\/v2\/product_cat?post=6773"},{"taxonomy":"product_tag","embeddable":true,"href":"https:\/\/achisonsafety.com.vn\/en\/wp-json\/wp\/v2\/product_tag?post=6773"}],"curies":[{"name":"wp","href":"https:\/\/api.w.org\/{rel}","templated":true}]}}