{"id":6794,"date":"2022-08-26T09:30:07","date_gmt":"2022-08-26T02:30:07","guid":{"rendered":"https:\/\/achisonsafety.com.vn\/?post_type=product&#038;p=6794"},"modified":"2025-09-17T16:45:16","modified_gmt":"2025-09-17T09:45:16","slug":"cuon-cap-chong-roi-nga-tu-rut-kstrong-srl-brute-afs550028d","status":"publish","type":"product","link":"https:\/\/achisonsafety.com.vn\/en\/san-pham\/cuon-cap-chong-roi-nga-tu-rut-kstrong-srl-brute-afs550028d\/","title":{"rendered":"Cu\u1ed9n c\u00e1p ch\u1ed1ng r\u01a1i ng\u00e3 t\u1ef1 r\u00fat KStrong SRL Brute AFS550028D"},"content":{"rendered":"<p><strong><span style=\"font-size: 95%\">Cu\u1ed9n c\u00e1p ch\u1ed1ng r\u01a1i ng\u00e3 t\u1ef1 r\u00fat\u00a0l\u00e0 m\u1ed9t thi\u1ebft b\u1ecb An To\u00e0n Lao \u0110\u1ed9ng \u0111\u01b0\u1ee3c s\u1eed d\u1ee5ng khi l\u00e0m vi\u1ec7c tr\u00ean cao nh\u1eb1m \u0111\u1ea3m b\u1ea3o an to\u00e0n tuy\u1ec7t \u0111\u1ed1i cho ng\u01b0\u1eddi lao \u0111\u1ed9ng khi c\u00f3 s\u1ef1 c\u1ed1 t\u00e9 ng\u00e3.<\/span><\/strong><\/p>\n<p><strong><span style=\"font-size: 95%\">D\u00f2ng s\u1ea3n ph\u1ea9m SRL Brute c\u00f3 tr\u1ecdng l\u01b0\u1ee3ng nh\u1eb9, nh\u1ecf g\u1ecdn v\u00e0 m\u1ea1nh m\u1ec1, \u0111\u1ea3m b\u1ea3o \u0111\u1ed9 tin c\u1eady v\u00e0 an to\u00e0n cho ng\u01b0\u1eddi s\u1eed d\u1ee5ng khi l\u00e0m vi\u1ec7c tr\u00ean cao. Hi\u1ec7n c\u00f3 lo\u1ea1i d\u00e2y th\u00e9p m\u1ea1 k\u1ebdm, d\u00e2y th\u00e9p kh\u00f4ng g\u1ec9 v\u00e0 d\u00e2y \u0111ai d\u1ec7t hi\u1ec7u su\u1ea5t cao<\/span><\/strong><\/p>\n<p><strong><span style=\"font-size: 95%\">SRL thi\u1ebft b\u1ecb thu d\u00e2y c\u1ee9u h\u1ed9 c\u1ee7a KStrong c\u00f3 thi\u1ebft k\u1ebf \u0111\u1eb7c bi\u1ec7t s\u1eed d\u1ee5ng \u0111\u01b0\u1ee3c nh\u01b0 SRL ti\u00eau chu\u1ea9n v\u00e0 SRL thu d\u00e2y c\u1ee9u h\u1ed9 lo\u1ea1i 3. C\u00f3 th\u1ec3 k\u00edch ho\u1ea1t lo\u1ea1i H\u1ed9p d\u00e2y n\u00e0y sang ch\u1ebf \u0111\u1ed9 t\u1eddi \u0111\u1ec1 n\u00e2ng ho\u1eb7c h\u1ea1 ng\u01b0\u1eddi s\u1eed d\u1ee5ng \u0111\u1ebfn v\u1ecb tr\u00ed an to\u00e0n. Lo\u1ea1i h\u1ed9p d\u00e2y n\u00e0y c\u00f3 th\u1ec3 d\u1ec5 d\u00e0ng g\u1eafn v\u00e0o Gi\u00e1 ba ch\u00e2n v\u00e0 C\u1ea7n tr\u1ee5c treo KStrong Extreme<\/span><\/strong><\/p>\n<p><strong><span style=\"font-size: 95%\">Cu\u1ed9n c\u00e1p ch\u1ed1ng r\u01a1i ng\u00e3 t\u1ef1 r\u00fat KStrong SRL Brute AFS550028D<\/span><\/strong><\/p>\n<p><b>Th\u01b0\u01a1ng hi\u1ec7u:<\/b>\u00a0KStrong<\/p>\n<p><b>M\u00e3 s\u1ea3n ph\u1ea9m:<\/b> <span style=\"font-size: 95%\">AFS550028D<\/span><\/p>\n<p><b>Ch\u1ea5t li\u1ec7u v\u1ecf:<\/b>\u00a0V\u1ecf polymer ch\u1ecbu \u0111\u01b0\u1ee3c l\u1ef1c va \u0111\u1eadp l\u1edbp<\/p>\n<p><b>Ch\u1ea5t li\u1ec7u v\u00e0 \u0111\u01b0\u1eddng k\u00ednh d\u00e2y c\u1ee9u sinh:<\/b>\u00a0D\u00e2y \u0111ai d\u1ec7t Technora 25mm<\/p>\n<p><b>D\u00e2y \u0111ai d\u1ec7t:<\/b>\u00a02m<\/p>\n<p><b>\u0110\u1ed9 b\u1ec1n \u0111\u1ee9t:<\/b> 23kN<\/p>\n<p><b>\u0110\u1ea7u li\u00ean k\u1ebft:<\/b> \u0110\u1ea7u n\u1ed1i<\/p>\n<p><b>\u0110\u1ea7u neo:<\/b> M\u00f3c gi\u00e0n gi\u00e1o b\u1eb1ng nh\u00f4m<\/p>\n<p><b>Ti\u00eau chu\u1ea9n:<\/b> EN 360:2002, VG 11 RfU#11060<\/p>\n<p><b>Tr\u1ecdng l\u01b0\u1ee3ng:<\/b> 2.95Kg<\/p>\n<p><b>T\u1ea3i tr\u1ecdng t\u1ed1i \u0111a: <\/b>140Kg<\/p>\n<p><b>C\u00e1c ch\u1ebf \u0111\u1ed9 c\u1ee7a\u00a0<\/b><b>Thi\u1ebft b\u1ecb thu d\u00e2y c\u1ee9u h\u1ed9 KStrong Brute <strong><span style=\"font-size: 95%\"> AFS550028D<\/span><\/strong><\/b><\/p>\n<p><b>Ch\u1ebf \u0111\u1ed9 h\u1ed9p d\u00e2y:<\/b><\/p>\n<p><img loading=\"lazy\" decoding=\"async\" class=\"alignnone size-full wp-image-5569\" src=\"https:\/\/achisonsafety.com.vn\/wp-content\/uploads\/2022\/08\/Che-do-hop-day.png\" alt=\"\" width=\"400\" height=\"200\" title=\"\" srcset=\"https:\/\/achisonsafety.com.vn\/wp-content\/uploads\/2022\/08\/Che-do-hop-day.png 400w, https:\/\/achisonsafety.com.vn\/wp-content\/uploads\/2022\/08\/Che-do-hop-day-60x30.png 60w, https:\/\/achisonsafety.com.vn\/wp-content\/uploads\/2022\/08\/Che-do-hop-day-120x60.png 120w\" sizes=\"(max-width: 400px) 100vw, 400px\" \/><\/p>\n<p><b>Ch\u1ebf \u0111\u1ed9 t\u1eddi:<\/b><\/p>\n<p><img loading=\"lazy\" decoding=\"async\" class=\"alignnone size-full wp-image-5567\" src=\"https:\/\/achisonsafety.com.vn\/wp-content\/uploads\/2022\/08\/Che-doToi.png\" alt=\"\" width=\"400\" height=\"200\" title=\"\" srcset=\"https:\/\/achisonsafety.com.vn\/wp-content\/uploads\/2022\/08\/Che-doToi.png 400w, https:\/\/achisonsafety.com.vn\/wp-content\/uploads\/2022\/08\/Che-doToi-60x30.png 60w, https:\/\/achisonsafety.com.vn\/wp-content\/uploads\/2022\/08\/Che-doToi-120x60.png 120w\" sizes=\"(max-width: 400px) 100vw, 400px\" \/><\/p>\n<p><b>\u1ee8ng d\u1ee5ng:\u00a0<\/b><\/p>\n<p>\u2013\u00a0C\u00f4ng tr\u00ecnh x\u00e2y d\u1ef1ng<\/p>\n<p>\u2013 Nh\u00e0 m\u00e1y x\u00ed nghi\u1ec7p<\/p>\n<p>\u2013 C\u1ed1i xay gi\u00f3<\/p>\n<p>\u2013 \u0110i\u1ec7n l\u1ef1c<\/p>\n<p>\u2013 Nh\u1eefng v\u1ecb tr\u00ed l\u00e0m vi\u1ec7c tr\u00ean cao kh\u00e1c<\/p>\n<p><strong>C\u00e1ch s\u1eed d\u1ee5ng Micron l\u00e0m D\u00e2y treo \u0111\u01a1n ho\u1eb7c \u0111\u00f4i c\u00f3 \u0111\u1ea7u n\u1ed1i SRL \u0111\u00f4<\/strong><\/p>\n<p><b>B\u01b0\u1edbc 1<\/b><span style=\"font-weight: 400\">: L\u1ea5y h\u1ed9p d\u00e2y Micron v\u00e0o m\u00f3c karabiner v\u00e0 v\u00f2ng m\u00f3c karabiner qua v\u00f2ng d\u00e2y \u0111ai d\u1ec7t \u1edf l\u01b0ng<\/span><\/p>\n<p><b>B\u01b0\u1edbc 2: <\/b><span style=\"font-weight: 400\">L\u1eafp b\u1ed9 chia v\u00e0o m\u00f3c karabiner\u00a0<\/span><\/p>\n<p><b>B\u01b0\u1edbc 3: <\/b><span style=\"font-weight: 400\">L\u1eafp h\u1ed9p d\u00e2y Micron th\u1ee9u hai v\u00e0o<\/span><\/p>\n<p><b>B\u01b0\u1edbc 4:<\/b><span style=\"font-weight: 400\"> Di chuy\u1ec3n m\u00f3c karabiner v\u00e0o gi\u1eefa<\/span><\/p>\n<p><b>L\u01b0u \u00fd:<\/b><span style=\"font-weight: 400\"> C\u0169ng c\u00f3 th\u1ec3 g\u1eafn hai h\u1ed9p d\u00e2y Micron v\u00e0o \u0111ai an to\u00e0n b\u1eb1ng \u0111\u1ea7u n\u1ed1i c\u00f3 ch\u1ed1t AFC609101<\/span><\/p>\n<p><b>\u0110\u1eb7c bi\u1ec7t<\/b><span style=\"font-weight: 400\">: KStrong c\u00f3 m\u1ed9t \u0111\u1ea7u n\u1ed1i SRL \u0111\u00f4i ri\u00eang \u0111\u1ec3 s\u1eed d\u1ee5ng Micron l\u00e0m d\u00e2y treo \u0111\u01a1n v\u00e0 \u0111\u00f4i <strong>AFC609100<\/strong> &amp;\u00a0 <strong>AFC609101<\/strong><\/span><\/p>\n<figure id=\"attachment_6800\" aria-describedby=\"caption-attachment-6800\" style=\"width: 238px\" class=\"wp-caption alignnone\"><img loading=\"lazy\" decoding=\"async\" class=\"wp-image-6800\" src=\"https:\/\/achisonsafety.com.vn\/wp-content\/uploads\/2022\/08\/Cuon-cap-chong-roi-nga-tu-rut-KStrong-1-1.png\" alt=\"\" width=\"238\" height=\"238\" title=\"\" srcset=\"https:\/\/achisonsafety.com.vn\/wp-content\/uploads\/2022\/08\/Cuon-cap-chong-roi-nga-tu-rut-KStrong-1-1.png 400w, https:\/\/achisonsafety.com.vn\/wp-content\/uploads\/2022\/08\/Cuon-cap-chong-roi-nga-tu-rut-KStrong-1-1-280x280.png 280w, https:\/\/achisonsafety.com.vn\/wp-content\/uploads\/2022\/08\/Cuon-cap-chong-roi-nga-tu-rut-KStrong-1-1-30x30.png 30w, https:\/\/achisonsafety.com.vn\/wp-content\/uploads\/2022\/08\/Cuon-cap-chong-roi-nga-tu-rut-KStrong-1-1-60x60.png 60w, https:\/\/achisonsafety.com.vn\/wp-content\/uploads\/2022\/08\/Cuon-cap-chong-roi-nga-tu-rut-KStrong-1-1-247x247.png 247w, https:\/\/achisonsafety.com.vn\/wp-content\/uploads\/2022\/08\/Cuon-cap-chong-roi-nga-tu-rut-KStrong-1-1-100x100.png 100w\" sizes=\"(max-width: 238px) 100vw, 238px\" \/><figcaption id=\"caption-attachment-6800\" class=\"wp-caption-text\">AFC609100<\/figcaption><\/figure>\n<figure id=\"attachment_6798\" aria-describedby=\"caption-attachment-6798\" style=\"width: 221px\" class=\"wp-caption alignnone\"><img loading=\"lazy\" decoding=\"async\" class=\"wp-image-6798 \" src=\"https:\/\/achisonsafety.com.vn\/wp-content\/uploads\/2022\/08\/Cuon-cap-chong-roi-nga-tu-rut-KStrong-2.png\" alt=\"\" width=\"221\" height=\"221\" title=\"\" srcset=\"https:\/\/achisonsafety.com.vn\/wp-content\/uploads\/2022\/08\/Cuon-cap-chong-roi-nga-tu-rut-KStrong-2.png 400w, https:\/\/achisonsafety.com.vn\/wp-content\/uploads\/2022\/08\/Cuon-cap-chong-roi-nga-tu-rut-KStrong-2-280x280.png 280w, https:\/\/achisonsafety.com.vn\/wp-content\/uploads\/2022\/08\/Cuon-cap-chong-roi-nga-tu-rut-KStrong-2-30x30.png 30w, https:\/\/achisonsafety.com.vn\/wp-content\/uploads\/2022\/08\/Cuon-cap-chong-roi-nga-tu-rut-KStrong-2-60x60.png 60w, https:\/\/achisonsafety.com.vn\/wp-content\/uploads\/2022\/08\/Cuon-cap-chong-roi-nga-tu-rut-KStrong-2-247x247.png 247w, https:\/\/achisonsafety.com.vn\/wp-content\/uploads\/2022\/08\/Cuon-cap-chong-roi-nga-tu-rut-KStrong-2-100x100.png 100w\" sizes=\"(max-width: 221px) 100vw, 221px\" \/><figcaption id=\"caption-attachment-6798\" class=\"wp-caption-text\">AFC609101<\/figcaption><\/figure>\n<p><strong>==&gt; Tham kh\u1ea3o c\u00e1c gi\u1ea3i ph\u00e1p kh\u00e1c: <\/strong><a href=\"https:\/\/achisonsafety.com.vn\/danh-muc-san-pham\/bao-ho-lao-dong\/giai-phap-chong-roi-nga-tren-cao\/\"><em>https:\/\/achisonsafety.com.vn\/danh-muc-san-pham\/bao-ho-lao-dong\/giai-phap-chong-roi-nga-tren-cao\/<\/em><\/a><\/p>\n","protected":false},"excerpt":{"rendered":"<ul>\n<li>D\u00f2ng s\u1ea3n ph\u1ea9m SRL Brute c\u00f3 tr\u1ecdng l\u01b0\u1ee3ng nh\u1eb9, nh\u1ecf g\u1ecdn v\u00e0 m\u1ea1nh m\u1ec1, \u0111\u1ea3m b\u1ea3o \u0111\u1ed9 tin c\u1eady v\u00e0 an to\u00e0n cho ng\u01b0\u1eddi s\u1eed d\u1ee5ng khi l\u00e0m vi\u1ec7c tr\u00ean cao.<\/li>\n<li>Hi\u1ec7n c\u00f3 lo\u1ea1i d\u00e2y th\u00e9p m\u1ea1 k\u1ebdm, d\u00e2y th\u00e9p kh\u00f4ng g\u1ec9 v\u00e0 d\u00e2y \u0111ai d\u1ec7t hi\u1ec7u su\u1ea5t cao<\/li>\n<\/ul>\n","protected":false},"featured_media":6802,"comment_status":"open","ping_status":"closed","template":"","meta":[],"product_cat":[499],"product_tag":[188,189],"class_list":{"0":"post-6794","1":"product","2":"type-product","3":"status-publish","4":"has-post-thumbnail","6":"product_cat-cuon-cap-chong-roi-nga-tu-rut","7":"product_tag-nganh-dau-khi-khai-khoang-dong-tau-cang-bien-hang-khong","8":"product_tag-nganh-xay-dung-logistic-hoa-chat","9":"yith_product_brand-kstrong","11":"first","12":"instock","13":"shipping-taxable","14":"product-type-simple"},"acf":[],"_links":{"self":[{"href":"https:\/\/achisonsafety.com.vn\/en\/wp-json\/wp\/v2\/product\/6794"}],"collection":[{"href":"https:\/\/achisonsafety.com.vn\/en\/wp-json\/wp\/v2\/product"}],"about":[{"href":"https:\/\/achisonsafety.com.vn\/en\/wp-json\/wp\/v2\/types\/product"}],"replies":[{"embeddable":true,"href":"https:\/\/achisonsafety.com.vn\/en\/wp-json\/wp\/v2\/comments?post=6794"}],"wp:featuredmedia":[{"embeddable":true,"href":"https:\/\/achisonsafety.com.vn\/en\/wp-json\/wp\/v2\/media\/6802"}],"wp:attachment":[{"href":"https:\/\/achisonsafety.com.vn\/en\/wp-json\/wp\/v2\/media?parent=6794"}],"wp:term":[{"taxonomy":"product_cat","embeddable":true,"href":"https:\/\/achisonsafety.com.vn\/en\/wp-json\/wp\/v2\/product_cat?post=6794"},{"taxonomy":"product_tag","embeddable":true,"href":"https:\/\/achisonsafety.com.vn\/en\/wp-json\/wp\/v2\/product_tag?post=6794"}],"curies":[{"name":"wp","href":"https:\/\/api.w.org\/{rel}","templated":true}]}}