{"id":6854,"date":"2022-09-06T15:23:56","date_gmt":"2022-09-06T08:23:56","guid":{"rendered":"https:\/\/achisonsafety.com.vn\/?post_type=product&#038;p=6854"},"modified":"2025-09-17T16:45:15","modified_gmt":"2025-09-17T09:45:15","slug":"phin-loc-chong-hoa-chat-cho-koken-g7","status":"publish","type":"product","link":"https:\/\/achisonsafety.com.vn\/en\/san-pham\/phin-loc-chong-hoa-chat-cho-koken-g7\/","title":{"rendered":"Phin L\u1ecdc Ch\u1ed1ng H\u00f3a Ch\u1ea5t Cho Koken G7 KGC- 10 (B )"},"content":{"rendered":"<p><strong>Phin l\u1ecdc l\u00e0 b\u1ed9 ph\u1eadn quan tr\u1ecdng nh\u1ea5t c\u1ee7a m\u1eb7t n\u1ea1 ph\u00f2ng \u0111\u1ed9c. Ch\u1ee9c n\u0103ng c\u1ee7a m\u1eb7t n\u1ea1 ph\u00f2ng \u0111\u1ed9c kh\u00e1c so v\u1edbi c\u00e1c lo\u1ea1i m\u1eb7t n\u1ea1 th\u00f4ng th\u01b0\u1eddng ch\u00ednh nh\u1edd v\u00e0o l\u1edbp phin l\u1ecdc n\u00e0y. Phin L\u1ecdc Ch\u1ed1ng H\u00f3a Ch\u1ea5t Cho Koken G7 KGC- 10 (B ) l\u1ecdc b\u1ee5i, kh\u00ed \u0111\u1ed9c, b\u1ee5i kim lo\u1ea1i kh\u1ecfi kh\u00f4ng kh\u00ed tr\u01b0\u1edbc khi \u0111i v\u00e0o c\u01a1 quan h\u00f4 h\u1ea5p.<\/strong><\/p>\n<p><strong>M\u00e3 s\u1ea3n ph\u1ea9m: G7 KGC- 10 (B )<\/strong><\/p>\n<p><strong>Th\u00f4ng tin s\u1ea3n ph\u1ea9m<\/strong><\/p>\n<p><strong>Nh\u00e3n hi\u1ec7u:<\/strong> KOKEN<\/p>\n<p><strong>Xu\u1ea5t x\u1ee9:<\/strong> Nh\u1eadt<\/p>\n<p><strong>M\u00f4 t\u1ea3:<\/strong><\/p>\n<p>Phin L\u1ecdc Ch\u1ed1ng H\u00f3a Ch\u1ea5t Cho Koken G7 KGC- 10 (B ) \u0111\u01b0\u1ee3c thi\u1ebft k\u1ebf g\u1ecdn g\u00e0ng t\u1ea1o c\u1ea3m gi\u00e1c tho\u1ea3i m\u00e1i cho ng\u01b0\u1eddi s\u1eed d\u1ee5ng.<\/p>\n<p>Cho ph\u00e9p ng\u01b0\u1eddi d\u00f9ng c\u00f3 kh\u1ea3 n\u0103ng m\u1edf r\u1ed9ng t\u1ea7m nh\u00ecn, quan s\u00e1t khi \u0111eo m\u1eb7t n\u1ea1.<\/p>\n<p>Phin l\u1ecdc c\u00f3 th\u1ec3 \u0111\u01b0\u1ee3c s\u1eed d\u1ee5ng trong m\u00f4i tr\u01b0\u1eddng c\u00f3 n\u1ed3ng \u0111\u1ed9 h\u01a1i \u0111\u1ebfn 10 l\u1ea7n gi\u1edbi h\u1ea1n ph\u01a1i nhi\u1ec5m cho ph\u00e9p (PEL) v\u1edbi m\u1eb7t n\u1ea1 n\u1eeda m\u1eb7t ho\u1eb7c 50 l\u1ea7n PEL v\u1edbi m\u1eb7t n\u1ea1 nguy\u00ean m\u1eb7t.<\/p>\n<p>Phin l\u1ecdc h\u01a1i n\u00e0y l\u00e0 m\u1ed9t trong nh\u1eefng ph\u1ee5 ki\u1ec7n kh\u00f4ng th\u1ec3 thi\u1ebfu d\u00e0nh cho ng\u01b0\u1eddi lao \u0111\u1ed9ng.<\/p>\n<p><b>\u1ee8ng d\u1ee5ng: \u0110\u01b0\u1ee3c \u1ee9ng d\u1ee5ng trong nhi\u1ec1u l\u0129nh v\u1ef1c nh\u01b0:<\/b><\/p>\n<p>\u2013 L\u0129nh v\u1ef1c ho\u00e1 ch\u1ea5t<\/p>\n<p>\u2013 L\u0129nh v\u1ef1c khai th\u00e1c m\u1ecf<\/p>\n<p>\u2013 L\u0129nh v\u1ef1c d\u1ea7u kh\u00ed<\/p>\n<p>\u2013 L\u0129nh v\u1ef1c d\u01b0\u1ee3c ph\u1ea9m<\/p>\n","protected":false},"excerpt":{"rendered":"<ul>\n<li>Cho ph\u00e9p ng\u01b0\u1eddi d\u00f9ng c\u00f3 kh\u1ea3 n\u0103ng m\u1edf r\u1ed9ng t\u1ea7m nh\u00ecn, quan s\u00e1t khi \u0111eo m\u1eb7t n\u1ea1.<\/li>\n<li>Phin l\u1ecdc c\u00f3 th\u1ec3 \u0111\u01b0\u1ee3c s\u1eed d\u1ee5ng trong m\u00f4i tr\u01b0\u1eddng c\u00f3 n\u1ed3ng \u0111\u1ed9 h\u01a1i \u0111\u1ebfn 10 l\u1ea7n gi\u1edbi h\u1ea1n ph\u01a1i nhi\u1ec5m cho ph\u00e9p (PEL) v\u1edbi m\u1eb7t n\u1ea1 n\u1eeda m\u1eb7t ho\u1eb7c 50 l\u1ea7n PEL v\u1edbi m\u1eb7t n\u1ea1 nguy\u00ean m\u1eb7t.<\/li>\n<li>Phin l\u1ecdc h\u01a1i n\u00e0y l\u00e0 m\u1ed9t trong nh\u1eefng ph\u1ee5 ki\u1ec7n kh\u00f4ng th\u1ec3 thi\u1ebfu d\u00e0nh cho ng\u01b0\u1eddi lao \u0111\u1ed9ng.<\/li>\n<\/ul>\n","protected":false},"featured_media":6855,"comment_status":"open","ping_status":"closed","template":"","meta":[],"product_cat":[113],"product_tag":[],"class_list":{"0":"post-6854","1":"product","2":"type-product","3":"status-publish","4":"has-post-thumbnail","6":"product_cat-phin-loc","7":"yith_product_brand-koken","9":"first","10":"instock","11":"shipping-taxable","12":"product-type-simple"},"acf":[],"_links":{"self":[{"href":"https:\/\/achisonsafety.com.vn\/en\/wp-json\/wp\/v2\/product\/6854"}],"collection":[{"href":"https:\/\/achisonsafety.com.vn\/en\/wp-json\/wp\/v2\/product"}],"about":[{"href":"https:\/\/achisonsafety.com.vn\/en\/wp-json\/wp\/v2\/types\/product"}],"replies":[{"embeddable":true,"href":"https:\/\/achisonsafety.com.vn\/en\/wp-json\/wp\/v2\/comments?post=6854"}],"wp:featuredmedia":[{"embeddable":true,"href":"https:\/\/achisonsafety.com.vn\/en\/wp-json\/wp\/v2\/media\/6855"}],"wp:attachment":[{"href":"https:\/\/achisonsafety.com.vn\/en\/wp-json\/wp\/v2\/media?parent=6854"}],"wp:term":[{"taxonomy":"product_cat","embeddable":true,"href":"https:\/\/achisonsafety.com.vn\/en\/wp-json\/wp\/v2\/product_cat?post=6854"},{"taxonomy":"product_tag","embeddable":true,"href":"https:\/\/achisonsafety.com.vn\/en\/wp-json\/wp\/v2\/product_tag?post=6854"}],"curies":[{"name":"wp","href":"https:\/\/api.w.org\/{rel}","templated":true}]}}