{"id":6860,"date":"2022-09-06T16:33:15","date_gmt":"2022-09-06T09:33:15","guid":{"rendered":"https:\/\/achisonsafety.com.vn\/?post_type=product&#038;p=6860"},"modified":"2025-09-17T16:45:15","modified_gmt":"2025-09-17T09:45:15","slug":"gang-tay-cach-dien-chong-dien-giat-honeywell-electrosoft0","status":"publish","type":"product","link":"https:\/\/achisonsafety.com.vn\/en\/san-pham\/gang-tay-cach-dien-chong-dien-giat-honeywell-electrosoft0\/","title":{"rendered":"G\u0103ng tay c\u00e1ch \u0111i\u1ec7n (ch\u1ed1ng \u0111i\u1ec7n gi\u1eadt) Honeywell Electrosoft 0"},"content":{"rendered":"<p><strong>G\u0103ng tay c\u00e1ch \u0111i\u1ec7n (ch\u1ed1ng \u0111i\u1ec7n gi\u1eadt) Honeywell Electrosoft gi\u00fap ng\u01b0\u1eddi s\u1eed d\u1ee5ng b\u1ea3o v\u1ec7 \u0111\u00f4i tay khi c\u00f3 nguy c\u01a1 ti\u1ebfp x\u00fac v\u1edbi ngu\u1ed3n \u0111i\u1ec7n l\u00ean \u0111\u1ebfn 1000 V\u00f4n<\/strong><\/p>\n<p><strong>&gt;&gt; Li\u00ean h\u1ec7 v\u1edbi Achison ngay \u0111\u1ec3 \u0111\u01b0\u1ee3c t\u01b0 v\u1ea5n chi ti\u1ebft: 0913.820.539<\/strong><\/p>\n<p><strong>Ho\u1eb7c tham kh\u1ea3o th\u00eam m\u1ed9t s\u1ed1 gi\u1ea3i ph\u00e1p b\u1ea3o h\u1ed9 g\u0103ng tay kh\u00e1c t\u1ea1i \u0111\u00e2y<\/strong>: <a href=\"https:\/\/achisonsafety.com.vn\/danh-muc-san-pham\/bao-ho-lao-dong\/gang-tay-bao-ho-3\/\"><em>https:\/\/achisonsafety.com.vn\/danh-muc-san-pham\/bao-ho-lao-dong\/gang-tay-bao-ho-3\/<\/em><\/a><\/p>\n<p><strong>Th\u00f4ng tin chi ti\u1ebft<\/strong><\/p>\n<p><strong>Th\u01b0\u01a1ng hi\u1ec7u:<\/strong>\u00a0Honeywell<\/p>\n<p><strong>M\u00e3 s\u1ea3n ph\u1ea9m:<\/strong>\u00a0Electrosoft Class 0<\/p>\n<p><strong>C\u00f4ng d\u1ee5ng:<\/strong>\u00a0G\u0103ng tay c\u00e1ch \u0111i\u1ec7n<\/p>\n<p><strong>M\u00f4 t\u1ea3:<\/strong><\/p>\n<p><strong>G\u0103ng tay c\u00e1ch \u0111i\u1ec7n (ch\u1ed1ng \u0111i\u1ec7n gi\u1eadt) Honeywell <\/strong>\u0111\u01b0\u1ee3c thi\u1ebft k\u1ebf theo ti\u00eau chu\u1ea9n khoa h\u1ecdc ph\u00f9 h\u1ee3p cho s\u1ef1 an to\u00e0n v\u00e0 tho\u1ea3i m\u00e1i trong su\u1ed1t qu\u00e1 tr\u00ecnh l\u00e0m vi\u1ec7c.<\/p>\n<p>G\u0103ng tay c\u00f3 \u0111\u1ed9 d\u00e0y 1mm\u00a0\u00a0v\u00e0 \u0111\u1ed9 d\u00e0i \u0111\u1ebfn 41 cm \u0111\u1ec3 b\u1ea3o v\u1ec7 t\u1eeb b\u00e0n tay \u0111\u1ebfn khu\u1ef7u tay ng\u01b0\u1eddi s\u1eed d\u1ee5ng<\/p>\n<p><strong>Ch\u1ea5t li\u1ec7u:<\/strong>\u00a0Cao su t\u1ef1 nhi\u00ean Latex<\/p>\n<p><strong>C\u1ea5p \u0111\u1ed9:<\/strong>\u00a0Class 0<\/p>\n<p><strong>K\u00edch c\u1ee1:<\/strong>\u00a08-11<\/p>\n<p><strong>\u0110\u00f3ng g\u00f3i:<\/strong>\u00a01 \u0111\u00f4i\/g\u00f3i<\/p>\n<p><strong>\u1ee8ng d\u1ee5ng:<\/strong> S\u1eed d\u1ee5ng trong c\u00f4ng vi\u1ec7c b\u1ea3o tr\u00ec \u0111i\u1ec7n, vi\u1ec5n th\u00f4ng, giao th\u00f4ng v\u1eadn t\u1ea3i&#8230;<\/p>\n<p><img loading=\"lazy\" decoding=\"async\" class=\"alignnone size-medium wp-image-6864\" src=\"https:\/\/achisonsafety.com.vn\/wp-content\/uploads\/2022\/09\/gang-tay-cach-dien-400x400.jpg\" alt=\"\" width=\"400\" height=\"400\" title=\"\" srcset=\"https:\/\/achisonsafety.com.vn\/wp-content\/uploads\/2022\/09\/gang-tay-cach-dien-400x400.jpg 400w, https:\/\/achisonsafety.com.vn\/wp-content\/uploads\/2022\/09\/gang-tay-cach-dien-280x280.jpg 280w, https:\/\/achisonsafety.com.vn\/wp-content\/uploads\/2022\/09\/gang-tay-cach-dien-30x30.jpg 30w, https:\/\/achisonsafety.com.vn\/wp-content\/uploads\/2022\/09\/gang-tay-cach-dien-60x60.jpg 60w, https:\/\/achisonsafety.com.vn\/wp-content\/uploads\/2022\/09\/gang-tay-cach-dien-247x247.jpg 247w, https:\/\/achisonsafety.com.vn\/wp-content\/uploads\/2022\/09\/gang-tay-cach-dien-100x100.jpg 100w, https:\/\/achisonsafety.com.vn\/wp-content\/uploads\/2022\/09\/gang-tay-cach-dien.jpg 480w\" sizes=\"(max-width: 400px) 100vw, 400px\" \/><\/p>\n","protected":false},"excerpt":{"rendered":"<ul>\n<li>G\u0103ng tay ch\u1ed1ng \u0111i\u1ec7n gi\u1eadt Honeywell \u0111\u01b0\u1ee3c thi\u1ebft k\u1ebf theo ti\u00eau chu\u1ea9n khoa h\u1ecdc ph\u00f9 h\u1ee3p cho s\u1ef1 an to\u00e0n v\u00e0 tho\u1ea3i m\u00e1i trong su\u1ed1t qu\u00e1 tr\u00ecnh l\u00e0m vi\u1ec7c.<\/li>\n<li>G\u0103ng tay c\u00f3 \u0111\u1ed9 d\u00e0y 1mm\u00a0\u00a0v\u00e0 \u0111\u1ed9 d\u00e0i \u0111\u1ebfn 41 cm \u0111\u1ec3 b\u1ea3o v\u1ec7 t\u1eeb b\u00e0n tay \u0111\u1ebfn khu\u1ef7u tay ng\u01b0\u1eddi s\u1eed d\u1ee5ng<\/li>\n<\/ul>\n","protected":false},"featured_media":6862,"comment_status":"open","ping_status":"closed","template":"","meta":[],"product_cat":[124],"product_tag":[],"class_list":{"0":"post-6860","1":"product","2":"type-product","3":"status-publish","4":"has-post-thumbnail","6":"product_cat-gang-tay-cach-dien","7":"yith_product_brand-honeywell","9":"first","10":"instock","11":"shipping-taxable","12":"product-type-simple"},"acf":[],"_links":{"self":[{"href":"https:\/\/achisonsafety.com.vn\/en\/wp-json\/wp\/v2\/product\/6860"}],"collection":[{"href":"https:\/\/achisonsafety.com.vn\/en\/wp-json\/wp\/v2\/product"}],"about":[{"href":"https:\/\/achisonsafety.com.vn\/en\/wp-json\/wp\/v2\/types\/product"}],"replies":[{"embeddable":true,"href":"https:\/\/achisonsafety.com.vn\/en\/wp-json\/wp\/v2\/comments?post=6860"}],"wp:featuredmedia":[{"embeddable":true,"href":"https:\/\/achisonsafety.com.vn\/en\/wp-json\/wp\/v2\/media\/6862"}],"wp:attachment":[{"href":"https:\/\/achisonsafety.com.vn\/en\/wp-json\/wp\/v2\/media?parent=6860"}],"wp:term":[{"taxonomy":"product_cat","embeddable":true,"href":"https:\/\/achisonsafety.com.vn\/en\/wp-json\/wp\/v2\/product_cat?post=6860"},{"taxonomy":"product_tag","embeddable":true,"href":"https:\/\/achisonsafety.com.vn\/en\/wp-json\/wp\/v2\/product_tag?post=6860"}],"curies":[{"name":"wp","href":"https:\/\/api.w.org\/{rel}","templated":true}]}}