{"id":6866,"date":"2022-09-07T15:49:46","date_gmt":"2022-09-07T08:49:46","guid":{"rendered":"https:\/\/achisonsafety.com.vn\/?post_type=product&#038;p=6866"},"modified":"2025-09-17T16:45:14","modified_gmt":"2025-09-17T09:45:14","slug":"khau-trang-3m-8247","status":"publish","type":"product","link":"https:\/\/achisonsafety.com.vn\/en\/san-pham\/khau-trang-3m-8247\/","title":{"rendered":"Kh\u1ea9u trang 3M 8247"},"content":{"rendered":"<p><b><a href=\"https:\/\/achisonsafety.com.vn\/danh-muc-san-pham\/bao-ho-lao-dong\/khau-trang\/\">Kh\u1ea9u trang 3M 8247<\/a> &#8211; Gi\u1ea3i ph\u00e1p b\u1ea3o v\u1ec7 h\u00f4 h\u1ea5p hi\u1ec7u qu\u1ea3 tr\u01b0\u1edbc \u1ea3nh h\u01b0\u1edfng c\u1ee7a h\u01a1i h\u00f3a ch\u1ea5t<\/b><\/p>\n<p><strong>Th\u01b0\u01a1ng Hi\u1ec7u:<\/strong>\u00a03M<\/p>\n<p><strong>M\u00e3 S\u1ea3n Ph\u1ea9m:<\/strong>\u00a08247<\/p>\n<p><strong>C\u00f4ng D\u1ee5ng:<\/strong>\u00a0B\u1ea3o v\u1ec7\u00a0h\u00f4 h\u1ea5p<\/p>\n<p><strong>M\u00f4 T\u1ea3:<\/strong><\/p>\n<p>Kh\u1ea9u trang d\u00f9ng 1 l\u1ea7n, d\u00f9ng \u0111\u1ec3 l\u1ecdc h\u01a1i h\u1eefu c\u01a1.<\/p>\n<p>Kh\u1ea9u trang 3M 8247 c\u00f3 l\u1edbn than carbon cao c\u1ea5p chu\u1ea9n R95 k\u00e8m b\u1ed9 l\u1ecdc t\u0129nh \u0111i\u1ec7n s\u1ee3i nh\u1ecf gi\u00fap h\u01a1i th\u1edf tho\u1ea3i m\u00e1i h\u01a1n.<\/p>\n<p>\u0110i\u1ec3m s\u00e1ng c\u1ee7a 3M 8247 \u0111\u00f3 l\u00e0 mi\u1ebfng kim lo\u1ea1i \u0111i\u1ec1u ch\u1ec9nh k\u00edch th\u01b0\u1edbc v\u00e0 m\u1ec1m m\u1ea1i \u00f4m g\u1ecdn khu\u00f4n m\u1eb7t, gi\u1ea3m \u0111\u1ecdng s\u01b0\u01a1ng.<\/p>\n<p><strong>Ch\u1ea5t Li\u1ec7u:\u00a0<\/strong>L\u1edbp than carbon cao c\u1ea5p<\/p>\n<p><strong>Ti\u00eau Chu\u1ea9n:<\/strong>\u00a0NIOSH Approved R95<\/p>\n<p><strong>Tr\u1ecdng L\u01b0\u1ee3ng:<\/strong>\u00a0R\u1ea5t nh\u1eb9<\/p>\n<p><strong>M\u00e0u S\u1eafc:<\/strong>\u00a0X\u00e1m<\/p>\n<p><strong>K\u00edch C\u1ee1:<\/strong>\u00a0C\u00f3 th\u1ec3 \u0111i\u1ec1u ch\u1ec9nh<\/p>\n<p><strong>Quy C\u00e1ch \u0110\u00f3ng G\u00f3i:<\/strong>\u00a020 C\u00e1i\/H\u1ed9p, 6 H\u1ed9p\/Case<\/p>\n<p><strong>\u1ee8ng D\u1ee5ng:<\/strong>\u00a0X\u1eed l\u00fd h\u00f3a ch\u1ea5t, ch\u1ebf bi\u1ebfn gi\u1ea5y, luy\u1ec7n kim nh\u00f4m, s\u1ea3n xu\u1ea5t n\u00f4ng nghi\u1ec7p, d\u01b0\u1ee3c ph\u1ea9m, s\u1ea3n xu\u1ea5t th\u1ef1c ph\u1ea9m<\/p>\n","protected":false},"excerpt":{"rendered":"<ul>\n<li>Kh\u1ea9u trang d\u00f9ng 1 l\u1ea7n, d\u00f9ng \u0111\u1ec3 l\u1ecdc h\u01a1i h\u1eefu c\u01a1.<\/li>\n<li>Kh\u1ea9u trang 8247 c\u00f3 l\u1edbn than carbon cao c\u1ea5p chu\u1ea9n R95 k\u00e8m b\u1ed9 l\u1ecdc t\u0129nh \u0111i\u1ec7n s\u1ee3i nh\u1ecf gi\u00fap h\u01a1i th\u1edf tho\u1ea3i m\u00e1i h\u01a1n.<\/li>\n<li>\u0110i\u1ec3m s\u00e1ng c\u1ee7a kh\u1ea9u trang 8247 \u0111\u00f3 l\u00e0 mi\u1ebfng kim lo\u1ea1i \u0111i\u1ec1u ch\u1ec9nh k\u00edch th\u01b0\u1edbc v\u00e0 m\u1ec1m m\u1ea1i \u00f4m g\u1ecdn khu\u00f4n m\u1eb7t, gi\u1ea3m \u0111\u1ecdng s\u01b0\u01a1ng.<\/li>\n<\/ul>\n","protected":false},"featured_media":9484,"comment_status":"open","ping_status":"closed","template":"","meta":[],"product_cat":[117],"product_tag":[],"class_list":{"0":"post-6866","1":"product","2":"type-product","3":"status-publish","4":"has-post-thumbnail","6":"product_cat-khau-trang-chong-hoi-hoa-chat","7":"yith_product_brand-3m","9":"first","10":"instock","11":"shipping-taxable","12":"product-type-simple"},"acf":[],"_links":{"self":[{"href":"https:\/\/achisonsafety.com.vn\/en\/wp-json\/wp\/v2\/product\/6866"}],"collection":[{"href":"https:\/\/achisonsafety.com.vn\/en\/wp-json\/wp\/v2\/product"}],"about":[{"href":"https:\/\/achisonsafety.com.vn\/en\/wp-json\/wp\/v2\/types\/product"}],"replies":[{"embeddable":true,"href":"https:\/\/achisonsafety.com.vn\/en\/wp-json\/wp\/v2\/comments?post=6866"}],"wp:featuredmedia":[{"embeddable":true,"href":"https:\/\/achisonsafety.com.vn\/en\/wp-json\/wp\/v2\/media\/9484"}],"wp:attachment":[{"href":"https:\/\/achisonsafety.com.vn\/en\/wp-json\/wp\/v2\/media?parent=6866"}],"wp:term":[{"taxonomy":"product_cat","embeddable":true,"href":"https:\/\/achisonsafety.com.vn\/en\/wp-json\/wp\/v2\/product_cat?post=6866"},{"taxonomy":"product_tag","embeddable":true,"href":"https:\/\/achisonsafety.com.vn\/en\/wp-json\/wp\/v2\/product_tag?post=6866"}],"curies":[{"name":"wp","href":"https:\/\/api.w.org\/{rel}","templated":true}]}}