{"id":6885,"date":"2022-09-07T16:52:42","date_gmt":"2022-09-07T09:52:42","guid":{"rendered":"https:\/\/achisonsafety.com.vn\/?post_type=product&#038;p=6885"},"modified":"2025-09-17T16:45:13","modified_gmt":"2025-09-17T09:45:13","slug":"phin-loc-chong-hoa-chat-cho-koken-g7-2","status":"publish","type":"product","link":"https:\/\/achisonsafety.com.vn\/en\/san-pham\/phin-loc-chong-hoa-chat-cho-koken-g7-2\/","title":{"rendered":"Phin L\u1ecdc Ch\u1ed1ng H\u00f3a Ch\u1ea5t Cho Koken G7 KGC- 10 (C )"},"content":{"rendered":"<p><span style=\"font-family: helvetica, arial, sans-serif\"><strong>Khi l\u00e0m vi\u1ec7c trong m\u00f4i tr\u01b0\u1eddng c\u00f3 nhi\u1ec1u h\u00f3a ch\u1ea5t trong th\u1eddi gian d\u00e0i, ng\u01b0\u1eddi lao \u0111\u1ed9ng s\u1ebd d\u1ec5 d\u00e0ng m\u1eafc ph\u1ea3i nhi\u1ec1u b\u1ec7nh li\u00ean quan \u0111\u1ebfn \u0111\u01b0\u1eddng h\u00f4 h\u1ea5p nh\u01b0 vi\u00eam ph\u1ed5i, lao, vi\u00eam ph\u1ebf qu\u1ea3n,\u2026 Ch\u00ednh v\u00ec v\u1eady, ng\u01b0\u1eddi lao \u0111\u1ed9ng c\u1ea7n trang b\u1ecb cho m\u00ecnh m\u1ed9t chi\u1ebfc m\u1eb7t n\u1ea1 \u0111\u1ec3 b\u1ea3o v\u1ec7 h\u00f4 h\u1ea5p. M\u1eb7t n\u1ea1 c\u00f3 th\u1ec3 d\u00f9ng k\u00e8m v\u1edbi phin l\u1ecdc \u0111\u1ec3 \u0111\u1ea1t \u0111\u01b0\u1ee3c hi\u1ec7u qu\u1ea3 l\u1ecdc h\u00f3a ch\u1ea5t cao. N\u1ebfu l\u1ef1a ch\u1ecdn phin l\u1ecdc kh\u00f4ng ph\u00f9 h\u1ee3p v\u1edbi m\u00f4i tr\u01b0\u1eddng th\u00ec s\u1ebd kh\u00f4ng c\u00f3 t\u00e1c d\u1ee5ng. V\u00ec v\u1eady ph\u1ea3i \u0111\u1ea3m b\u1ea3o l\u1ef1a ch\u1ecdn v\u00e0 s\u1eed d\u1ee5ng \u0111\u00fang lo\u1ea1i phin l\u1ecdc \u0111\u01b0\u1ee3c thi\u1ebft k\u1ebf chuy\u00ean d\u1ee5ng \u0111\u1ec3 lo\u1ea1i b\u1ecf c\u00e1c kh\u00ed c\u00f3 trong m\u00f4i tr\u01b0\u1eddng \u0111\u00f3.\u00a0<\/strong><\/span><\/p>\n<p><strong>Phin L\u1ecdc Ch\u1ed1ng H\u00f3a Ch\u1ea5t Cho Koken G7 KGC- 10 (C ) \u2013 Gi\u1ea3i ph\u00e1p b\u1ea3o v\u1ec7 h\u00f4 h\u1ea5p kh\u1ecfi c\u00e1c lo\u1ea1i h\u01a1i h\u00f3a ch\u1ea5t h\u01b0u c\u01a1\u00a0<\/strong><\/p>\n<p><strong>M\u00f4 t\u1ea3 s\u1ea3n ph\u1ea9m:<\/strong><\/p>\n<p><strong>C\u00f4ng d\u1ee5ng<\/strong>: L\u1ecdc h\u01a1i h\u1eefu c\u01a1, s\u1eed d\u1ee5ng k\u1ebft h\u1ee3p v\u1edbi m\u1eb7t n\u1ea1 G7<\/p>\n<p><strong>Ch\u1ea5t li\u1ec7u:<\/strong>\u00a0Than ho\u1ea1t t\u00ednh kh\u1eed \u0111\u1ed9c<\/p>\n<p><strong>M\u00e0u s\u1eafc:<\/strong> \u0110en<\/p>\n<p><b>\u1ee8ng d\u1ee5ng: \u0110\u01b0\u1ee3c \u1ee9ng d\u1ee5ng trong nhi\u1ec1u l\u0129nh v\u1ef1c nh\u01b0:<\/b><\/p>\n<p>\u2013 L\u0129nh v\u1ef1c ho\u00e1 ch\u1ea5t<\/p>\n<div>\n<p>\u2013 L\u0129nh v\u1ef1c khai th\u00e1c m\u1ecf<\/p>\n<p>\u2013 L\u0129nh v\u1ef1c d\u1ea7u kh\u00ed<\/p>\n<p>\u2013 L\u0129nh v\u1ef1c d\u01b0\u1ee3c ph\u1ea9m<\/p>\n<\/div>\n","protected":false},"excerpt":{"rendered":"<ul>\n<li>Thi\u1ebft k\u1ebf g\u1ecdn g\u00e0ng t\u1ea1o c\u1ea3m gi\u00e1c tho\u1ea3i m\u00e1i cho ng\u01b0\u1eddi s\u1eed d\u1ee5ng.<\/li>\n<li>Cho ph\u00e9p ng\u01b0\u1eddi d\u00f9ng c\u00f3 kh\u1ea3 n\u0103ng m\u1edf r\u1ed9ng t\u1ea7m nh\u00ecn, quan s\u00e1t khi \u0111eo m\u1eb7t n\u1ea1.<\/li>\n<\/ul>\n","protected":false},"featured_media":6886,"comment_status":"open","ping_status":"closed","template":"","meta":[],"product_cat":[113],"product_tag":[],"class_list":{"0":"post-6885","1":"product","2":"type-product","3":"status-publish","4":"has-post-thumbnail","6":"product_cat-phin-loc","7":"yith_product_brand-koken","9":"first","10":"instock","11":"shipping-taxable","12":"product-type-simple"},"acf":[],"_links":{"self":[{"href":"https:\/\/achisonsafety.com.vn\/en\/wp-json\/wp\/v2\/product\/6885"}],"collection":[{"href":"https:\/\/achisonsafety.com.vn\/en\/wp-json\/wp\/v2\/product"}],"about":[{"href":"https:\/\/achisonsafety.com.vn\/en\/wp-json\/wp\/v2\/types\/product"}],"replies":[{"embeddable":true,"href":"https:\/\/achisonsafety.com.vn\/en\/wp-json\/wp\/v2\/comments?post=6885"}],"wp:featuredmedia":[{"embeddable":true,"href":"https:\/\/achisonsafety.com.vn\/en\/wp-json\/wp\/v2\/media\/6886"}],"wp:attachment":[{"href":"https:\/\/achisonsafety.com.vn\/en\/wp-json\/wp\/v2\/media?parent=6885"}],"wp:term":[{"taxonomy":"product_cat","embeddable":true,"href":"https:\/\/achisonsafety.com.vn\/en\/wp-json\/wp\/v2\/product_cat?post=6885"},{"taxonomy":"product_tag","embeddable":true,"href":"https:\/\/achisonsafety.com.vn\/en\/wp-json\/wp\/v2\/product_tag?post=6885"}],"curies":[{"name":"wp","href":"https:\/\/api.w.org\/{rel}","templated":true}]}}