{"id":6891,"date":"2022-09-08T09:28:19","date_gmt":"2022-09-08T02:28:19","guid":{"rendered":"https:\/\/achisonsafety.com.vn\/?post_type=product&#038;p=6891"},"modified":"2025-09-17T16:45:13","modified_gmt":"2025-09-17T09:45:13","slug":"khau-trang-y-te-4-lop","status":"publish","type":"product","link":"https:\/\/achisonsafety.com.vn\/en\/san-pham\/khau-trang-y-te-4-lop\/","title":{"rendered":"Kh\u1ea9u trang y t\u1ebf 4 l\u1edbp"},"content":{"rendered":"<p><strong>Kh\u1ea9u trang y t\u1ebf cao c\u1ea5p th\u00edch h\u1ee3p ch\u1ed1ng b\u1ee5i, ph\u00f2ng d\u1ecbch b\u1ec7nh nh\u01b0 SARS, Covid-19<\/strong><\/p>\n<p>*04 l\u1edbp b\u1ea3o v\u1ec7, trong \u0111\u00f3 c\u00f3 02 l\u1edbp gi\u1ea5y kh\u00e1ng khu\u1ea9n<\/p>\n<p>B\u1ea3o v\u1ec7 kh\u1ecfi c\u00e1c gi\u1ecdt v\u0103ng b\u1eafn v\u00e0 c\u00e1c v\u1eadt th\u1ec3 kh\u00f4ng nh\u00ecn th\u1ea5y \u0111\u01b0\u1ee3c<\/p>\n<p>L\u1edbp l\u1ecdc hi\u1ec7u qu\u1ea3 c\u00e1c h\u1ea1t b\u1ee5i g\u1ed1c kh\u00f4ng d\u1ea7u trong kh\u00f4ng kh\u00ed<\/p>\n<p>H\u1ea5p th\u1ee5 h\u01a1i n\u00f3ng \u1ea9m t\u1eeb b\u00ean trong, cho c\u1ea3m gi\u00e1c kh\u00f4 tho\u00e1ng v\u00e0 tho\u1ea3i m\u00e1i<\/p>\n<p><strong>*C\u00f4ng d\u1ee5ng:<\/strong><\/p>\n<p>Ch\u1ed1ng s\u01b0\u01a1ng m\u00f9<\/p>\n<p>Ch\u1ed1ng m\u00f9i kh\u00f3 ch\u1ecbu<\/p>\n<p>Ch\u1ed1ng b\u1ee5i<\/p>\n<p>Kh\u00e1ng khu\u1ea9n<\/p>\n<p><strong>*L\u01b0u \u00fd:<\/strong>\u00a0N\u00ean thay kh\u1ea9u trang m\u1edbi sau 3-5 gi\u1edd s\u1eed d\u1ee5ng<\/p>\n<p><img loading=\"lazy\" decoding=\"async\" class=\"alignnone size-full wp-image-6898\" src=\"https:\/\/achisonsafety.com.vn\/wp-content\/uploads\/2022\/09\/4.png\" alt=\"\" width=\"350\" height=\"350\" title=\"\" srcset=\"https:\/\/achisonsafety.com.vn\/wp-content\/uploads\/2022\/09\/4.png 350w, https:\/\/achisonsafety.com.vn\/wp-content\/uploads\/2022\/09\/4-280x280.png 280w, https:\/\/achisonsafety.com.vn\/wp-content\/uploads\/2022\/09\/4-30x30.png 30w, https:\/\/achisonsafety.com.vn\/wp-content\/uploads\/2022\/09\/4-60x60.png 60w, https:\/\/achisonsafety.com.vn\/wp-content\/uploads\/2022\/09\/4-247x247.png 247w, https:\/\/achisonsafety.com.vn\/wp-content\/uploads\/2022\/09\/4-100x100.png 100w\" sizes=\"(max-width: 350px) 100vw, 350px\" \/><\/p>\n","protected":false},"excerpt":{"rendered":"<ul>\n<li>Ti\u00eau chu\u1ea9n Ch\u00e2u \u00c2U, ch\u1ee9ng nh\u1eadn FDA, UTS<\/li>\n<li>04 l\u1edbp<\/li>\n<li>02 l\u1edbp gi\u1ea5y kh\u00e1ng khu\u1ea9n<\/li>\n<\/ul>\n","protected":false},"featured_media":6892,"comment_status":"open","ping_status":"closed","template":"","meta":[],"product_cat":[116],"product_tag":[],"class_list":{"0":"post-6891","1":"product","2":"type-product","3":"status-publish","4":"has-post-thumbnail","6":"product_cat-khau-trang-chong-bui","7":"yith_product_brand-thuong-hieu-khac","9":"first","10":"instock","11":"shipping-taxable","12":"product-type-simple"},"acf":[],"_links":{"self":[{"href":"https:\/\/achisonsafety.com.vn\/en\/wp-json\/wp\/v2\/product\/6891"}],"collection":[{"href":"https:\/\/achisonsafety.com.vn\/en\/wp-json\/wp\/v2\/product"}],"about":[{"href":"https:\/\/achisonsafety.com.vn\/en\/wp-json\/wp\/v2\/types\/product"}],"replies":[{"embeddable":true,"href":"https:\/\/achisonsafety.com.vn\/en\/wp-json\/wp\/v2\/comments?post=6891"}],"wp:featuredmedia":[{"embeddable":true,"href":"https:\/\/achisonsafety.com.vn\/en\/wp-json\/wp\/v2\/media\/6892"}],"wp:attachment":[{"href":"https:\/\/achisonsafety.com.vn\/en\/wp-json\/wp\/v2\/media?parent=6891"}],"wp:term":[{"taxonomy":"product_cat","embeddable":true,"href":"https:\/\/achisonsafety.com.vn\/en\/wp-json\/wp\/v2\/product_cat?post=6891"},{"taxonomy":"product_tag","embeddable":true,"href":"https:\/\/achisonsafety.com.vn\/en\/wp-json\/wp\/v2\/product_tag?post=6891"}],"curies":[{"name":"wp","href":"https:\/\/api.w.org\/{rel}","templated":true}]}}